{"id":31677,"date":"2024-05-10T13:01:07","date_gmt":"2024-05-10T13:01:07","guid":{"rendered":"https:\/\/sakaba.mghosteur.com\/?post_type=product&#038;p=31677"},"modified":"2024-06-07T00:09:44","modified_gmt":"2024-06-07T00:09:44","slug":"aplb-glutathione-niacinamide-body-lotion-12-5","status":"publish","type":"product","link":"https:\/\/sakaba.mghosteur.com\/en\/product\/aplb-glutathione-niacinamide-body-lotion-12-5\/","title":{"rendered":"APLB GLUTATHIONE NIACINAMIDE BODY LOTION 12.5%"},"content":{"rendered":"<p>D\u00e9couvrez la Lotion Corporelle Glutathion Niacinamide, \u00e9galement connue sous le nom de LIPO GLUTA NIAC CEN 12,5%. Avec une concentration puissante de Glutathion \u00e0 1 000 ppm et de Niacinamide \u00e0 1 000 ppm, enrichie de 12,3 % d&#8217;extrait de Centella Asiatica, ce produit offre une exp\u00e9rience de soin corporel exceptionnelle.<\/p>\n<p>Notre formule exclusive comprend le Complexe Centella 3x, un m\u00e9lange expert d&#8217;acide mad\u00e9cassique, d&#8217;asiaticoside et d&#8217;acide asiatique, extraits avec soin des feuilles de la plante \u00ab Centella asiatica \u00bb. Ce complexe unique agit en synergie pour apaiser, nourrir et revitaliser votre peau.<\/p>\n<p>Pour pr\u00e9server l&#8217;hydratation essentielle de votre peau, notre lotion est infus\u00e9e d&#8217;acide hyaluronique et de b\u00eata-glucane, assurant une hydratation en profondeur et une barri\u00e8re cutan\u00e9e renforc\u00e9e.<\/p>\n<p>Obtenez une peau \u00e9clatante et lumineuse gr\u00e2ce \u00e0 notre infusion de vitamine C et de niacinamide, des ingr\u00e9dients connus pour leurs propri\u00e9t\u00e9s \u00e9claircissantes et revitalisantes. Ces agents actifs travaillent en tandem pour raviver l&#8217;\u00e9clat naturel de votre peau et r\u00e9duire les signes de fatigue.<\/p>\n<p>De plus, notre formule douce et apaisante contient un extrait de Solanum Melongena (aubergine), reconnu pour ses propri\u00e9t\u00e9s apaisantes et id\u00e9al pour soulager les peaux sensibles.<\/p>\n<p>Offrez-vous une exp\u00e9rience de soin corporel de qualit\u00e9 sup\u00e9rieure avec la Lotion Corporelle Glutathion Niacinamide, le secret pour une peau \u00e9clatante et rayonnante, disponible d\u00e8s maintenant.<\/p>","protected":false},"excerpt":{"rendered":"<p>D\u00e9couvrez la Lotion Corporelle Glutathion Niacinamide, \u00e9galement connue sous le nom de LIPO GLUTA NIAC CEN 12,5%. Avec une concentration puissante de Glutathion \u00e0 1 000 ppm et de Niacinamide \u00e0 1 000 ppm, enrichie de 12,3 % d&#8217;extrait de Centella Asiatica, ce produit offre une exp\u00e9rience de soin corporel exceptionnelle. Notre formule exclusive comprend<span class=\"read-more-faq\"><a href=\"https:\/\/sakaba.mghosteur.com\/en\/product\/aplb-glutathione-niacinamide-body-lotion-12-5\/\">Read More<\/a><\/span><\/p>","protected":false},"featured_media":0,"comment_status":"open","ping_status":"closed","template":"","meta":[],"product_brand":[1027],"product_cat":[447,291,1061],"product_tag":[],"class_list":{"0":"post-31677","1":"product","2":"type-product","3":"status-publish","5":"product_brand-aplb","6":"product_cat-aac-bain-et-corps","7":"product_cat-eclaircissant","8":"product_cat-lait-huile_corporelle","10":"first","11":"instock","12":"shipping-taxable","13":"product-type-simple"},"jetpack-related-posts":[],"_links":{"self":[{"href":"https:\/\/sakaba.mghosteur.com\/en\/wp-json\/wp\/v2\/product\/31677","targetHints":{"allow":["GET"]}}],"collection":[{"href":"https:\/\/sakaba.mghosteur.com\/en\/wp-json\/wp\/v2\/product"}],"about":[{"href":"https:\/\/sakaba.mghosteur.com\/en\/wp-json\/wp\/v2\/types\/product"}],"replies":[{"embeddable":true,"href":"https:\/\/sakaba.mghosteur.com\/en\/wp-json\/wp\/v2\/comments?post=31677"}],"version-history":[{"count":0,"href":"https:\/\/sakaba.mghosteur.com\/en\/wp-json\/wp\/v2\/product\/31677\/revisions"}],"wp:attachment":[{"href":"https:\/\/sakaba.mghosteur.com\/en\/wp-json\/wp\/v2\/media?parent=31677"}],"wp:term":[{"taxonomy":"product_brand","embeddable":true,"href":"https:\/\/sakaba.mghosteur.com\/en\/wp-json\/wp\/v2\/product_brand?post=31677"},{"taxonomy":"product_cat","embeddable":true,"href":"https:\/\/sakaba.mghosteur.com\/en\/wp-json\/wp\/v2\/product_cat?post=31677"},{"taxonomy":"product_tag","embeddable":true,"href":"https:\/\/sakaba.mghosteur.com\/en\/wp-json\/wp\/v2\/product_tag?post=31677"}],"curies":[{"name":"wp","href":"https:\/\/api.w.org\/{rel}","templated":true}]}}