{"id":31683,"date":"2024-05-10T13:01:53","date_gmt":"2024-05-10T13:01:53","guid":{"rendered":"https:\/\/sakaba.mghosteur.com\/?post_type=product&#038;p=31683"},"modified":"2024-09-01T03:53:03","modified_gmt":"2024-09-01T03:53:03","slug":"sulfur8-medicated-light-formula-anti-dandruff","status":"publish","type":"product","link":"https:\/\/sakaba.mghosteur.com\/en\/product\/sulfur8-medicated-light-formula-anti-dandruff\/","title":{"rendered":"SULFUR8 MEDICATED LIGHT FORMULA ANTI DANDRUFF"},"content":{"rendered":"<p>Shampooing m\u00e9dicamenteux et revitalisant du cuir chevelu Sulfur 8. Sa formule l\u00e9g\u00e8re au soufre-8 offre une hydratation et un adoucissement aux cheveux secs et au cuir chevelu, sans les alourdir. Cette solution embellit les cheveux tout en les rendant plus faciles \u00e0 coiffer et en ajoutant de la brillance. Adapt\u00e9 aux cheveux naturels, press\u00e9s et d\u00e9tendus, ce produit est un alli\u00e9 pr\u00e9cieux pour prendre soin de votre cuir chevelu et de vos cheveux.<\/p>\n<p>Mode d&#8217;emploi : Appliquer sur la zone concern\u00e9e de 1 \u00e0 4 fois par jour, ou selon les recommandations d&#8217;un professionnel de sant\u00e9.<\/p>","protected":false},"excerpt":{"rendered":"<p>Shampooing m\u00e9dicamenteux et revitalisant du cuir chevelu Sulfur 8. Sa formule l\u00e9g\u00e8re au soufre-8 offre une hydratation et un adoucissement aux cheveux secs et au cuir chevelu, sans les alourdir. Cette solution embellit les cheveux tout en les rendant plus faciles \u00e0 coiffer et en ajoutant de la brillance. Adapt\u00e9 aux cheveux naturels, press\u00e9s et<span class=\"read-more-faq\"><a href=\"https:\/\/sakaba.mghosteur.com\/en\/product\/sulfur8-medicated-light-formula-anti-dandruff\/\">Read More<\/a><\/span><\/p>","protected":false},"featured_media":0,"comment_status":"open","ping_status":"closed","template":"","meta":[],"product_brand":[1026],"product_cat":[284,1063],"product_tag":[],"class_list":{"0":"post-31683","1":"product","2":"type-product","3":"status-publish","5":"product_brand-sulfur8","6":"product_cat-aad-cheveux","7":"product_cat-traitement-capilaire","9":"first","10":"instock","11":"shipping-taxable","12":"product-type-simple"},"jetpack-related-posts":[{"id":31680,"url":"https:\/\/sakaba.mghosteur.com\/en\/product\/sulfur8-medicated-deep-cleaning-shampoo-340ml\/","url_meta":{"origin":31683,"position":0},"title":"SULFUR8 MEDICATED DEEP CLEANING SHAMPOO 340ML","author":"admin","date":"May 10, 2024","format":false,"excerpt":"D\u00e9couvrez Sulfur 8, un shampooing efficace con\u00e7u pour \u00e9liminer les pellicules des cheveux et du cuir chevelu. Sa formule sp\u00e9ciale aide \u00e0 restaurer l'\u00e9quilibre naturel du cuir chevelu tout en laissant les cheveux doux et facilement coiffables. Les points forts de Sulfur 8 : - \u00c9limine efficacement les pellicules -\u2026","rel":"","context":"Similar post","block_context":{"text":"Similar post","link":""},"img":{"alt_text":"","src":"","width":0,"height":0},"classes":[]},{"id":31675,"url":"https:\/\/sakaba.mghosteur.com\/en\/product\/sulfur8-medicated-deep-cleaning-shampoo-222ml\/","url_meta":{"origin":31683,"position":1},"title":"SULFUR8 MEDICATED DEEP CLEANING SHAMPOO 222ML","author":"admin","date":"May 10, 2024","format":false,"excerpt":"D\u00e9couvrez Sulfur 8, un shampooing efficace con\u00e7u pour \u00e9liminer les pellicules des cheveux et du cuir chevelu. Sa formule sp\u00e9ciale aide \u00e0 restaurer l'\u00e9quilibre naturel du cuir chevelu tout en laissant les cheveux doux et facilement coiffables. Les points forts de Sulfur 8 : - \u00c9limine efficacement les pellicules -\u2026","rel":"","context":"Similar post","block_context":{"text":"Similar post","link":""},"img":{"alt_text":"","src":"","width":0,"height":0},"classes":[]},{"id":29730,"url":"https:\/\/sakaba.mghosteur.com\/en\/product\/palmers-shine-therapy-strong-roots-scalp-serum\/","url_meta":{"origin":31683,"position":2},"title":"PALMERS SHINE THERAPY STRONG ROOTS SCALP SERUM","author":"admin","date":"April 18, 2023","format":false,"excerpt":"Ce s\u00e9rum pour cuir chevelu est parfait pour ceux qui souffrent de d\u00e9mangeaisons et de s\u00e9cheresse, ainsi que pour l'entretien de coiffures protectrices. Gr\u00e2ce \u00e0 sa formule \u00e9quilibr\u00e9e en pH, il stimule la circulation sanguine pour favoriser la croissance des cheveux tout en hydratant le follicule pileux pour des cheveux\u2026","rel":"","context":"Similar post","block_context":{"text":"Similar post","link":""},"img":{"alt_text":"","src":"","width":0,"height":0},"classes":[]},{"id":33975,"url":"https:\/\/sakaba.mghosteur.com\/en\/product\/carol-s-daughter-7-oil-blend-hair-scalp-oil\/","url_meta":{"origin":31683,"position":3},"title":"CAROL\u2019S DAUGHTER 7 OIL BLEND HAIR &amp; SCALP OIL","author":"admin","date":"May 24, 2024","format":false,"excerpt":"Offrez \u00e0 vos cheveux secs et fragiles un traitement de d\u00e9esse avec l'huile pour cuir chevelu et cheveux Goddess Strength de Carol's Daughter. Compos\u00e9e d'un m\u00e9lange de 7 huiles, dont de l'huile de ricin et de l'huile de cumin noir, cette formule hydrate en douceur le cuir chevelu et les\u2026","rel":"","context":"Similar post","block_context":{"text":"Similar post","link":""},"img":{"alt_text":"","src":"","width":0,"height":0},"classes":[]},{"id":29704,"url":"https:\/\/sakaba.mghosteur.com\/en\/product\/palmers-length-retention-hair-scalp-oil\/","url_meta":{"origin":31683,"position":4},"title":"PALMERS LENGTH RETENTION HAIR + SCALP OIL","author":"admin","date":"April 14, 2023","format":false,"excerpt":"D\u00e9couvrez l'huile de r\u00e9tention des cheveux et du cuir chevelu Palmer's, une solution nourrissante pour vos cheveux. Cette huile est con\u00e7ue pour tous les types de boucles et textures de cheveux, et est assez douce pour un usage quotidien. Enrichie d'ingr\u00e9dients naturels, cette huile hydrate et ajoute une brillance durable\u2026","rel":"","context":"Similar post","block_context":{"text":"Similar post","link":""},"img":{"alt_text":"","src":"","width":0,"height":0},"classes":[]},{"id":27266,"url":"https:\/\/sakaba.mghosteur.com\/en\/product\/the-inkey-list-caffeine-stimulating\/","url_meta":{"origin":31683,"position":5},"title":"THE INKEY LIST CAFFEINE STIMULATING","author":"admin","date":"November 29, 2022","format":false,"excerpt":"Le traitement du cuir chevelu stimulant \u00e0 la caf\u00e9ine de la marque The Inkey List est un produit de soin de nuit innovant qui aide \u00e0 revitaliser et \u00e0 renforcer votre cuir chevelu pour favoriser une croissance saine des cheveux. Ce traitement contient de la poudre de caf\u00e9ine et un\u2026","rel":"","context":"Similar post","block_context":{"text":"Similar post","link":""},"img":{"alt_text":"","src":"","width":0,"height":0},"classes":[]}],"_links":{"self":[{"href":"https:\/\/sakaba.mghosteur.com\/en\/wp-json\/wp\/v2\/product\/31683","targetHints":{"allow":["GET"]}}],"collection":[{"href":"https:\/\/sakaba.mghosteur.com\/en\/wp-json\/wp\/v2\/product"}],"about":[{"href":"https:\/\/sakaba.mghosteur.com\/en\/wp-json\/wp\/v2\/types\/product"}],"replies":[{"embeddable":true,"href":"https:\/\/sakaba.mghosteur.com\/en\/wp-json\/wp\/v2\/comments?post=31683"}],"version-history":[{"count":0,"href":"https:\/\/sakaba.mghosteur.com\/en\/wp-json\/wp\/v2\/product\/31683\/revisions"}],"wp:attachment":[{"href":"https:\/\/sakaba.mghosteur.com\/en\/wp-json\/wp\/v2\/media?parent=31683"}],"wp:term":[{"taxonomy":"product_brand","embeddable":true,"href":"https:\/\/sakaba.mghosteur.com\/en\/wp-json\/wp\/v2\/product_brand?post=31683"},{"taxonomy":"product_cat","embeddable":true,"href":"https:\/\/sakaba.mghosteur.com\/en\/wp-json\/wp\/v2\/product_cat?post=31683"},{"taxonomy":"product_tag","embeddable":true,"href":"https:\/\/sakaba.mghosteur.com\/en\/wp-json\/wp\/v2\/product_tag?post=31683"}],"curies":[{"name":"wp","href":"https:\/\/api.w.org\/{rel}","templated":true}]}}