{"id":31687,"date":"2024-05-10T13:02:48","date_gmt":"2024-05-10T13:02:48","guid":{"rendered":"https:\/\/sakaba.mghosteur.com\/?post_type=product&#038;p=31687"},"modified":"2024-06-06T17:20:16","modified_gmt":"2024-06-06T17:20:16","slug":"aplb-glutathione-niacinamide-5-3-body-wash","status":"publish","type":"product","link":"https:\/\/sakaba.mghosteur.com\/en\/product\/aplb-glutathione-niacinamide-5-3-body-wash\/","title":{"rendered":"APLB GLUTATHIONE NIACINAMIDE 5.3% BODY WASH"},"content":{"rendered":"<p>D\u00e9couvrez ce produit exceptionnel pour votre routine de soin corporel : le Gel Douche Glutathion Niacinamide \/ LIPO GLUTA NIAC CEN 5.3%. Il associe le Glutathion \u00e0 1 000 ppm, la Niacinamide \u00e0 1 000 ppm et un extrait de Centella Asiatica \u00e0 5,1%, enrichi avec le Complexe Centella 3x.<\/p>\n<p>Le Complexe Centella 3x, compos\u00e9 d&#8217;Acide Mad\u00e9cassique, d&#8217;Asiaticoside et d&#8217;Acide Asiatic, est issu de la plante &#8220;Centella asiatica&#8221;, r\u00e9put\u00e9e pour ses propri\u00e9t\u00e9s bienfaisantes pour la peau.<\/p>\n<p>Ce gel douche pr\u00e9serve l&#8217;hydratation naturelle de votre peau gr\u00e2ce \u00e0 l&#8217;Acide Hyaluronique et au B\u00eata-Glucane qu&#8217;il contient.<\/p>\n<p>Pour une peau \u00e9clatante et lumineuse, il est formul\u00e9 avec de la Vitamine C et de la Niacinamide (Vitamine B3 et Nicotinamide).<\/p>\n<p>De plus, il apaise les peaux sensibles gr\u00e2ce \u00e0 l&#8217;extrait d&#8217;Aubergine (Solanum Melongena).<\/p>\n<p>Offrez-vous une exp\u00e9rience de douche luxueuse et b\u00e9n\u00e9fique pour votre peau avec ce gel douche Glutathion Niacinamide.<\/p>","protected":false},"excerpt":{"rendered":"<p>D\u00e9couvrez ce produit exceptionnel pour votre routine de soin corporel : le Gel Douche Glutathion Niacinamide \/ LIPO GLUTA NIAC CEN 5.3%. Il associe le Glutathion \u00e0 1 000 ppm, la Niacinamide \u00e0 1 000 ppm et un extrait de Centella Asiatica \u00e0 5,1%, enrichi avec le Complexe Centella 3x. Le Complexe Centella 3x, compos\u00e9<span class=\"read-more-faq\"><a href=\"https:\/\/sakaba.mghosteur.com\/en\/product\/aplb-glutathione-niacinamide-5-3-body-wash\/\">Read More<\/a><\/span><\/p>","protected":false},"featured_media":0,"comment_status":"open","ping_status":"closed","template":"","meta":[],"product_brand":[1027],"product_cat":[358,286],"product_tag":[],"class_list":{"0":"post-31687","1":"product","2":"type-product","3":"status-publish","5":"product_brand-aplb","6":"product_cat-bain-douche","7":"product_cat-corps","9":"first","10":"instock","11":"shipping-taxable","12":"product-type-simple"},"jetpack-related-posts":[{"id":31667,"url":"https:\/\/sakaba.mghosteur.com\/en\/product\/aplb-glutathione-niacinamide-facial-24-8\/","url_meta":{"origin":31687,"position":0},"title":"APLB GLUTATHIONE NIACINAMIDE FACIAL 24.8%","author":"admin","date":"May 10, 2024","format":false,"excerpt":"D\u00e9couvrez la Cr\u00e8me Visage Glutathion Niacinamide, un v\u00e9ritable tr\u00e9sor pour votre peau. Avec une concentration remarquable de 24,8% (Glutathion 1 000 ppm, Niacinamide 20 000 ppm, Extrait de Centella Asiatica 22,7%), ce produit est une v\u00e9ritable r\u00e9v\u00e9lation pour votre routine de soins. Associ\u00e9 au Complexe Centella 3x, comprenant de l'acide\u2026","rel":"","context":"Similar post","block_context":{"text":"Similar post","link":""},"img":{"alt_text":"","src":"","width":0,"height":0},"classes":[]},{"id":31677,"url":"https:\/\/sakaba.mghosteur.com\/en\/product\/aplb-glutathione-niacinamide-body-lotion-12-5\/","url_meta":{"origin":31687,"position":1},"title":"APLB GLUTATHIONE NIACINAMIDE BODY LOTION 12.5%","author":"admin","date":"May 10, 2024","format":false,"excerpt":"D\u00e9couvrez la Lotion Corporelle Glutathion Niacinamide, \u00e9galement connue sous le nom de LIPO GLUTA NIAC CEN 12,5%. Avec une concentration puissante de Glutathion \u00e0 1 000 ppm et de Niacinamide \u00e0 1 000 ppm, enrichie de 12,3 % d'extrait de Centella Asiatica, ce produit offre une exp\u00e9rience de soin corporel\u2026","rel":"","context":"Similar post","block_context":{"text":"Similar post","link":""},"img":{"alt_text":"","src":"","width":0,"height":0},"classes":[]},{"id":56199,"url":"https:\/\/sakaba.mghosteur.com\/en\/product\/dr-althea-vitamin-c-boosting-serum\/","url_meta":{"origin":31687,"position":2},"title":"Dr. Althea Vitamin C Boosting Serum","author":"Sope DIA","date":"January 2, 2026","format":false,"excerpt":"SOIN INTENSIF DU TEINT\u00a0: Contient 640\u00a0000\u00a0ppm d\u2019eau d\u2019argousier, riche en vitamine\u00a0C, pour unifier le teint et revitaliser les peaux ternes et fatigu\u00e9es. Sa formule douce p\u00e9n\u00e8tre plus facilement que la vitamine\u00a0C pure, ce qui la rend adapt\u00e9e \u00e0 tous les types de peau, m\u00eame les plus sensibles. APAISEZ VOTRE PEAU\u00a0:\u2026","rel":"","context":"Similar post","block_context":{"text":"Similar post","link":""},"img":{"alt_text":"","src":"","width":0,"height":0},"classes":[]},{"id":31381,"url":"https:\/\/sakaba.mghosteur.com\/en\/product\/beauty-of-joseon-light-on-serum-centella-vita-c\/","url_meta":{"origin":31687,"position":3},"title":"BEAUTY OF JOSEON LIGHT ON SERUM CENTELLA VITA C","author":"admin","date":"May 10, 2024","format":false,"excerpt":"D\u00e9couvrez le s\u00e9rum Lumi\u00e8re Activ\u00e9e : Centella + Vita C. Ce s\u00e9rum \u00e9claircissant associe l'extrait de Centella Asiatica et la vitamine C pour offrir une exp\u00e9rience de soin de la peau in\u00e9gal\u00e9e. Ce produit innovant r\u00e9sout les probl\u00e8mes courants associ\u00e9s aux s\u00e9rums \u00e0 base de vitamine C pure. Fini le\u2026","rel":"","context":"Similar post","block_context":{"text":"Similar post","link":""},"img":{"alt_text":"","src":"","width":0,"height":0},"classes":[]},{"id":31501,"url":"https:\/\/sakaba.mghosteur.com\/en\/product\/madagascar-centella-probio-cica-50ml\/","url_meta":{"origin":31687,"position":4},"title":"MADAGASCAR CENTELLA PROBIO CICA 50ML","author":"admin","date":"May 10, 2024","format":false,"excerpt":"PROBIO-CICA INTENSIVE AMPOULE DESCRIPTION : La Probio-Cica Intensive Ampoule est une solution hautement concentr\u00e9e, infus\u00e9e des bienfaits nourrissants et efficaces de la Centella ferment\u00e9e. Elle prend soin de la peau de mani\u00e8re saine, offrant une action apaisante rapide sur les peaux irrit\u00e9es. POLYVALENTE ET TOUT-EN-UN : Cette ampoule polyvalente est\u2026","rel":"","context":"Similar post","block_context":{"text":"Similar post","link":""},"img":{"alt_text":"","src":"","width":0,"height":0},"classes":[]},{"id":29216,"url":"https:\/\/sakaba.mghosteur.com\/en\/product\/bha-clarify-gel-cream\/","url_meta":{"origin":31687,"position":5},"title":"BHA CLARIFY GEL CREAM","author":"admin","date":"March 21, 2023","format":false,"excerpt":"Le Gel-Cr\u00e8me Clarifiant BHA est une solution parfaite pour apaiser les peaux irrit\u00e9es sujettes aux imperfections. Ce produit est con\u00e7u avec une formule l\u00e9g\u00e8re qui contient un m\u00e9lange d'acide salicylique, d'extraits de th\u00e9 vert et de centella asiatica pour calmer la peau et lutter contre l'apparition des \u00e9ruptions cutan\u00e9es. De\u2026","rel":"","context":"Similar post","block_context":{"text":"Similar post","link":""},"img":{"alt_text":"","src":"","width":0,"height":0},"classes":[]}],"_links":{"self":[{"href":"https:\/\/sakaba.mghosteur.com\/en\/wp-json\/wp\/v2\/product\/31687","targetHints":{"allow":["GET"]}}],"collection":[{"href":"https:\/\/sakaba.mghosteur.com\/en\/wp-json\/wp\/v2\/product"}],"about":[{"href":"https:\/\/sakaba.mghosteur.com\/en\/wp-json\/wp\/v2\/types\/product"}],"replies":[{"embeddable":true,"href":"https:\/\/sakaba.mghosteur.com\/en\/wp-json\/wp\/v2\/comments?post=31687"}],"version-history":[{"count":0,"href":"https:\/\/sakaba.mghosteur.com\/en\/wp-json\/wp\/v2\/product\/31687\/revisions"}],"wp:attachment":[{"href":"https:\/\/sakaba.mghosteur.com\/en\/wp-json\/wp\/v2\/media?parent=31687"}],"wp:term":[{"taxonomy":"product_brand","embeddable":true,"href":"https:\/\/sakaba.mghosteur.com\/en\/wp-json\/wp\/v2\/product_brand?post=31687"},{"taxonomy":"product_cat","embeddable":true,"href":"https:\/\/sakaba.mghosteur.com\/en\/wp-json\/wp\/v2\/product_cat?post=31687"},{"taxonomy":"product_tag","embeddable":true,"href":"https:\/\/sakaba.mghosteur.com\/en\/wp-json\/wp\/v2\/product_tag?post=31687"}],"curies":[{"name":"wp","href":"https:\/\/api.w.org\/{rel}","templated":true}]}}