{"id":31689,"date":"2024-05-10T13:03:12","date_gmt":"2024-05-10T13:03:12","guid":{"rendered":"https:\/\/sakaba.mghosteur.com\/?post_type=product&#038;p=31689"},"modified":"2024-09-01T04:27:51","modified_gmt":"2024-09-01T04:27:51","slug":"sulfur8-medicated-orinal-formula-anti-dandruf","status":"publish","type":"product","link":"https:\/\/sakaba.mghosteur.com\/en\/product\/sulfur8-medicated-orinal-formula-anti-dandruf\/","title":{"rendered":"SULFUR8 MEDICATED ORINAL FORMULA ANTI-DANDRUF"},"content":{"rendered":"<p>D\u00e9couvrez cet apr\u00e8s-shampooing m\u00e9dicamenteux original con\u00e7u sp\u00e9cialement pour apaiser les d\u00e9mangeaisons et r\u00e9duire la desquamation du cuir chevelu caus\u00e9es par les pellicules. Sa formule innovante agit en profondeur pour soulager les irritations et restaurer l&#8217;\u00e9quilibre naturel de votre cuir chevelu. Pour des r\u00e9sultats optimaux, appliquez sur la zone concern\u00e9e jusqu&#8217;\u00e0 quatre fois par jour, ou suivez les recommandations de votre m\u00e9decin. Profitez d&#8217;une solution efficace et douce pour retrouver un cuir chevelu sain et confortable.<\/p>","protected":false},"excerpt":{"rendered":"<p>D\u00e9couvrez cet apr\u00e8s-shampooing m\u00e9dicamenteux original con\u00e7u sp\u00e9cialement pour apaiser les d\u00e9mangeaisons et r\u00e9duire la desquamation du cuir chevelu caus\u00e9es par les pellicules. Sa formule innovante agit en profondeur pour soulager les irritations et restaurer l&#8217;\u00e9quilibre naturel de votre cuir chevelu. Pour des r\u00e9sultats optimaux, appliquez sur la zone concern\u00e9e jusqu&#8217;\u00e0 quatre fois par jour, ou<span class=\"read-more-faq\"><a href=\"https:\/\/sakaba.mghosteur.com\/en\/product\/sulfur8-medicated-orinal-formula-anti-dandruf\/\">Read More<\/a><\/span><\/p>","protected":false},"featured_media":0,"comment_status":"open","ping_status":"closed","template":"","meta":[],"product_brand":[1026],"product_cat":[284,1063],"product_tag":[],"class_list":{"0":"post-31689","1":"product","2":"type-product","3":"status-publish","5":"product_brand-sulfur8","6":"product_cat-aad-cheveux","7":"product_cat-traitement-capilaire","9":"first","10":"instock","11":"shipping-taxable","12":"product-type-simple"},"jetpack-related-posts":[{"id":31683,"url":"https:\/\/sakaba.mghosteur.com\/en\/product\/sulfur8-medicated-light-formula-anti-dandruff\/","url_meta":{"origin":31689,"position":0},"title":"SULFUR8 MEDICATED LIGHT FORMULA ANTI DANDRUFF","author":"admin","date":"May 10, 2024","format":false,"excerpt":"Shampooing m\u00e9dicamenteux et revitalisant du cuir chevelu Sulfur 8. Sa formule l\u00e9g\u00e8re au soufre-8 offre une hydratation et un adoucissement aux cheveux secs et au cuir chevelu, sans les alourdir. Cette solution embellit les cheveux tout en les rendant plus faciles \u00e0 coiffer et en ajoutant de la brillance. Adapt\u00e9\u2026","rel":"","context":"Similar post","block_context":{"text":"Similar post","link":""},"img":{"alt_text":"","src":"","width":0,"height":0},"classes":[]},{"id":29730,"url":"https:\/\/sakaba.mghosteur.com\/en\/product\/palmers-shine-therapy-strong-roots-scalp-serum\/","url_meta":{"origin":31689,"position":1},"title":"PALMERS SHINE THERAPY STRONG ROOTS SCALP SERUM","author":"admin","date":"April 18, 2023","format":false,"excerpt":"Ce s\u00e9rum pour cuir chevelu est parfait pour ceux qui souffrent de d\u00e9mangeaisons et de s\u00e9cheresse, ainsi que pour l'entretien de coiffures protectrices. Gr\u00e2ce \u00e0 sa formule \u00e9quilibr\u00e9e en pH, il stimule la circulation sanguine pour favoriser la croissance des cheveux tout en hydratant le follicule pileux pour des cheveux\u2026","rel":"","context":"Similar post","block_context":{"text":"Similar post","link":""},"img":{"alt_text":"","src":"","width":0,"height":0},"classes":[]},{"id":29198,"url":"https:\/\/sakaba.mghosteur.com\/en\/product\/the-inkey-list-salicylic-acid-exfoliant-soin-cuir\/","url_meta":{"origin":31689,"position":2},"title":"THE INKEY LIST SALICYLIC ACID EXFOLIANT CUIR CHEVELU","author":"admin","date":"March 21, 2023","format":false,"excerpt":"Dites adieu aux pellicules et aux d\u00e9mangeaisons gr\u00e2ce au Traitement Exfoliant du Cuir Chevelu \u00e0 l'Acide Salicylique. Ce s\u00e9rum l\u00e9ger \u00e9quilibre la production de s\u00e9bum, r\u00e9duit les rougeurs et hydrate votre cuir chevelu et vos cheveux gr\u00e2ce aux ingr\u00e9dients FLUIDIPURE\u2122 8G et PANTHENOL. L'acide salicylique exfolie en douceur votre cuir\u2026","rel":"","context":"Similar post","block_context":{"text":"Similar post","link":""},"img":{"alt_text":"","src":"","width":0,"height":0},"classes":[]},{"id":31675,"url":"https:\/\/sakaba.mghosteur.com\/en\/product\/sulfur8-medicated-deep-cleaning-shampoo-222ml\/","url_meta":{"origin":31689,"position":3},"title":"SULFUR8 MEDICATED DEEP CLEANING SHAMPOO 222ML","author":"admin","date":"May 10, 2024","format":false,"excerpt":"D\u00e9couvrez Sulfur 8, un shampooing efficace con\u00e7u pour \u00e9liminer les pellicules des cheveux et du cuir chevelu. Sa formule sp\u00e9ciale aide \u00e0 restaurer l'\u00e9quilibre naturel du cuir chevelu tout en laissant les cheveux doux et facilement coiffables. Les points forts de Sulfur 8 : - \u00c9limine efficacement les pellicules -\u2026","rel":"","context":"Similar post","block_context":{"text":"Similar post","link":""},"img":{"alt_text":"","src":"","width":0,"height":0},"classes":[]},{"id":31680,"url":"https:\/\/sakaba.mghosteur.com\/en\/product\/sulfur8-medicated-deep-cleaning-shampoo-340ml\/","url_meta":{"origin":31689,"position":4},"title":"SULFUR8 MEDICATED DEEP CLEANING SHAMPOO 340ML","author":"admin","date":"May 10, 2024","format":false,"excerpt":"D\u00e9couvrez Sulfur 8, un shampooing efficace con\u00e7u pour \u00e9liminer les pellicules des cheveux et du cuir chevelu. Sa formule sp\u00e9ciale aide \u00e0 restaurer l'\u00e9quilibre naturel du cuir chevelu tout en laissant les cheveux doux et facilement coiffables. Les points forts de Sulfur 8 : - \u00c9limine efficacement les pellicules -\u2026","rel":"","context":"Similar post","block_context":{"text":"Similar post","link":""},"img":{"alt_text":"","src":"","width":0,"height":0},"classes":[]},{"id":33975,"url":"https:\/\/sakaba.mghosteur.com\/en\/product\/carol-s-daughter-7-oil-blend-hair-scalp-oil\/","url_meta":{"origin":31689,"position":5},"title":"CAROL\u2019S DAUGHTER 7 OIL BLEND HAIR &amp; SCALP OIL","author":"admin","date":"May 24, 2024","format":false,"excerpt":"Offrez \u00e0 vos cheveux secs et fragiles un traitement de d\u00e9esse avec l'huile pour cuir chevelu et cheveux Goddess Strength de Carol's Daughter. Compos\u00e9e d'un m\u00e9lange de 7 huiles, dont de l'huile de ricin et de l'huile de cumin noir, cette formule hydrate en douceur le cuir chevelu et les\u2026","rel":"","context":"Similar post","block_context":{"text":"Similar post","link":""},"img":{"alt_text":"","src":"","width":0,"height":0},"classes":[]}],"_links":{"self":[{"href":"https:\/\/sakaba.mghosteur.com\/en\/wp-json\/wp\/v2\/product\/31689","targetHints":{"allow":["GET"]}}],"collection":[{"href":"https:\/\/sakaba.mghosteur.com\/en\/wp-json\/wp\/v2\/product"}],"about":[{"href":"https:\/\/sakaba.mghosteur.com\/en\/wp-json\/wp\/v2\/types\/product"}],"replies":[{"embeddable":true,"href":"https:\/\/sakaba.mghosteur.com\/en\/wp-json\/wp\/v2\/comments?post=31689"}],"version-history":[{"count":0,"href":"https:\/\/sakaba.mghosteur.com\/en\/wp-json\/wp\/v2\/product\/31689\/revisions"}],"wp:attachment":[{"href":"https:\/\/sakaba.mghosteur.com\/en\/wp-json\/wp\/v2\/media?parent=31689"}],"wp:term":[{"taxonomy":"product_brand","embeddable":true,"href":"https:\/\/sakaba.mghosteur.com\/en\/wp-json\/wp\/v2\/product_brand?post=31689"},{"taxonomy":"product_cat","embeddable":true,"href":"https:\/\/sakaba.mghosteur.com\/en\/wp-json\/wp\/v2\/product_cat?post=31689"},{"taxonomy":"product_tag","embeddable":true,"href":"https:\/\/sakaba.mghosteur.com\/en\/wp-json\/wp\/v2\/product_tag?post=31689"}],"curies":[{"name":"wp","href":"https:\/\/api.w.org\/{rel}","templated":true}]}}