{"id":31692,"date":"2024-05-10T13:06:25","date_gmt":"2024-05-10T13:06:25","guid":{"rendered":"https:\/\/sakaba.mghosteur.com\/?post_type=product&#038;p=31692"},"modified":"2024-08-20T19:19:40","modified_gmt":"2024-08-20T19:19:40","slug":"haruhara-wonder-black-rice-moisture-5-5-soft-cleansing-gel-unscented","status":"publish","type":"product","link":"https:\/\/sakaba.mghosteur.com\/en\/product\/haruhara-wonder-black-rice-moisture-5-5-soft-cleansing-gel-unscented\/","title":{"rendered":"HARUHARA WONDER BLACK RICE MOISTURE 5.5 SOFT CLEANSING GEL UNSCENTED"},"content":{"rendered":"<p>D\u00e9couvrez ce gel nettoyant doux et l\u00e9g\u00e8rement acide, id\u00e9al pour vos matins charg\u00e9s ! Formul\u00e9 sans parfum, il hydrate et nettoie en profondeur pour une routine matinale rafra\u00eechissante. Sa formule saine et l\u00e9g\u00e8rement acide maintient un pH \u00e9quilibr\u00e9, essentiel pour une peau \u00e9clatante et bien prot\u00e9g\u00e9e. Les tensioactifs naturels, puis\u00e9s dans la noix de coco, r\u00e9duisent les irritations, laissant votre peau douce et apais\u00e9e.<\/p>\n<p>Ce produit respecte les animaux et la nature, avec 95 % d&#8217;ingr\u00e9dients naturels et une certification EWG-Green. Son format pratique de 100 ml vous accompagne facilement dans vos d\u00e9placements.<\/p>\n<p>Les avantages :<br \/>\n&#8211; Tensioactifs naturels SANS SAVON issus de la noix de coco : Nettoie en douceur tout en hydratant la peau.<br \/>\n&#8211; Formule l\u00e9g\u00e8rement acide pour un pH \u00e9quilibr\u00e9 : Parfait pour les peaux sensibles.<br \/>\n&#8211; Mousse onctueuse pour un nettoyage en douceur : Minimise l&#8217;irritation cutan\u00e9e et renforce les d\u00e9fenses naturelles de la peau.<\/p>\n<p>Offrez-vous une exp\u00e9rience de nettoyage matinal revigorante avec ce gel nettoyant doux et efficace !<\/p>","protected":false},"excerpt":{"rendered":"<p>D\u00e9couvrez ce gel nettoyant doux et l\u00e9g\u00e8rement acide, id\u00e9al pour vos matins charg\u00e9s ! Formul\u00e9 sans parfum, il hydrate et nettoie en profondeur pour une routine matinale rafra\u00eechissante. Sa formule saine et l\u00e9g\u00e8rement acide maintient un pH \u00e9quilibr\u00e9, essentiel pour une peau \u00e9clatante et bien prot\u00e9g\u00e9e. Les tensioactifs naturels, puis\u00e9s dans la noix de coco,<span class=\"read-more-faq\"><a href=\"https:\/\/sakaba.mghosteur.com\/en\/product\/haruhara-wonder-black-rice-moisture-5-5-soft-cleansing-gel-unscented\/\">Read More<\/a><\/span><\/p>","protected":false},"featured_media":0,"comment_status":"open","ping_status":"closed","template":"","meta":[],"product_brand":[1028],"product_cat":[324,1018,451],"product_tag":[],"class_list":{"0":"post-31692","1":"product","2":"type-product","3":"status-publish","5":"product_brand-haruhara","6":"product_cat-demaquillant-nettoyant","7":"product_cat-aai-produis-coreens","8":"product_cat-aab-soin-du-visage","10":"first","11":"instock","12":"shipping-taxable","13":"product-type-simple"},"jetpack-related-posts":[{"id":30379,"url":"https:\/\/sakaba.mghosteur.com\/en\/product\/neutrogena-skin-balancing-2-polyhydroxy-acid\/","url_meta":{"origin":31692,"position":0},"title":"NEUTROGENA SKIN BALANCING 2% POLYHYDROXY ACID","author":"admin","date":"May 9, 2023","format":false,"excerpt":"Optez pour le Gel nettoyant \u00e9quilibrant pour la peau pour peaux mixtes de Neutrogena, une formule douce et efficace qui nettoie, exfolie et revitalise votre peau en une seule \u00e9tape. Avec sa formule hypoallerg\u00e9nique d\u00e9velopp\u00e9e avec des dermatologues, ce gel nettoyant respecte le pH naturel de votre peau, la laissant\u2026","rel":"","context":"Similar post","block_context":{"text":"Similar post","link":""},"img":{"alt_text":"","src":"","width":0,"height":0},"classes":[]},{"id":33036,"url":"https:\/\/sakaba.mghosteur.com\/en\/product\/dove-exfoliant-body-polish-brown-sugar-coconut\/","url_meta":{"origin":31692,"position":1},"title":"DOVE EXFOLIANT BODY POLISH BROWN SUGAR &amp; COCONUT","author":"admin","date":"May 17, 2024","format":false,"excerpt":"Un gommage corporel au doux parfum de noix de coco qui r\u00e9v\u00e8le votre \u00e9clat naturel en exfoliant la peau en profondeur. Le gommage corporel exfoliant \u00e9limine la peau terne et s\u00e8che \u2022 Fabriqu\u00e9 \u00e0 partir de nettoyants naturels sans sulfate \u2022 Enrichi avec \u00bc de cr\u00e8me hydratante pour prendre soin\u2026","rel":"","context":"Similar post","block_context":{"text":"Similar post","link":""},"img":{"alt_text":"","src":"","width":0,"height":0},"classes":[]},{"id":24526,"url":"https:\/\/sakaba.mghosteur.com\/en\/product\/cerave-hydrating-toner\/","url_meta":{"origin":31692,"position":2},"title":"CERAVE HYDRATING TONER","author":"admin","date":"November 10, 2022","format":false,"excerpt":"Le tonique hydratant de CeraVe est un produit incontournable pour une peau saine et bien hydrat\u00e9e. Avec sa formule douce et non dess\u00e9chante, ce toner \u00e9quilibre le pH de la peau et aide \u00e0 \u00e9liminer les r\u00e9sidus laiss\u00e9s apr\u00e8s le nettoyage du visage. Gr\u00e2ce \u00e0 sa composition riche en c\u00e9ramides,\u2026","rel":"","context":"Similar post","block_context":{"text":"Similar post","link":""},"img":{"alt_text":"","src":"","width":0,"height":0},"classes":[]},{"id":31570,"url":"https:\/\/sakaba.mghosteur.com\/en\/product\/cosrx-low-ph-good-morning-gel-cleanser-400ml\/","url_meta":{"origin":31692,"position":3},"title":"COSRX LOW PH GOOD MORNING GEL CLEANSER 400ml","author":"admin","date":"May 10, 2024","format":false,"excerpt":"Nettoyant Gel Doux Bonjour pH Bas : Nettoyez quotidiennement avec ce nettoyant doux et efficace, matin et soir, en \u00e9liminant les impuret\u00e9s tout en renfor\u00e7ant la barri\u00e8re cutan\u00e9e. Un Teint Lumineux le Jour et une Peau Douce la Nuit : En affinant la texture de la peau, le nettoyant aidera\u2026","rel":"","context":"Similar post","block_context":{"text":"Similar post","link":""},"img":{"alt_text":"","src":"","width":0,"height":0},"classes":[]},{"id":25288,"url":"https:\/\/sakaba.mghosteur.com\/en\/product\/ogx-coconut-coffees-crub-wash\/","url_meta":{"origin":31692,"position":4},"title":"OGX COCONUT COFFEE SCRUB &amp; WASH","author":"admin","date":"November 14, 2022","format":false,"excerpt":"Gommage nettoyant, lissant et caf\u00e9 \u00e0 la noix de coco. Tensioactifs sans sulfate. Aide \u00e0 adoucir votre peau avec ce m\u00e9lange revigorant et hydratant infus\u00e9 de caf\u00e9 arabica exotique et d'huile de noix de coco. Boostez l'hydratation tout en favorisant la souplesse de la peau. \u00c9veillez vos sens avec le\u2026","rel":"","context":"Similar post","block_context":{"text":"Similar post","link":""},"img":{"alt_text":"","src":"","width":0,"height":0},"classes":[]},{"id":30293,"url":"https:\/\/sakaba.mghosteur.com\/en\/product\/beauty-of-joseon-green-plum-refreshing-cleanser\/","url_meta":{"origin":31692,"position":5},"title":"BEAUTY OF JOSEON Green Plum Refreshing Cleanser","author":"admin","date":"May 8, 2023","format":false,"excerpt":"D\u00e9couvrez le Nettoyant Rafra\u00eechissant \u00e0 la Prune Verte de la marque Beauty of Joseon, un nettoyant pour le visage \u00e0 base d'ingr\u00e9dients naturels du Hanbang. Sa formule hypoallerg\u00e9nique l\u00e9g\u00e8rement acide aide \u00e0 nettoyer votre peau sans endommager sa barri\u00e8re cutan\u00e9e naturelle, tandis que sa formule gel humide ne dess\u00e8che pas\u2026","rel":"","context":"Similar post","block_context":{"text":"Similar post","link":""},"img":{"alt_text":"","src":"","width":0,"height":0},"classes":[]}],"_links":{"self":[{"href":"https:\/\/sakaba.mghosteur.com\/en\/wp-json\/wp\/v2\/product\/31692","targetHints":{"allow":["GET"]}}],"collection":[{"href":"https:\/\/sakaba.mghosteur.com\/en\/wp-json\/wp\/v2\/product"}],"about":[{"href":"https:\/\/sakaba.mghosteur.com\/en\/wp-json\/wp\/v2\/types\/product"}],"replies":[{"embeddable":true,"href":"https:\/\/sakaba.mghosteur.com\/en\/wp-json\/wp\/v2\/comments?post=31692"}],"version-history":[{"count":0,"href":"https:\/\/sakaba.mghosteur.com\/en\/wp-json\/wp\/v2\/product\/31692\/revisions"}],"wp:attachment":[{"href":"https:\/\/sakaba.mghosteur.com\/en\/wp-json\/wp\/v2\/media?parent=31692"}],"wp:term":[{"taxonomy":"product_brand","embeddable":true,"href":"https:\/\/sakaba.mghosteur.com\/en\/wp-json\/wp\/v2\/product_brand?post=31692"},{"taxonomy":"product_cat","embeddable":true,"href":"https:\/\/sakaba.mghosteur.com\/en\/wp-json\/wp\/v2\/product_cat?post=31692"},{"taxonomy":"product_tag","embeddable":true,"href":"https:\/\/sakaba.mghosteur.com\/en\/wp-json\/wp\/v2\/product_tag?post=31692"}],"curies":[{"name":"wp","href":"https:\/\/api.w.org\/{rel}","templated":true}]}}