{"id":31705,"date":"2024-05-10T13:06:47","date_gmt":"2024-05-10T13:06:47","guid":{"rendered":"https:\/\/sakaba.mghosteur.com\/?post_type=product&#038;p=31705"},"modified":"2024-08-08T16:48:40","modified_gmt":"2024-08-08T16:48:40","slug":"byoma-brightening-body-wash-500ml","status":"publish","type":"product","link":"https:\/\/sakaba.mghosteur.com\/en\/product\/byoma-brightening-body-wash-500ml\/","title":{"rendered":"BYOMA BRIGHTENING BODY WASH 500ML"},"content":{"rendered":"<p>D\u00e9couvrez ce Gel Douche \u00c9claircissant, un alli\u00e9 de choix pour illuminer et \u00e9quilibrer votre peau. Avec sa contenance g\u00e9n\u00e9reuse de 500 ml, ce nettoyant corporel offre une exp\u00e9rience luxueuse et efficace.<\/p>\n<p>Sa formule sp\u00e9ciale agit pour r\u00e9duire le teint terne, offrant ainsi des bienfaits \u00e9claircissants remarquables. D\u00e8s la premi\u00e8re utilisation, sa texture riche se m\u00e9tamorphose en une mousse onctueuse qui uniformise le teint et r\u00e9tablit l&#8217;\u00e9quilibre de la barri\u00e8re cutan\u00e9e.<\/p>\n<p>Ce gel douche novateur combine un trio de complexes pr\u00e9biotiques \u00e9claircissants et renfor\u00e7ant la barri\u00e8re, de la niacinamide et de l&#8217;acide az\u00e9la\u00efque. Ces ingr\u00e9dients de qualit\u00e9 agissent en synergie pour am\u00e9liorer les tons de peau in\u00e9gaux, r\u00e9duire l&#8217;apparence de l&#8217;hyperpigmentation et lisser la texture de la peau, pour des r\u00e9sultats \u00e9clatants.<\/p>\n<p>Test\u00e9 et approuv\u00e9 par des dermatologues, ce produit est \u00e9galement v\u00e9g\u00e9talien et respectueux des animaux, garantissant ainsi une exp\u00e9rience de douche aussi \u00e9thique que performante.<\/p>","protected":false},"excerpt":{"rendered":"<p>D\u00e9couvrez ce Gel Douche \u00c9claircissant, un alli\u00e9 de choix pour illuminer et \u00e9quilibrer votre peau. Avec sa contenance g\u00e9n\u00e9reuse de 500 ml, ce nettoyant corporel offre une exp\u00e9rience luxueuse et efficace. Sa formule sp\u00e9ciale agit pour r\u00e9duire le teint terne, offrant ainsi des bienfaits \u00e9claircissants remarquables. D\u00e8s la premi\u00e8re utilisation, sa texture riche se m\u00e9tamorphose<span class=\"read-more-faq\"><a href=\"https:\/\/sakaba.mghosteur.com\/en\/product\/byoma-brightening-body-wash-500ml\/\">Read More<\/a><\/span><\/p>","protected":false},"featured_media":0,"comment_status":"open","ping_status":"closed","template":"","meta":[],"product_brand":[811],"product_cat":[358,447],"product_tag":[],"class_list":{"0":"post-31705","1":"product","2":"type-product","3":"status-publish","5":"product_brand-byoma","6":"product_cat-bain-douche","7":"product_cat-aac-bain-et-corps","9":"first","10":"instock","11":"shipping-taxable","12":"product-type-simple"},"jetpack-related-posts":[{"id":29847,"url":"https:\/\/sakaba.mghosteur.com\/en\/product\/kojie-san-skin-lightening-body-wash-with-hydromoist-300ml\/","url_meta":{"origin":31705,"position":0},"title":"Kojie San Skin Lightening Body Wash With Hydromoist 300ml","author":"admin","date":"April 26, 2023","format":false,"excerpt":"D\u00e9couvrez le Gel Douche Eclaircissant pour le Corps Kojie San de 300ml, un produit de beaut\u00e9 de qualit\u00e9 qui contient de l'acide kojique comme ingr\u00e9dient actif principal. Ce gel douche nettoie efficacement et \u00e9claircit la peau, tout en apportant des ingr\u00e9dients naturels tels que l'extrait de Bengkoang pour aider \u00e0\u2026","rel":"","context":"Similar post","block_context":{"text":"Similar post","link":""},"img":{"alt_text":"","src":"","width":0,"height":0},"classes":[]},{"id":31746,"url":"https:\/\/sakaba.mghosteur.com\/en\/product\/byoma-hydrating-body-500ml\/","url_meta":{"origin":31705,"position":1},"title":"BYOMA HYDRATING BODY WASH 500ML","author":"admin","date":"May 10, 2024","format":false,"excerpt":"GEL DOUCHE HYDRATANT POUR LE CORPS HYDRATER ET \u00c9QUILIBRER 500 ML Ce nettoyant corporel riche en nutriments est con\u00e7u pour hydrater intens\u00e9ment la peau sous la douche. Avec un complexe pr\u00e9biotique au pH \u00e9quilibr\u00e9 pour hydrater et \u00e9quilibrer le microbiome. Les ingr\u00e9dients cl\u00e9s du b\u00eata-glucane et du squalane aident \u00e0\u2026","rel":"","context":"Similar post","block_context":{"text":"Similar post","link":""},"img":{"alt_text":"","src":"","width":0,"height":0},"classes":[]},{"id":31711,"url":"https:\/\/sakaba.mghosteur.com\/en\/product\/byoma-brightening-serum\/","url_meta":{"origin":31705,"position":2},"title":"BYOMA BRIGHTENING SERUM","author":"admin","date":"May 10, 2024","format":false,"excerpt":"S\u00c9RUM \u00c9CLAIRCISSANT \u00c9CLAIRCIR ET HYDRATER 30 ML\/1,01 FL.OZ Ce puissant s\u00e9rum \u00e9claircissant pour le visage aide \u00e0 am\u00e9liorer consid\u00e9rablement le teint et la texture de la peau pour des r\u00e9sultats uniformes et \u00e9clatants. Ce s\u00e9rum l\u00e9ger illumine visiblement tout en aidant \u00e0 att\u00e9nuer les signes d'hyperpigmentation et le teint irr\u00e9gulier\u2026","rel":"","context":"Similar post","block_context":{"text":"Similar post","link":""},"img":{"alt_text":"","src":"","width":0,"height":0},"classes":[]},{"id":31763,"url":"https:\/\/sakaba.mghosteur.com\/en\/product\/byoma-brightening-body-lotion-400ml\/","url_meta":{"origin":31705,"position":3},"title":"BYOMA BRIGHTENING BODY LOTION 400ML","author":"admin","date":"May 10, 2024","format":false,"excerpt":"Cette lotion corporelle l\u00e9g\u00e8re et soyeuse exfolie en douceur pour am\u00e9liorer l'apparence g\u00e9n\u00e9rale de la peau, sans perturber la fonction de barri\u00e8re cutan\u00e9e. La formule illuminatrice agit pour \u00e9claircir la peau, fournir une hydratation imm\u00e9diate tout en soutenant la fonction de barri\u00e8re cutan\u00e9e. Avec un complexe tri-c\u00e9ramide et un m\u00e9lange\u2026","rel":"","context":"Similar post","block_context":{"text":"Similar post","link":""},"img":{"alt_text":"","src":"","width":0,"height":0},"classes":[]},{"id":28061,"url":"https:\/\/sakaba.mghosteur.com\/en\/product\/naturium-the-brightener-vitamin-c-body-wash\/","url_meta":{"origin":31705,"position":4},"title":"NATURIUM THE BRIGHTENER VITAMIN C BODY WASH","author":"admin","date":"November 29, 2022","format":false,"excerpt":"Le gel douche \u00e9claircissant \u00e0 la vitamine C soyeux et cr\u00e9meux est formul\u00e9 avec des tensioactifs doux mais efficaces, ainsi que du glucoside d'ascorbyle - un d\u00e9riv\u00e9 de vitamine C tr\u00e8s stable - des acides de fruits bioactifs et des enzymes. Formul\u00e9 pour aider \u00e0 \u00e9liminer le teint terne et\u2026","rel":"","context":"Similar post","block_context":{"text":"Similar post","link":""},"img":{"alt_text":"","src":"","width":0,"height":0},"classes":[]},{"id":31719,"url":"https:\/\/sakaba.mghosteur.com\/en\/product\/byoma-coffret-hydrating-trio\/","url_meta":{"origin":31705,"position":5},"title":"BYOMA COFFRET HYDRATING TRIO","author":"admin","date":"May 10, 2024","format":false,"excerpt":"MINI NETTOYANT, MINI GEL CR\u00c8ME ET MINI S\u00c9RUM HYDRATANT 30 ML, 15 ML ET 15 ML D\u00e9couvrez ce trio d\u2019essentiels hydratants, approuv\u00e9s par les dermatologues pour chaque visage, chaque jour. Avec le COMPLEXE TRI-CERAMIDE (c\u00e9ramides, cholest\u00e9rol, acides gras), ce coffret offre les \u00e9l\u00e9ments constitutifs d'une routine de soin ultime, donnant\u2026","rel":"","context":"Similar post","block_context":{"text":"Similar post","link":""},"img":{"alt_text":"","src":"","width":0,"height":0},"classes":[]}],"_links":{"self":[{"href":"https:\/\/sakaba.mghosteur.com\/en\/wp-json\/wp\/v2\/product\/31705","targetHints":{"allow":["GET"]}}],"collection":[{"href":"https:\/\/sakaba.mghosteur.com\/en\/wp-json\/wp\/v2\/product"}],"about":[{"href":"https:\/\/sakaba.mghosteur.com\/en\/wp-json\/wp\/v2\/types\/product"}],"replies":[{"embeddable":true,"href":"https:\/\/sakaba.mghosteur.com\/en\/wp-json\/wp\/v2\/comments?post=31705"}],"version-history":[{"count":0,"href":"https:\/\/sakaba.mghosteur.com\/en\/wp-json\/wp\/v2\/product\/31705\/revisions"}],"wp:attachment":[{"href":"https:\/\/sakaba.mghosteur.com\/en\/wp-json\/wp\/v2\/media?parent=31705"}],"wp:term":[{"taxonomy":"product_brand","embeddable":true,"href":"https:\/\/sakaba.mghosteur.com\/en\/wp-json\/wp\/v2\/product_brand?post=31705"},{"taxonomy":"product_cat","embeddable":true,"href":"https:\/\/sakaba.mghosteur.com\/en\/wp-json\/wp\/v2\/product_cat?post=31705"},{"taxonomy":"product_tag","embeddable":true,"href":"https:\/\/sakaba.mghosteur.com\/en\/wp-json\/wp\/v2\/product_tag?post=31705"}],"curies":[{"name":"wp","href":"https:\/\/api.w.org\/{rel}","templated":true}]}}