{"id":31708,"date":"2024-05-10T13:07:09","date_gmt":"2024-05-10T13:07:09","guid":{"rendered":"https:\/\/sakaba.mghosteur.com\/?post_type=product&#038;p=31708"},"modified":"2024-08-20T19:15:54","modified_gmt":"2024-08-20T19:15:54","slug":"haruhara-wonder-black-rice-hyaluronic-cream-50ml","status":"publish","type":"product","link":"https:\/\/sakaba.mghosteur.com\/en\/product\/haruhara-wonder-black-rice-hyaluronic-cream-50ml\/","title":{"rendered":"HARUHARA WONDER BLACK RICE HYALURONIC CREAM 50ml"},"content":{"rendered":"<p>Retenant l&#8217;hydratation de la peau en cr\u00e9ant une barri\u00e8re protectrice pour \u00e9viter la perte d&#8217;humidit\u00e9, ce produit exploite l&#8217;acide hyaluronique hautement concentr\u00e9 ainsi que d&#8217;autres propri\u00e9t\u00e9s nourrissantes.<\/p>\n<p>Certifi\u00e9 v\u00e9g\u00e9talien et non test\u00e9 sur les animaux, il est compos\u00e9 \u00e0 95 % d&#8217;ingr\u00e9dients naturels, conforme aux normes EWG-Green.<\/p>\n<p>D&#8217;une contenance de 1,6 once liquide (50 ml), sa formule de fermentation unique convertit les ingr\u00e9dients bruts en une configuration plus compatible avec la peau, favorisant ainsi une absorption optimale. Cette technologie brevet\u00e9e Ultra Deep assure une p\u00e9n\u00e9tration en profondeur des ingr\u00e9dients actifs dans la peau.<\/p>\n<p>De texture blanche, semblable \u00e0 une cr\u00e8me douce, il s&#8217;\u00e9tale ais\u00e9ment et procure une sensation d&#8217;humidit\u00e9 lors de l&#8217;application. Sa finition est douce et rafra\u00eechissante, sans laisser de r\u00e9sidus collants.<\/p>\n<p>Outre sa capacit\u00e9 \u00e0 retenir l&#8217;hydratation, ce produit contribue \u00e9galement \u00e0 nourrir intens\u00e9ment la peau, soulageant ainsi les tensions cutan\u00e9es et pr\u00e9servant son \u00e9clat en inhibant l&#8217;oxydation. L&#8217;extrait de riz noir ferment\u00e9, cultiv\u00e9 en Cor\u00e9e, renforce les effets antioxydants tout au long du processus de fermentation.<\/p>","protected":false},"excerpt":{"rendered":"<p>Retenant l&#8217;hydratation de la peau en cr\u00e9ant une barri\u00e8re protectrice pour \u00e9viter la perte d&#8217;humidit\u00e9, ce produit exploite l&#8217;acide hyaluronique hautement concentr\u00e9 ainsi que d&#8217;autres propri\u00e9t\u00e9s nourrissantes. Certifi\u00e9 v\u00e9g\u00e9talien et non test\u00e9 sur les animaux, il est compos\u00e9 \u00e0 95 % d&#8217;ingr\u00e9dients naturels, conforme aux normes EWG-Green. D&#8217;une contenance de 1,6 once liquide (50 ml),<span class=\"read-more-faq\"><a href=\"https:\/\/sakaba.mghosteur.com\/en\/product\/haruhara-wonder-black-rice-hyaluronic-cream-50ml\/\">Read More<\/a><\/span><\/p>","protected":false},"featured_media":0,"comment_status":"open","ping_status":"closed","template":"","meta":[],"product_brand":[1028],"product_cat":[1018,451,334],"product_tag":[],"class_list":{"0":"post-31708","1":"product","2":"type-product","3":"status-publish","5":"product_brand-haruhara","6":"product_cat-aai-produis-coreens","7":"product_cat-aab-soin-du-visage","8":"product_cat-traitement-serum","10":"first","11":"instock","12":"shipping-taxable","13":"product-type-simple"},"jetpack-related-posts":[{"id":24213,"url":"https:\/\/sakaba.mghosteur.com\/en\/product\/cerave-daily-moisturizing-lotion-355-ml\/","url_meta":{"origin":31708,"position":0},"title":"CERAVE DAILY MOISTURIZING LOTION 355 ML","author":"admin","date":"November 9, 2022","format":false,"excerpt":"La Lotion Hydratante Quotidienne de CeraVe est sp\u00e9cialement con\u00e7ue pour les peaux normales \u00e0 s\u00e8ches et de poids l\u00e9ger. Sa formule l\u00e9g\u00e8re et sans huile est facilement absorb\u00e9e par la peau, offrant une hydratation instantan\u00e9e sans laisser de r\u00e9sidus gras. L'acide hyaluronique aide \u00e0 retenir l'humidit\u00e9 de la peau, tandis\u2026","rel":"","context":"Similar post","block_context":{"text":"Similar post","link":""},"img":{"alt_text":"","src":"","width":0,"height":0},"classes":[]},{"id":24414,"url":"https:\/\/sakaba.mghosteur.com\/en\/product\/palmers-cocoa-butter-formula-with-vitamin-e-heals-softens\/","url_meta":{"origin":31708,"position":1},"title":"Palmers Cocoa Butter Daily Skin Therapy","author":"admin","date":"November 10, 2022","format":false,"excerpt":"La lotion corporelle Daily Skin Therapy de Palmer's est le produit parfait pour prendre soin de votre peau s\u00e8che et rugueuse. Elle contient du beurre de cacao naturel et de la vitamine E, deux ingr\u00e9dients intens\u00e9ment hydratants qui gu\u00e9rissent et adoucissent votre peau pour lui donner une apparence plus saine.\u2026","rel":"","context":"Similar post","block_context":{"text":"Similar post","link":""},"img":{"alt_text":"","src":"","width":0,"height":0},"classes":[]},{"id":31356,"url":"https:\/\/sakaba.mghosteur.com\/en\/product\/beauty-of-joseon-calming-serum-green-tea-panthenol\/","url_meta":{"origin":31708,"position":2},"title":"BEAUTY OF JOSEON CALMING SERUM GREEN TEA + PANTHENOL","author":"admin","date":"May 10, 2024","format":false,"excerpt":"S\u00e9rum Apaisant : Th\u00e9 vert + Panth\u00e9nol Ce produit est sp\u00e9cialement con\u00e7u pour soulager les sensations d'inconfort cutan\u00e9 caus\u00e9es par divers facteurs externes tels que l'exposition aux rayons UV. Les ingr\u00e9dients principaux choisis sont le th\u00e9 vert, reconnu pour ses propri\u00e9t\u00e9s antioxydantes, et l'armoise, une plante r\u00e9put\u00e9e pour ses vertus\u2026","rel":"","context":"Similar post","block_context":{"text":"Similar post","link":""},"img":{"alt_text":"","src":"","width":0,"height":0},"classes":[]},{"id":29456,"url":"https:\/\/sakaba.mghosteur.com\/en\/product\/cosrx-hyaluronic-acid-hydra-power-essence\/","url_meta":{"origin":31708,"position":3},"title":"COSRX HYALURONIC ACID HYDRA POWER ESSENCE","author":"admin","date":"April 4, 2023","format":false,"excerpt":"D\u00e9couvrez l'Acide hyaluronique Hydra Power Essence de la marque COSRX, une formule hautement concentr\u00e9e en acide hyaluronique qui hydrate votre peau en profondeur et lui donne une apparence repulp\u00e9e et jeune. Cette essence en gel sans huile retient l'humidit\u00e9 dans votre peau pour une hydratation longue dur\u00e9e. Sa liste d'ingr\u00e9dients\u2026","rel":"","context":"Similar post","block_context":{"text":"Similar post","link":""},"img":{"alt_text":"","src":"","width":0,"height":0},"classes":[]},{"id":32195,"url":"https:\/\/sakaba.mghosteur.com\/en\/product\/tree-hut-whippep-shea-boby-butter-watermelon\/","url_meta":{"origin":31708,"position":4},"title":"TREE HUT WHIPPEP BOBY BUTTER WATERMELON","author":"admin","date":"May 13, 2024","format":false,"excerpt":"Imaginez une peau lisse et hydrat\u00e9e sans le poids des beurres corporels traditionnels. Le beurre corporel de karit\u00e9 fouett\u00e9 \u00e0 la past\u00e8que Tree Hut est le soin parfait pour la peau apr\u00e8s le bain ou comme rafra\u00eechisseur de peau. Il laissera votre peau douce et avec une odeur incroyable !\u2026","rel":"","context":"Similar post","block_context":{"text":"Similar post","link":""},"img":{"alt_text":"","src":"","width":0,"height":0},"classes":[]},{"id":24140,"url":"https:\/\/sakaba.mghosteur.com\/en\/product\/jergens-ultra-healing\/","url_meta":{"origin":31708,"position":5},"title":"JERGENS ULTRA HEALING","author":"admin","date":"November 9, 2022","format":false,"excerpt":"La lotion hydratante pour les mains et le corps de Jergens est la solution ultime pour la peau s\u00e8che. Sa formule nourrissante p\u00e9n\u00e8tre profond\u00e9ment dans la peau, jusqu'\u00e0 cinq couches, pour soigner les zones tr\u00e8s s\u00e8ches et rugueuses, am\u00e9liorer le tonus et la texture, laissant la peau lisse et visiblement\u2026","rel":"","context":"Similar post","block_context":{"text":"Similar post","link":""},"img":{"alt_text":"","src":"","width":0,"height":0},"classes":[]}],"_links":{"self":[{"href":"https:\/\/sakaba.mghosteur.com\/en\/wp-json\/wp\/v2\/product\/31708","targetHints":{"allow":["GET"]}}],"collection":[{"href":"https:\/\/sakaba.mghosteur.com\/en\/wp-json\/wp\/v2\/product"}],"about":[{"href":"https:\/\/sakaba.mghosteur.com\/en\/wp-json\/wp\/v2\/types\/product"}],"replies":[{"embeddable":true,"href":"https:\/\/sakaba.mghosteur.com\/en\/wp-json\/wp\/v2\/comments?post=31708"}],"version-history":[{"count":0,"href":"https:\/\/sakaba.mghosteur.com\/en\/wp-json\/wp\/v2\/product\/31708\/revisions"}],"wp:attachment":[{"href":"https:\/\/sakaba.mghosteur.com\/en\/wp-json\/wp\/v2\/media?parent=31708"}],"wp:term":[{"taxonomy":"product_brand","embeddable":true,"href":"https:\/\/sakaba.mghosteur.com\/en\/wp-json\/wp\/v2\/product_brand?post=31708"},{"taxonomy":"product_cat","embeddable":true,"href":"https:\/\/sakaba.mghosteur.com\/en\/wp-json\/wp\/v2\/product_cat?post=31708"},{"taxonomy":"product_tag","embeddable":true,"href":"https:\/\/sakaba.mghosteur.com\/en\/wp-json\/wp\/v2\/product_tag?post=31708"}],"curies":[{"name":"wp","href":"https:\/\/api.w.org\/{rel}","templated":true}]}}