{"id":31711,"date":"2024-05-10T13:08:10","date_gmt":"2024-05-10T13:08:10","guid":{"rendered":"https:\/\/sakaba.mghosteur.com\/?post_type=product&#038;p=31711"},"modified":"2024-08-08T16:49:11","modified_gmt":"2024-08-08T16:49:11","slug":"byoma-brightening-serum","status":"publish","type":"product","link":"https:\/\/sakaba.mghosteur.com\/en\/product\/byoma-brightening-serum\/","title":{"rendered":"BYOMA BRIGHTENING SERUM"},"content":{"rendered":"<p>S\u00c9RUM \u00c9CLAIRCISSANT<br \/>\n\u00c9CLAIRCIR ET HYDRATER<br \/>\n30 ML\/1,01 FL.OZ<br \/>\nCe puissant s\u00e9rum \u00e9claircissant pour le visage aide \u00e0 am\u00e9liorer consid\u00e9rablement le teint et la texture de la peau pour des r\u00e9sultats uniformes et \u00e9clatants.<\/p>\n<p>Ce s\u00e9rum l\u00e9ger illumine visiblement tout en aidant \u00e0 att\u00e9nuer les signes d&#8217;hyperpigmentation et le teint irr\u00e9gulier d\u00e8s la premi\u00e8re utilisation. Infus\u00e9 du complexe tri-c\u00e9ramide qui renforce la barri\u00e8re cutan\u00e9e (c\u00e9ramides, cholest\u00e9rol, acides gras), de niacinamide pour \u00e9claircir et unifier le ton et d&#8217;acide hyaluronique pour hydrater intens\u00e9ment, ce s\u00e9rum agit pour renforcer la fonction de barri\u00e8re cutan\u00e9e, tout en aidant \u00e0 se d\u00e9fendre contre les agresseurs environnementaux, en fournissant des antioxydants. avantages.<\/p>\n<p>Une application quotidienne permet d&#8217;obtenir une peau nettement plus lumineuse, radieuse et plus hydrat\u00e9e.<\/p>\n<p>Soins de la peau test\u00e9s et approuv\u00e9s par des dermatologues, sans huile, non com\u00e9dog\u00e8nes, sans alcool et sans parfum, v\u00e9g\u00e9taliens et sans cruaut\u00e9 envers les animaux.<\/p>","protected":false},"excerpt":{"rendered":"<p>S\u00c9RUM \u00c9CLAIRCISSANT \u00c9CLAIRCIR ET HYDRATER 30 ML\/1,01 FL.OZ Ce puissant s\u00e9rum \u00e9claircissant pour le visage aide \u00e0 am\u00e9liorer consid\u00e9rablement le teint et la texture de la peau pour des r\u00e9sultats uniformes et \u00e9clatants. Ce s\u00e9rum l\u00e9ger illumine visiblement tout en aidant \u00e0 att\u00e9nuer les signes d&#8217;hyperpigmentation et le teint irr\u00e9gulier d\u00e8s la premi\u00e8re utilisation. Infus\u00e9<span class=\"read-more-faq\"><a href=\"https:\/\/sakaba.mghosteur.com\/en\/product\/byoma-brightening-serum\/\">Read More<\/a><\/span><\/p>","protected":false},"featured_media":0,"comment_status":"open","ping_status":"closed","template":"","meta":[],"product_brand":[811],"product_cat":[293,291,451,334],"product_tag":[],"class_list":{"0":"post-31711","1":"product","2":"type-product","3":"status-publish","5":"product_brand-byoma","6":"product_cat-anti-taches","7":"product_cat-eclaircissant","8":"product_cat-aab-soin-du-visage","9":"product_cat-traitement-serum","11":"first","12":"instock","13":"shipping-taxable","14":"product-type-simple"},"jetpack-related-posts":[{"id":23965,"url":"https:\/\/sakaba.mghosteur.com\/en\/product\/cerave-skin-renewing-vitamin-c-serum\/","url_meta":{"origin":31711,"position":0},"title":"CERAVE SKIN RENEWING VITAMIN C SERUM","author":"admin","date":"November 9, 2022","format":false,"excerpt":"Le s\u00e9rum \u00e0 la vitamine C r\u00e9g\u00e9n\u00e9rant pour la peau de CeraVe est un v\u00e9ritable alli\u00e9 pour votre peau. Enrichi en 10% de vitamine C pure, ce s\u00e9rum antioxydant \u00e9claircit visiblement le teint et am\u00e9liore l'apparence des ridules, des taches brunes et du teint irr\u00e9gulier. Formul\u00e9 avec trois c\u00e9ramides essentiels,\u2026","rel":"","context":"Similar post","block_context":{"text":"Similar post","link":""},"img":{"alt_text":"","src":"","width":0,"height":0},"classes":[]},{"id":23903,"url":"https:\/\/sakaba.mghosteur.com\/en\/product\/cerave-resurfacing-retinol-serum\/","url_meta":{"origin":31711,"position":1},"title":"CERAVE RESURFACING RETINOL SERUM","author":"admin","date":"November 9, 2022","format":false,"excerpt":"Le s\u00e9rum resurfa\u00e7ant au r\u00e9tinol de la marque CeraVe est le choix id\u00e9al pour une peau douce et uniforme. Les marques d'acn\u00e9 et le teint irr\u00e9gulier peuvent \u00eatre g\u00eanants, m\u00eame apr\u00e8s que votre acn\u00e9 est sous contr\u00f4le. C'est l\u00e0 que notre s\u00e9rum resurfa\u00e7ant entre en jeu. Formul\u00e9 avec du r\u00e9tinol\u2026","rel":"","context":"Similar post","block_context":{"text":"Similar post","link":""},"img":{"alt_text":"","src":"","width":0,"height":0},"classes":[]},{"id":31603,"url":"https:\/\/sakaba.mghosteur.com\/en\/product\/the-ordinary-soothing-barrier-support\/","url_meta":{"origin":31711,"position":2},"title":"The Ordinary SOOTHING &amp; BARRIER SUPPORT","author":"admin","date":"May 10, 2024","format":false,"excerpt":"D\u00e9couvrez le S\u00e9rum de Soutien Apaisant et Barri\u00e8re, une solution multi-active cibl\u00e9e pour apaiser la peau irrit\u00e9e. Ce s\u00e9rum innovant aide \u00e0 restaurer la barri\u00e8re cutan\u00e9e en seulement 2 heures*, offrant un boost imm\u00e9diat de 86%** d'hydratation pour une peau confortable et apais\u00e9e. Gr\u00e2ce \u00e0 sa formulation avanc\u00e9e contenant plusieurs\u2026","rel":"","context":"Similar post","block_context":{"text":"Similar post","link":""},"img":{"alt_text":"","src":"","width":0,"height":0},"classes":[]},{"id":31719,"url":"https:\/\/sakaba.mghosteur.com\/en\/product\/byoma-coffret-hydrating-trio\/","url_meta":{"origin":31711,"position":3},"title":"BYOMA COFFRET HYDRATING TRIO","author":"admin","date":"May 10, 2024","format":false,"excerpt":"MINI NETTOYANT, MINI GEL CR\u00c8ME ET MINI S\u00c9RUM HYDRATANT 30 ML, 15 ML ET 15 ML D\u00e9couvrez ce trio d\u2019essentiels hydratants, approuv\u00e9s par les dermatologues pour chaque visage, chaque jour. Avec le COMPLEXE TRI-CERAMIDE (c\u00e9ramides, cholest\u00e9rol, acides gras), ce coffret offre les \u00e9l\u00e9ments constitutifs d'une routine de soin ultime, donnant\u2026","rel":"","context":"Similar post","block_context":{"text":"Similar post","link":""},"img":{"alt_text":"","src":"","width":0,"height":0},"classes":[]},{"id":31727,"url":"https:\/\/sakaba.mghosteur.com\/en\/product\/byoma-crarifing-serum\/","url_meta":{"origin":31711,"position":4},"title":"BYOMA CLARIFYING SERUM","author":"admin","date":"May 10, 2024","format":false,"excerpt":"S\u00c9RUM CLARIFIANT \u00c9QUILIBRER ET CLARIFIER 30 ML\/1,01 FL.OZ Ce s\u00e9rum clarifiant pour le visage, doux mais efficace, \u00e9quilibre la texture de la peau tout en soutenant la fonction de barri\u00e8re cutan\u00e9e pour un teint plus calme et plus clair. Am\u00e9liore les signes de texture de la peau et calme les\u2026","rel":"","context":"Similar post","block_context":{"text":"Similar post","link":""},"img":{"alt_text":"","src":"","width":0,"height":0},"classes":[]},{"id":31752,"url":"https:\/\/sakaba.mghosteur.com\/en\/product\/byoma-hydrating-serum\/","url_meta":{"origin":31711,"position":5},"title":"BYOMA HYDRATING SERUM","author":"admin","date":"May 10, 2024","format":false,"excerpt":"S\u00e9rum Hydratant Offrez \u00e0 votre peau le luxe d'une hydratation profonde et d'une r\u00e9paration efficace avec ce s\u00e9rum hydratant de qualit\u00e9 sup\u00e9rieure. Chaque goutte de ce s\u00e9rum est un concentr\u00e9 de bienfaits pour votre peau, lui donnant une apparence rebondie et \u00e9clatante tout en renfor\u00e7ant sa barri\u00e8re cutan\u00e9e. Ce s\u00e9rum\u2026","rel":"","context":"Similar post","block_context":{"text":"Similar post","link":""},"img":{"alt_text":"","src":"","width":0,"height":0},"classes":[]}],"_links":{"self":[{"href":"https:\/\/sakaba.mghosteur.com\/en\/wp-json\/wp\/v2\/product\/31711","targetHints":{"allow":["GET"]}}],"collection":[{"href":"https:\/\/sakaba.mghosteur.com\/en\/wp-json\/wp\/v2\/product"}],"about":[{"href":"https:\/\/sakaba.mghosteur.com\/en\/wp-json\/wp\/v2\/types\/product"}],"replies":[{"embeddable":true,"href":"https:\/\/sakaba.mghosteur.com\/en\/wp-json\/wp\/v2\/comments?post=31711"}],"version-history":[{"count":0,"href":"https:\/\/sakaba.mghosteur.com\/en\/wp-json\/wp\/v2\/product\/31711\/revisions"}],"wp:attachment":[{"href":"https:\/\/sakaba.mghosteur.com\/en\/wp-json\/wp\/v2\/media?parent=31711"}],"wp:term":[{"taxonomy":"product_brand","embeddable":true,"href":"https:\/\/sakaba.mghosteur.com\/en\/wp-json\/wp\/v2\/product_brand?post=31711"},{"taxonomy":"product_cat","embeddable":true,"href":"https:\/\/sakaba.mghosteur.com\/en\/wp-json\/wp\/v2\/product_cat?post=31711"},{"taxonomy":"product_tag","embeddable":true,"href":"https:\/\/sakaba.mghosteur.com\/en\/wp-json\/wp\/v2\/product_tag?post=31711"}],"curies":[{"name":"wp","href":"https:\/\/api.w.org\/{rel}","templated":true}]}}