{"id":31714,"date":"2024-05-10T13:08:18","date_gmt":"2024-05-10T13:08:18","guid":{"rendered":"https:\/\/sakaba.mghosteur.com\/?post_type=product&#038;p=31714"},"modified":"2024-08-20T19:17:40","modified_gmt":"2024-08-20T19:17:40","slug":"haruhara-wonder-black-rice-hyaluronic-toner-the-first-essence","status":"publish","type":"product","link":"https:\/\/sakaba.mghosteur.com\/en\/product\/haruhara-wonder-black-rice-hyaluronic-toner-the-first-essence\/","title":{"rendered":"HARUHARA WONDER BLACK RICE HYALURONIC TONER THE FIRST ESSENCE"},"content":{"rendered":"<p>D\u00e9couvrez ce tonique l\u00e9ger, hydratant et rafra\u00eechissant, regorgeant d&#8217;ingr\u00e9dients nourrissants.<\/p>\n<p>Sa formule de fermentation unique transforme les ingr\u00e9dients bruts en une configuration plus flexible, que la peau peut absorber ais\u00e9ment. D\u00e9velopp\u00e9e avec la technologie brevet\u00e9e Ultra Deep, cette formule cible une absorption puissante, d\u00e9livrant ainsi des ingr\u00e9dients actifs en profondeur dans la peau.<\/p>\n<p>V\u00e9g\u00e9talien, respectueux des animaux, et compos\u00e9 \u00e0 95 % d&#8217;ingr\u00e9dients naturels, ce produit est certifi\u00e9 EWG-Green.<\/p>\n<p>Ce tonique agit en conditionnant la peau, la pr\u00e9parant ainsi \u00e0 une absorption optimale des produits tout en procurant une hydratation instantan\u00e9e. Les extraits de riz noir ferment\u00e9s 100 % cor\u00e9ens redonnent de l&#8217;\u00e9lasticit\u00e9 \u00e0 la peau, avec un effet anti-inflammatoire et \u00e9claircissant. De plus, il offre un regain d&#8217;hydratation et att\u00e9nue les tiraillements dans la couche interne. La b\u00e9ta\u00efne, les acides amin\u00e9s et le b\u00eata-glucane hydratent et nourrissent la peau en profondeur, lui permettant ainsi de conserver son meilleur \u00e9tat.<\/p>","protected":false},"excerpt":{"rendered":"<p>D\u00e9couvrez ce tonique l\u00e9ger, hydratant et rafra\u00eechissant, regorgeant d&#8217;ingr\u00e9dients nourrissants. Sa formule de fermentation unique transforme les ingr\u00e9dients bruts en une configuration plus flexible, que la peau peut absorber ais\u00e9ment. D\u00e9velopp\u00e9e avec la technologie brevet\u00e9e Ultra Deep, cette formule cible une absorption puissante, d\u00e9livrant ainsi des ingr\u00e9dients actifs en profondeur dans la peau. V\u00e9g\u00e9talien, respectueux<span class=\"read-more-faq\"><a href=\"https:\/\/sakaba.mghosteur.com\/en\/product\/haruhara-wonder-black-rice-hyaluronic-toner-the-first-essence\/\">Read More<\/a><\/span><\/p>","protected":false},"featured_media":0,"comment_status":"open","ping_status":"closed","template":"","meta":[],"product_brand":[1028],"product_cat":[324,1018,451],"product_tag":[],"class_list":{"0":"post-31714","1":"product","2":"type-product","3":"status-publish","5":"product_brand-haruhara","6":"product_cat-demaquillant-nettoyant","7":"product_cat-aai-produis-coreens","8":"product_cat-aab-soin-du-visage","10":"first","11":"instock","12":"shipping-taxable","13":"product-type-simple"},"jetpack-related-posts":[{"id":31708,"url":"https:\/\/sakaba.mghosteur.com\/en\/product\/haruhara-wonder-black-rice-hyaluronic-cream-50ml\/","url_meta":{"origin":31714,"position":0},"title":"HARUHARA WONDER BLACK RICE HYALURONIC CREAM 50ml","author":"admin","date":"May 10, 2024","format":false,"excerpt":"Retenant l'hydratation de la peau en cr\u00e9ant une barri\u00e8re protectrice pour \u00e9viter la perte d'humidit\u00e9, ce produit exploite l'acide hyaluronique hautement concentr\u00e9 ainsi que d'autres propri\u00e9t\u00e9s nourrissantes. Certifi\u00e9 v\u00e9g\u00e9talien et non test\u00e9 sur les animaux, il est compos\u00e9 \u00e0 95 % d'ingr\u00e9dients naturels, conforme aux normes EWG-Green. D'une contenance de\u2026","rel":"","context":"Similar post","block_context":{"text":"Similar post","link":""},"img":{"alt_text":"","src":"","width":0,"height":0},"classes":[]},{"id":31445,"url":"https:\/\/sakaba.mghosteur.com\/en\/product\/numbuzin-3-toner-super-glowing-essence-200ml\/","url_meta":{"origin":31714,"position":1},"title":"NUMBUZIN 3 TONER SUPER GLOWING ESSENCE 200ML","author":"admin","date":"May 10, 2024","format":false,"excerpt":"D\u00e9couvrez le Numbuzin No.3 Super Glowing Essence Toner, une v\u00e9ritable r\u00e9v\u00e9lation pour votre routine de soins de la peau. Compos\u00e9 de 50 types d'ingr\u00e9dients ferment\u00e9s, ce toner est un indispensable pour am\u00e9liorer l'\u00e9clat, l'\u00e9lasticit\u00e9 et l'apparence g\u00e9n\u00e9rale de votre peau. Con\u00e7u pour ceux qui souffrent d'un teint terne ou d'un\u2026","rel":"","context":"Similar post","block_context":{"text":"Similar post","link":""},"img":{"alt_text":"","src":"","width":0,"height":0},"classes":[]},{"id":29453,"url":"https:\/\/sakaba.mghosteur.com\/en\/product\/cosrx-galactomyces-95-tone-balancing-essence\/","url_meta":{"origin":31714,"position":2},"title":"COSRX GALACTOMYCES 95 TONE BALANCING ESSENCE","author":"admin","date":"April 4, 2023","format":false,"excerpt":"D\u00e9couvrez l'essence \u00e9quilibrante de ton Galactomyces 95 de la marque COSRX ! Cette essence multi-action est con\u00e7ue pour les peaux ternes et rugueuses. Elle contient 95% de filtrat de ferment de Galactomyces pour nourrir et hydrater la peau, tout en la rendant plus \u00e9clatante et plus claire. Gr\u00e2ce \u00e0 l'acide\u2026","rel":"","context":"Similar post","block_context":{"text":"Similar post","link":""},"img":{"alt_text":"","src":"","width":0,"height":0},"classes":[]},{"id":56135,"url":"https:\/\/sakaba.mghosteur.com\/en\/product\/anua-heartleaf-70-intense-calming-cream\/","url_meta":{"origin":31714,"position":3},"title":"Anua Heartleaf 70 Intense Calming Cream","author":"Sope DIA","date":"January 2, 2026","format":false,"excerpt":"LOTION TONIQUE APAISANTE POUR LE VISAGE \u2013 Enrichie en extrait de feuille de c\u0153ur \u00e0 la plus haute concentration, reconnu pour ses effets calmants, cette lotion tonique est con\u00e7ue pour apaiser, tonifier, hydrater et \u00e9quilibrer le pH de la peau. R\u00c9PARE LA BARRI\u00c8RE CUTAN\u00c9E ENDOMMAG\u00c9E \u2013 Contient des c\u00e9ramides et\u2026","rel":"","context":"Similar post","block_context":{"text":"Similar post","link":""},"img":{"alt_text":"","src":"","width":0,"height":0},"classes":[]},{"id":29681,"url":"https:\/\/sakaba.mghosteur.com\/en\/product\/palmers-firm-tones-firming-body-lotion\/","url_meta":{"origin":31714,"position":4},"title":"PALMERS FIRM TONES FIRMING BODY LOTION","author":"admin","date":"April 13, 2023","format":false,"excerpt":"Le lait corporel raffermissant Palmer's est un produit de soin de la peau qui utilise du beurre de cacao naturel, du collag\u00e8ne, de l'\u00e9lastine, du Q10 et de la vitamine E pour tonifier et raffermir visiblement la peau. Ce produit offre 48 heures d'humidit\u00e9 et est respectueux des v\u00e9g\u00e9taliens, sans\u2026","rel":"","context":"Similar post","block_context":{"text":"Similar post","link":""},"img":{"alt_text":"","src":"","width":0,"height":0},"classes":[]},{"id":27236,"url":"https:\/\/sakaba.mghosteur.com\/en\/product\/good-molecules-glycolic-exfoliating-toner\/","url_meta":{"origin":31714,"position":5},"title":"GOOD MOLECULES GLYCOLIC EXFOLIATING TONER","author":"admin","date":"November 29, 2022","format":false,"excerpt":"Le tonique exfoliant glycolique est le produit qu'il vous faut pour une peau plus lisse et plus lumineuse. Gr\u00e2ce \u00e0 sa formule \u00e0 base d'acide glycolique et de ferment de galactomyces, ce traitement de resurfa\u00e7age doux permet d'exfolier en douceur la surface de la peau pour favoriser un teint plus\u2026","rel":"","context":"Similar post","block_context":{"text":"Similar post","link":""},"img":{"alt_text":"","src":"","width":0,"height":0},"classes":[]}],"_links":{"self":[{"href":"https:\/\/sakaba.mghosteur.com\/en\/wp-json\/wp\/v2\/product\/31714","targetHints":{"allow":["GET"]}}],"collection":[{"href":"https:\/\/sakaba.mghosteur.com\/en\/wp-json\/wp\/v2\/product"}],"about":[{"href":"https:\/\/sakaba.mghosteur.com\/en\/wp-json\/wp\/v2\/types\/product"}],"replies":[{"embeddable":true,"href":"https:\/\/sakaba.mghosteur.com\/en\/wp-json\/wp\/v2\/comments?post=31714"}],"version-history":[{"count":0,"href":"https:\/\/sakaba.mghosteur.com\/en\/wp-json\/wp\/v2\/product\/31714\/revisions"}],"wp:attachment":[{"href":"https:\/\/sakaba.mghosteur.com\/en\/wp-json\/wp\/v2\/media?parent=31714"}],"wp:term":[{"taxonomy":"product_brand","embeddable":true,"href":"https:\/\/sakaba.mghosteur.com\/en\/wp-json\/wp\/v2\/product_brand?post=31714"},{"taxonomy":"product_cat","embeddable":true,"href":"https:\/\/sakaba.mghosteur.com\/en\/wp-json\/wp\/v2\/product_cat?post=31714"},{"taxonomy":"product_tag","embeddable":true,"href":"https:\/\/sakaba.mghosteur.com\/en\/wp-json\/wp\/v2\/product_tag?post=31714"}],"curies":[{"name":"wp","href":"https:\/\/api.w.org\/{rel}","templated":true}]}}