{"id":31719,"date":"2024-05-10T13:10:10","date_gmt":"2024-05-10T13:10:10","guid":{"rendered":"https:\/\/sakaba.mghosteur.com\/?post_type=product&#038;p=31719"},"modified":"2024-06-13T14:08:20","modified_gmt":"2024-06-13T14:08:20","slug":"byoma-coffret-hydrating-trio","status":"publish","type":"product","link":"https:\/\/sakaba.mghosteur.com\/en\/product\/byoma-coffret-hydrating-trio\/","title":{"rendered":"BYOMA COFFRET HYDRATING TRIO"},"content":{"rendered":"<p>MINI NETTOYANT, MINI GEL CR\u00c8ME ET MINI S\u00c9RUM HYDRATANT 30 ML, 15 ML ET 15 ML<\/p>\n<p>D\u00e9couvrez ce trio d\u2019essentiels hydratants, approuv\u00e9s par les dermatologues pour chaque visage, chaque jour. Avec le COMPLEXE TRI-CERAMIDE (c\u00e9ramides, cholest\u00e9rol, acides gras), ce coffret offre les \u00e9l\u00e9ments constitutifs d&#8217;une routine de soin ultime, donnant des r\u00e9sultats hydrat\u00e9s et ros\u00e9s.<\/p>\n<p>La gel\u00e9e nettoyante cr\u00e9meuse quotidienne est super hydratante et au pH \u00e9quilibr\u00e9, enrichie de RACINE DE R\u00c9GLISSE riche en antioxydants et de TH\u00c9 VERT pour hydrater et \u00e9claircir la peau, laissant une sensation de fra\u00eecheur, de propret\u00e9 et de puret\u00e9. Le s\u00e9rum hydratant ultra-l\u00e9ger et hydratant est formul\u00e9 avec une puissante association de SQUALANE et de GLYCERINE pour pr\u00e9venir la perte d&#8217;eau, offrant une hydratation efficace et durable. Le gel-cr\u00e8me l\u00e9ger et profond\u00e9ment hydratant, quant \u00e0 lui, contient du NIACINAMIDE et du TH\u00c9 VERT pour aider \u00e0 \u00e9claircir la peau et \u00e0 r\u00e9duire les rougeurs tout en soutenant la fonction de barri\u00e8re cutan\u00e9e pour une peau saine et hydrat\u00e9e.<\/p>\n<p>Tous ces produits sont test\u00e9s et approuv\u00e9s par des dermatologues, sans savon, non com\u00e9dog\u00e8nes, sans alcool ni parfum, v\u00e9g\u00e9taliens et respectueux des animaux.<\/p>","protected":false},"excerpt":{"rendered":"<p>MINI NETTOYANT, MINI GEL CR\u00c8ME ET MINI S\u00c9RUM HYDRATANT 30 ML, 15 ML ET 15 ML D\u00e9couvrez ce trio d\u2019essentiels hydratants, approuv\u00e9s par les dermatologues pour chaque visage, chaque jour. Avec le COMPLEXE TRI-CERAMIDE (c\u00e9ramides, cholest\u00e9rol, acides gras), ce coffret offre les \u00e9l\u00e9ments constitutifs d&#8217;une routine de soin ultime, donnant des r\u00e9sultats hydrat\u00e9s et ros\u00e9s.<span class=\"read-more-faq\"><a href=\"https:\/\/sakaba.mghosteur.com\/en\/product\/byoma-coffret-hydrating-trio\/\">Read More<\/a><\/span><\/p>","protected":false},"featured_media":0,"comment_status":"open","ping_status":"closed","template":"","meta":[],"product_brand":[811],"product_cat":[1057,451],"product_tag":[],"class_list":{"0":"post-31719","1":"product","2":"type-product","3":"status-publish","5":"product_brand-byoma","6":"product_cat-coffret-soins-visage","7":"product_cat-aab-soin-du-visage","9":"first","10":"instock","11":"shipping-taxable","12":"product-type-simple"},"jetpack-related-posts":[{"id":34961,"url":"https:\/\/sakaba.mghosteur.com\/en\/product\/innisfreecoffret-hydration-heros-with-green-tea\/","url_meta":{"origin":31719,"position":0},"title":"INNISFREE COFFRET HYDRATION HEROS WITH GREEN TEA","author":"admin","date":"June 3, 2024","format":false,"excerpt":"L'ensemble comprend\u00a0: 1. S\u00e9rum hydratant intensif aux graines de th\u00e9 vert, 80\u00a0ml Hydratez-vous d\u00e8s la premi\u00e8re goutte gr\u00e2ce \u00e0 notre m\u00e9lange parfaitement \u00e9quilibr\u00e9 d'extrait de th\u00e9 vert et d'huile de graines de th\u00e9 vert. Riche en acides amin\u00e9s et en min\u00e9raux, ce s\u00e9rum l\u00e9ger mais nourrissant aide \u00e0 reconstituer le\u2026","rel":"","context":"Similar post","block_context":{"text":"Similar post","link":""},"img":{"alt_text":"","src":"","width":0,"height":0},"classes":[]},{"id":32392,"url":"https:\/\/sakaba.mghosteur.com\/en\/product\/sol-de-janeiro-rio-body-trio\/","url_meta":{"origin":31719,"position":1},"title":"SOL DE JANEIRO RIO BODY TRIO","author":"admin","date":"May 14, 2024","format":false,"excerpt":"D\u00e9couvrez un trio de cr\u00e8mes br\u00e9siliennes iconiques qui vous promet une peau magnifique. Id\u00e9al pour offrir \u00e0 vos proches ou pour vous faire plaisir, ce coffret cadeau contient les trois produits pr\u00e9f\u00e9r\u00e9s du corps br\u00e9silien. La Cr\u00e8me \u00e9claircissante Bom Dia\u2122 Bright Cream de 50 ml illumine votre peau tout en\u2026","rel":"","context":"Similar post","block_context":{"text":"Similar post","link":""},"img":{"alt_text":"","src":"","width":0,"height":0},"classes":[]},{"id":26607,"url":"https:\/\/sakaba.mghosteur.com\/en\/product\/fenty-skin-start-r-set\/","url_meta":{"origin":31719,"position":2},"title":"FENTY SKIN START&#8217;R SET","author":"admin","date":"November 28, 2022","format":false,"excerpt":"D\u00e9couvrez le coffret voyage FENTY SKIN START'R de FENTY, con\u00e7u pour une routine quotidienne de soins pour vos pores. Le coffret contient trois mini produits pour prendre soin de votre peau en voyage. Ce syst\u00e8me cliniquement prouv\u00e9 resserre les pores, illumine, hydrate, adoucit et am\u00e9liore votre peau \u00e0 chaque utilisation.\u2026","rel":"","context":"Similar post","block_context":{"text":"Similar post","link":""},"img":{"alt_text":"","src":"","width":0,"height":0},"classes":[]},{"id":31755,"url":"https:\/\/sakaba.mghosteur.com\/en\/product\/byoma-moisturing-gel-cream\/","url_meta":{"origin":31719,"position":3},"title":"BYOMA MOISTURIZING GEL CREAM","author":"admin","date":"May 10, 2024","format":false,"excerpt":"Cette cr\u00e8me hydratante quotidienne l\u00e9g\u00e8re et sans huile offre une hydratation cibl\u00e9e et efficace aux peaux assoiff\u00e9es. Sa texture gel-cr\u00e8me unique s'absorbe instantan\u00e9ment, adoucissant et hydratant la peau gr\u00e2ce \u00e0 un m\u00e9lange d'ingr\u00e9dients soigneusement s\u00e9lectionn\u00e9s qui renforcent la barri\u00e8re cutan\u00e9e. C'est la texture l\u00e9g\u00e8re et rafra\u00eechissante d'un gel avec l'hydratation\u2026","rel":"","context":"Similar post","block_context":{"text":"Similar post","link":""},"img":{"alt_text":"","src":"","width":0,"height":0},"classes":[]},{"id":29139,"url":"https:\/\/sakaba.mghosteur.com\/en\/product\/the-inkey-list-coffret-winter-skin-101\/","url_meta":{"origin":31719,"position":4},"title":"THE INKEY LIST COFFRET WINTER SKIN 101","author":"admin","date":"March 15, 2023","format":false,"excerpt":"L'ensemble INKEY List Winter Skin 101 de la marque THE INKEY LIST est la solution parfaite pour les peaux s\u00e8ches et hivernales qui ont besoin d'\u00eatre chouchout\u00e9es. Ce kit complet en 4 \u00e9tapes vous offre des produits en taille r\u00e9elle pour une peau renouvel\u00e9e et hydrat\u00e9e. Le Baume nettoyant \u00e0\u2026","rel":"","context":"Similar post","block_context":{"text":"Similar post","link":""},"img":{"alt_text":"","src":"","width":0,"height":0},"classes":[]},{"id":31780,"url":"https:\/\/sakaba.mghosteur.com\/en\/product\/olay-ceramide-gel-de-douche-591ml\/","url_meta":{"origin":31719,"position":5},"title":"OLAY CERAMIDE GEL DE DOUCHE 591ML","author":"admin","date":"May 10, 2024","format":false,"excerpt":"R\u00e9v\u00e9lez une peau belle et saine avec le nettoyant pour le corps nettoyant et fortifiant Olay avec complexe de c\u00e9ramides et de vitamine B3. Cette formule avanc\u00e9e hydrate en profondeur pour aider \u00e0 renforcer la barri\u00e8re d'hydratation de votre peau et la laisser douce et r\u00e9g\u00e9n\u00e9r\u00e9e. Gr\u00e2ce \u00e0 la technologie\u2026","rel":"","context":"Similar post","block_context":{"text":"Similar post","link":""},"img":{"alt_text":"","src":"","width":0,"height":0},"classes":[]}],"_links":{"self":[{"href":"https:\/\/sakaba.mghosteur.com\/en\/wp-json\/wp\/v2\/product\/31719","targetHints":{"allow":["GET"]}}],"collection":[{"href":"https:\/\/sakaba.mghosteur.com\/en\/wp-json\/wp\/v2\/product"}],"about":[{"href":"https:\/\/sakaba.mghosteur.com\/en\/wp-json\/wp\/v2\/types\/product"}],"replies":[{"embeddable":true,"href":"https:\/\/sakaba.mghosteur.com\/en\/wp-json\/wp\/v2\/comments?post=31719"}],"version-history":[{"count":0,"href":"https:\/\/sakaba.mghosteur.com\/en\/wp-json\/wp\/v2\/product\/31719\/revisions"}],"wp:attachment":[{"href":"https:\/\/sakaba.mghosteur.com\/en\/wp-json\/wp\/v2\/media?parent=31719"}],"wp:term":[{"taxonomy":"product_brand","embeddable":true,"href":"https:\/\/sakaba.mghosteur.com\/en\/wp-json\/wp\/v2\/product_brand?post=31719"},{"taxonomy":"product_cat","embeddable":true,"href":"https:\/\/sakaba.mghosteur.com\/en\/wp-json\/wp\/v2\/product_cat?post=31719"},{"taxonomy":"product_tag","embeddable":true,"href":"https:\/\/sakaba.mghosteur.com\/en\/wp-json\/wp\/v2\/product_tag?post=31719"}],"curies":[{"name":"wp","href":"https:\/\/api.w.org\/{rel}","templated":true}]}}