{"id":31720,"date":"2024-05-10T13:09:07","date_gmt":"2024-05-10T13:09:07","guid":{"rendered":"https:\/\/sakaba.mghosteur.com\/?post_type=product&#038;p=31720"},"modified":"2024-08-20T19:20:36","modified_gmt":"2024-08-20T19:20:36","slug":"haruhara-wonder-black-rice-moisture-deep-cleansing-oil","status":"publish","type":"product","link":"https:\/\/sakaba.mghosteur.com\/en\/product\/haruhara-wonder-black-rice-moisture-deep-cleansing-oil\/","title":{"rendered":"HARUHARA WONDER BLACK RICE MOISTURE DEEP CLEANSING OIL"},"content":{"rendered":"<p>D\u00e9couvrez cette huile hydratante et nettoyante en profondeur, parfaite pour un usage quotidien. Non parfum\u00e9e, elle offre une douceur exceptionnelle, tout en respectant votre peau et vos yeux. Formul\u00e9e \u00e0 base d&#8217;huiles 100% naturelles et de 9 ingr\u00e9dients essentiels, cette huile d\u00e9licate laisse votre peau propre et hydrat\u00e9e, sans aucune sensation de gras.<\/p>\n<p>Certifi\u00e9 v\u00e9g\u00e9talien et sans cruaut\u00e9 envers les animaux, ce produit est compos\u00e9 \u00e0 95% d&#8217;ingr\u00e9dients naturels, et respecte les normes des ingr\u00e9dients verts EWG.<\/p>\n<p>Disponible en format pratique de 5,1 onces liquides (150 ml), cette huile nettoyante fait bien plus que simplement \u00e9liminer le maquillage et la salet\u00e9. Elle prend soin de votre peau en profondeur, pour une sensation de fra\u00eecheur et de puret\u00e9 \u00e0 chaque utilisation.<\/p>","protected":false},"excerpt":{"rendered":"<p>D\u00e9couvrez cette huile hydratante et nettoyante en profondeur, parfaite pour un usage quotidien. Non parfum\u00e9e, elle offre une douceur exceptionnelle, tout en respectant votre peau et vos yeux. Formul\u00e9e \u00e0 base d&#8217;huiles 100% naturelles et de 9 ingr\u00e9dients essentiels, cette huile d\u00e9licate laisse votre peau propre et hydrat\u00e9e, sans aucune sensation de gras. Certifi\u00e9 v\u00e9g\u00e9talien<span class=\"read-more-faq\"><a href=\"https:\/\/sakaba.mghosteur.com\/en\/product\/haruhara-wonder-black-rice-moisture-deep-cleansing-oil\/\">Read More<\/a><\/span><\/p>","protected":false},"featured_media":0,"comment_status":"open","ping_status":"closed","template":"","meta":[],"product_brand":[1028],"product_cat":[324,1018,451],"product_tag":[],"class_list":{"0":"post-31720","1":"product","2":"type-product","3":"status-publish","5":"product_brand-haruhara","6":"product_cat-demaquillant-nettoyant","7":"product_cat-aai-produis-coreens","8":"product_cat-aab-soin-du-visage","10":"first","11":"instock","12":"shipping-taxable","13":"product-type-simple"},"jetpack-related-posts":[{"id":30254,"url":"https:\/\/sakaba.mghosteur.com\/en\/product\/hydro-boost-exfolianting-cleanser\/","url_meta":{"origin":31720,"position":0},"title":"HYDRO BOOST EXFOLIATING CLEANSER","author":"admin","date":"May 5, 2023","format":false,"excerpt":"Le gel-cr\u00e8me exfoliant nettoyant quotidien Hydro Boost avec acide hyaluronique de Neutrogena est le choix parfait pour une peau instantan\u00e9ment douce et rafra\u00eechie. Sa formule l\u00e9g\u00e8re \u00e9limine efficacement la salet\u00e9, l'huile et les cellules mortes de la peau, tout en stimulant l'hydratation gr\u00e2ce \u00e0 l'acide hyaluronique, un ingr\u00e9dient cliniquement prouv\u00e9\u2026","rel":"","context":"Similar post","block_context":{"text":"Similar post","link":""},"img":{"alt_text":"","src":"","width":0,"height":0},"classes":[]},{"id":30424,"url":"https:\/\/sakaba.mghosteur.com\/en\/product\/rapid-clear-oil-eliminating-foaming-cleanser\/","url_meta":{"origin":31720,"position":1},"title":"RAPID CLEAR OIL ELIMINATING FOAMING CLEANSER","author":"admin","date":"May 10, 2023","format":false,"excerpt":"D\u00e9couvrez le nettoyant moussant \u00e9liminateur de s\u00e9bum Rapid Clear de la marque Neutrogena, sp\u00e9cialement con\u00e7u pour aider \u00e0 contr\u00f4ler le s\u00e9bum de votre peau pendant des heures. Ce nettoyant moussant anti-s\u00e9bum est formul\u00e9 avec une texture riche et cr\u00e9meuse qui se transforme en une mousse l\u00e9g\u00e8re et sans huile pour\u2026","rel":"","context":"Similar post","block_context":{"text":"Similar post","link":""},"img":{"alt_text":"","src":"","width":0,"height":0},"classes":[]},{"id":32471,"url":"https:\/\/sakaba.mghosteur.com\/en\/product\/sol-janeiro-bum-bum-body-firmeza-oil\/","url_meta":{"origin":31720,"position":2},"title":"SOL JANEIRO BUM BUM BODY FIRMEZA OIL","author":"admin","date":"May 14, 2024","format":false,"excerpt":"D\u00e9couvrez l'huile raffermissante corporelle Bum Bum Firmeza Oil de Sol de Janeiro, une formule intens\u00e9ment hydratante qui travaille pour r\u00e9duire la sensation de gonflement et raffermir visiblement la peau, lui donnant ainsi une apparence plus ferme. Cette huile corporelle combine les bienfaits des ingr\u00e9dients suivants : Le complexe Guaran\u00e1 Caffeine+\u2026","rel":"","context":"Similar post","block_context":{"text":"Similar post","link":""},"img":{"alt_text":"","src":"","width":0,"height":0},"classes":[]},{"id":29666,"url":"https:\/\/sakaba.mghosteur.com\/en\/product\/palmers-coconut-hydrate-body-oil\/","url_meta":{"origin":31720,"position":3},"title":"PALMERS COCONUT HYDRATE BODY OIL","author":"admin","date":"April 13, 2023","format":false,"excerpt":"L'huile corporelle hydratante \u00e0 la noix de coco de Palmer's est une formule de qualit\u00e9 sup\u00e9rieure qui hydrate intens\u00e9ment votre peau pendant 48 heures. Cette huile est enrichie en huile de noix de coco extra vierge biologique certifi\u00e9e \u00e9quitable, reconnue pour ses propri\u00e9t\u00e9s nourrissantes et r\u00e9g\u00e9n\u00e9rantes. De plus, elle contient\u2026","rel":"","context":"Similar post","block_context":{"text":"Similar post","link":""},"img":{"alt_text":"","src":"","width":0,"height":0},"classes":[]},{"id":29450,"url":"https:\/\/sakaba.mghosteur.com\/en\/product\/cosrx-cica-clear-cleansing-oil\/","url_meta":{"origin":31720,"position":4},"title":"COSRX CICA CLEAR CLEANSING OIL","author":"admin","date":"April 4, 2023","format":false,"excerpt":"Le Pure Fit Cica Clear Huile Nettoyante de la marque COSRX est un nettoyant l\u00e9ger et aqueux qui permet un nettoyage en profondeur et rafra\u00eechissant. Cette huile nettoyante \u00e9limine efficacement le maquillage tenace, les impuret\u00e9s des pores et la poussi\u00e8re, tout en hydratant la peau sans laisser de sensation grasse.\u2026","rel":"","context":"Similar post","block_context":{"text":"Similar post","link":""},"img":{"alt_text":"","src":"","width":0,"height":0},"classes":[]},{"id":31479,"url":"https:\/\/sakaba.mghosteur.com\/en\/product\/madagascar-centella-light-cleansing-oil-200ml\/","url_meta":{"origin":31720,"position":5},"title":"MADAGASCAR CENTELLA  LIGHT CLEANSING OIL 200ML","author":"admin","date":"May 10, 2024","format":false,"excerpt":"CENTELLA LIGHT CLEANSING OIL DESCRIPTION : D\u00e9couvrez notre Centella Light Cleansing Oil, un nettoyant l\u00e9ger \u00e0 base d'huile qui vous offre une exp\u00e9rience de nettoyage luxueuse. Formul\u00e9 pour fondre en douceur le maquillage, la salet\u00e9, les huiles et la cr\u00e8me solaire, ce nettoyant prend soin de votre peau sans agresser\u2026","rel":"","context":"Similar post","block_context":{"text":"Similar post","link":""},"img":{"alt_text":"","src":"","width":0,"height":0},"classes":[]}],"_links":{"self":[{"href":"https:\/\/sakaba.mghosteur.com\/en\/wp-json\/wp\/v2\/product\/31720","targetHints":{"allow":["GET"]}}],"collection":[{"href":"https:\/\/sakaba.mghosteur.com\/en\/wp-json\/wp\/v2\/product"}],"about":[{"href":"https:\/\/sakaba.mghosteur.com\/en\/wp-json\/wp\/v2\/types\/product"}],"replies":[{"embeddable":true,"href":"https:\/\/sakaba.mghosteur.com\/en\/wp-json\/wp\/v2\/comments?post=31720"}],"version-history":[{"count":0,"href":"https:\/\/sakaba.mghosteur.com\/en\/wp-json\/wp\/v2\/product\/31720\/revisions"}],"wp:attachment":[{"href":"https:\/\/sakaba.mghosteur.com\/en\/wp-json\/wp\/v2\/media?parent=31720"}],"wp:term":[{"taxonomy":"product_brand","embeddable":true,"href":"https:\/\/sakaba.mghosteur.com\/en\/wp-json\/wp\/v2\/product_brand?post=31720"},{"taxonomy":"product_cat","embeddable":true,"href":"https:\/\/sakaba.mghosteur.com\/en\/wp-json\/wp\/v2\/product_cat?post=31720"},{"taxonomy":"product_tag","embeddable":true,"href":"https:\/\/sakaba.mghosteur.com\/en\/wp-json\/wp\/v2\/product_tag?post=31720"}],"curies":[{"name":"wp","href":"https:\/\/api.w.org\/{rel}","templated":true}]}}