{"id":31727,"date":"2024-05-10T13:11:34","date_gmt":"2024-05-10T13:11:34","guid":{"rendered":"https:\/\/sakaba.mghosteur.com\/?post_type=product&#038;p=31727"},"modified":"2024-08-08T16:51:09","modified_gmt":"2024-08-08T16:51:09","slug":"byoma-crarifing-serum","status":"publish","type":"product","link":"https:\/\/sakaba.mghosteur.com\/en\/product\/byoma-crarifing-serum\/","title":{"rendered":"BYOMA CLARIFYING SERUM"},"content":{"rendered":"<p>S\u00c9RUM CLARIFIANT<br \/>\n\u00c9QUILIBRER ET CLARIFIER<br \/>\n30 ML\/1,01 FL.OZ<br \/>\nCe s\u00e9rum clarifiant pour le visage, doux mais efficace, \u00e9quilibre la texture de la peau tout en soutenant la fonction de barri\u00e8re cutan\u00e9e pour un teint plus calme et plus clair.<\/p>\n<p>Am\u00e9liore les signes de texture de la peau et calme les sensations grasses et les rougeurs \u00e0 la source. Le complexe de tri-c\u00e9ramides qui renforce la barri\u00e8re (c\u00e9ramides, cholest\u00e9rol, acides gras) agit avec un puissant m\u00e9lange de tanaisie bleue (riche en antioxydants) pour calmer, clarifier et apaiser la peau. Le PHA et le zinc exfolient en douceur, ciblent les imperfections et aident \u00e0 d\u00e9sobstruer les pores sans dess\u00e9cher ni perturber la d\u00e9licate barri\u00e8re cutan\u00e9e. La peau para\u00eet \u00e9quilibr\u00e9e, plus lumineuse et plus saine avec une utilisation r\u00e9guli\u00e8re.<\/p>\n<p>Soins de la peau test\u00e9s et approuv\u00e9s par des dermatologues, non com\u00e9dog\u00e8nes, sans alcool et sans parfum, v\u00e9g\u00e9taliens et sans cruaut\u00e9 envers les animaux.<\/p>","protected":false},"excerpt":{"rendered":"<p>S\u00c9RUM CLARIFIANT \u00c9QUILIBRER ET CLARIFIER 30 ML\/1,01 FL.OZ Ce s\u00e9rum clarifiant pour le visage, doux mais efficace, \u00e9quilibre la texture de la peau tout en soutenant la fonction de barri\u00e8re cutan\u00e9e pour un teint plus calme et plus clair. Am\u00e9liore les signes de texture de la peau et calme les sensations grasses et les rougeurs<span class=\"read-more-faq\"><a href=\"https:\/\/sakaba.mghosteur.com\/en\/product\/byoma-crarifing-serum\/\">Read More<\/a><\/span><\/p>","protected":false},"featured_media":0,"comment_status":"open","ping_status":"closed","template":"","meta":[],"product_brand":[811],"product_cat":[293,384,451,334],"product_tag":[],"class_list":{"0":"post-31727","1":"product","2":"type-product","3":"status-publish","5":"product_brand-byoma","6":"product_cat-anti-taches","7":"product_cat-peaux-grasses","8":"product_cat-aab-soin-du-visage","9":"product_cat-traitement-serum","11":"first","12":"instock","13":"shipping-taxable","14":"product-type-simple"},"jetpack-related-posts":[{"id":27226,"url":"https:\/\/sakaba.mghosteur.com\/en\/product\/the-ordinary-coffret-the-balance-set\/","url_meta":{"origin":31727,"position":0},"title":"THE ORDINARY COFFRET THE BALANCE SET","author":"admin","date":"November 29, 2022","format":false,"excerpt":"L'ensemble d'\u00e9quilibre de The Ordinary est un coffret de produits de soin de la peau con\u00e7u pour clarifier et \u00e9quilibrer votre peau. Il comprend quatre produits cl\u00e9s qui travaillent en tandem pour am\u00e9liorer l'apparence et la texture de votre peau. Le nettoyant d\u00e9maquillant hydratant au squalane est un nettoyant doux\u2026","rel":"","context":"Similar post","block_context":{"text":"Similar post","link":""},"img":{"alt_text":"","src":"","width":0,"height":0},"classes":[]},{"id":29216,"url":"https:\/\/sakaba.mghosteur.com\/en\/product\/bha-clarify-gel-cream\/","url_meta":{"origin":31727,"position":1},"title":"BHA CLARIFY GEL CREAM","author":"admin","date":"March 21, 2023","format":false,"excerpt":"Le Gel-Cr\u00e8me Clarifiant BHA est une solution parfaite pour apaiser les peaux irrit\u00e9es sujettes aux imperfections. Ce produit est con\u00e7u avec une formule l\u00e9g\u00e8re qui contient un m\u00e9lange d'acide salicylique, d'extraits de th\u00e9 vert et de centella asiatica pour calmer la peau et lutter contre l'apparition des \u00e9ruptions cutan\u00e9es. De\u2026","rel":"","context":"Similar post","block_context":{"text":"Similar post","link":""},"img":{"alt_text":"","src":"","width":0,"height":0},"classes":[]},{"id":23903,"url":"https:\/\/sakaba.mghosteur.com\/en\/product\/cerave-resurfacing-retinol-serum\/","url_meta":{"origin":31727,"position":2},"title":"CERAVE RESURFACING RETINOL SERUM","author":"admin","date":"November 9, 2022","format":false,"excerpt":"Le s\u00e9rum resurfa\u00e7ant au r\u00e9tinol de la marque CeraVe est le choix id\u00e9al pour une peau douce et uniforme. Les marques d'acn\u00e9 et le teint irr\u00e9gulier peuvent \u00eatre g\u00eanants, m\u00eame apr\u00e8s que votre acn\u00e9 est sous contr\u00f4le. C'est l\u00e0 que notre s\u00e9rum resurfa\u00e7ant entre en jeu. Formul\u00e9 avec du r\u00e9tinol\u2026","rel":"","context":"Similar post","block_context":{"text":"Similar post","link":""},"img":{"alt_text":"","src":"","width":0,"height":0},"classes":[]},{"id":23957,"url":"https:\/\/sakaba.mghosteur.com\/en\/product\/cerave-skin-renewing-retinol-serum\/","url_meta":{"origin":31727,"position":3},"title":"CERAVE SKIN RENEWING RETINOL SERUM","author":"admin","date":"November 9, 2022","format":false,"excerpt":"Le s\u00e9rum r\u00e9g\u00e9n\u00e9rant au r\u00e9tinol pour la peau douce de CeraVe est un excellent choix pour votre routine de soins anti-\u00e2ge. Ce s\u00e9rum est sp\u00e9cialement formul\u00e9 pour am\u00e9liorer l'apparence des ridules et des rides, de la texture et de l'\u00e9clat de votre peau. En utilisant ce s\u00e9rum, vous pourrez b\u00e9n\u00e9ficier\u2026","rel":"","context":"Similar post","block_context":{"text":"Similar post","link":""},"img":{"alt_text":"","src":"","width":0,"height":0},"classes":[]},{"id":24175,"url":"https:\/\/sakaba.mghosteur.com\/en\/product\/cerave-foaming-facial-cleanser-for-normal\/","url_meta":{"origin":31727,"position":4},"title":"CERAVE FOAMING FACIAL CLEANSER FOR NORMAL","author":"admin","date":"November 9, 2022","format":false,"excerpt":"Le nettoyant moussant pour le visage CeraVe est sp\u00e9cialement con\u00e7u pour les peaux normales \u00e0 grasses avec un contr\u00f4le de l'huile pour aider \u00e0 maintenir l'\u00e9quilibre de votre peau. Sa formule l\u00e9g\u00e8re et non dess\u00e9chante est facilement absorb\u00e9e par la peau pour nettoyer en profondeur tout en maintenant la barri\u00e8re\u2026","rel":"","context":"Similar post","block_context":{"text":"Similar post","link":""},"img":{"alt_text":"","src":"","width":0,"height":0},"classes":[]},{"id":31711,"url":"https:\/\/sakaba.mghosteur.com\/en\/product\/byoma-brightening-serum\/","url_meta":{"origin":31727,"position":5},"title":"BYOMA BRIGHTENING SERUM","author":"admin","date":"May 10, 2024","format":false,"excerpt":"S\u00c9RUM \u00c9CLAIRCISSANT \u00c9CLAIRCIR ET HYDRATER 30 ML\/1,01 FL.OZ Ce puissant s\u00e9rum \u00e9claircissant pour le visage aide \u00e0 am\u00e9liorer consid\u00e9rablement le teint et la texture de la peau pour des r\u00e9sultats uniformes et \u00e9clatants. Ce s\u00e9rum l\u00e9ger illumine visiblement tout en aidant \u00e0 att\u00e9nuer les signes d'hyperpigmentation et le teint irr\u00e9gulier\u2026","rel":"","context":"Similar post","block_context":{"text":"Similar post","link":""},"img":{"alt_text":"","src":"","width":0,"height":0},"classes":[]}],"_links":{"self":[{"href":"https:\/\/sakaba.mghosteur.com\/en\/wp-json\/wp\/v2\/product\/31727","targetHints":{"allow":["GET"]}}],"collection":[{"href":"https:\/\/sakaba.mghosteur.com\/en\/wp-json\/wp\/v2\/product"}],"about":[{"href":"https:\/\/sakaba.mghosteur.com\/en\/wp-json\/wp\/v2\/types\/product"}],"replies":[{"embeddable":true,"href":"https:\/\/sakaba.mghosteur.com\/en\/wp-json\/wp\/v2\/comments?post=31727"}],"version-history":[{"count":0,"href":"https:\/\/sakaba.mghosteur.com\/en\/wp-json\/wp\/v2\/product\/31727\/revisions"}],"wp:attachment":[{"href":"https:\/\/sakaba.mghosteur.com\/en\/wp-json\/wp\/v2\/media?parent=31727"}],"wp:term":[{"taxonomy":"product_brand","embeddable":true,"href":"https:\/\/sakaba.mghosteur.com\/en\/wp-json\/wp\/v2\/product_brand?post=31727"},{"taxonomy":"product_cat","embeddable":true,"href":"https:\/\/sakaba.mghosteur.com\/en\/wp-json\/wp\/v2\/product_cat?post=31727"},{"taxonomy":"product_tag","embeddable":true,"href":"https:\/\/sakaba.mghosteur.com\/en\/wp-json\/wp\/v2\/product_tag?post=31727"}],"curies":[{"name":"wp","href":"https:\/\/api.w.org\/{rel}","templated":true}]}}