{"id":31734,"date":"2024-05-10T13:12:14","date_gmt":"2024-05-10T13:12:14","guid":{"rendered":"https:\/\/sakaba.mghosteur.com\/?post_type=product&#038;p=31734"},"modified":"2024-08-08T02:23:22","modified_gmt":"2024-08-08T02:23:22","slug":"medix-clinical-solution-collagen-hyauluronic-acid","status":"publish","type":"product","link":"https:\/\/sakaba.mghosteur.com\/en\/product\/medix-clinical-solution-collagen-hyauluronic-acid\/","title":{"rendered":"MEDIX CLINICAL SOLUTION COLLAGEN+ HYAULURONIC ACID"},"content":{"rendered":"<p>Repulpez et raffermissez votre peau avec ce s\u00e9rum enrichi en collag\u00e8ne, ciblant efficacement les rides et ridules tout en hydratant en profondeur. Gr\u00e2ce \u00e0 sa formule unique associant le pouvoir du collag\u00e8ne \u00e0 des extraits naturels aux vertus nutritives, votre peau retrouve \u00e9clat et fermet\u00e9. L&#8217;Aloe Vera apaise et hydrate, tandis que le romarin r\u00e9duit les gonflements et les poches, laissant votre peau visiblement plus jeune et revitalis\u00e9e.<\/p>\n<p>Adapt\u00e9 \u00e0 tous les types de peau, ce s\u00e9rum anti-rides est non gras et s&#8217;absorbe rapidement, s&#8217;int\u00e9grant parfaitement \u00e0 votre routine quotidienne de soins. Sa formule \u00e9quilibr\u00e9e au pH doux exclut les parab\u00e8nes, les alcools ass\u00e9chants, les PEG, les sulfates, les colorants et le talc, pour une exp\u00e9rience de soin sans compromis.<\/p>\n<p>Fabriqu\u00e9 avec soin dans un laboratoire r\u00e9glement\u00e9 et inspect\u00e9 par la FDA \u00e0 Chicago, aux \u00c9tats-Unis, ce s\u00e9rum a \u00e9t\u00e9 test\u00e9 dermatologiquement, cliniquement et contre les allergies, assurant une utilisation s\u00fbre et efficace. Nourrissez, apaisez et prot\u00e9gez votre peau tout en r\u00e9duisant visiblement l&#8217;apparence des ridules, du rel\u00e2chement cutan\u00e9 et des rides.<\/p>","protected":false},"excerpt":{"rendered":"<p>Repulpez et raffermissez votre peau avec ce s\u00e9rum enrichi en collag\u00e8ne, ciblant efficacement les rides et ridules tout en hydratant en profondeur. Gr\u00e2ce \u00e0 sa formule unique associant le pouvoir du collag\u00e8ne \u00e0 des extraits naturels aux vertus nutritives, votre peau retrouve \u00e9clat et fermet\u00e9. L&#8217;Aloe Vera apaise et hydrate, tandis que le romarin r\u00e9duit<span class=\"read-more-faq\"><a href=\"https:\/\/sakaba.mghosteur.com\/en\/product\/medix-clinical-solution-collagen-hyauluronic-acid\/\">Read More<\/a><\/span><\/p>","protected":false},"featured_media":0,"comment_status":"open","ping_status":"closed","template":"","meta":[],"product_brand":[1029],"product_cat":[388,451,334],"product_tag":[],"class_list":{"0":"post-31734","1":"product","2":"type-product","3":"status-publish","5":"product_brand-medix-5-5","6":"product_cat-peaux-seches","7":"product_cat-aab-soin-du-visage","8":"product_cat-traitement-serum","10":"first","11":"instock","12":"shipping-taxable","13":"product-type-simple"},"jetpack-related-posts":[{"id":56189,"url":"https:\/\/sakaba.mghosteur.com\/en\/product\/deep-cera-bakuchiol-plumping-serum\/","url_meta":{"origin":31734,"position":0},"title":"Deep Cera Bakuchiol Plumping Serum","author":"Sope DIA","date":"January 2, 2026","format":false,"excerpt":"ALTERNATIVE NATURELLE AU R\u00c9TINOL\u00a0: D\u00e9couvrez le pouvoir du bakuchiol, une alternative naturelle au r\u00e9tinol. Formul\u00e9 avec 5\u00a0000\u00a0ppm de bakuchiol, ce s\u00e9rum stimule la production de collag\u00e8ne pour une peau plus lisse et plus ferme. SANS IRRITATION\u00a0: Apaisez et prenez soin de votre peau avec le s\u00e9rum au bakuchiol, qui offre\u2026","rel":"","context":"Similar post","block_context":{"text":"Similar post","link":""},"img":{"alt_text":"","src":"","width":0,"height":0},"classes":[]},{"id":27496,"url":"https:\/\/sakaba.mghosteur.com\/en\/product\/the-ordinary-buffet\/","url_meta":{"origin":31734,"position":1},"title":"THE ORDINARY BUFFET","author":"admin","date":"November 29, 2022","format":false,"excerpt":"Le s\u00e9rum \"Buffet\" de la marque The Ordinary est un produit de soin de la peau innovant con\u00e7u pour cibler plusieurs signes de vieillissement en m\u00eame temps. Inspir\u00e9 par la notion de buffets offrant une vari\u00e9t\u00e9 de plats, ce s\u00e9rum offre une solution tout-en-un pour am\u00e9liorer l'apparence de la peau\u2026","rel":"","context":"Similar post","block_context":{"text":"Similar post","link":""},"img":{"alt_text":"","src":"","width":0,"height":0},"classes":[]},{"id":31403,"url":"https:\/\/sakaba.mghosteur.com\/en\/product\/paulas-choice-pro-collagen-multi-peptide-booster\/","url_meta":{"origin":31734,"position":2},"title":"PAULA&#8217;S CHOICE PRO-COLLAGEN MULTI-PEPTIDE BOOSTER","author":"admin","date":"May 10, 2024","format":false,"excerpt":"Pro-Collagen Multi-Peptide Booster Reconstruisez, renforcez et raffermissez votre peau en profondeur gr\u00e2ce \u00e0 six peptides pro-collag\u00e8ne. Ce booster offre un soutien multicouche pour des r\u00e9sultats imm\u00e9diats et durables. Le complexe peptidique de pointe agit en profondeur pour offrir un soutien multicouche, lissant visiblement les rides en seulement 15 minutes. Cliniquement\u2026","rel":"","context":"Similar post","block_context":{"text":"Similar post","link":""},"img":{"alt_text":"","src":"","width":0,"height":0},"classes":[]},{"id":27435,"url":"https:\/\/sakaba.mghosteur.com\/en\/product\/the-inkey-list-collagen-booster\/","url_meta":{"origin":31734,"position":3},"title":"THE INKEY LIST COLLAGEN BOOSTER","author":"admin","date":"November 29, 2022","format":false,"excerpt":"Le Collagen Booster de The Inkey List est un must-have pour toute personne soucieuse de la sant\u00e9 de sa peau. Ce s\u00e9rum est con\u00e7u pour aider \u00e0 am\u00e9liorer la texture de la peau en stimulant la production naturelle de collag\u00e8ne, pour une apparence plus jeune et plus radieuse. Le peptide\u2026","rel":"","context":"Similar post","block_context":{"text":"Similar post","link":""},"img":{"alt_text":"","src":"","width":0,"height":0},"classes":[]},{"id":31459,"url":"https:\/\/sakaba.mghosteur.com\/en\/product\/laneige-bouncy-firm-sleepling-mask-masque-de-nuit-60ml\/","url_meta":{"origin":31734,"position":4},"title":"LANEIGE BOUNCY &amp; FIRM SLEEPLING MASK MASQUE DE NUIT 60ML","author":"admin","date":"May 10, 2024","format":false,"excerpt":"D\u00e9couvrez le masque de nuit Bouncy & Firm de Laneige, un alli\u00e9 pour r\u00e9v\u00e9ler l'\u00e9clat naturel de votre peau. Ce masque nocturne est sp\u00e9cialement formul\u00e9 pour revitaliser et raffermir votre peau pendant que vous dormez. Enrichi d'un complexe \u00e0 base de pivoine et de collag\u00e8ne\u2122 ainsi que de peptides, il\u2026","rel":"","context":"Similar post","block_context":{"text":"Similar post","link":""},"img":{"alt_text":"","src":"","width":0,"height":0},"classes":[]},{"id":31645,"url":"https:\/\/sakaba.mghosteur.com\/en\/product\/the-inkey-retinol-eye-cream-2\/","url_meta":{"origin":31734,"position":5},"title":"THE INKEY RETINOL EYE CREAM","author":"admin","date":"May 10, 2024","format":false,"excerpt":"Une cr\u00e8me contour des yeux de nuit con\u00e7ue pour cibler les ridules, formul\u00e9e sp\u00e9cifiquement pour r\u00e9duire l'apparence des rides tout en offrant un soutien suppl\u00e9mentaire \u00e0 la peau la plus fragile. Cette cr\u00e8me pour les yeux au r\u00e9tinol a \u00e9t\u00e9 \u00e9labor\u00e9e avec des d\u00e9riv\u00e9s de vitamine A \u00e0 lib\u00e9ration lente,\u2026","rel":"","context":"Similar post","block_context":{"text":"Similar post","link":""},"img":{"alt_text":"","src":"","width":0,"height":0},"classes":[]}],"_links":{"self":[{"href":"https:\/\/sakaba.mghosteur.com\/en\/wp-json\/wp\/v2\/product\/31734","targetHints":{"allow":["GET"]}}],"collection":[{"href":"https:\/\/sakaba.mghosteur.com\/en\/wp-json\/wp\/v2\/product"}],"about":[{"href":"https:\/\/sakaba.mghosteur.com\/en\/wp-json\/wp\/v2\/types\/product"}],"replies":[{"embeddable":true,"href":"https:\/\/sakaba.mghosteur.com\/en\/wp-json\/wp\/v2\/comments?post=31734"}],"version-history":[{"count":0,"href":"https:\/\/sakaba.mghosteur.com\/en\/wp-json\/wp\/v2\/product\/31734\/revisions"}],"wp:attachment":[{"href":"https:\/\/sakaba.mghosteur.com\/en\/wp-json\/wp\/v2\/media?parent=31734"}],"wp:term":[{"taxonomy":"product_brand","embeddable":true,"href":"https:\/\/sakaba.mghosteur.com\/en\/wp-json\/wp\/v2\/product_brand?post=31734"},{"taxonomy":"product_cat","embeddable":true,"href":"https:\/\/sakaba.mghosteur.com\/en\/wp-json\/wp\/v2\/product_cat?post=31734"},{"taxonomy":"product_tag","embeddable":true,"href":"https:\/\/sakaba.mghosteur.com\/en\/wp-json\/wp\/v2\/product_tag?post=31734"}],"curies":[{"name":"wp","href":"https:\/\/api.w.org\/{rel}","templated":true}]}}