{"id":31735,"date":"2024-05-10T13:13:02","date_gmt":"2024-05-10T13:13:02","guid":{"rendered":"https:\/\/sakaba.mghosteur.com\/?post_type=product&#038;p=31735"},"modified":"2024-08-08T16:53:51","modified_gmt":"2024-08-08T16:53:51","slug":"byoma-creamy-jelly-cleanser","status":"publish","type":"product","link":"https:\/\/sakaba.mghosteur.com\/en\/product\/byoma-creamy-jelly-cleanser\/","title":{"rendered":"BYOMA CREAMY JELLY CLEANSER"},"content":{"rendered":"<p>GEL\u00c9E NETTOYANTE CR\u00c9MEUSE<br \/>\nHYDRATANTE ET \u00c9CLAIRCISSANTE<br \/>\n175 ML\/5,91 FL.OZ<\/p>\n<p>Cette gel\u00e9e nettoyante hydratante ultra-cr\u00e8me \u00e9limine en douceur et efficacement la salet\u00e9, l&#8217;exc\u00e8s de s\u00e9bum et le maquillage sans perturber la barri\u00e8re cutan\u00e9e. C&#8217;est le nettoyant quotidien id\u00e9al pour votre visage, tout-en-un.<\/p>\n<p>Infus\u00e9e de notre complexe tri-c\u00e9ramide, qui renforce la barri\u00e8re cutan\u00e9e avec des c\u00e9ramides, du cholest\u00e9rol et des acides gras, ainsi que d&#8217;extraits de racine de r\u00e9glisse et de th\u00e9 vert riches en antioxydants, cette gel\u00e9e nourrit tout en aidant \u00e0 \u00e9claircir et \u00e0 revitaliser la peau.<\/p>\n<p>Sa formule l\u00e9g\u00e8re et \u00e9quilibr\u00e9e au pH se transforme en une mousse riche et cr\u00e9meuse au contact de l&#8217;eau ti\u00e8de, offrant un nettoyage sans dess\u00e9cher la peau ni provoquer de sensation de tiraillement. Efficace pour tous les types de peau, matin et soir.<\/p>\n<p>Dermatologiquement test\u00e9e et approuv\u00e9e, sans savon, non com\u00e9dog\u00e8ne, sans alcool ni parfum, cette gel\u00e9e est v\u00e9g\u00e9talienne et respectueuse des animaux.<\/p>","protected":false},"excerpt":{"rendered":"<p>GEL\u00c9E NETTOYANTE CR\u00c9MEUSE HYDRATANTE ET \u00c9CLAIRCISSANTE 175 ML\/5,91 FL.OZ Cette gel\u00e9e nettoyante hydratante ultra-cr\u00e8me \u00e9limine en douceur et efficacement la salet\u00e9, l&#8217;exc\u00e8s de s\u00e9bum et le maquillage sans perturber la barri\u00e8re cutan\u00e9e. C&#8217;est le nettoyant quotidien id\u00e9al pour votre visage, tout-en-un. Infus\u00e9e de notre complexe tri-c\u00e9ramide, qui renforce la barri\u00e8re cutan\u00e9e avec des c\u00e9ramides, du<span class=\"read-more-faq\"><a href=\"https:\/\/sakaba.mghosteur.com\/en\/product\/byoma-creamy-jelly-cleanser\/\">Read More<\/a><\/span><\/p>","protected":false},"featured_media":0,"comment_status":"open","ping_status":"closed","template":"","meta":[],"product_brand":[811],"product_cat":[324,451],"product_tag":[],"class_list":{"0":"post-31735","1":"product","2":"type-product","3":"status-publish","5":"product_brand-byoma","6":"product_cat-demaquillant-nettoyant","7":"product_cat-aab-soin-du-visage","9":"first","10":"instock","11":"shipping-taxable","12":"product-type-simple"},"jetpack-related-posts":[{"id":31719,"url":"https:\/\/sakaba.mghosteur.com\/en\/product\/byoma-coffret-hydrating-trio\/","url_meta":{"origin":31735,"position":0},"title":"BYOMA COFFRET HYDRATING TRIO","author":"admin","date":"May 10, 2024","format":false,"excerpt":"MINI NETTOYANT, MINI GEL CR\u00c8ME ET MINI S\u00c9RUM HYDRATANT 30 ML, 15 ML ET 15 ML D\u00e9couvrez ce trio d\u2019essentiels hydratants, approuv\u00e9s par les dermatologues pour chaque visage, chaque jour. Avec le COMPLEXE TRI-CERAMIDE (c\u00e9ramides, cholest\u00e9rol, acides gras), ce coffret offre les \u00e9l\u00e9ments constitutifs d'une routine de soin ultime, donnant\u2026","rel":"","context":"Similar post","block_context":{"text":"Similar post","link":""},"img":{"alt_text":"","src":"","width":0,"height":0},"classes":[]},{"id":33721,"url":"https:\/\/sakaba.mghosteur.com\/en\/product\/cerave-hydrating-facial-cleancer-710ml\/","url_meta":{"origin":31735,"position":1},"title":"CERAVE HYDRATING FACIAL CLEANCER 710ML","author":"admin","date":"May 22, 2024","format":false,"excerpt":"Le nettoyant hydratant CeraVe a \u00e9t\u00e9 con\u00e7u pour nettoyer et rafra\u00eechir la peau sans la d\u00e9caper ni la laisser s\u00e8che et tendue. Il contient de l'acide hyaluronique pour hydrater la peau et 3 c\u00e9ramides essentiels qui agissent ensemble pour retenir l'hydratation de la peau et aider \u00e0 restaurer la barri\u00e8re\u2026","rel":"","context":"Similar post","block_context":{"text":"Similar post","link":""},"img":{"alt_text":"","src":"","width":0,"height":0},"classes":[]},{"id":24173,"url":"https:\/\/sakaba.mghosteur.com\/en\/product\/cerave-hydrating-facial-cleanser-355-ml\/","url_meta":{"origin":31735,"position":2},"title":"CERAVE HYDRATING FACIAL CLEANSER 355 ML","author":"admin","date":"November 9, 2022","format":false,"excerpt":"Le nettoyant hydratant pour le visage CeraVe est le choix parfait pour une peau propre, hydrat\u00e9e et saine. Con\u00e7u avec des ingr\u00e9dients soigneusement s\u00e9lectionn\u00e9s, tels que les c\u00e9ramides et l'acide hyaluronique, ce nettoyant doux pour le visage est sp\u00e9cialement formul\u00e9 pour les peaux normales \u00e0 s\u00e8ches. Contrairement aux nettoyants classiques\u2026","rel":"","context":"Similar post","block_context":{"text":"Similar post","link":""},"img":{"alt_text":"","src":"","width":0,"height":0},"classes":[]},{"id":29088,"url":"https:\/\/sakaba.mghosteur.com\/en\/product\/cerave-moisturizing-cream-453g\/","url_meta":{"origin":31735,"position":3},"title":"CERAVE MOISTURIZING CREAM 453G","author":"admin","date":"March 13, 2023","format":false,"excerpt":"La cr\u00e8me hydratante CeraVe est une solution id\u00e9ale pour les personnes souffrant de s\u00e9cheresse cutan\u00e9e et de d\u00e9mangeaisons. Gr\u00e2ce \u00e0 sa formule riche en acide hyaluronique et en c\u00e9ramides, elle aide \u00e0 hydrater la peau en profondeur et \u00e0 restaurer sa barri\u00e8re naturelle de protection. La cr\u00e8me contient trois c\u00e9ramides\u2026","rel":"","context":"Similar post","block_context":{"text":"Similar post","link":""},"img":{"alt_text":"","src":"","width":0,"height":0},"classes":[]},{"id":31763,"url":"https:\/\/sakaba.mghosteur.com\/en\/product\/byoma-brightening-body-lotion-400ml\/","url_meta":{"origin":31735,"position":4},"title":"BYOMA BRIGHTENING BODY LOTION 400ML","author":"admin","date":"May 10, 2024","format":false,"excerpt":"Cette lotion corporelle l\u00e9g\u00e8re et soyeuse exfolie en douceur pour am\u00e9liorer l'apparence g\u00e9n\u00e9rale de la peau, sans perturber la fonction de barri\u00e8re cutan\u00e9e. La formule illuminatrice agit pour \u00e9claircir la peau, fournir une hydratation imm\u00e9diate tout en soutenant la fonction de barri\u00e8re cutan\u00e9e. Avec un complexe tri-c\u00e9ramide et un m\u00e9lange\u2026","rel":"","context":"Similar post","block_context":{"text":"Similar post","link":""},"img":{"alt_text":"","src":"","width":0,"height":0},"classes":[]},{"id":29028,"url":"https:\/\/sakaba.mghosteur.com\/en\/product\/cerave-facial-moisturizing-cream-19-oz\/","url_meta":{"origin":31735,"position":5},"title":"Cerave Facial Moisturizing Cream 19 OZ","author":"admin","date":"March 10, 2023","format":false,"excerpt":"La cr\u00e8me hydratante restauratrice de barri\u00e8res CeraVe est sp\u00e9cialement con\u00e7ue pour les peaux s\u00e8ches \u00e0 tr\u00e8s s\u00e8ches du visage et du corps. Cette cr\u00e8me contient de l'acide hyaluronique et 3 c\u00e9ramides essentiels qui agissent ensemble pour hydrater la peau et restaurer sa barri\u00e8re naturelle. La technologie MVE encapsule les c\u00e9ramides\u2026","rel":"","context":"Similar post","block_context":{"text":"Similar post","link":""},"img":{"alt_text":"","src":"","width":0,"height":0},"classes":[]}],"_links":{"self":[{"href":"https:\/\/sakaba.mghosteur.com\/en\/wp-json\/wp\/v2\/product\/31735","targetHints":{"allow":["GET"]}}],"collection":[{"href":"https:\/\/sakaba.mghosteur.com\/en\/wp-json\/wp\/v2\/product"}],"about":[{"href":"https:\/\/sakaba.mghosteur.com\/en\/wp-json\/wp\/v2\/types\/product"}],"replies":[{"embeddable":true,"href":"https:\/\/sakaba.mghosteur.com\/en\/wp-json\/wp\/v2\/comments?post=31735"}],"version-history":[{"count":0,"href":"https:\/\/sakaba.mghosteur.com\/en\/wp-json\/wp\/v2\/product\/31735\/revisions"}],"wp:attachment":[{"href":"https:\/\/sakaba.mghosteur.com\/en\/wp-json\/wp\/v2\/media?parent=31735"}],"wp:term":[{"taxonomy":"product_brand","embeddable":true,"href":"https:\/\/sakaba.mghosteur.com\/en\/wp-json\/wp\/v2\/product_brand?post=31735"},{"taxonomy":"product_cat","embeddable":true,"href":"https:\/\/sakaba.mghosteur.com\/en\/wp-json\/wp\/v2\/product_cat?post=31735"},{"taxonomy":"product_tag","embeddable":true,"href":"https:\/\/sakaba.mghosteur.com\/en\/wp-json\/wp\/v2\/product_tag?post=31735"}],"curies":[{"name":"wp","href":"https:\/\/api.w.org\/{rel}","templated":true}]}}