{"id":31738,"date":"2024-05-10T13:13:06","date_gmt":"2024-05-10T13:13:06","guid":{"rendered":"https:\/\/sakaba.mghosteur.com\/?post_type=product&#038;p=31738"},"modified":"2024-08-08T02:14:22","modified_gmt":"2024-08-08T02:14:22","slug":"medix-5-5-10-glycolic-lactic-acid","status":"publish","type":"product","link":"https:\/\/sakaba.mghosteur.com\/en\/product\/medix-5-5-10-glycolic-lactic-acid\/","title":{"rendered":"MEDIX 5.5 10% GLYCOLIC + LACTIC ACID"},"content":{"rendered":"<p>Le s\u00e9rum \u00e0 l&#8217;acide glycolique Medix 5.5 r\u00e9duit visiblement l&#8217;apparence des pores obstru\u00e9s, de la texture de la peau rugueuse, du teint irr\u00e9gulier, des rougeurs et des taches brunes.<\/p>\n<p>Le peeling exfoliant de nuit pour le visage \u00e0 l&#8217;acide glycolique \u00e9limine efficacement les cellules mortes de la peau pour affiner, repulper et lisser la peau \u00e0 chaque application, ravivant sa jeunesse.<\/p>\n<p>La formule 3X AHA\/BHA est compos\u00e9e de 3 acides exfoliants diff\u00e9rents : acide glycolique, salicylique, lactique et phytique. Ces peelings chimiques agissent en profondeur pour une exfoliation plus intense, sans agresser la peau sensible.<\/p>\n<p>Effacez les signes du temps et harmonisez votre teint avec ce s\u00e9rum anti-rides. D\u00e9couvrez une peau plus uniforme gr\u00e2ce au peeling exfoliant \u00e0 l&#8217;acide glycolique, qui combat efficacement les taches brunes, les taches solaires, les cicatrices d&#8217;acn\u00e9 et la d\u00e9coloration.<\/p>\n<p>D\u00c9TENDEZ-VOUS ET RESTAUREZ \u2013 Formule test\u00e9e dermatologiquement, cliniquement et allergologiquement. Fabriqu\u00e9 dans un laboratoire r\u00e9glement\u00e9 et inspect\u00e9 par la FDA \u00e0 Chicago, aux \u00c9tats-Unis. Si ce s\u00e9rum exfoliant \u00e0 l&#8217;acide glycolique Medix ne convient pas \u00e0 votre peau, nous sommes l\u00e0 pour vous aider. Chaque m\u00e9lange est soigneusement \u00e9quilibr\u00e9 avec des antioxydants cl\u00e9s, des supernutriments et des actifs botaniques nourrissants, offrant des bienfaits durables pour la peau, sans additifs ni parfums nocifs.<\/p>","protected":false},"excerpt":{"rendered":"<p>Le s\u00e9rum \u00e0 l&#8217;acide glycolique Medix 5.5 r\u00e9duit visiblement l&#8217;apparence des pores obstru\u00e9s, de la texture de la peau rugueuse, du teint irr\u00e9gulier, des rougeurs et des taches brunes. Le peeling exfoliant de nuit pour le visage \u00e0 l&#8217;acide glycolique \u00e9limine efficacement les cellules mortes de la peau pour affiner, repulper et lisser la peau<span class=\"read-more-faq\"><a href=\"https:\/\/sakaba.mghosteur.com\/en\/product\/medix-5-5-10-glycolic-lactic-acid\/\">Read More<\/a><\/span><\/p>","protected":false},"featured_media":0,"comment_status":"open","ping_status":"closed","template":"","meta":[],"product_brand":[1029],"product_cat":[293,291,451,334],"product_tag":[],"class_list":{"0":"post-31738","1":"product","2":"type-product","3":"status-publish","5":"product_brand-medix-5-5","6":"product_cat-anti-taches","7":"product_cat-eclaircissant","8":"product_cat-aab-soin-du-visage","9":"product_cat-traitement-serum","11":"first","12":"instock","13":"shipping-taxable","14":"product-type-simple"},"jetpack-related-posts":[{"id":26568,"url":"https:\/\/sakaba.mghosteur.com\/en\/product\/pixi-overnight-glow-serum\/","url_meta":{"origin":31738,"position":0},"title":"PIXI OVERNIGHT GLOW SERUM","author":"admin","date":"November 25, 2022","format":false,"excerpt":"R\u00e9veillez-vous avec un teint plus lumineux gr\u00e2ce au s\u00e9rum Overnight Glow de PIXI. Le gel exfoliant concentr\u00e9 agit pour cr\u00e9er un teint plus uniforme et plus radieux pendant votre sommeil. Formul\u00e9 avec 10 % d'acide glycolique et d'arginine, il aide \u00e0 r\u00e9duire l'apparence des ridules et des rides et att\u00e9nue\u2026","rel":"","context":"Similar post","block_context":{"text":"Similar post","link":""},"img":{"alt_text":"","src":"","width":0,"height":0},"classes":[]},{"id":32936,"url":"https:\/\/sakaba.mghosteur.com\/en\/product\/pixi-glow-tonic-5-glycolic-acid-exfoliating-100ml\/","url_meta":{"origin":31738,"position":1},"title":"PIXI GLOW TONIC 5% GLYCOLIC ACID EXFOLIATING 100ML","author":"admin","date":"May 16, 2024","format":false,"excerpt":"Le tonique exfoliant \u00e0 l'acide glycolique 5 % de Pixi Glow Tonic est un tonique pour le visage qui utilise 5 % d'acide glycolique pour exfolier, \u00e9claircir et lisser la peau. Il contient \u00e9galement de l'aloe vera, du ginseng et des extraits botaniques pour nourrir et traiter la peau. Le\u2026","rel":"","context":"Similar post","block_context":{"text":"Similar post","link":""},"img":{"alt_text":"","src":"","width":0,"height":0},"classes":[]},{"id":35978,"url":"https:\/\/sakaba.mghosteur.com\/en\/product\/medix-5-5-retinol-ferulic-acid-age-rewind-444ml\/","url_meta":{"origin":31738,"position":2},"title":"MEDIX 5.5 RETINOL FERULIC ACID AGE REWIND 444ML","author":"admin","date":"August 10, 2024","format":false,"excerpt":"MEDIX 5.5 \u2013 RETINOL CREAM contient d\u2019autres ingr\u00e9dients actifs tels que l\u2019acide f\u00e9rulique, le th\u00e9 vert, la vitamine E, le beurre de karit\u00e9 et l\u2019aloe vera qui agissent en synergie pour am\u00e9liorer la sant\u00e9 globale et l\u2019apparence de votre peau afin de donner \u00e0 votre peau un \u00e9clat jeune et\u2026","rel":"","context":"Similar post","block_context":{"text":"Similar post","link":""},"img":{"alt_text":"","src":"","width":0,"height":0},"classes":[]},{"id":27429,"url":"https:\/\/sakaba.mghosteur.com\/en\/product\/the-inkey-list-apple-cider-vinegar-acid-peel\/","url_meta":{"origin":31738,"position":3},"title":"THE INKEY LIST APPLE CIDER VINEGAR ACID PEEL","author":"admin","date":"November 29, 2022","format":false,"excerpt":"Le peeling acide au vinaigre de cidre de pomme Inkey List est un exfoliant liquide qui peut \u00eatre utilis\u00e9 sur tous les types de peau, y compris les peaux grasses, mixtes et toutes. Il contient 2 % de vinaigre de cidre de pomme, 10 % d'acide glycolique et 5 %\u2026","rel":"","context":"Similar post","block_context":{"text":"Similar post","link":""},"img":{"alt_text":"","src":"","width":0,"height":0},"classes":[]},{"id":27686,"url":"https:\/\/sakaba.mghosteur.com\/en\/product\/ole-henriksen-glow-oh-dark-spot-toner\/","url_meta":{"origin":31738,"position":4},"title":"OLE HENRIKSEN GLOW OH DARK SPOT TONER","author":"admin","date":"November 29, 2022","format":false,"excerpt":"Le tonique anti-taches Glow 2 OH d'Ole Henriksen aide \u00e0 clarifier et \u00e0 affiner l'apparence de la peau pour des r\u00e9sultats \u00e9quilibr\u00e9s. Infus\u00e9e d'un m\u00e9lange d'acides alpha-hydroxy, la formule agit pour minimiser visiblement les taches brunes en sept jours*. Les acides glycolique et lactique combinent leurs pouvoirs exfoliants pour \u00e9liminer\u2026","rel":"","context":"Similar post","block_context":{"text":"Similar post","link":""},"img":{"alt_text":"","src":"","width":0,"height":0},"classes":[]},{"id":26629,"url":"https:\/\/sakaba.mghosteur.com\/en\/product\/alpha-skin-care-renewal-body-lotion-12-glycolic\/","url_meta":{"origin":31738,"position":5},"title":"ALPHA SKIN CARE RENEWAL BODY LOTION 12% GLYCOLIC","author":"admin","date":"November 28, 2022","format":false,"excerpt":"Formul\u00e9 avec 12 % d'acide alpha-hydroxy glycolique (AHA) pour hydrater en profondeur et exfolier en douceur, laissant la peau douce, lisse et d'apparence plus jeune de la t\u00eate aux pieds. TYPES DE PEAU : Tous types de peau FORMULE ANTI-\u00c2GE : Ce lotion anti-\u00e2ge est sp\u00e9cialement formul\u00e9e avec l'\u00e9quilibre optimal\u2026","rel":"","context":"Similar post","block_context":{"text":"Similar post","link":""},"img":{"alt_text":"","src":"","width":0,"height":0},"classes":[]}],"_links":{"self":[{"href":"https:\/\/sakaba.mghosteur.com\/en\/wp-json\/wp\/v2\/product\/31738","targetHints":{"allow":["GET"]}}],"collection":[{"href":"https:\/\/sakaba.mghosteur.com\/en\/wp-json\/wp\/v2\/product"}],"about":[{"href":"https:\/\/sakaba.mghosteur.com\/en\/wp-json\/wp\/v2\/types\/product"}],"replies":[{"embeddable":true,"href":"https:\/\/sakaba.mghosteur.com\/en\/wp-json\/wp\/v2\/comments?post=31738"}],"version-history":[{"count":0,"href":"https:\/\/sakaba.mghosteur.com\/en\/wp-json\/wp\/v2\/product\/31738\/revisions"}],"wp:attachment":[{"href":"https:\/\/sakaba.mghosteur.com\/en\/wp-json\/wp\/v2\/media?parent=31738"}],"wp:term":[{"taxonomy":"product_brand","embeddable":true,"href":"https:\/\/sakaba.mghosteur.com\/en\/wp-json\/wp\/v2\/product_brand?post=31738"},{"taxonomy":"product_cat","embeddable":true,"href":"https:\/\/sakaba.mghosteur.com\/en\/wp-json\/wp\/v2\/product_cat?post=31738"},{"taxonomy":"product_tag","embeddable":true,"href":"https:\/\/sakaba.mghosteur.com\/en\/wp-json\/wp\/v2\/product_tag?post=31738"}],"curies":[{"name":"wp","href":"https:\/\/api.w.org\/{rel}","templated":true}]}}