{"id":31746,"date":"2024-05-10T13:15:54","date_gmt":"2024-05-10T13:15:54","guid":{"rendered":"https:\/\/sakaba.mghosteur.com\/?post_type=product&#038;p=31746"},"modified":"2024-08-08T16:55:28","modified_gmt":"2024-08-08T16:55:28","slug":"byoma-hydrating-body-500ml","status":"publish","type":"product","link":"https:\/\/sakaba.mghosteur.com\/en\/product\/byoma-hydrating-body-500ml\/","title":{"rendered":"BYOMA HYDRATING BODY WASH 500ML"},"content":{"rendered":"<p>GEL DOUCHE HYDRATANT POUR LE CORPS<br \/>\nHYDRATER ET \u00c9QUILIBRER<br \/>\n500 ML<br \/>\nCe nettoyant corporel riche en nutriments est con\u00e7u pour hydrater intens\u00e9ment la peau sous la douche. Avec un complexe pr\u00e9biotique au pH \u00e9quilibr\u00e9 pour hydrater et \u00e9quilibrer le microbiome. Les ingr\u00e9dients cl\u00e9s du b\u00eata-glucane et du squalane aident \u00e0 apaiser et adoucir la peau. La texture cr\u00e9meuse et r\u00e9confortante glisse sur la peau et se transforme en une mousse riche et mousseuse.<br \/>\nContient un complexe pr\u00e9biotique unique, du squalane et du b\u00eata-glucane pour nourrir et r\u00e9guler la fonction barri\u00e8re afin d&#8217;\u00e9quilibrer le corps.<br \/>\nTest\u00e9 et approuv\u00e9 par des dermatologues, sans alcool, v\u00e9g\u00e9talien et sans cruaut\u00e9 envers les animaux.<\/p>","protected":false},"excerpt":{"rendered":"<p>GEL DOUCHE HYDRATANT POUR LE CORPS HYDRATER ET \u00c9QUILIBRER 500 ML Ce nettoyant corporel riche en nutriments est con\u00e7u pour hydrater intens\u00e9ment la peau sous la douche. Avec un complexe pr\u00e9biotique au pH \u00e9quilibr\u00e9 pour hydrater et \u00e9quilibrer le microbiome. Les ingr\u00e9dients cl\u00e9s du b\u00eata-glucane et du squalane aident \u00e0 apaiser et adoucir la peau.<span class=\"read-more-faq\"><a href=\"https:\/\/sakaba.mghosteur.com\/en\/product\/byoma-hydrating-body-500ml\/\">Read More<\/a><\/span><\/p>","protected":false},"featured_media":0,"comment_status":"open","ping_status":"closed","template":"","meta":[],"product_brand":[811],"product_cat":[358,447],"product_tag":[],"class_list":{"0":"post-31746","1":"product","2":"type-product","3":"status-publish","5":"product_brand-byoma","6":"product_cat-bain-douche","7":"product_cat-aac-bain-et-corps","9":"first","10":"instock","11":"shipping-taxable","12":"product-type-simple"},"jetpack-related-posts":[{"id":31743,"url":"https:\/\/sakaba.mghosteur.com\/en\/product\/byoma-hydrating-barrier-boosting-body-lotion-400ml\/","url_meta":{"origin":31746,"position":0},"title":"BYOMA HYDRATING BARRIER BOOSTING BODY LOTION 400ML","author":"admin","date":"May 10, 2024","format":false,"excerpt":"CR\u00c8ME D'HYDRATATION POUR LE CORPS HYDRATER ET R\u00c9PARER 400 ML Cette lotion corporelle luxueuse offre une dose d'hydratation pour reconstituer et restaurer, laissant la peau lisse et souple. La texture douce et onctueuse fond sur la peau pour offrir des r\u00e9sultats plus doux au toucher et une hydratation multicouche en\u2026","rel":"","context":"Similar post","block_context":{"text":"Similar post","link":""},"img":{"alt_text":"","src":"","width":0,"height":0},"classes":[]},{"id":31705,"url":"https:\/\/sakaba.mghosteur.com\/en\/product\/byoma-brightening-body-wash-500ml\/","url_meta":{"origin":31746,"position":1},"title":"BYOMA BRIGHTENING BODY WASH 500ML","author":"admin","date":"May 10, 2024","format":false,"excerpt":"D\u00e9couvrez ce Gel Douche \u00c9claircissant, un alli\u00e9 de choix pour illuminer et \u00e9quilibrer votre peau. Avec sa contenance g\u00e9n\u00e9reuse de 500 ml, ce nettoyant corporel offre une exp\u00e9rience luxueuse et efficace. Sa formule sp\u00e9ciale agit pour r\u00e9duire le teint terne, offrant ainsi des bienfaits \u00e9claircissants remarquables. D\u00e8s la premi\u00e8re utilisation,\u2026","rel":"","context":"Similar post","block_context":{"text":"Similar post","link":""},"img":{"alt_text":"","src":"","width":0,"height":0},"classes":[]},{"id":32096,"url":"https:\/\/sakaba.mghosteur.com\/en\/product\/naturium-the-booster-hyaluronic-acid-body-wash-500ml\/","url_meta":{"origin":31746,"position":2},"title":"NATURIUM THE BOOSTER HYALURONIC ACID BODY WASH 500ml","author":"admin","date":"May 13, 2024","format":false,"excerpt":"Le gel nettoyant ultra-hydratant pour le corps stimule l'hydratation pour aider \u00e0 r\u00e9duire la s\u00e9cheresse et l'irritation pour une peau d'apparence plus saine. Formul\u00e9 avec de l'acide hyaluronique hydrolys\u00e9 et sept poids mol\u00e9culaires d'hyaluronate de sodium, ce gel nettoyant riche procure une hydratation essentielle. De plus, 30 % de glyc\u00e9rine,\u2026","rel":"","context":"Similar post","block_context":{"text":"Similar post","link":""},"img":{"alt_text":"","src":"","width":0,"height":0},"classes":[]},{"id":31687,"url":"https:\/\/sakaba.mghosteur.com\/en\/product\/aplb-glutathione-niacinamide-5-3-body-wash\/","url_meta":{"origin":31746,"position":3},"title":"APLB GLUTATHIONE NIACINAMIDE 5.3% BODY WASH","author":"admin","date":"May 10, 2024","format":false,"excerpt":"D\u00e9couvrez ce produit exceptionnel pour votre routine de soin corporel : le Gel Douche Glutathion Niacinamide \/ LIPO GLUTA NIAC CEN 5.3%. Il associe le Glutathion \u00e0 1 000 ppm, la Niacinamide \u00e0 1 000 ppm et un extrait de Centella Asiatica \u00e0 5,1%, enrichi avec le Complexe Centella 3x.\u2026","rel":"","context":"Similar post","block_context":{"text":"Similar post","link":""},"img":{"alt_text":"","src":"","width":0,"height":0},"classes":[]},{"id":31780,"url":"https:\/\/sakaba.mghosteur.com\/en\/product\/olay-ceramide-gel-de-douche-591ml\/","url_meta":{"origin":31746,"position":4},"title":"OLAY CERAMIDE GEL DE DOUCHE 591ML","author":"admin","date":"May 10, 2024","format":false,"excerpt":"R\u00e9v\u00e9lez une peau belle et saine avec le nettoyant pour le corps nettoyant et fortifiant Olay avec complexe de c\u00e9ramides et de vitamine B3. Cette formule avanc\u00e9e hydrate en profondeur pour aider \u00e0 renforcer la barri\u00e8re d'hydratation de votre peau et la laisser douce et r\u00e9g\u00e9n\u00e9r\u00e9e. Gr\u00e2ce \u00e0 la technologie\u2026","rel":"","context":"Similar post","block_context":{"text":"Similar post","link":""},"img":{"alt_text":"","src":"","width":0,"height":0},"classes":[]},{"id":31719,"url":"https:\/\/sakaba.mghosteur.com\/en\/product\/byoma-coffret-hydrating-trio\/","url_meta":{"origin":31746,"position":5},"title":"BYOMA COFFRET HYDRATING TRIO","author":"admin","date":"May 10, 2024","format":false,"excerpt":"MINI NETTOYANT, MINI GEL CR\u00c8ME ET MINI S\u00c9RUM HYDRATANT 30 ML, 15 ML ET 15 ML D\u00e9couvrez ce trio d\u2019essentiels hydratants, approuv\u00e9s par les dermatologues pour chaque visage, chaque jour. Avec le COMPLEXE TRI-CERAMIDE (c\u00e9ramides, cholest\u00e9rol, acides gras), ce coffret offre les \u00e9l\u00e9ments constitutifs d'une routine de soin ultime, donnant\u2026","rel":"","context":"Similar post","block_context":{"text":"Similar post","link":""},"img":{"alt_text":"","src":"","width":0,"height":0},"classes":[]}],"_links":{"self":[{"href":"https:\/\/sakaba.mghosteur.com\/en\/wp-json\/wp\/v2\/product\/31746","targetHints":{"allow":["GET"]}}],"collection":[{"href":"https:\/\/sakaba.mghosteur.com\/en\/wp-json\/wp\/v2\/product"}],"about":[{"href":"https:\/\/sakaba.mghosteur.com\/en\/wp-json\/wp\/v2\/types\/product"}],"replies":[{"embeddable":true,"href":"https:\/\/sakaba.mghosteur.com\/en\/wp-json\/wp\/v2\/comments?post=31746"}],"version-history":[{"count":0,"href":"https:\/\/sakaba.mghosteur.com\/en\/wp-json\/wp\/v2\/product\/31746\/revisions"}],"wp:attachment":[{"href":"https:\/\/sakaba.mghosteur.com\/en\/wp-json\/wp\/v2\/media?parent=31746"}],"wp:term":[{"taxonomy":"product_brand","embeddable":true,"href":"https:\/\/sakaba.mghosteur.com\/en\/wp-json\/wp\/v2\/product_brand?post=31746"},{"taxonomy":"product_cat","embeddable":true,"href":"https:\/\/sakaba.mghosteur.com\/en\/wp-json\/wp\/v2\/product_cat?post=31746"},{"taxonomy":"product_tag","embeddable":true,"href":"https:\/\/sakaba.mghosteur.com\/en\/wp-json\/wp\/v2\/product_tag?post=31746"}],"curies":[{"name":"wp","href":"https:\/\/api.w.org\/{rel}","templated":true}]}}