{"id":31749,"date":"2024-05-10T13:17:36","date_gmt":"2024-05-10T13:17:36","guid":{"rendered":"https:\/\/sakaba.mghosteur.com\/?post_type=product&#038;p=31749"},"modified":"2024-08-08T16:56:17","modified_gmt":"2024-08-08T16:56:17","slug":"byoma-hydrating-milky-toner-150ml","status":"publish","type":"product","link":"https:\/\/sakaba.mghosteur.com\/en\/product\/byoma-hydrating-milky-toner-150ml\/","title":{"rendered":"BYOMA HYDRATING MILKY TONER 150ML"},"content":{"rendered":"<p>HYDRATER ET APAISER<br \/>\n150 ML<br \/>\nCe tonique ultra-apaisant et doux agit pour d\u00e9salt\u00e9rer la peau s\u00e8che tout en r\u00e9parant et en restaurant les barri\u00e8res cutan\u00e9es sensibilis\u00e9es et sensibles. La formule laiteuse r\u00e9confortante hydrate, calme et apaise la peau d\u00e8s la premi\u00e8re utilisation, renfor\u00e7ant ainsi la fonction quotidienne de la barri\u00e8re cutan\u00e9e.<\/p>\n<p>Combinaison d&#8217;un complexe lipidique barri\u00e8re et d&#8217;un duo d&#8217;acide polyglutamique et de Cica pour aider \u00e0 retenir l&#8217;humidit\u00e9 sur plusieurs couches de la peau et minimiser la perte d&#8217;eau &#8211; la peau est instantan\u00e9ment transform\u00e9e, paraissant et se sentant douce, souple, ros\u00e9e et radieuse toute la journ\u00e9e.<\/p>\n<p>Test\u00e9 et approuv\u00e9 par des dermatologues, non comodog\u00e8ne, sans alcool ni parfum, v\u00e9g\u00e9talien et sans cruaut\u00e9 envers les animaux.<\/p>","protected":false},"excerpt":{"rendered":"<p>HYDRATER ET APAISER 150 ML Ce tonique ultra-apaisant et doux agit pour d\u00e9salt\u00e9rer la peau s\u00e8che tout en r\u00e9parant et en restaurant les barri\u00e8res cutan\u00e9es sensibilis\u00e9es et sensibles. La formule laiteuse r\u00e9confortante hydrate, calme et apaise la peau d\u00e8s la premi\u00e8re utilisation, renfor\u00e7ant ainsi la fonction quotidienne de la barri\u00e8re cutan\u00e9e. Combinaison d&#8217;un complexe lipidique<span class=\"read-more-faq\"><a href=\"https:\/\/sakaba.mghosteur.com\/en\/product\/byoma-hydrating-milky-toner-150ml\/\">Read More<\/a><\/span><\/p>","protected":false},"featured_media":0,"comment_status":"open","ping_status":"closed","template":"","meta":[],"product_brand":[811],"product_cat":[324,451],"product_tag":[],"class_list":{"0":"post-31749","1":"product","2":"type-product","3":"status-publish","5":"product_brand-byoma","6":"product_cat-demaquillant-nettoyant","7":"product_cat-aab-soin-du-visage","9":"first","10":"instock","11":"shipping-taxable","12":"product-type-simple"},"jetpack-related-posts":[{"id":31603,"url":"https:\/\/sakaba.mghosteur.com\/en\/product\/the-ordinary-soothing-barrier-support\/","url_meta":{"origin":31749,"position":0},"title":"The Ordinary SOOTHING &amp; BARRIER SUPPORT","author":"admin","date":"May 10, 2024","format":false,"excerpt":"D\u00e9couvrez le S\u00e9rum de Soutien Apaisant et Barri\u00e8re, une solution multi-active cibl\u00e9e pour apaiser la peau irrit\u00e9e. Ce s\u00e9rum innovant aide \u00e0 restaurer la barri\u00e8re cutan\u00e9e en seulement 2 heures*, offrant un boost imm\u00e9diat de 86%** d'hydratation pour une peau confortable et apais\u00e9e. Gr\u00e2ce \u00e0 sa formulation avanc\u00e9e contenant plusieurs\u2026","rel":"","context":"Similar post","block_context":{"text":"Similar post","link":""},"img":{"alt_text":"","src":"","width":0,"height":0},"classes":[]},{"id":28103,"url":"https:\/\/sakaba.mghosteur.com\/en\/product\/cerave-baby-moisturizing-lotion\/","url_meta":{"origin":31749,"position":1},"title":"CERAVE BABY MOISTURIZING LOTION","author":"admin","date":"November 30, 2022","format":false,"excerpt":"La lotion hydratante pour b\u00e9b\u00e9 de la marque CeraVe est un choix id\u00e9al pour les parents \u00e0 la recherche d'une formule douce et efficace pour hydrater la peau de leur b\u00e9b\u00e9 tout en prot\u00e9geant sa barri\u00e8re cutan\u00e9e d\u00e9licate. D\u00e9velopp\u00e9e avec des dermatologues p\u00e9diatriques, cette lotion pour b\u00e9b\u00e9 est exempte de\u2026","rel":"","context":"Similar post","block_context":{"text":"Similar post","link":""},"img":{"alt_text":"","src":"","width":0,"height":0},"classes":[]},{"id":56144,"url":"https:\/\/sakaba.mghosteur.com\/en\/product\/anua-rice-70-glow-milky-toner\/","url_meta":{"origin":31749,"position":2},"title":"Anua Rice 70 Glow Milky Toner","author":"Sope DIA","date":"January 2, 2026","format":false,"excerpt":"LOTION TONIQUE LAIT\u00c9E L\u00c9G\u00c8RE POUR UNE PEAU DE VERRE : Offre une hydratation intense gr\u00e2ce \u00e0 un m\u00e9lange d'eau de riz, de niacinamide et de c\u00e9ramides, tout en laissant un fini rafra\u00eechissant et non collant pour une peau de verre. EAU DE RIZ ET NIACINAMIDE POUR HYDRATER : Contient 70\u2026","rel":"","context":"Similar post","block_context":{"text":"Similar post","link":""},"img":{"alt_text":"","src":"","width":0,"height":0},"classes":[]},{"id":31466,"url":"https:\/\/sakaba.mghosteur.com\/en\/product\/tirtit-milk-skin-toner-refreshing-skin-150ml\/","url_meta":{"origin":31749,"position":3},"title":"TIRTIR MILK SKIN TONER REFRESHING SKIN 150ml","author":"admin","date":"May 10, 2024","format":false,"excerpt":"Offrez \u00e0 votre peau une hydratation intense, combattez efficacement la s\u00e9cheresse et la fatigue, tout en procurant une sensation apaisante in\u00e9gal\u00e9e pour obtenir ce teint convoit\u00e9 de peau de verre. [SOUTIEN DE LA BARRI\u00c8RE CUTAN\u00c9E] Renforcez la barri\u00e8re protectrice de votre peau pour att\u00e9nuer la s\u00e9cheresse et b\u00e9n\u00e9ficier aux peaux\u2026","rel":"","context":"Similar post","block_context":{"text":"Similar post","link":""},"img":{"alt_text":"","src":"","width":0,"height":0},"classes":[]},{"id":31957,"url":"https:\/\/sakaba.mghosteur.com\/en\/product\/cerave-facial-moisturizing-lotion-pm-89ml\/","url_meta":{"origin":31749,"position":4},"title":"CERAVE FACIAL MOISTURIZING LOTION PM 89ML","author":"admin","date":"May 13, 2024","format":false,"excerpt":"Quel que soit votre type de peau, m\u00eame si elle est grasse, votre peau a besoin d'hydratation 24 heures sur 24. Mais il peut aussi avoir besoin d'autres choses, comme des ingr\u00e9dients apaisants, une texture plus douce et une aide \u00e0 restaurer sa barri\u00e8re d'hydratation naturelle. L'int\u00e9gration d'une cr\u00e8me de\u2026","rel":"","context":"Similar post","block_context":{"text":"Similar post","link":""},"img":{"alt_text":"","src":"","width":0,"height":0},"classes":[]},{"id":32012,"url":"https:\/\/sakaba.mghosteur.com\/en\/product\/cerave-facial-moisturizing-lotion-pm-60ml\/","url_meta":{"origin":31749,"position":5},"title":"CERAVE FACIAL MOISTURIZING LOTION PM 60ML","author":"admin","date":"May 13, 2024","format":false,"excerpt":"Quel que soit votre type de peau, m\u00eame si elle est grasse, votre peau a besoin d'hydratation 24 heures sur 24. Mais il peut aussi avoir besoin d'autres choses, comme des ingr\u00e9dients apaisants, une texture plus douce et une aide \u00e0 restaurer sa barri\u00e8re d'hydratation naturelle. L'int\u00e9gration d'une cr\u00e8me de\u2026","rel":"","context":"Similar post","block_context":{"text":"Similar post","link":""},"img":{"alt_text":"","src":"","width":0,"height":0},"classes":[]}],"_links":{"self":[{"href":"https:\/\/sakaba.mghosteur.com\/en\/wp-json\/wp\/v2\/product\/31749","targetHints":{"allow":["GET"]}}],"collection":[{"href":"https:\/\/sakaba.mghosteur.com\/en\/wp-json\/wp\/v2\/product"}],"about":[{"href":"https:\/\/sakaba.mghosteur.com\/en\/wp-json\/wp\/v2\/types\/product"}],"replies":[{"embeddable":true,"href":"https:\/\/sakaba.mghosteur.com\/en\/wp-json\/wp\/v2\/comments?post=31749"}],"version-history":[{"count":0,"href":"https:\/\/sakaba.mghosteur.com\/en\/wp-json\/wp\/v2\/product\/31749\/revisions"}],"wp:attachment":[{"href":"https:\/\/sakaba.mghosteur.com\/en\/wp-json\/wp\/v2\/media?parent=31749"}],"wp:term":[{"taxonomy":"product_brand","embeddable":true,"href":"https:\/\/sakaba.mghosteur.com\/en\/wp-json\/wp\/v2\/product_brand?post=31749"},{"taxonomy":"product_cat","embeddable":true,"href":"https:\/\/sakaba.mghosteur.com\/en\/wp-json\/wp\/v2\/product_cat?post=31749"},{"taxonomy":"product_tag","embeddable":true,"href":"https:\/\/sakaba.mghosteur.com\/en\/wp-json\/wp\/v2\/product_tag?post=31749"}],"curies":[{"name":"wp","href":"https:\/\/api.w.org\/{rel}","templated":true}]}}