{"id":31755,"date":"2024-05-10T13:21:01","date_gmt":"2024-05-10T13:21:01","guid":{"rendered":"https:\/\/sakaba.mghosteur.com\/?post_type=product&#038;p=31755"},"modified":"2024-08-08T16:58:43","modified_gmt":"2024-08-08T16:58:43","slug":"byoma-moisturing-gel-cream","status":"publish","type":"product","link":"https:\/\/sakaba.mghosteur.com\/en\/product\/byoma-moisturing-gel-cream\/","title":{"rendered":"BYOMA MOISTURIZING GEL CREAM"},"content":{"rendered":"<p>Cette cr\u00e8me hydratante quotidienne l\u00e9g\u00e8re et sans huile offre une hydratation cibl\u00e9e et efficace aux peaux assoiff\u00e9es. Sa texture gel-cr\u00e8me unique s&#8217;absorbe instantan\u00e9ment, adoucissant et hydratant la peau gr\u00e2ce \u00e0 un m\u00e9lange d&#8217;ingr\u00e9dients soigneusement s\u00e9lectionn\u00e9s qui renforcent la barri\u00e8re cutan\u00e9e. C&#8217;est la texture l\u00e9g\u00e8re et rafra\u00eechissante d&#8217;un gel avec l&#8217;hydratation durable d&#8217;une cr\u00e8me.<\/p>\n<p>M\u00e9lange du complexe Tri-Ceramide (c\u00e9ramides, cholest\u00e9rol, acides gras) qui renforce la barri\u00e8re cutan\u00e9e avec des ingr\u00e9dients vedettes comme la niacinamide et le th\u00e9 vert, riches en antioxydants pour prot\u00e9ger la fonction de barri\u00e8re cutan\u00e9e. Cette cr\u00e8me gel cliniquement prouv\u00e9e augmente imm\u00e9diatement l&#8217;hydratation de la peau et aide \u00e0 r\u00e9duire sa sensibilit\u00e9.<\/p>","protected":false},"excerpt":{"rendered":"<p>Cette cr\u00e8me hydratante quotidienne l\u00e9g\u00e8re et sans huile offre une hydratation cibl\u00e9e et efficace aux peaux assoiff\u00e9es. Sa texture gel-cr\u00e8me unique s&#8217;absorbe instantan\u00e9ment, adoucissant et hydratant la peau gr\u00e2ce \u00e0 un m\u00e9lange d&#8217;ingr\u00e9dients soigneusement s\u00e9lectionn\u00e9s qui renforcent la barri\u00e8re cutan\u00e9e. C&#8217;est la texture l\u00e9g\u00e8re et rafra\u00eechissante d&#8217;un gel avec l&#8217;hydratation durable d&#8217;une cr\u00e8me. M\u00e9lange du<span class=\"read-more-faq\"><a href=\"https:\/\/sakaba.mghosteur.com\/en\/product\/byoma-moisturing-gel-cream\/\">Read More<\/a><\/span><\/p>","protected":false},"featured_media":0,"comment_status":"open","ping_status":"closed","template":"","meta":[],"product_brand":[811],"product_cat":[451,334],"product_tag":[],"class_list":{"0":"post-31755","1":"product","2":"type-product","3":"status-publish","5":"product_brand-byoma","6":"product_cat-aab-soin-du-visage","7":"product_cat-traitement-serum","9":"first","10":"instock","11":"shipping-taxable","12":"product-type-simple"},"jetpack-related-posts":[{"id":29088,"url":"https:\/\/sakaba.mghosteur.com\/en\/product\/cerave-moisturizing-cream-453g\/","url_meta":{"origin":31755,"position":0},"title":"CERAVE MOISTURIZING CREAM 453G","author":"admin","date":"March 13, 2023","format":false,"excerpt":"La cr\u00e8me hydratante CeraVe est une solution id\u00e9ale pour les personnes souffrant de s\u00e9cheresse cutan\u00e9e et de d\u00e9mangeaisons. Gr\u00e2ce \u00e0 sa formule riche en acide hyaluronique et en c\u00e9ramides, elle aide \u00e0 hydrater la peau en profondeur et \u00e0 restaurer sa barri\u00e8re naturelle de protection. La cr\u00e8me contient trois c\u00e9ramides\u2026","rel":"","context":"Similar post","block_context":{"text":"Similar post","link":""},"img":{"alt_text":"","src":"","width":0,"height":0},"classes":[]},{"id":31957,"url":"https:\/\/sakaba.mghosteur.com\/en\/product\/cerave-facial-moisturizing-lotion-pm-89ml\/","url_meta":{"origin":31755,"position":1},"title":"CERAVE FACIAL MOISTURIZING LOTION PM 89ML","author":"admin","date":"May 13, 2024","format":false,"excerpt":"Quel que soit votre type de peau, m\u00eame si elle est grasse, votre peau a besoin d'hydratation 24 heures sur 24. Mais il peut aussi avoir besoin d'autres choses, comme des ingr\u00e9dients apaisants, une texture plus douce et une aide \u00e0 restaurer sa barri\u00e8re d'hydratation naturelle. L'int\u00e9gration d'une cr\u00e8me de\u2026","rel":"","context":"Similar post","block_context":{"text":"Similar post","link":""},"img":{"alt_text":"","src":"","width":0,"height":0},"classes":[]},{"id":32012,"url":"https:\/\/sakaba.mghosteur.com\/en\/product\/cerave-facial-moisturizing-lotion-pm-60ml\/","url_meta":{"origin":31755,"position":2},"title":"CERAVE FACIAL MOISTURIZING LOTION PM 60ML","author":"admin","date":"May 13, 2024","format":false,"excerpt":"Quel que soit votre type de peau, m\u00eame si elle est grasse, votre peau a besoin d'hydratation 24 heures sur 24. Mais il peut aussi avoir besoin d'autres choses, comme des ingr\u00e9dients apaisants, une texture plus douce et une aide \u00e0 restaurer sa barri\u00e8re d'hydratation naturelle. L'int\u00e9gration d'une cr\u00e8me de\u2026","rel":"","context":"Similar post","block_context":{"text":"Similar post","link":""},"img":{"alt_text":"","src":"","width":0,"height":0},"classes":[]},{"id":31758,"url":"https:\/\/sakaba.mghosteur.com\/en\/product\/byoma-moisturing-rich-cream\/","url_meta":{"origin":31755,"position":3},"title":"BYOMA MOISTURING RICH CREAM","author":"admin","date":"May 10, 2024","format":false,"excerpt":"CR\u00c8ME RICHE HYDRATANTE HYDRATER ET RESTAURER 50 ML\/1,69 FL.OZ Cette cr\u00e8me riche et profond\u00e9ment hydratante fond sur la peau pour une hydratation intense et une am\u00e9lioration de la texture cutan\u00e9e, offrant des r\u00e9sultats repulp\u00e9s et souples ainsi qu'une barri\u00e8re cutan\u00e9e plus forte. Le complexe tri-c\u00e9ramide, compos\u00e9 de c\u00e9ramides, de cholest\u00e9rol\u2026","rel":"","context":"Similar post","block_context":{"text":"Similar post","link":""},"img":{"alt_text":"","src":"","width":0,"height":0},"classes":[]},{"id":23934,"url":"https:\/\/sakaba.mghosteur.com\/en\/product\/cerave-acne-control-gel-2-salicylic-acid\/","url_meta":{"origin":31755,"position":4},"title":"CERAVE : ACNE CONTROL GEL 2% SALICYLIC ACID","author":"admin","date":"November 9, 2022","format":false,"excerpt":"Le gel anti-acn\u00e9 hydratant CeraVe Acne Control Gel est la solution compl\u00e8te pour traiter l'acn\u00e9 et pr\u00e9venir les \u00e9ruptions cutan\u00e9es futures. Avec sa formule l\u00e9g\u00e8re et non ass\u00e9chante, il est parfait pour une utilisation quotidienne et convient \u00e0 tous les types de peau, m\u00eame les plus sensibles. Enrichi en acides\u2026","rel":"","context":"Similar post","block_context":{"text":"Similar post","link":""},"img":{"alt_text":"","src":"","width":0,"height":0},"classes":[]},{"id":29028,"url":"https:\/\/sakaba.mghosteur.com\/en\/product\/cerave-facial-moisturizing-cream-19-oz\/","url_meta":{"origin":31755,"position":5},"title":"Cerave Facial Moisturizing Cream 19 OZ","author":"admin","date":"March 10, 2023","format":false,"excerpt":"La cr\u00e8me hydratante restauratrice de barri\u00e8res CeraVe est sp\u00e9cialement con\u00e7ue pour les peaux s\u00e8ches \u00e0 tr\u00e8s s\u00e8ches du visage et du corps. Cette cr\u00e8me contient de l'acide hyaluronique et 3 c\u00e9ramides essentiels qui agissent ensemble pour hydrater la peau et restaurer sa barri\u00e8re naturelle. La technologie MVE encapsule les c\u00e9ramides\u2026","rel":"","context":"Similar post","block_context":{"text":"Similar post","link":""},"img":{"alt_text":"","src":"","width":0,"height":0},"classes":[]}],"_links":{"self":[{"href":"https:\/\/sakaba.mghosteur.com\/en\/wp-json\/wp\/v2\/product\/31755","targetHints":{"allow":["GET"]}}],"collection":[{"href":"https:\/\/sakaba.mghosteur.com\/en\/wp-json\/wp\/v2\/product"}],"about":[{"href":"https:\/\/sakaba.mghosteur.com\/en\/wp-json\/wp\/v2\/types\/product"}],"replies":[{"embeddable":true,"href":"https:\/\/sakaba.mghosteur.com\/en\/wp-json\/wp\/v2\/comments?post=31755"}],"version-history":[{"count":0,"href":"https:\/\/sakaba.mghosteur.com\/en\/wp-json\/wp\/v2\/product\/31755\/revisions"}],"wp:attachment":[{"href":"https:\/\/sakaba.mghosteur.com\/en\/wp-json\/wp\/v2\/media?parent=31755"}],"wp:term":[{"taxonomy":"product_brand","embeddable":true,"href":"https:\/\/sakaba.mghosteur.com\/en\/wp-json\/wp\/v2\/product_brand?post=31755"},{"taxonomy":"product_cat","embeddable":true,"href":"https:\/\/sakaba.mghosteur.com\/en\/wp-json\/wp\/v2\/product_cat?post=31755"},{"taxonomy":"product_tag","embeddable":true,"href":"https:\/\/sakaba.mghosteur.com\/en\/wp-json\/wp\/v2\/product_tag?post=31755"}],"curies":[{"name":"wp","href":"https:\/\/api.w.org\/{rel}","templated":true}]}}