{"id":31763,"date":"2024-05-10T13:29:31","date_gmt":"2024-05-10T13:29:31","guid":{"rendered":"https:\/\/sakaba.mghosteur.com\/?post_type=product&#038;p=31763"},"modified":"2024-08-08T16:48:18","modified_gmt":"2024-08-08T16:48:18","slug":"byoma-brightening-body-lotion-400ml","status":"publish","type":"product","link":"https:\/\/sakaba.mghosteur.com\/en\/product\/byoma-brightening-body-lotion-400ml\/","title":{"rendered":"BYOMA BRIGHTENING BODY LOTION 400ML"},"content":{"rendered":"<p>Cette lotion corporelle l\u00e9g\u00e8re et soyeuse exfolie en douceur pour am\u00e9liorer l&#8217;apparence g\u00e9n\u00e9rale de la peau, sans perturber la fonction de barri\u00e8re cutan\u00e9e.<\/p>\n<p>La formule illuminatrice agit pour \u00e9claircir la peau, fournir une hydratation imm\u00e9diate tout en soutenant la fonction de barri\u00e8re cutan\u00e9e.<\/p>\n<p>Avec un complexe tri-c\u00e9ramide et un m\u00e9lange d&#8217;ur\u00e9e et de niacinamide b\u00e9n\u00e9fiques pour la peau, cette lotion corporelle cliniquement prouv\u00e9e \u00e9claircira visiblement la peau, uniformisera le teint et la texture tout en hydratant et en reconstituant efficacement les niveaux d&#8217;hydratation au quotidien.<\/p>","protected":false},"excerpt":{"rendered":"<p>Cette lotion corporelle l\u00e9g\u00e8re et soyeuse exfolie en douceur pour am\u00e9liorer l&#8217;apparence g\u00e9n\u00e9rale de la peau, sans perturber la fonction de barri\u00e8re cutan\u00e9e. La formule illuminatrice agit pour \u00e9claircir la peau, fournir une hydratation imm\u00e9diate tout en soutenant la fonction de barri\u00e8re cutan\u00e9e. Avec un complexe tri-c\u00e9ramide et un m\u00e9lange d&#8217;ur\u00e9e et de niacinamide b\u00e9n\u00e9fiques<span class=\"read-more-faq\"><a href=\"https:\/\/sakaba.mghosteur.com\/en\/product\/byoma-brightening-body-lotion-400ml\/\">Read More<\/a><\/span><\/p>","protected":false},"featured_media":0,"comment_status":"open","ping_status":"closed","template":"","meta":[],"product_brand":[811],"product_cat":[447,1061],"product_tag":[],"class_list":{"0":"post-31763","1":"product","2":"type-product","3":"status-publish","5":"product_brand-byoma","6":"product_cat-aac-bain-et-corps","7":"product_cat-lait-huile_corporelle","9":"first","10":"instock","11":"shipping-taxable","12":"product-type-simple"},"jetpack-related-posts":[{"id":31677,"url":"https:\/\/sakaba.mghosteur.com\/en\/product\/aplb-glutathione-niacinamide-body-lotion-12-5\/","url_meta":{"origin":31763,"position":0},"title":"APLB GLUTATHIONE NIACINAMIDE BODY LOTION 12.5%","author":"admin","date":"May 10, 2024","format":false,"excerpt":"D\u00e9couvrez la Lotion Corporelle Glutathion Niacinamide, \u00e9galement connue sous le nom de LIPO GLUTA NIAC CEN 12,5%. Avec une concentration puissante de Glutathion \u00e0 1 000 ppm et de Niacinamide \u00e0 1 000 ppm, enrichie de 12,3 % d'extrait de Centella Asiatica, ce produit offre une exp\u00e9rience de soin corporel\u2026","rel":"","context":"Similar post","block_context":{"text":"Similar post","link":""},"img":{"alt_text":"","src":"","width":0,"height":0},"classes":[]},{"id":31559,"url":"https:\/\/sakaba.mghosteur.com\/en\/product\/vaseline-nourishing-moisture-600ml\/","url_meta":{"origin":31763,"position":1},"title":"VASELINE NOURISHING MOISTURE 600ML","author":"admin","date":"May 10, 2024","format":false,"excerpt":"D\u00e9couvrez la lotion hydratante nourrissante Vaseline Intensive Care, une solution innovante pour revitaliser votre peau. Formul\u00e9e avec de l'extrait d'avoine pur, cette lotion est sp\u00e9cialement con\u00e7ue pour r\u00e9tablir l'hydratation de votre peau. Test\u00e9e par des dermatologues, sa formule \u00e0 absorption rapide assure 48 heures d'hydratation, laissant votre peau douce et\u2026","rel":"","context":"Similar post","block_context":{"text":"Similar post","link":""},"img":{"alt_text":"","src":"","width":0,"height":0},"classes":[]},{"id":28103,"url":"https:\/\/sakaba.mghosteur.com\/en\/product\/cerave-baby-moisturizing-lotion\/","url_meta":{"origin":31763,"position":2},"title":"CERAVE BABY MOISTURIZING LOTION","author":"admin","date":"November 30, 2022","format":false,"excerpt":"La lotion hydratante pour b\u00e9b\u00e9 de la marque CeraVe est un choix id\u00e9al pour les parents \u00e0 la recherche d'une formule douce et efficace pour hydrater la peau de leur b\u00e9b\u00e9 tout en prot\u00e9geant sa barri\u00e8re cutan\u00e9e d\u00e9licate. D\u00e9velopp\u00e9e avec des dermatologues p\u00e9diatriques, cette lotion pour b\u00e9b\u00e9 est exempte de\u2026","rel":"","context":"Similar post","block_context":{"text":"Similar post","link":""},"img":{"alt_text":"","src":"","width":0,"height":0},"classes":[]},{"id":31432,"url":"https:\/\/sakaba.mghosteur.com\/en\/product\/kojie-san-skin-lightening-body-lotion\/","url_meta":{"origin":31763,"position":3},"title":"KOJIE SAN SKIN LIGHTENING BODY LOTION","author":"admin","date":"May 10, 2024","format":false,"excerpt":"D\u00e9couvrez la lotion \u00e9claircissante pour le corps Kojie-San dans sa version GRANDE bouteille de 200 g. Ce produit renferme un m\u00e9lange pr\u00e9cieux d'ingr\u00e9dients naturels, dont l'acide kojique, l'huile de rose musqu\u00e9e, le collag\u00e8ne et la vitamine E, pour une peau visiblement jeune et \u00e9clatante de sant\u00e9. Contenance : 200g Action\u2026","rel":"","context":"Similar post","block_context":{"text":"Similar post","link":""},"img":{"alt_text":"","src":"","width":0,"height":0},"classes":[]},{"id":29899,"url":"https:\/\/sakaba.mghosteur.com\/en\/product\/vaseline-calm-healing-600ml\/","url_meta":{"origin":31763,"position":4},"title":"VASELINE CALM HEALING 600ML","author":"admin","date":"April 27, 2023","format":false,"excerpt":"D\u00e9couvrez la lotion apaisante Vaseline Intensive Care pour une peau s\u00e8che et stress\u00e9e. Cette lotion test\u00e9e par des dermatologues est con\u00e7ue pour aider \u00e0 gu\u00e9rir et \u00e0 restaurer la peau s\u00e8che tout en procurant un moment de d\u00e9tente gr\u00e2ce \u00e0 son l\u00e9ger parfum de lavande. Elle contient de l'extrait de\u2026","rel":"","context":"Similar post","block_context":{"text":"Similar post","link":""},"img":{"alt_text":"","src":"","width":0,"height":0},"classes":[]},{"id":24192,"url":"https:\/\/sakaba.mghosteur.com\/en\/product\/cerave-facial-moisturizing-lotion-am-60ml-2\/","url_meta":{"origin":31763,"position":5},"title":"CERAVE FACIAL MOISTURIZING LOTION AM 60ML","author":"admin","date":"November 9, 2022","format":false,"excerpt":"La lotion hydratante pour le visage CeraVe AM avec FPS 30 est une cr\u00e8me hydratante quotidienne essentielle qui aide \u00e0 prot\u00e9ger votre peau des rayons UVA et UVB nocifs, tout en restaurant votre barri\u00e8re cutan\u00e9e. Enrichi en acide hyaluronique, niacinamide et c\u00e9ramides, cette formule non com\u00e9dog\u00e8ne hydrate la peau en\u2026","rel":"","context":"Similar post","block_context":{"text":"Similar post","link":""},"img":{"alt_text":"","src":"","width":0,"height":0},"classes":[]}],"_links":{"self":[{"href":"https:\/\/sakaba.mghosteur.com\/en\/wp-json\/wp\/v2\/product\/31763","targetHints":{"allow":["GET"]}}],"collection":[{"href":"https:\/\/sakaba.mghosteur.com\/en\/wp-json\/wp\/v2\/product"}],"about":[{"href":"https:\/\/sakaba.mghosteur.com\/en\/wp-json\/wp\/v2\/types\/product"}],"replies":[{"embeddable":true,"href":"https:\/\/sakaba.mghosteur.com\/en\/wp-json\/wp\/v2\/comments?post=31763"}],"version-history":[{"count":0,"href":"https:\/\/sakaba.mghosteur.com\/en\/wp-json\/wp\/v2\/product\/31763\/revisions"}],"wp:attachment":[{"href":"https:\/\/sakaba.mghosteur.com\/en\/wp-json\/wp\/v2\/media?parent=31763"}],"wp:term":[{"taxonomy":"product_brand","embeddable":true,"href":"https:\/\/sakaba.mghosteur.com\/en\/wp-json\/wp\/v2\/product_brand?post=31763"},{"taxonomy":"product_cat","embeddable":true,"href":"https:\/\/sakaba.mghosteur.com\/en\/wp-json\/wp\/v2\/product_cat?post=31763"},{"taxonomy":"product_tag","embeddable":true,"href":"https:\/\/sakaba.mghosteur.com\/en\/wp-json\/wp\/v2\/product_tag?post=31763"}],"curies":[{"name":"wp","href":"https:\/\/api.w.org\/{rel}","templated":true}]}}