{"id":31770,"date":"2024-05-10T13:33:14","date_gmt":"2024-05-10T13:33:14","guid":{"rendered":"https:\/\/sakaba.mghosteur.com\/?post_type=product&#038;p=31770"},"modified":"2024-06-06T17:10:14","modified_gmt":"2024-06-06T17:10:14","slug":"amlactic-daily-nourish-5-lactic-acid-225g","status":"publish","type":"product","link":"https:\/\/sakaba.mghosteur.com\/en\/product\/amlactic-daily-nourish-5-lactic-acid-225g\/","title":{"rendered":"AMLACTIC DAILY NOURISH 5% LACTIC ACID 225g"},"content":{"rendered":"","protected":false},"excerpt":{"rendered":"","protected":false},"featured_media":0,"comment_status":"open","ping_status":"closed","template":"","meta":[],"product_brand":[782],"product_cat":[286,1061],"product_tag":[],"class_list":{"0":"post-31770","1":"product","2":"type-product","3":"status-publish","5":"product_brand-amlactin","6":"product_cat-corps","7":"product_cat-lait-huile_corporelle","9":"first","10":"instock","11":"shipping-taxable","12":"product-type-simple"},"jetpack-related-posts":[{"id":31767,"url":"https:\/\/sakaba.mghosteur.com\/en\/product\/amlactic-daily-vitamin-c-7-lactic-acid-225g\/","url_meta":{"origin":31770,"position":0},"title":"AMLACTIC DAILY VITAMIN C 7% LACTIC ACID 225g","author":"admin","date":"May 10, 2024","format":false,"excerpt":"","rel":"","context":"Similar post","block_context":{"text":"Similar post","link":""},"img":{"alt_text":"","src":"","width":0,"height":0},"classes":[]},{"id":24148,"url":"https:\/\/sakaba.mghosteur.com\/en\/product\/amlactin-rapid-relief-15-lactic-acid-lotion-225g\/","url_meta":{"origin":31770,"position":1},"title":"AMLACTIN RAPID RELIEF 15% LACTIC ACID LOTION 225G","author":"admin","date":"November 9, 2022","format":false,"excerpt":"Description Recommand\u00e9 par les dermatologues Acide lactique \u00e0 15% pour les peaux squameuses, cendr\u00e9es et s\u00e8ches 3 c\u00e9ramides aident \u00e0 retenir l'humidit\u00e9 R\u00e9duit l'apparence des rides et des ridules Soulagement de la s\u00e9cheresse pendant 24 heures Sans parab\u00e8ne Non gras Transformez instantan\u00e9ment l'apparence de votre peau avec cette lotion r\u00e9paratrice\u2026","rel":"","context":"Similar post","block_context":{"text":"Similar post","link":""},"img":{"alt_text":"","src":"","width":0,"height":0},"classes":[]},{"id":31723,"url":"https:\/\/sakaba.mghosteur.com\/en\/product\/medix-5-5-glucolic-lactic-acid-skin-perfect-body-wash-444ml\/","url_meta":{"origin":31770,"position":2},"title":"MEDIX 5.5 GLUCOLIC LACTIC ACID SKIN PERFECT  BODY WASH 444ML","author":"admin","date":"May 10, 2024","format":false,"excerpt":"Acide glycolique + acide lactique Perfectionnement de la peau - Nettoyant pour le corps 15oz. Un favori des fans, ce nettoyant corporel quotidien sans sulfate est infus\u00e9 d\u2019acides alpha-hydroxy pour vous offrir un premier pas vers une peau saine et radieuse. Formul\u00e9 sp\u00e9cialement pour pr\u00e9parer la peau aux traitements, il\u2026","rel":"","context":"Similar post","block_context":{"text":"Similar post","link":""},"img":{"alt_text":"","src":"","width":0,"height":0},"classes":[]},{"id":31738,"url":"https:\/\/sakaba.mghosteur.com\/en\/product\/medix-5-5-10-glycolic-lactic-acid\/","url_meta":{"origin":31770,"position":3},"title":"MEDIX 5.5 10% GLYCOLIC + LACTIC ACID","author":"admin","date":"May 10, 2024","format":false,"excerpt":"Le s\u00e9rum \u00e0 l'acide glycolique Medix 5.5 r\u00e9duit visiblement l'apparence des pores obstru\u00e9s, de la texture de la peau rugueuse, du teint irr\u00e9gulier, des rougeurs et des taches brunes. Le peeling exfoliant de nuit pour le visage \u00e0 l'acide glycolique \u00e9limine efficacement les cellules mortes de la peau pour affiner,\u2026","rel":"","context":"Similar post","block_context":{"text":"Similar post","link":""},"img":{"alt_text":"","src":"","width":0,"height":0},"classes":[]},{"id":27958,"url":"https:\/\/sakaba.mghosteur.com\/en\/product\/10-glycolic-lactic-acid\/","url_meta":{"origin":31770,"position":4},"title":"10% GLYCOLIC + LACTIC ACID","author":"admin","date":"November 29, 2022","format":false,"excerpt":"","rel":"","context":"Similar post","block_context":{"text":"Similar post","link":""},"img":{"alt_text":"","src":"","width":0,"height":0},"classes":[]},{"id":28013,"url":"https:\/\/sakaba.mghosteur.com\/en\/product\/squalane-lactic-acid-resurfacing-night-serum\/","url_meta":{"origin":31770,"position":5},"title":"SQUALANE +LACTIC ACID RESURFACING NIGHT SERUM","author":"admin","date":"November 29, 2022","format":false,"excerpt":"","rel":"","context":"Similar post","block_context":{"text":"Similar post","link":""},"img":{"alt_text":"","src":"","width":0,"height":0},"classes":[]}],"_links":{"self":[{"href":"https:\/\/sakaba.mghosteur.com\/en\/wp-json\/wp\/v2\/product\/31770","targetHints":{"allow":["GET"]}}],"collection":[{"href":"https:\/\/sakaba.mghosteur.com\/en\/wp-json\/wp\/v2\/product"}],"about":[{"href":"https:\/\/sakaba.mghosteur.com\/en\/wp-json\/wp\/v2\/types\/product"}],"replies":[{"embeddable":true,"href":"https:\/\/sakaba.mghosteur.com\/en\/wp-json\/wp\/v2\/comments?post=31770"}],"version-history":[{"count":0,"href":"https:\/\/sakaba.mghosteur.com\/en\/wp-json\/wp\/v2\/product\/31770\/revisions"}],"wp:attachment":[{"href":"https:\/\/sakaba.mghosteur.com\/en\/wp-json\/wp\/v2\/media?parent=31770"}],"wp:term":[{"taxonomy":"product_brand","embeddable":true,"href":"https:\/\/sakaba.mghosteur.com\/en\/wp-json\/wp\/v2\/product_brand?post=31770"},{"taxonomy":"product_cat","embeddable":true,"href":"https:\/\/sakaba.mghosteur.com\/en\/wp-json\/wp\/v2\/product_cat?post=31770"},{"taxonomy":"product_tag","embeddable":true,"href":"https:\/\/sakaba.mghosteur.com\/en\/wp-json\/wp\/v2\/product_tag?post=31770"}],"curies":[{"name":"wp","href":"https:\/\/api.w.org\/{rel}","templated":true}]}}