{"id":31773,"date":"2024-05-10T13:33:50","date_gmt":"2024-05-10T13:33:50","guid":{"rendered":"https:\/\/sakaba.mghosteur.com\/?post_type=product&#038;p=31773"},"modified":"2024-08-08T02:28:02","modified_gmt":"2024-08-08T02:28:02","slug":"amlactin-rapid-relief-12-lactic-acid-lotion-400g","status":"publish","type":"product","link":"https:\/\/sakaba.mghosteur.com\/en\/product\/amlactin-rapid-relief-12-lactic-acid-lotion-400g\/","title":{"rendered":"AMLACTIN RAPID RELIEF 12% LACTIC ACID LOTION 400G"},"content":{"rendered":"<p>Enrichissez votre peau au quotidien avec cette lotion exfoliante \u00e0 base d&#8217;acide lactique \u00e0 12% cliniquement prouv\u00e9.<\/p>\n<p>Hydrate imm\u00e9diatement et restaure l&#8217;\u00e9clat de la peau<\/p>\n<p>Exfolie en douceur, hydrate en profondeur<\/p>\n<p>Hydratation non grasse et longue dur\u00e9e<\/p>\n<p>Formul\u00e9 avec du lactate d&#8217;ammonium, \u00e9quivalent \u00e012 % d&#8217;acide lactique<\/p>\n<p>Formul\u00e9 sans parfum, sans parab\u00e8nes ni phtalates<\/p>","protected":false},"excerpt":{"rendered":"<p>Enrichissez votre peau au quotidien avec cette lotion exfoliante \u00e0 base d&#8217;acide lactique \u00e0 12% cliniquement prouv\u00e9. Hydrate imm\u00e9diatement et restaure l&#8217;\u00e9clat de la peau Exfolie en douceur, hydrate en profondeur Hydratation non grasse et longue dur\u00e9e Formul\u00e9 avec du lactate d&#8217;ammonium, \u00e9quivalent \u00e012 % d&#8217;acide lactique Formul\u00e9 sans parfum, sans parab\u00e8nes ni phtalates<\/p>","protected":false},"featured_media":0,"comment_status":"open","ping_status":"closed","template":"","meta":[],"product_brand":[782],"product_cat":[447,291,1061],"product_tag":[],"class_list":{"0":"post-31773","1":"product","2":"type-product","3":"status-publish","5":"product_brand-amlactin","6":"product_cat-aac-bain-et-corps","7":"product_cat-eclaircissant","8":"product_cat-lait-huile_corporelle","10":"first","11":"instock","12":"shipping-taxable","13":"product-type-simple"},"jetpack-related-posts":[{"id":33409,"url":"https:\/\/sakaba.mghosteur.com\/en\/product\/sctch-porter-hydrate-nourish-beard-conditioner\/","url_meta":{"origin":31773,"position":0},"title":"SCOTCH PORTER HYDRATE &amp; NOURISH BEARD CONDITIONER","author":"admin","date":"May 21, 2024","format":false,"excerpt":"Scotch Porter Hydrate & Nourish Beard Conditioner is a sulfate-free, paraben-free, organic, and cruelty-free conditioner that is designed to hydrate and nourish beards while strengthening facial hair.\u00a0It contains coconut, biotin, and shea butter.\u00a0The conditioner is gentle on the skin and uses natural ingredients like biotin liposome and marshmallow root to\u2026","rel":"","context":"Similar post","block_context":{"text":"Similar post","link":""},"img":{"alt_text":"","src":"","width":0,"height":0},"classes":[]}],"_links":{"self":[{"href":"https:\/\/sakaba.mghosteur.com\/en\/wp-json\/wp\/v2\/product\/31773","targetHints":{"allow":["GET"]}}],"collection":[{"href":"https:\/\/sakaba.mghosteur.com\/en\/wp-json\/wp\/v2\/product"}],"about":[{"href":"https:\/\/sakaba.mghosteur.com\/en\/wp-json\/wp\/v2\/types\/product"}],"replies":[{"embeddable":true,"href":"https:\/\/sakaba.mghosteur.com\/en\/wp-json\/wp\/v2\/comments?post=31773"}],"version-history":[{"count":0,"href":"https:\/\/sakaba.mghosteur.com\/en\/wp-json\/wp\/v2\/product\/31773\/revisions"}],"wp:attachment":[{"href":"https:\/\/sakaba.mghosteur.com\/en\/wp-json\/wp\/v2\/media?parent=31773"}],"wp:term":[{"taxonomy":"product_brand","embeddable":true,"href":"https:\/\/sakaba.mghosteur.com\/en\/wp-json\/wp\/v2\/product_brand?post=31773"},{"taxonomy":"product_cat","embeddable":true,"href":"https:\/\/sakaba.mghosteur.com\/en\/wp-json\/wp\/v2\/product_cat?post=31773"},{"taxonomy":"product_tag","embeddable":true,"href":"https:\/\/sakaba.mghosteur.com\/en\/wp-json\/wp\/v2\/product_tag?post=31773"}],"curies":[{"name":"wp","href":"https:\/\/api.w.org\/{rel}","templated":true}]}}