{"id":31779,"date":"2024-05-10T14:21:26","date_gmt":"2024-05-10T14:21:26","guid":{"rendered":"https:\/\/sakaba.mghosteur.com\/?post_type=product&#038;p=31779"},"modified":"2024-08-07T20:06:36","modified_gmt":"2024-08-07T20:06:36","slug":"anua-peach-77-niacin-enriched-cream-50ml","status":"publish","type":"product","link":"https:\/\/sakaba.mghosteur.com\/en\/product\/anua-peach-77-niacin-enriched-cream-50ml\/","title":{"rendered":"ANUA PEACH 77 NIACIN ENRICHED CREAM 50ML"},"content":{"rendered":"<p>Une cr\u00e8me hydratante enrichie \u00e0 77 % d&#8217;extrait de fruit de Prunus Persica (p\u00eache) aide \u00e0 restaurer une peau p\u00eache et ros\u00e9e. Infus\u00e9e de c\u00e9ramide, de collag\u00e8ne, de panth\u00e9nol et de prot\u00e9ines qui revitalisent et hydratent la peau s\u00e8che. La texture g\u00e9latineuse du pudding permet une absorption rapide dans la peau sans coller. A r\u00e9ussi le test d&#8217;irritation cutan\u00e9e, il convient \u00e0 tous les types de peau.<\/p>","protected":false},"excerpt":{"rendered":"<p>Une cr\u00e8me hydratante enrichie \u00e0 77 % d&#8217;extrait de fruit de Prunus Persica (p\u00eache) aide \u00e0 restaurer une peau p\u00eache et ros\u00e9e. Infus\u00e9e de c\u00e9ramide, de collag\u00e8ne, de panth\u00e9nol et de prot\u00e9ines qui revitalisent et hydratent la peau s\u00e8che. La texture g\u00e9latineuse du pudding permet une absorption rapide dans la peau sans coller. A r\u00e9ussi<span class=\"read-more-faq\"><a href=\"https:\/\/sakaba.mghosteur.com\/en\/product\/anua-peach-77-niacin-enriched-cream-50ml\/\">Read More<\/a><\/span><\/p>","protected":false},"featured_media":0,"comment_status":"open","ping_status":"closed","template":"","meta":[],"product_brand":[1030],"product_cat":[293,331,1018,451],"product_tag":[],"class_list":{"0":"post-31779","1":"product","2":"type-product","3":"status-publish","5":"product_brand-anua","6":"product_cat-anti-taches","7":"product_cat-hydratant-visage","8":"product_cat-aai-produis-coreens","9":"product_cat-aab-soin-du-visage","11":"first","12":"instock","13":"shipping-taxable","14":"product-type-simple"},"jetpack-related-posts":[{"id":31783,"url":"https:\/\/sakaba.mghosteur.com\/en\/product\/anua-peach-77-niacin-essence-toner-250ml-30000\/","url_meta":{"origin":31779,"position":0},"title":"ANUA PEACH 77 NIACIN ESSENCE TONER 250ML","author":"admin","date":"May 10, 2024","format":false,"excerpt":"Une essence tonique hydratante avec 77 % d'extrait de fruit de Prunus Persica (p\u00eache) qui aide \u00e0 cr\u00e9er une base de maquillage longue tenue et lisse. Contient des ingr\u00e9dients hydratants comme le panth\u00e9nol et la c\u00e9ramide, il renforce la barri\u00e8re d'hydratation de la peau. Le syst\u00e8me de peeling fondant \u00e0\u2026","rel":"","context":"Similar post","block_context":{"text":"Similar post","link":""},"img":{"alt_text":"","src":"","width":0,"height":0},"classes":[]},{"id":31793,"url":"https:\/\/sakaba.mghosteur.com\/en\/product\/anua-peach-77-niacin-conditioning-milk-150ml\/","url_meta":{"origin":31779,"position":1},"title":"ANUA PEACH 77 NIACIN CONDITIONING MILK 150ML","author":"admin","date":"May 10, 2024","format":false,"excerpt":"Formul\u00e9 avec 77 % d'extrait de p\u00eache, de c\u00e9ramide et de trois types d'acide hyaluronique, ce lait revitalisant lisse et renforce la barri\u00e8re d'hydratation de la peau pour une peau saine. La formule lact\u00e9e contient de la vitamine B12 et de la niacinamide pour laisser la peau lumineuse et claire.\u2026","rel":"","context":"Similar post","block_context":{"text":"Similar post","link":""},"img":{"alt_text":"","src":"","width":0,"height":0},"classes":[]},{"id":31813,"url":"https:\/\/sakaba.mghosteur.com\/en\/product\/anua-heartleaf-77-clear-pad-160ml\/","url_meta":{"origin":31779,"position":2},"title":"ANUA HEARTLEAF 77% CLEAR PAD 160ml","author":"admin","date":"May 10, 2024","format":false,"excerpt":"Anua Heartleaf 77% Clear Pad est un tampon nettoyant hydratant de 70 feuilles imbib\u00e9 d'extrait de heartleaf \u00e0 77 %. Il est con\u00e7u pour \u00e9liminer les impuret\u00e9s tout en apaisant la peau et convient \u00e0 tous les types de peau, en particulier les peaux sensibles. Le tampon utilise \u00e0 la\u2026","rel":"","context":"Similar post","block_context":{"text":"Similar post","link":""},"img":{"alt_text":"","src":"","width":0,"height":0},"classes":[]},{"id":31852,"url":"https:\/\/sakaba.mghosteur.com\/en\/product\/anua-heartleaf-77-soothing-toner-250ml\/","url_meta":{"origin":31779,"position":3},"title":"ANUA HEARTLEAF 77% SOOTHING TONER 250ML","author":"admin","date":"May 10, 2024","format":false,"excerpt":"Excellent soin pour les probl\u00e8mes de peau. Il s'agit du toner qui contient de l'extrait de houttuynia cordata au plus haut niveau, ce qui est bon pour les soins des probl\u00e8mes de peau. La feuille de c\u0153ur est tr\u00e8s efficace pour calmer les probl\u00e8mes de peau. \u00c9quilibre optimis\u00e9 de l'huile\u2026","rel":"","context":"Similar post","block_context":{"text":"Similar post","link":""},"img":{"alt_text":"","src":"","width":0,"height":0},"classes":[]},{"id":23826,"url":"https:\/\/sakaba.mghosteur.com\/en\/product\/satin-skinz-hithion-plus\/","url_meta":{"origin":31779,"position":4},"title":"SATIN SKINZ HITHION PLUS","author":"admin","date":"November 8, 2022","format":false,"excerpt":"Le produit Satin Skinz Hithion Plus de la marque Satin Skin est une formule de blanchiment avanc\u00e9e, sp\u00e9cialement con\u00e7ue pour les peaux brunes \u00e0 tr\u00e8s fonc\u00e9es. Elle est dix fois plus puissante que le L-Glutathion et est formul\u00e9e avec des ingr\u00e9dients de haute qualit\u00e9 tels que la Pureway C, l'Appleh\u00e9non,\u2026","rel":"","context":"Similar post","block_context":{"text":"Similar post","link":""},"img":{"alt_text":"","src":"","width":0,"height":0},"classes":[]},{"id":32189,"url":"https:\/\/sakaba.mghosteur.com\/en\/product\/tree-hut-vitamine-c-whipped-shea-body-butter\/","url_meta":{"origin":31779,"position":5},"title":"TREE HUT VITAMINE C WHIPPED SHEA BODY BUTTER","author":"admin","date":"May 13, 2024","format":false,"excerpt":"Profitez d'une peau parfaitement hydrat\u00e9e avec\u00a0le beurre corporel de karit\u00e9 de Tree Hut. Ce beurre de formule l\u00e9g\u00e8re p\u00e9n\u00e8tre rapidement dans la peau sans laisser de sensation grasse. Fournit une hydratation longue dur\u00e9e qui laisse la peau douce, lisse et lumineuse, c'est le soin parfait apr\u00e8s le bain ou pour\u2026","rel":"","context":"Similar post","block_context":{"text":"Similar post","link":""},"img":{"alt_text":"","src":"","width":0,"height":0},"classes":[]}],"_links":{"self":[{"href":"https:\/\/sakaba.mghosteur.com\/en\/wp-json\/wp\/v2\/product\/31779","targetHints":{"allow":["GET"]}}],"collection":[{"href":"https:\/\/sakaba.mghosteur.com\/en\/wp-json\/wp\/v2\/product"}],"about":[{"href":"https:\/\/sakaba.mghosteur.com\/en\/wp-json\/wp\/v2\/types\/product"}],"replies":[{"embeddable":true,"href":"https:\/\/sakaba.mghosteur.com\/en\/wp-json\/wp\/v2\/comments?post=31779"}],"version-history":[{"count":0,"href":"https:\/\/sakaba.mghosteur.com\/en\/wp-json\/wp\/v2\/product\/31779\/revisions"}],"wp:attachment":[{"href":"https:\/\/sakaba.mghosteur.com\/en\/wp-json\/wp\/v2\/media?parent=31779"}],"wp:term":[{"taxonomy":"product_brand","embeddable":true,"href":"https:\/\/sakaba.mghosteur.com\/en\/wp-json\/wp\/v2\/product_brand?post=31779"},{"taxonomy":"product_cat","embeddable":true,"href":"https:\/\/sakaba.mghosteur.com\/en\/wp-json\/wp\/v2\/product_cat?post=31779"},{"taxonomy":"product_tag","embeddable":true,"href":"https:\/\/sakaba.mghosteur.com\/en\/wp-json\/wp\/v2\/product_tag?post=31779"}],"curies":[{"name":"wp","href":"https:\/\/api.w.org\/{rel}","templated":true}]}}