{"id":31780,"date":"2024-05-10T14:23:23","date_gmt":"2024-05-10T14:23:23","guid":{"rendered":"https:\/\/sakaba.mghosteur.com\/?post_type=product&#038;p=31780"},"modified":"2024-08-08T10:55:13","modified_gmt":"2024-08-08T10:55:13","slug":"olay-ceramide-gel-de-douche-591ml","status":"publish","type":"product","link":"https:\/\/sakaba.mghosteur.com\/en\/product\/olay-ceramide-gel-de-douche-591ml\/","title":{"rendered":"OLAY CERAMIDE GEL DE DOUCHE 591ML"},"content":{"rendered":"<p>R\u00e9v\u00e9lez une peau belle et saine avec le nettoyant pour le corps nettoyant et fortifiant Olay avec complexe de c\u00e9ramides et de vitamine B3. Cette formule avanc\u00e9e hydrate en profondeur pour aider \u00e0 renforcer la barri\u00e8re d&#8217;hydratation de votre peau et la laisser douce et r\u00e9g\u00e9n\u00e9r\u00e9e. Gr\u00e2ce \u00e0 la technologie unique Lock-in-Moisture, ce nettoyant pour le corps r\u00e9volutionnaire infuse l&#8217;hydratation 10 couches en profondeur dans la surface de la peau. Cette formule enrichie en c\u00e9ramides soutient le pH naturel de la peau et l&#8217;hydrate pour r\u00e9v\u00e9ler une peau d&#8217;apparence plus jeune avec une utilisation continue. Offrez \u00e0 votre douche la solution formul\u00e9e par les experts en peau Olay et soutenue par plus de 65 ans de science de la beaut\u00e9. Votre r\u00e9sultat sera une peau belle et saine.<\/p>\n<p>FORCE ET HYDRATATION : Le nettoyant pour le corps nettoyant et fortifiant Olay avec complexe de c\u00e9ramides et de vitamine B3 hydrate en profondeur pour aider \u00e0 renforcer la barri\u00e8re d&#8217;hydratation de votre peau<\/p>\n<p>Soin de la peau \u00e0 chaque douche : Notre formule luxueuse, infus\u00e9e de complexe de c\u00e9ramides et de vitamine B3, nettoie et hydrate pour une peau belle et d&#8217;apparence saine<\/p>\n<p>PRISE EN CHARGE LE pH NATUREL DE LA PEAU<\/p>\n<p>FORMUL\u00c9 PAR LES EXPERTS DE LA PEAU OLAY : Appuy\u00e9 par plus de 65 ans de science de la beaut\u00e9 pour une peau magnifiquement hydrat\u00e9e<\/p>\n<p>FORMULE AVANC\u00c9E : Le nettoyant pour le corps r\u00e9volutionnaire infuse 10 couches d&#8217;hydratation en profondeur dans la peau superficielle, la laissant douce et soyeuse<\/p>\n<p>FACILE \u00c0 UTILISER : Prenez une bouff\u00e9e et faites mousser avec ce nettoyant pour le corps riche et revitalisant en profondeur<\/p>","protected":false},"excerpt":{"rendered":"<p>R\u00e9v\u00e9lez une peau belle et saine avec le nettoyant pour le corps nettoyant et fortifiant Olay avec complexe de c\u00e9ramides et de vitamine B3. Cette formule avanc\u00e9e hydrate en profondeur pour aider \u00e0 renforcer la barri\u00e8re d&#8217;hydratation de votre peau et la laisser douce et r\u00e9g\u00e9n\u00e9r\u00e9e. Gr\u00e2ce \u00e0 la technologie unique Lock-in-Moisture, ce nettoyant pour<span class=\"read-more-faq\"><a href=\"https:\/\/sakaba.mghosteur.com\/en\/product\/olay-ceramide-gel-de-douche-591ml\/\">Read More<\/a><\/span><\/p>","protected":false},"featured_media":0,"comment_status":"open","ping_status":"closed","template":"","meta":[],"product_brand":[940],"product_cat":[358,447],"product_tag":[],"class_list":{"0":"post-31780","1":"product","2":"type-product","3":"status-publish","5":"product_brand-olay","6":"product_cat-bain-douche","7":"product_cat-aac-bain-et-corps","9":"first","10":"instock","11":"shipping-taxable","12":"product-type-simple"},"jetpack-related-posts":[{"id":31824,"url":"https:\/\/sakaba.mghosteur.com\/en\/product\/olay-regenerist-niacinamide-gel-de-douche-591ml\/","url_meta":{"origin":31780,"position":0},"title":"OLAY REGENERIST NIACINAMIDE  GEL DE DOUCHE 591ML","author":"admin","date":"May 10, 2024","format":false,"excerpt":"Nettoyant hydratant pour le corps Olay Age Defying avec niacinamide. La formule avanc\u00e9e du nettoyant pour le corps d'Olay nettoie et hydrate pour une peau visiblement souple et lisse en r\u00e9duisant l'apparence des ridules. Infus\u00e9e de leur complexe de vitamine B3, cette formule \u00e9limine les impuret\u00e9s de la journ\u00e9e et\u2026","rel":"","context":"Similar post","block_context":{"text":"Similar post","link":""},"img":{"alt_text":"","src":"","width":0,"height":0},"classes":[]},{"id":31833,"url":"https:\/\/sakaba.mghosteur.com\/en\/product\/olay-sugar-cocoa-butter-gel-de-douche-591ml\/","url_meta":{"origin":31780,"position":1},"title":"OLAY SUGAR + COCOA BUTTER GEL DE DOUCHE 591ML","author":"admin","date":"May 10, 2024","format":false,"excerpt":"Le nettoyant exfoliant et hydratant pour le corps Olay, \u00e0 base de sucre et de beurre de cacao, impr\u00e8gne votre peau d'ingr\u00e9dients de soins de la peau de premi\u00e8re qualit\u00e9. Utilisez cette formule quotidiennement pour masser doucement les cellules mortes de la peau afin de r\u00e9v\u00e9ler une peau radieuse et\u2026","rel":"","context":"Similar post","block_context":{"text":"Similar post","link":""},"img":{"alt_text":"","src":"","width":0,"height":0},"classes":[]},{"id":31871,"url":"https:\/\/sakaba.mghosteur.com\/en\/product\/olay-ultra-moisture-shea-butter-b3-body-wash-2\/","url_meta":{"origin":31780,"position":2},"title":"Olay ultra Moisture Shea butter B3 BODY WASH","author":"admin","date":"May 10, 2024","format":false,"excerpt":"Le nettoyant pour le corps Olay Complete nourrit compl\u00e8tement la peau en la nettoyant, en l'hydratant et en la rin\u00e7ant. La formule sans savon assure un nettoyage en douceur. Le nettoyant pour le corps est enrichi d'hydratants tels que le beurre de karit\u00e9 et les vitamines E, A et B3\u2026","rel":"","context":"Similar post","block_context":{"text":"Similar post","link":""},"img":{"alt_text":"","src":"","width":0,"height":0},"classes":[]},{"id":31860,"url":"https:\/\/sakaba.mghosteur.com\/en\/product\/olay-vitamin-c-gel-de-douche-591ml\/","url_meta":{"origin":31780,"position":3},"title":"OLAY VITAMIN C GEL DE DOUCHE 591ML","author":"admin","date":"May 10, 2024","format":false,"excerpt":"Faites mousser votre peau avec luxe \u00e0 chaque douche. Le nettoyant pour le corps nettoyant et \u00e9claircissant Olay, avec sa mousse riche et cr\u00e9meuse, impr\u00e8gne votre peau d\u2019ingr\u00e9dients de soin, la laissant douce et soyeuse au toucher. Il est enrichi de vitamine C et de vitamine B3 pour donner \u00e0\u2026","rel":"","context":"Similar post","block_context":{"text":"Similar post","link":""},"img":{"alt_text":"","src":"","width":0,"height":0},"classes":[]},{"id":25286,"url":"https:\/\/sakaba.mghosteur.com\/en\/product\/olay-ultra-moisture-shea-butter-b3-body-wash\/","url_meta":{"origin":31780,"position":4},"title":"Olay ultra Moisture Shea butter B3 BODY WASH","author":"admin","date":"November 14, 2022","format":false,"excerpt":"Le nettoyant pour le corps Olay Complete nourrit compl\u00e8tement la peau en la nettoyant, en l'hydratant et en la rin\u00e7ant. La formule sans savon assure un nettoyage en douceur. Le nettoyant pour le corps est enrichi d'hydratants tels que le beurre de karit\u00e9 et les vitamines E, A et B3\u2026","rel":"","context":"Similar post","block_context":{"text":"Similar post","link":""},"img":{"alt_text":"","src":"","width":0,"height":0},"classes":[]},{"id":24177,"url":"https:\/\/sakaba.mghosteur.com\/en\/product\/cerave-sa-body-wash-for-rough-and-bumpy-skin\/","url_meta":{"origin":31780,"position":5},"title":"CERAVE SA BODY WASH FOR ROUGH AND BUMPY SKIN","author":"admin","date":"November 9, 2022","format":false,"excerpt":"Le nettoyant pour le corps CeraVe SA est sp\u00e9cialement con\u00e7u pour les peaux rugueuses et bossel\u00e9es. Il utilise une combinaison d'acide salicylique, de c\u00e9ramides, d'acide hyaluronique et de niacinamide pour nettoyer et exfolier en douceur tout en offrant une hydratation optimale. L'acide salicylique est un exfoliant doux qui aide \u00e0\u2026","rel":"","context":"Similar post","block_context":{"text":"Similar post","link":""},"img":{"alt_text":"","src":"","width":0,"height":0},"classes":[]}],"_links":{"self":[{"href":"https:\/\/sakaba.mghosteur.com\/en\/wp-json\/wp\/v2\/product\/31780","targetHints":{"allow":["GET"]}}],"collection":[{"href":"https:\/\/sakaba.mghosteur.com\/en\/wp-json\/wp\/v2\/product"}],"about":[{"href":"https:\/\/sakaba.mghosteur.com\/en\/wp-json\/wp\/v2\/types\/product"}],"replies":[{"embeddable":true,"href":"https:\/\/sakaba.mghosteur.com\/en\/wp-json\/wp\/v2\/comments?post=31780"}],"version-history":[{"count":0,"href":"https:\/\/sakaba.mghosteur.com\/en\/wp-json\/wp\/v2\/product\/31780\/revisions"}],"wp:attachment":[{"href":"https:\/\/sakaba.mghosteur.com\/en\/wp-json\/wp\/v2\/media?parent=31780"}],"wp:term":[{"taxonomy":"product_brand","embeddable":true,"href":"https:\/\/sakaba.mghosteur.com\/en\/wp-json\/wp\/v2\/product_brand?post=31780"},{"taxonomy":"product_cat","embeddable":true,"href":"https:\/\/sakaba.mghosteur.com\/en\/wp-json\/wp\/v2\/product_cat?post=31780"},{"taxonomy":"product_tag","embeddable":true,"href":"https:\/\/sakaba.mghosteur.com\/en\/wp-json\/wp\/v2\/product_tag?post=31780"}],"curies":[{"name":"wp","href":"https:\/\/api.w.org\/{rel}","templated":true}]}}