{"id":31783,"date":"2024-05-10T14:22:28","date_gmt":"2024-05-10T14:22:28","guid":{"rendered":"https:\/\/sakaba.mghosteur.com\/?post_type=product&#038;p=31783"},"modified":"2024-08-07T20:07:54","modified_gmt":"2024-08-07T20:07:54","slug":"anua-peach-77-niacin-essence-toner-250ml-30000","status":"publish","type":"product","link":"https:\/\/sakaba.mghosteur.com\/en\/product\/anua-peach-77-niacin-essence-toner-250ml-30000\/","title":{"rendered":"ANUA PEACH 77 NIACIN ESSENCE TONER 250ML"},"content":{"rendered":"<p>Une essence tonique hydratante avec 77 % d&#8217;extrait de fruit de Prunus Persica (p\u00eache) qui aide \u00e0 cr\u00e9er une base de maquillage longue tenue et lisse. Contient des ingr\u00e9dients hydratants comme le panth\u00e9nol et la c\u00e9ramide, il renforce la barri\u00e8re d&#8217;hydratation de la peau. Le syst\u00e8me de peeling fondant \u00e0 la p\u00eache aide \u00e0 \u00e9liminer les cellules mortes de la peau, restaurant ainsi une peau raffin\u00e9e et radieuse. Illumine la peau gr\u00e2ce \u00e0 l&#8217;alpha-arbutine, \u00e0 la niacinamide et \u00e0 la vitamine C. Reconnu non irritant, il convient \u00e0 tous les types de peau.<\/p>","protected":false},"excerpt":{"rendered":"<p>Une essence tonique hydratante avec 77 % d&#8217;extrait de fruit de Prunus Persica (p\u00eache) qui aide \u00e0 cr\u00e9er une base de maquillage longue tenue et lisse. Contient des ingr\u00e9dients hydratants comme le panth\u00e9nol et la c\u00e9ramide, il renforce la barri\u00e8re d&#8217;hydratation de la peau. Le syst\u00e8me de peeling fondant \u00e0 la p\u00eache aide \u00e0 \u00e9liminer<span class=\"read-more-faq\"><a href=\"https:\/\/sakaba.mghosteur.com\/en\/product\/anua-peach-77-niacin-essence-toner-250ml-30000\/\">Read More<\/a><\/span><\/p>","protected":false},"featured_media":0,"comment_status":"open","ping_status":"closed","template":"","meta":[],"product_brand":[1030],"product_cat":[293,324,291,1018,451],"product_tag":[],"class_list":{"0":"post-31783","1":"product","2":"type-product","3":"status-publish","5":"product_brand-anua","6":"product_cat-anti-taches","7":"product_cat-demaquillant-nettoyant","8":"product_cat-eclaircissant","9":"product_cat-aai-produis-coreens","10":"product_cat-aab-soin-du-visage","12":"first","13":"instock","14":"shipping-taxable","15":"product-type-simple"},"jetpack-related-posts":[{"id":31779,"url":"https:\/\/sakaba.mghosteur.com\/en\/product\/anua-peach-77-niacin-enriched-cream-50ml\/","url_meta":{"origin":31783,"position":0},"title":"ANUA PEACH 77 NIACIN ENRICHED CREAM 50ML","author":"admin","date":"May 10, 2024","format":false,"excerpt":"Une cr\u00e8me hydratante enrichie \u00e0 77 % d'extrait de fruit de Prunus Persica (p\u00eache) aide \u00e0 restaurer une peau p\u00eache et ros\u00e9e. Infus\u00e9e de c\u00e9ramide, de collag\u00e8ne, de panth\u00e9nol et de prot\u00e9ines qui revitalisent et hydratent la peau s\u00e8che. La texture g\u00e9latineuse du pudding permet une absorption rapide dans la\u2026","rel":"","context":"Similar post","block_context":{"text":"Similar post","link":""},"img":{"alt_text":"","src":"","width":0,"height":0},"classes":[]},{"id":31793,"url":"https:\/\/sakaba.mghosteur.com\/en\/product\/anua-peach-77-niacin-conditioning-milk-150ml\/","url_meta":{"origin":31783,"position":1},"title":"ANUA PEACH 77 NIACIN CONDITIONING MILK 150ML","author":"admin","date":"May 10, 2024","format":false,"excerpt":"Formul\u00e9 avec 77 % d'extrait de p\u00eache, de c\u00e9ramide et de trois types d'acide hyaluronique, ce lait revitalisant lisse et renforce la barri\u00e8re d'hydratation de la peau pour une peau saine. La formule lact\u00e9e contient de la vitamine B12 et de la niacinamide pour laisser la peau lumineuse et claire.\u2026","rel":"","context":"Similar post","block_context":{"text":"Similar post","link":""},"img":{"alt_text":"","src":"","width":0,"height":0},"classes":[]},{"id":27620,"url":"https:\/\/sakaba.mghosteur.com\/en\/product\/ginseng-essence-water\/","url_meta":{"origin":31783,"position":2},"title":"GINSENG ESSENCE WATER","author":"admin","date":"November 29, 2022","format":false,"excerpt":"D\u00e9couvrez l'eau d'essence de ginseng de la marque Beauty of Joseon, un produit \u00e0 base de plantes naturelles qui a \u00e9t\u00e9 utilis\u00e9 pendant des si\u00e8cles pour am\u00e9liorer la sant\u00e9 et la beaut\u00e9 de la peau cor\u00e9enne. Cette essence contient 80% d'eau de ginseng pour offrir une hydratation et une nutrition\u2026","rel":"","context":"Similar post","block_context":{"text":"Similar post","link":""},"img":{"alt_text":"","src":"","width":0,"height":0},"classes":[]},{"id":27320,"url":"https:\/\/sakaba.mghosteur.com\/en\/product\/good-molecules-hyaluronic-acid-booting-essence\/","url_meta":{"origin":31783,"position":3},"title":"GOOD MOLECULES HYALURONIC ACID BOOTING ESSENCE","author":"admin","date":"November 29, 2022","format":false,"excerpt":"L'Essence Stimulante \u00e0 l'Acide Hyaluronique de Good Molecules est une formule puissante qui aide \u00e0 hydrater, raffermir et lisser votre peau en profondeur. Avec trois types d'acide hyaluronique, cette essence p\u00e9n\u00e8tre \u00e0 diff\u00e9rents niveaux pour nourrir et repulper votre peau. V\u00e9g\u00e9talienne et sans cruaut\u00e9, cette essence est \u00e9galement sans parfum\u2026","rel":"","context":"Similar post","block_context":{"text":"Similar post","link":""},"img":{"alt_text":"","src":"","width":0,"height":0},"classes":[]},{"id":31813,"url":"https:\/\/sakaba.mghosteur.com\/en\/product\/anua-heartleaf-77-clear-pad-160ml\/","url_meta":{"origin":31783,"position":4},"title":"ANUA HEARTLEAF 77% CLEAR PAD 160ml","author":"admin","date":"May 10, 2024","format":false,"excerpt":"Anua Heartleaf 77% Clear Pad est un tampon nettoyant hydratant de 70 feuilles imbib\u00e9 d'extrait de heartleaf \u00e0 77 %. Il est con\u00e7u pour \u00e9liminer les impuret\u00e9s tout en apaisant la peau et convient \u00e0 tous les types de peau, en particulier les peaux sensibles. Le tampon utilise \u00e0 la\u2026","rel":"","context":"Similar post","block_context":{"text":"Similar post","link":""},"img":{"alt_text":"","src":"","width":0,"height":0},"classes":[]},{"id":27202,"url":"https:\/\/sakaba.mghosteur.com\/en\/product\/olay-sensitive-facial-cleanser-with-hungarian-water-essence\/","url_meta":{"origin":31783,"position":5},"title":"Olay Sensitive Facial Cleanser with Hungarian Water Essence","author":"admin","date":"November 29, 2022","format":false,"excerpt":"Ce nettoyant apaisant pour le visage \u00e9limine les toxines et hydrate la peau. Inspir\u00e9 de l'essence d'eau hongroise, ce nettoyant pour le visage pour peau sensible est infus\u00e9 d'essences d'alo\u00e8s et de concombre qui agissent avec la formule douce pour la peau d'Olay pour aider \u00e0 combattre la peau s\u00e8che\u2026","rel":"","context":"Similar post","block_context":{"text":"Similar post","link":""},"img":{"alt_text":"","src":"","width":0,"height":0},"classes":[]}],"_links":{"self":[{"href":"https:\/\/sakaba.mghosteur.com\/en\/wp-json\/wp\/v2\/product\/31783","targetHints":{"allow":["GET"]}}],"collection":[{"href":"https:\/\/sakaba.mghosteur.com\/en\/wp-json\/wp\/v2\/product"}],"about":[{"href":"https:\/\/sakaba.mghosteur.com\/en\/wp-json\/wp\/v2\/types\/product"}],"replies":[{"embeddable":true,"href":"https:\/\/sakaba.mghosteur.com\/en\/wp-json\/wp\/v2\/comments?post=31783"}],"version-history":[{"count":0,"href":"https:\/\/sakaba.mghosteur.com\/en\/wp-json\/wp\/v2\/product\/31783\/revisions"}],"wp:attachment":[{"href":"https:\/\/sakaba.mghosteur.com\/en\/wp-json\/wp\/v2\/media?parent=31783"}],"wp:term":[{"taxonomy":"product_brand","embeddable":true,"href":"https:\/\/sakaba.mghosteur.com\/en\/wp-json\/wp\/v2\/product_brand?post=31783"},{"taxonomy":"product_cat","embeddable":true,"href":"https:\/\/sakaba.mghosteur.com\/en\/wp-json\/wp\/v2\/product_cat?post=31783"},{"taxonomy":"product_tag","embeddable":true,"href":"https:\/\/sakaba.mghosteur.com\/en\/wp-json\/wp\/v2\/product_tag?post=31783"}],"curies":[{"name":"wp","href":"https:\/\/api.w.org\/{rel}","templated":true}]}}