{"id":31792,"date":"2024-05-10T14:26:07","date_gmt":"2024-05-10T14:26:07","guid":{"rendered":"https:\/\/sakaba.mghosteur.com\/?post_type=product&#038;p=31792"},"modified":"2024-08-08T10:56:46","modified_gmt":"2024-08-08T10:56:46","slug":"olay-collagen-peptide-firming-hydrating","status":"publish","type":"product","link":"https:\/\/sakaba.mghosteur.com\/en\/product\/olay-collagen-peptide-firming-hydrating\/","title":{"rendered":"OLAY COLLAGEN PEPTIDE FIRMING &amp; HYDRATING"},"content":{"rendered":"<p>La lotion corporelle raffermissante et hydratante Olay avec collag\u00e8ne est une lotion hydratante qui contient du collag\u00e8ne et un complexe de vitamine B3 pour raffermir et repulper la peau tout en r\u00e9duisant les ridules. Elle est vendue en tube ou en flacon pompe et convient \u00e0 tous les types de peau<\/p>","protected":false},"excerpt":{"rendered":"<p>La lotion corporelle raffermissante et hydratante Olay avec collag\u00e8ne est une lotion hydratante qui contient du collag\u00e8ne et un complexe de vitamine B3 pour raffermir et repulper la peau tout en r\u00e9duisant les ridules. Elle est vendue en tube ou en flacon pompe et convient \u00e0 tous les types de peau<\/p>","protected":false},"featured_media":0,"comment_status":"open","ping_status":"closed","template":"","meta":[],"product_brand":[940],"product_cat":[447,1061],"product_tag":[],"class_list":{"0":"post-31792","1":"product","2":"type-product","3":"status-publish","5":"product_brand-olay","6":"product_cat-aac-bain-et-corps","7":"product_cat-lait-huile_corporelle","9":"first","10":"instock","11":"shipping-taxable","12":"product-type-simple"},"jetpack-related-posts":[{"id":30040,"url":"https:\/\/sakaba.mghosteur.com\/en\/product\/jergens-oil-infused-skin-firming\/","url_meta":{"origin":31792,"position":0},"title":"JERGENS OIL INFUSED SKIN FIRMING","author":"admin","date":"May 2, 2023","format":false,"excerpt":"D\u00e9couvrez la Lotion pour le corps raffermissante de Jergens, con\u00e7ue pour les peaux s\u00e8ches et test\u00e9e par des dermatologues. Cette lotion est enrichie en collag\u00e8ne et \u00e9lastine pour aider \u00e0 raffermir la peau et lui donner une apparence plus lisse et tonique. Offrez \u00e0 votre peau une hydratation exceptionnelle avec\u2026","rel":"","context":"Similar post","block_context":{"text":"Similar post","link":""},"img":{"alt_text":"","src":"","width":0,"height":0},"classes":[]},{"id":56102,"url":"https:\/\/sakaba.mghosteur.com\/en\/product\/advanced-clinicals-green-coffee-bean-oil-thermo-firming-cream\/","url_meta":{"origin":31792,"position":1},"title":"Advanced Clinicals Green Coffee Bean Oil Thermo-Firming Cream","author":"Sope DIA","date":"January 2, 2026","format":false,"excerpt":"Cr\u00e8me \u00e0 l'huile de caf\u00e9 vert : hydrate visiblement pour une peau plus ferme et lisse. Ce lait corporel thermo-raffermissant hydrate intens\u00e9ment la peau, lui donnant un aspect plus rebondi et raffermi. L'hydratation suppl\u00e9mentaire favorise un effet liftant et lisse, pour une peau visiblement renouvel\u00e9e. Id\u00e9al pour les femmes et\u2026","rel":"","context":"Similar post","block_context":{"text":"Similar post","link":""},"img":{"alt_text":"","src":"","width":0,"height":0},"classes":[]},{"id":29681,"url":"https:\/\/sakaba.mghosteur.com\/en\/product\/palmers-firm-tones-firming-body-lotion\/","url_meta":{"origin":31792,"position":2},"title":"PALMERS FIRM TONES FIRMING BODY LOTION","author":"admin","date":"April 13, 2023","format":false,"excerpt":"Le lait corporel raffermissant Palmer's est un produit de soin de la peau qui utilise du beurre de cacao naturel, du collag\u00e8ne, de l'\u00e9lastine, du Q10 et de la vitamine E pour tonifier et raffermir visiblement la peau. Ce produit offre 48 heures d'humidit\u00e9 et est respectueux des v\u00e9g\u00e9taliens, sans\u2026","rel":"","context":"Similar post","block_context":{"text":"Similar post","link":""},"img":{"alt_text":"","src":"","width":0,"height":0},"classes":[]},{"id":31820,"url":"https:\/\/sakaba.mghosteur.com\/en\/product\/olay-regenerist-collagen-peptide-24-hydrating-moisturizer\/","url_meta":{"origin":31792,"position":3},"title":"OLAY Regenerist Collagen Peptide 24 Hydrating Moisturizer","author":"admin","date":"May 10, 2024","format":false,"excerpt":"Cette formule l\u00e9g\u00e8re p\u00e9n\u00e8tre rapidement et vous offre 24 heures d'hydratation sans laisser de sensation collante, grasse ou lourde. Elle est sp\u00e9cialement formul\u00e9e avec des ingr\u00e9dients \u00e9prouv\u00e9s, comme le peptide de collag\u00e8ne et la vitamine B3+, pour transformer l'apparence de votre peau.","rel":"","context":"Similar post","block_context":{"text":"Similar post","link":""},"img":{"alt_text":"","src":"","width":0,"height":0},"classes":[]},{"id":29966,"url":"https:\/\/sakaba.mghosteur.com\/en\/product\/hada-labo-tokyo-skin-plumping-gel-cream-with-super-hyaluronic-acid-collagen\/","url_meta":{"origin":31792,"position":4},"title":"Hada Labo Tokyo Skin Plumping Gel Cream with Super Hyaluronic Acid &#038; Collagen","author":"admin","date":"April 29, 2023","format":false,"excerpt":"D\u00e9couvrez le traitement de nuit anti-\u00e2ge Hada Labo Tokyo pour une peau hydrat\u00e9e, r\u00e9par\u00e9e et raffermie pendant votre sommeil. Ce gel-cr\u00e8me repulpant pour la peau est formul\u00e9 avec des ingr\u00e9dients cl\u00e9s tels que l'acide super hyaluronique (TM), le complexe de peptides de soja, le collag\u00e8ne et le ch\u00e8vrefeuille japonais. Cette\u2026","rel":"","context":"Similar post","block_context":{"text":"Similar post","link":""},"img":{"alt_text":"","src":"","width":0,"height":0},"classes":[]},{"id":31788,"url":"https:\/\/sakaba.mghosteur.com\/en\/product\/olay-collagen-peptide-24-cream-cleanser-2\/","url_meta":{"origin":31792,"position":5},"title":"OLAY Collagen Peptide 24 Cream Cleanser","author":"admin","date":"May 10, 2024","format":false,"excerpt":"Ce nettoyant cr\u00e9meux exfolie votre peau en douceur sans la dess\u00e9cher ni la tirailler. En un seul nettoyage, il \u00e9limine la salet\u00e9, le s\u00e9bum, le maquillage et les impuret\u00e9s pour la pr\u00e9parer \u00e0 absorber les ingr\u00e9dients de vos soins du visage et de vos hydratants.","rel":"","context":"Similar post","block_context":{"text":"Similar post","link":""},"img":{"alt_text":"","src":"","width":0,"height":0},"classes":[]}],"_links":{"self":[{"href":"https:\/\/sakaba.mghosteur.com\/en\/wp-json\/wp\/v2\/product\/31792","targetHints":{"allow":["GET"]}}],"collection":[{"href":"https:\/\/sakaba.mghosteur.com\/en\/wp-json\/wp\/v2\/product"}],"about":[{"href":"https:\/\/sakaba.mghosteur.com\/en\/wp-json\/wp\/v2\/types\/product"}],"replies":[{"embeddable":true,"href":"https:\/\/sakaba.mghosteur.com\/en\/wp-json\/wp\/v2\/comments?post=31792"}],"version-history":[{"count":0,"href":"https:\/\/sakaba.mghosteur.com\/en\/wp-json\/wp\/v2\/product\/31792\/revisions"}],"wp:attachment":[{"href":"https:\/\/sakaba.mghosteur.com\/en\/wp-json\/wp\/v2\/media?parent=31792"}],"wp:term":[{"taxonomy":"product_brand","embeddable":true,"href":"https:\/\/sakaba.mghosteur.com\/en\/wp-json\/wp\/v2\/product_brand?post=31792"},{"taxonomy":"product_cat","embeddable":true,"href":"https:\/\/sakaba.mghosteur.com\/en\/wp-json\/wp\/v2\/product_cat?post=31792"},{"taxonomy":"product_tag","embeddable":true,"href":"https:\/\/sakaba.mghosteur.com\/en\/wp-json\/wp\/v2\/product_tag?post=31792"}],"curies":[{"name":"wp","href":"https:\/\/api.w.org\/{rel}","templated":true}]}}