{"id":31796,"date":"2024-05-10T14:27:20","date_gmt":"2024-05-10T14:27:20","guid":{"rendered":"https:\/\/sakaba.mghosteur.com\/?post_type=product&#038;p=31796"},"modified":"2024-08-08T10:58:04","modified_gmt":"2024-08-08T10:58:04","slug":"olay-collagen-peptide-gel-de-douche-591ml","status":"publish","type":"product","link":"https:\/\/sakaba.mghosteur.com\/en\/product\/olay-collagen-peptide-gel-de-douche-591ml\/","title":{"rendered":"OLAY COLLAGEN PEPTIDE GEL DE DOUCHE 591ML"},"content":{"rendered":"<p>Le nettoyant pour le corps Olay Collagen Peptide est un nettoyant pour le corps suraliment\u00e9 en collag\u00e8ne et en complexe de vitamine B3 pour laisser la peau plus ferme et plus jeune avec une utilisation continue. Il se rince proprement sans laisser de sensation grasse et enduite.<\/p>","protected":false},"excerpt":{"rendered":"<p>Le nettoyant pour le corps Olay Collagen Peptide est un nettoyant pour le corps suraliment\u00e9 en collag\u00e8ne et en complexe de vitamine B3 pour laisser la peau plus ferme et plus jeune avec une utilisation continue. Il se rince proprement sans laisser de sensation grasse et enduite.<\/p>","protected":false},"featured_media":0,"comment_status":"open","ping_status":"closed","template":"","meta":[],"product_brand":[940],"product_cat":[358,447],"product_tag":[],"class_list":{"0":"post-31796","1":"product","2":"type-product","3":"status-publish","5":"product_brand-olay","6":"product_cat-bain-douche","7":"product_cat-aac-bain-et-corps","9":"first","10":"instock","11":"shipping-taxable","12":"product-type-simple"},"jetpack-related-posts":[{"id":31811,"url":"https:\/\/sakaba.mghosteur.com\/en\/product\/olay-regenerist-collagen-peptide-24-cream-cleanser\/","url_meta":{"origin":31796,"position":0},"title":"Olay Regenerist Collagen Peptide 24 Cream Cleanser","author":"admin","date":"May 10, 2024","format":false,"excerpt":"Ce nettoyant cr\u00e9meux exfolie votre peau en douceur sans la dess\u00e9cher ni la tirailler. En un seul nettoyage, il \u00e9limine la salet\u00e9, le s\u00e9bum, le maquillage et les impuret\u00e9s pour la pr\u00e9parer \u00e0 absorber les ingr\u00e9dients de vos soins du visage et de vos hydratants. Le matin, le soir, apr\u00e8s\u2026","rel":"","context":"Similar post","block_context":{"text":"Similar post","link":""},"img":{"alt_text":"","src":"","width":0,"height":0},"classes":[]},{"id":31788,"url":"https:\/\/sakaba.mghosteur.com\/en\/product\/olay-collagen-peptide-24-cream-cleanser-2\/","url_meta":{"origin":31796,"position":1},"title":"OLAY Collagen Peptide 24 Cream Cleanser","author":"admin","date":"May 10, 2024","format":false,"excerpt":"Ce nettoyant cr\u00e9meux exfolie votre peau en douceur sans la dess\u00e9cher ni la tirailler. En un seul nettoyage, il \u00e9limine la salet\u00e9, le s\u00e9bum, le maquillage et les impuret\u00e9s pour la pr\u00e9parer \u00e0 absorber les ingr\u00e9dients de vos soins du visage et de vos hydratants.","rel":"","context":"Similar post","block_context":{"text":"Similar post","link":""},"img":{"alt_text":"","src":"","width":0,"height":0},"classes":[]},{"id":26793,"url":"https:\/\/sakaba.mghosteur.com\/en\/product\/olay-collagen-peptide-24-cream-cleanser\/","url_meta":{"origin":31796,"position":2},"title":"OLAY Collagen Peptide 24 Cream Cleanser","author":"admin","date":"November 28, 2022","format":false,"excerpt":"Ce nettoyant cr\u00e9meux exfolie votre peau en douceur sans la dess\u00e9cher ni la tirailler. En un seul nettoyage, il \u00e9limine la salet\u00e9, le s\u00e9bum, le maquillage et les impuret\u00e9s pour la pr\u00e9parer \u00e0 absorber les ingr\u00e9dients de vos soins du visage et de vos hydratants.","rel":"","context":"Similar post","block_context":{"text":"Similar post","link":""},"img":{"alt_text":"","src":"","width":0,"height":0},"classes":[]},{"id":37156,"url":"https:\/\/sakaba.mghosteur.com\/en\/product\/olay-collagen-peptide-gel-de-douche-768ml\/","url_meta":{"origin":31796,"position":3},"title":"OLAY COLLAGEN PEPTIDE GEL DE DOUCHE 768ML","author":"admin","date":"October 9, 2024","format":false,"excerpt":"","rel":"","context":"Similar post","block_context":{"text":"Similar post","link":""},"img":{"alt_text":"","src":"","width":0,"height":0},"classes":[]},{"id":31792,"url":"https:\/\/sakaba.mghosteur.com\/en\/product\/olay-collagen-peptide-firming-hydrating\/","url_meta":{"origin":31796,"position":4},"title":"OLAY COLLAGEN PEPTIDE FIRMING &amp; HYDRATING","author":"admin","date":"May 10, 2024","format":false,"excerpt":"La lotion corporelle raffermissante et hydratante Olay avec collag\u00e8ne est une lotion hydratante qui contient du collag\u00e8ne et un complexe de vitamine B3 pour raffermir et repulper la peau tout en r\u00e9duisant les ridules. Elle est vendue en tube ou en flacon pompe et convient \u00e0 tous les types de\u2026","rel":"","context":"Similar post","block_context":{"text":"Similar post","link":""},"img":{"alt_text":"","src":"","width":0,"height":0},"classes":[]},{"id":31820,"url":"https:\/\/sakaba.mghosteur.com\/en\/product\/olay-regenerist-collagen-peptide-24-hydrating-moisturizer\/","url_meta":{"origin":31796,"position":5},"title":"OLAY Regenerist Collagen Peptide 24 Hydrating Moisturizer","author":"admin","date":"May 10, 2024","format":false,"excerpt":"Cette formule l\u00e9g\u00e8re p\u00e9n\u00e8tre rapidement et vous offre 24 heures d'hydratation sans laisser de sensation collante, grasse ou lourde. Elle est sp\u00e9cialement formul\u00e9e avec des ingr\u00e9dients \u00e9prouv\u00e9s, comme le peptide de collag\u00e8ne et la vitamine B3+, pour transformer l'apparence de votre peau.","rel":"","context":"Similar post","block_context":{"text":"Similar post","link":""},"img":{"alt_text":"","src":"","width":0,"height":0},"classes":[]}],"_links":{"self":[{"href":"https:\/\/sakaba.mghosteur.com\/en\/wp-json\/wp\/v2\/product\/31796","targetHints":{"allow":["GET"]}}],"collection":[{"href":"https:\/\/sakaba.mghosteur.com\/en\/wp-json\/wp\/v2\/product"}],"about":[{"href":"https:\/\/sakaba.mghosteur.com\/en\/wp-json\/wp\/v2\/types\/product"}],"replies":[{"embeddable":true,"href":"https:\/\/sakaba.mghosteur.com\/en\/wp-json\/wp\/v2\/comments?post=31796"}],"version-history":[{"count":0,"href":"https:\/\/sakaba.mghosteur.com\/en\/wp-json\/wp\/v2\/product\/31796\/revisions"}],"wp:attachment":[{"href":"https:\/\/sakaba.mghosteur.com\/en\/wp-json\/wp\/v2\/media?parent=31796"}],"wp:term":[{"taxonomy":"product_brand","embeddable":true,"href":"https:\/\/sakaba.mghosteur.com\/en\/wp-json\/wp\/v2\/product_brand?post=31796"},{"taxonomy":"product_cat","embeddable":true,"href":"https:\/\/sakaba.mghosteur.com\/en\/wp-json\/wp\/v2\/product_cat?post=31796"},{"taxonomy":"product_tag","embeddable":true,"href":"https:\/\/sakaba.mghosteur.com\/en\/wp-json\/wp\/v2\/product_tag?post=31796"}],"curies":[{"name":"wp","href":"https:\/\/api.w.org\/{rel}","templated":true}]}}