{"id":31804,"date":"2024-05-10T14:29:37","date_gmt":"2024-05-10T14:29:37","guid":{"rendered":"https:\/\/sakaba.mghosteur.com\/?post_type=product&#038;p=31804"},"modified":"2024-08-08T11:03:28","modified_gmt":"2024-08-08T11:03:28","slug":"olay-hyaluronic-gel-de-douche-591ml","status":"publish","type":"product","link":"https:\/\/sakaba.mghosteur.com\/en\/product\/olay-hyaluronic-gel-de-douche-591ml\/","title":{"rendered":"OLAY HYALURONIC GEL DE DOUCHE 591ML"},"content":{"rendered":"<p>Enrichi en acide hyaluronique et en complexe de vitamine B3, ce gel douche nourrissant d\u00e9salt\u00e8re la peau assoiff\u00e9e pour une hydratation longue dur\u00e9e. Et il se rince proprement sans laisser de sensation grasse et enduite<\/p>","protected":false},"excerpt":{"rendered":"<p>Enrichi en acide hyaluronique et en complexe de vitamine B3, ce gel douche nourrissant d\u00e9salt\u00e8re la peau assoiff\u00e9e pour une hydratation longue dur\u00e9e. Et il se rince proprement sans laisser de sensation grasse et enduite<\/p>","protected":false},"featured_media":0,"comment_status":"open","ping_status":"closed","template":"","meta":[],"product_brand":[940],"product_cat":[358,447],"product_tag":[],"class_list":{"0":"post-31804","1":"product","2":"type-product","3":"status-publish","5":"product_brand-olay","6":"product_cat-bain-douche","7":"product_cat-aac-bain-et-corps","9":"first","10":"instock","11":"shipping-taxable","12":"product-type-simple"},"jetpack-related-posts":[{"id":32153,"url":"https:\/\/sakaba.mghosteur.com\/en\/product\/tree-hut-gel-de-douche-candy-cany\/","url_meta":{"origin":31804,"position":0},"title":"TREE HUT GEL DE DOUCHE CANDY CANE","author":"admin","date":"May 13, 2024","format":false,"excerpt":"Rafra\u00eechissez votre routine de douche avec le Gel Moussant de Tree Hut au parfum classique des f\u00eates de Candy Cane. Impr\u00e9gnez votre corps d'une mousse luxueuse qui nourrit la peau et laisse un parfum durable.","rel":"","context":"Similar post","block_context":{"text":"Similar post","link":""},"img":{"alt_text":"","src":"","width":0,"height":0},"classes":[]},{"id":24000,"url":"https:\/\/sakaba.mghosteur.com\/en\/product\/neutrogena-rainbath-refreshing-shower-and-bath-gel\/","url_meta":{"origin":31804,"position":1},"title":"NEUTROGENA RAINBATH REFRESHING SHOWER AND BATH GEL","author":"admin","date":"November 9, 2022","format":false,"excerpt":"Offrez \u00e0 votre corps une exp\u00e9rience de douche ou de bain rafra\u00eechissante avec le gel douche et bain Rainbath de Neutrogena. Ce nettoyant pour le corps est l'un des produits les plus vendus et vous pouvez compter sur lui pour adoucir et revitaliser votre peau sans laisser de r\u00e9sidus lourds.\u2026","rel":"","context":"Similar post","block_context":{"text":"Similar post","link":""},"img":{"alt_text":"","src":"","width":0,"height":0},"classes":[]},{"id":30306,"url":"https:\/\/sakaba.mghosteur.com\/en\/product\/atoderm-gel-douche-1l\/","url_meta":{"origin":31804,"position":2},"title":"ATODERM GEL DOUCHE 1L","author":"admin","date":"May 8, 2023","format":false,"excerpt":"D\u00e9couvrez Atoderm Gel douche de la marque BIODERMA, un produit doux et protecteur pour toute la famille (sauf nourrissons pr\u00e9matur\u00e9s). Gr\u00e2ce \u00e0 sa formule sans savon et \u00e0 sa texture gel moussant onctueuse, il nettoie en douceur tout en adoucissant et prot\u00e9geant la peau. Sa couleur bleut\u00e9e naturelle et son\u2026","rel":"","context":"Similar post","block_context":{"text":"Similar post","link":""},"img":{"alt_text":"","src":"","width":0,"height":0},"classes":[]},{"id":24480,"url":"https:\/\/sakaba.mghosteur.com\/en\/product\/bioderma-atoderm-gel-douche\/","url_meta":{"origin":31804,"position":3},"title":"ATODERM GEL DOUCHE 500ML","author":"admin","date":"November 10, 2022","format":false,"excerpt":"D\u00e9couvrez Atoderm Gel douche de la marque BIODERMA, un produit doux et protecteur pour toute la famille (sauf nourrissons pr\u00e9matur\u00e9s). Gr\u00e2ce \u00e0 sa formule sans savon et \u00e0 sa texture gel moussant onctueuse, il nettoie en douceur tout en adoucissant et prot\u00e9geant la peau. Sa couleur bleut\u00e9e naturelle et son\u2026","rel":"","context":"Similar post","block_context":{"text":"Similar post","link":""},"img":{"alt_text":"","src":"","width":0,"height":0},"classes":[]},{"id":32162,"url":"https:\/\/sakaba.mghosteur.com\/en\/product\/tree-hut-gel-de-douche-vitamine-c-brighten-tone\/","url_meta":{"origin":31804,"position":4},"title":"TREE HUT GEL DE DOUCHE VITAMINE C BRIGHTEN + TONE","author":"admin","date":"May 13, 2024","format":false,"excerpt":"Rafra\u00eechissez votre routine de douche avec le gel nettoyant moussant Tree Hut au parfum \u00e9clatant de vitamine C. Enveloppez votre corps d'une mousse luxueuse qui nourrit la peau et laisse un parfum longue dur\u00e9e. Les produits nettoyants Tree Hut sont infus\u00e9s de complexe d'huiles hydratantes, riche en huiles d'avocat, de\u2026","rel":"","context":"Similar post","block_context":{"text":"Similar post","link":""},"img":{"alt_text":"","src":"","width":0,"height":0},"classes":[]},{"id":32165,"url":"https:\/\/sakaba.mghosteur.com\/en\/product\/tree-hut-gel-de-douche-watermelon-hydrate-glow\/","url_meta":{"origin":31804,"position":5},"title":"TREE HUT GEL DE DOUCHE WATERMELON HYDRATE + GLOW","author":"admin","date":"May 13, 2024","format":false,"excerpt":"Rafra\u00eechissez votre routine de douche avec le gel nettoyant moussant Tree Hut au parfum rafra\u00eechissant de past\u00e8que. Enveloppez votre corps d'une mousse luxueuse qui nourrit la peau et laisse un parfum longue dur\u00e9e. Les produits nettoyants Tree Hut sont infus\u00e9s de complexe d'huiles hydratantes, riche en huiles d'avocat, de kiwi\u2026","rel":"","context":"Similar post","block_context":{"text":"Similar post","link":""},"img":{"alt_text":"","src":"","width":0,"height":0},"classes":[]}],"_links":{"self":[{"href":"https:\/\/sakaba.mghosteur.com\/en\/wp-json\/wp\/v2\/product\/31804","targetHints":{"allow":["GET"]}}],"collection":[{"href":"https:\/\/sakaba.mghosteur.com\/en\/wp-json\/wp\/v2\/product"}],"about":[{"href":"https:\/\/sakaba.mghosteur.com\/en\/wp-json\/wp\/v2\/types\/product"}],"replies":[{"embeddable":true,"href":"https:\/\/sakaba.mghosteur.com\/en\/wp-json\/wp\/v2\/comments?post=31804"}],"version-history":[{"count":0,"href":"https:\/\/sakaba.mghosteur.com\/en\/wp-json\/wp\/v2\/product\/31804\/revisions"}],"wp:attachment":[{"href":"https:\/\/sakaba.mghosteur.com\/en\/wp-json\/wp\/v2\/media?parent=31804"}],"wp:term":[{"taxonomy":"product_brand","embeddable":true,"href":"https:\/\/sakaba.mghosteur.com\/en\/wp-json\/wp\/v2\/product_brand?post=31804"},{"taxonomy":"product_cat","embeddable":true,"href":"https:\/\/sakaba.mghosteur.com\/en\/wp-json\/wp\/v2\/product_cat?post=31804"},{"taxonomy":"product_tag","embeddable":true,"href":"https:\/\/sakaba.mghosteur.com\/en\/wp-json\/wp\/v2\/product_tag?post=31804"}],"curies":[{"name":"wp","href":"https:\/\/api.w.org\/{rel}","templated":true}]}}