{"id":31807,"date":"2024-05-10T14:30:44","date_gmt":"2024-05-10T14:30:44","guid":{"rendered":"https:\/\/sakaba.mghosteur.com\/?post_type=product&#038;p=31807"},"modified":"2024-08-08T11:05:10","modified_gmt":"2024-08-08T11:05:10","slug":"olay-hyaluronic-lait-de-corps","status":"publish","type":"product","link":"https:\/\/sakaba.mghosteur.com\/en\/product\/olay-hyaluronic-lait-de-corps\/","title":{"rendered":"OLAY HYALURONIC LAIT DE CORPS"},"content":{"rendered":"<p>Cette lotion hydratante a une formule riche en nutriments \u00e9labor\u00e9e avec de l&#8217;acide hyaluronique et notre complexe de vitamine B3 et a \u00e9t\u00e9 cr\u00e9\u00e9e sp\u00e9cifiquement pour nourrir votre peau en profondeur de la t\u00eate aux pieds pour une peau lisse et durable. Pourquoi ajouter le complexe de vitamine B3 \u00e0 votre routine? C&#8217;est l&#8217;ingr\u00e9dient ultime pour am\u00e9liorer la peau. La vitamine B3 permet \u00e0 votre peau de retenir l&#8217;eau afin qu&#8217;elle puisse devenir son propre hydratant.<\/p>","protected":false},"excerpt":{"rendered":"<p>Cette lotion hydratante a une formule riche en nutriments \u00e9labor\u00e9e avec de l&#8217;acide hyaluronique et notre complexe de vitamine B3 et a \u00e9t\u00e9 cr\u00e9\u00e9e sp\u00e9cifiquement pour nourrir votre peau en profondeur de la t\u00eate aux pieds pour une peau lisse et durable. Pourquoi ajouter le complexe de vitamine B3 \u00e0 votre routine? C&#8217;est l&#8217;ingr\u00e9dient ultime<span class=\"read-more-faq\"><a href=\"https:\/\/sakaba.mghosteur.com\/en\/product\/olay-hyaluronic-lait-de-corps\/\">Read More<\/a><\/span><\/p>","protected":false},"featured_media":0,"comment_status":"open","ping_status":"closed","template":"","meta":[],"product_brand":[940],"product_cat":[447,1061],"product_tag":[],"class_list":{"0":"post-31807","1":"product","2":"type-product","3":"status-publish","5":"product_brand-olay","6":"product_cat-aac-bain-et-corps","7":"product_cat-lait-huile_corporelle","9":"first","10":"instock","11":"shipping-taxable","12":"product-type-simple"},"jetpack-related-posts":[{"id":31865,"url":"https:\/\/sakaba.mghosteur.com\/en\/product\/olay-vitamin-c-lait-de-corps\/","url_meta":{"origin":31807,"position":0},"title":"OLAY VITAMIN C LAIT DE CORPS","author":"admin","date":"May 10, 2024","format":false,"excerpt":"Qui ne voudrait pas d\u2019un teint plus \u00e9clatant ? Illuminez votre peau terne avec la lotion revitalisante et hydratante pour les mains et le corps d\u2019Olay. Cette lotion hydratante a une formule riche en nutriments \u00e9labor\u00e9e avec de la vitamine C et notre complexe de vitamine B3 et a \u00e9t\u00e9\u2026","rel":"","context":"Similar post","block_context":{"text":"Similar post","link":""},"img":{"alt_text":"","src":"","width":0,"height":0},"classes":[]},{"id":31780,"url":"https:\/\/sakaba.mghosteur.com\/en\/product\/olay-ceramide-gel-de-douche-591ml\/","url_meta":{"origin":31807,"position":1},"title":"OLAY CERAMIDE GEL DE DOUCHE 591ML","author":"admin","date":"May 10, 2024","format":false,"excerpt":"R\u00e9v\u00e9lez une peau belle et saine avec le nettoyant pour le corps nettoyant et fortifiant Olay avec complexe de c\u00e9ramides et de vitamine B3. Cette formule avanc\u00e9e hydrate en profondeur pour aider \u00e0 renforcer la barri\u00e8re d'hydratation de votre peau et la laisser douce et r\u00e9g\u00e9n\u00e9r\u00e9e. Gr\u00e2ce \u00e0 la technologie\u2026","rel":"","context":"Similar post","block_context":{"text":"Similar post","link":""},"img":{"alt_text":"","src":"","width":0,"height":0},"classes":[]},{"id":31836,"url":"https:\/\/sakaba.mghosteur.com\/en\/product\/olay-tone-serum-max-b3-2x-viamin-c\/","url_meta":{"origin":31807,"position":2},"title":"OLAY TONE SERUM MAX B3+ 2X VIAMIN C","author":"admin","date":"May 10, 2024","format":false,"excerpt":"Lib\u00e9rez votre \u00e9clat int\u00e9rieur avec le s\u00e9rum tonifiant Regenerist MAX d'OLAY, formul\u00e9 avec 2 fois plus de vitamine C. Ce s\u00e9rum l\u00e9ger p\u00e9n\u00e8tre la surface de votre peau pour att\u00e9nuer visiblement les taches et uniformiser l'apparence du teint. \u00c9labor\u00e9e avec une concentration maximale de complexe \u00e9nergisant pour la peau avec\u2026","rel":"","context":"Similar post","block_context":{"text":"Similar post","link":""},"img":{"alt_text":"","src":"","width":0,"height":0},"classes":[]},{"id":31871,"url":"https:\/\/sakaba.mghosteur.com\/en\/product\/olay-ultra-moisture-shea-butter-b3-body-wash-2\/","url_meta":{"origin":31807,"position":3},"title":"Olay ultra Moisture Shea butter B3 BODY WASH","author":"admin","date":"May 10, 2024","format":false,"excerpt":"Le nettoyant pour le corps Olay Complete nourrit compl\u00e8tement la peau en la nettoyant, en l'hydratant et en la rin\u00e7ant. La formule sans savon assure un nettoyage en douceur. Le nettoyant pour le corps est enrichi d'hydratants tels que le beurre de karit\u00e9 et les vitamines E, A et B3\u2026","rel":"","context":"Similar post","block_context":{"text":"Similar post","link":""},"img":{"alt_text":"","src":"","width":0,"height":0},"classes":[]},{"id":25286,"url":"https:\/\/sakaba.mghosteur.com\/en\/product\/olay-ultra-moisture-shea-butter-b3-body-wash\/","url_meta":{"origin":31807,"position":4},"title":"Olay ultra Moisture Shea butter B3 BODY WASH","author":"admin","date":"November 14, 2022","format":false,"excerpt":"Le nettoyant pour le corps Olay Complete nourrit compl\u00e8tement la peau en la nettoyant, en l'hydratant et en la rin\u00e7ant. La formule sans savon assure un nettoyage en douceur. Le nettoyant pour le corps est enrichi d'hydratants tels que le beurre de karit\u00e9 et les vitamines E, A et B3\u2026","rel":"","context":"Similar post","block_context":{"text":"Similar post","link":""},"img":{"alt_text":"","src":"","width":0,"height":0},"classes":[]},{"id":31792,"url":"https:\/\/sakaba.mghosteur.com\/en\/product\/olay-collagen-peptide-firming-hydrating\/","url_meta":{"origin":31807,"position":5},"title":"OLAY COLLAGEN PEPTIDE FIRMING &amp; HYDRATING","author":"admin","date":"May 10, 2024","format":false,"excerpt":"La lotion corporelle raffermissante et hydratante Olay avec collag\u00e8ne est une lotion hydratante qui contient du collag\u00e8ne et un complexe de vitamine B3 pour raffermir et repulper la peau tout en r\u00e9duisant les ridules. Elle est vendue en tube ou en flacon pompe et convient \u00e0 tous les types de\u2026","rel":"","context":"Similar post","block_context":{"text":"Similar post","link":""},"img":{"alt_text":"","src":"","width":0,"height":0},"classes":[]}],"_links":{"self":[{"href":"https:\/\/sakaba.mghosteur.com\/en\/wp-json\/wp\/v2\/product\/31807","targetHints":{"allow":["GET"]}}],"collection":[{"href":"https:\/\/sakaba.mghosteur.com\/en\/wp-json\/wp\/v2\/product"}],"about":[{"href":"https:\/\/sakaba.mghosteur.com\/en\/wp-json\/wp\/v2\/types\/product"}],"replies":[{"embeddable":true,"href":"https:\/\/sakaba.mghosteur.com\/en\/wp-json\/wp\/v2\/comments?post=31807"}],"version-history":[{"count":0,"href":"https:\/\/sakaba.mghosteur.com\/en\/wp-json\/wp\/v2\/product\/31807\/revisions"}],"wp:attachment":[{"href":"https:\/\/sakaba.mghosteur.com\/en\/wp-json\/wp\/v2\/media?parent=31807"}],"wp:term":[{"taxonomy":"product_brand","embeddable":true,"href":"https:\/\/sakaba.mghosteur.com\/en\/wp-json\/wp\/v2\/product_brand?post=31807"},{"taxonomy":"product_cat","embeddable":true,"href":"https:\/\/sakaba.mghosteur.com\/en\/wp-json\/wp\/v2\/product_cat?post=31807"},{"taxonomy":"product_tag","embeddable":true,"href":"https:\/\/sakaba.mghosteur.com\/en\/wp-json\/wp\/v2\/product_tag?post=31807"}],"curies":[{"name":"wp","href":"https:\/\/api.w.org\/{rel}","templated":true}]}}