{"id":31811,"date":"2024-05-10T14:32:02","date_gmt":"2024-05-10T14:32:02","guid":{"rendered":"https:\/\/sakaba.mghosteur.com\/?post_type=product&#038;p=31811"},"modified":"2024-09-01T03:02:28","modified_gmt":"2024-09-01T03:02:28","slug":"olay-regenerist-collagen-peptide-24-cream-cleanser","status":"publish","type":"product","link":"https:\/\/sakaba.mghosteur.com\/en\/product\/olay-regenerist-collagen-peptide-24-cream-cleanser\/","title":{"rendered":"Olay Regenerist Collagen Peptide 24 Cream Cleanser"},"content":{"rendered":"<p>Ce nettoyant cr\u00e9meux exfolie votre peau en douceur sans la dess\u00e9cher ni la tirailler. En un seul nettoyage, il \u00e9limine la salet\u00e9, le s\u00e9bum, le maquillage et les impuret\u00e9s pour la pr\u00e9parer \u00e0 absorber les ingr\u00e9dients de vos soins du visage et de vos hydratants. Le matin, le soir, apr\u00e8s la salle de sport ou \u00e0 chaque fois que vous avez besoin d&#8217;un nettoyage, frottez simplement le nettoyant en mouvements circulaires sur votre peau et lavez-la soigneusement. Tapotez avec une serviette pour absorber l&#8217;exc\u00e8s d&#8217;humidit\u00e9. Imm\u00e9diatement apr\u00e8s utilisation, vous remarquerez que votre peau para\u00eetra plus radieuse, plus lisse et plus lumineuse. Vous vous retrouverez avec une peau hydrat\u00e9e, visiblement souple et pr\u00eate \u00e0 absorber les puissants ingr\u00e9dients du Collagen Peptide 24.<\/p>","protected":false},"excerpt":{"rendered":"<p>Ce nettoyant cr\u00e9meux exfolie votre peau en douceur sans la dess\u00e9cher ni la tirailler. En un seul nettoyage, il \u00e9limine la salet\u00e9, le s\u00e9bum, le maquillage et les impuret\u00e9s pour la pr\u00e9parer \u00e0 absorber les ingr\u00e9dients de vos soins du visage et de vos hydratants. Le matin, le soir, apr\u00e8s la salle de sport ou<span class=\"read-more-faq\"><a href=\"https:\/\/sakaba.mghosteur.com\/en\/product\/olay-regenerist-collagen-peptide-24-cream-cleanser\/\">Read More<\/a><\/span><\/p>","protected":false},"featured_media":0,"comment_status":"open","ping_status":"closed","template":"","meta":[],"product_brand":[940],"product_cat":[324,451],"product_tag":[],"class_list":{"0":"post-31811","1":"product","2":"type-product","3":"status-publish","5":"product_brand-olay","6":"product_cat-demaquillant-nettoyant","7":"product_cat-aab-soin-du-visage","9":"first","10":"instock","11":"shipping-taxable","12":"product-type-simple"},"jetpack-related-posts":[{"id":26793,"url":"https:\/\/sakaba.mghosteur.com\/en\/product\/olay-collagen-peptide-24-cream-cleanser\/","url_meta":{"origin":31811,"position":0},"title":"OLAY Collagen Peptide 24 Cream Cleanser","author":"admin","date":"November 28, 2022","format":false,"excerpt":"Ce nettoyant cr\u00e9meux exfolie votre peau en douceur sans la dess\u00e9cher ni la tirailler. En un seul nettoyage, il \u00e9limine la salet\u00e9, le s\u00e9bum, le maquillage et les impuret\u00e9s pour la pr\u00e9parer \u00e0 absorber les ingr\u00e9dients de vos soins du visage et de vos hydratants.","rel":"","context":"Similar post","block_context":{"text":"Similar post","link":""},"img":{"alt_text":"","src":"","width":0,"height":0},"classes":[]},{"id":31788,"url":"https:\/\/sakaba.mghosteur.com\/en\/product\/olay-collagen-peptide-24-cream-cleanser-2\/","url_meta":{"origin":31811,"position":1},"title":"OLAY Collagen Peptide 24 Cream Cleanser","author":"admin","date":"May 10, 2024","format":false,"excerpt":"Ce nettoyant cr\u00e9meux exfolie votre peau en douceur sans la dess\u00e9cher ni la tirailler. En un seul nettoyage, il \u00e9limine la salet\u00e9, le s\u00e9bum, le maquillage et les impuret\u00e9s pour la pr\u00e9parer \u00e0 absorber les ingr\u00e9dients de vos soins du visage et de vos hydratants.","rel":"","context":"Similar post","block_context":{"text":"Similar post","link":""},"img":{"alt_text":"","src":"","width":0,"height":0},"classes":[]},{"id":31915,"url":"https:\/\/sakaba.mghosteur.com\/en\/product\/youtheory-collagen-6000-mg-290-tablets\/","url_meta":{"origin":31811,"position":2},"title":"YOUTHEORY COLLAGEN 6000 MG 290 TABLETS","author":"admin","date":"May 10, 2024","format":false,"excerpt":"Formule pour la peau, les cheveux & les ongles 6000\u00a0mg Enrichi en vitamine\u00a0C Compl\u00e9ment alimentaire Sans produits laitiers Sans soja Ingr\u00e9dients sans gluten Sans agents de remplissage ni agents liants 6000\u00a0mg de collag\u00e8ne par portion Restaure les prot\u00e9ines synonymes de beaut\u00e9 Lutte contre le vieillissement de la peau Revitalise la\u2026","rel":"","context":"Similar post","block_context":{"text":"Similar post","link":""},"img":{"alt_text":"","src":"","width":0,"height":0},"classes":[]},{"id":29997,"url":"https:\/\/sakaba.mghosteur.com\/en\/product\/neocell-super-collagen-type-1-3-powder\/","url_meta":{"origin":31811,"position":3},"title":"NeoCell Super Collagen Type 1 &amp; 3 Powder","author":"admin","date":"May 1, 2023","format":false,"excerpt":"D\u00e9couvrez notre Poudre de Peptides de Super Collag\u00e8ne NeoCell, pr\u00e9f\u00e9r\u00e9e de nos clients pour son efficacit\u00e9 \u00e0 faire ressortir votre \u00e9clat int\u00e9rieur. Avec 10 grammes de collag\u00e8ne de types 1 et 3 facilement absorb\u00e9 et hydrolys\u00e9, notre poudre favorise une peau, des cheveux et des ongles sains et radieux. Notre\u2026","rel":"","context":"Similar post","block_context":{"text":"Similar post","link":""},"img":{"alt_text":"","src":"","width":0,"height":0},"classes":[]},{"id":29966,"url":"https:\/\/sakaba.mghosteur.com\/en\/product\/hada-labo-tokyo-skin-plumping-gel-cream-with-super-hyaluronic-acid-collagen\/","url_meta":{"origin":31811,"position":4},"title":"Hada Labo Tokyo Skin Plumping Gel Cream with Super Hyaluronic Acid &#038; Collagen","author":"admin","date":"April 29, 2023","format":false,"excerpt":"D\u00e9couvrez le traitement de nuit anti-\u00e2ge Hada Labo Tokyo pour une peau hydrat\u00e9e, r\u00e9par\u00e9e et raffermie pendant votre sommeil. Ce gel-cr\u00e8me repulpant pour la peau est formul\u00e9 avec des ingr\u00e9dients cl\u00e9s tels que l'acide super hyaluronique (TM), le complexe de peptides de soja, le collag\u00e8ne et le ch\u00e8vrefeuille japonais. Cette\u2026","rel":"","context":"Similar post","block_context":{"text":"Similar post","link":""},"img":{"alt_text":"","src":"","width":0,"height":0},"classes":[]},{"id":30218,"url":"https:\/\/sakaba.mghosteur.com\/en\/product\/beauty-of-joseon-ginseng-cleansing\/","url_meta":{"origin":31811,"position":5},"title":"BEAUTY OF JOSEON &#8211; GINSENG CLEANSING","author":"admin","date":"May 4, 2023","format":false,"excerpt":"D\u00e9couvrez l'huile d\u00e9maquillante au ginseng de la marque Beauty of Joseon pour une exp\u00e9rience de nettoyage en profondeur de votre peau. Contrairement \u00e0 d'autres huiles nettoyantes disponibles sur le march\u00e9, notre formule contient de l'huile de Glycine Soja, une base l\u00e9g\u00e8re et efficace pour \u00e9liminer en douceur la salet\u00e9, le\u2026","rel":"","context":"Similar post","block_context":{"text":"Similar post","link":""},"img":{"alt_text":"","src":"","width":0,"height":0},"classes":[]}],"_links":{"self":[{"href":"https:\/\/sakaba.mghosteur.com\/en\/wp-json\/wp\/v2\/product\/31811","targetHints":{"allow":["GET"]}}],"collection":[{"href":"https:\/\/sakaba.mghosteur.com\/en\/wp-json\/wp\/v2\/product"}],"about":[{"href":"https:\/\/sakaba.mghosteur.com\/en\/wp-json\/wp\/v2\/types\/product"}],"replies":[{"embeddable":true,"href":"https:\/\/sakaba.mghosteur.com\/en\/wp-json\/wp\/v2\/comments?post=31811"}],"version-history":[{"count":0,"href":"https:\/\/sakaba.mghosteur.com\/en\/wp-json\/wp\/v2\/product\/31811\/revisions"}],"wp:attachment":[{"href":"https:\/\/sakaba.mghosteur.com\/en\/wp-json\/wp\/v2\/media?parent=31811"}],"wp:term":[{"taxonomy":"product_brand","embeddable":true,"href":"https:\/\/sakaba.mghosteur.com\/en\/wp-json\/wp\/v2\/product_brand?post=31811"},{"taxonomy":"product_cat","embeddable":true,"href":"https:\/\/sakaba.mghosteur.com\/en\/wp-json\/wp\/v2\/product_cat?post=31811"},{"taxonomy":"product_tag","embeddable":true,"href":"https:\/\/sakaba.mghosteur.com\/en\/wp-json\/wp\/v2\/product_tag?post=31811"}],"curies":[{"name":"wp","href":"https:\/\/api.w.org\/{rel}","templated":true}]}}