{"id":31813,"date":"2024-05-10T14:31:35","date_gmt":"2024-05-10T14:31:35","guid":{"rendered":"https:\/\/sakaba.mghosteur.com\/?post_type=product&#038;p=31813"},"modified":"2024-08-07T19:57:00","modified_gmt":"2024-08-07T19:57:00","slug":"anua-heartleaf-77-clear-pad-160ml","status":"publish","type":"product","link":"https:\/\/sakaba.mghosteur.com\/en\/product\/anua-heartleaf-77-clear-pad-160ml\/","title":{"rendered":"ANUA HEARTLEAF 77% CLEAR PAD 160ml"},"content":{"rendered":"<p>Anua Heartleaf 77% Clear Pad est un tampon nettoyant hydratant de 70 feuilles imbib\u00e9 d&#8217;extrait de heartleaf \u00e0 77 %. Il est con\u00e7u pour \u00e9liminer les impuret\u00e9s tout en apaisant la peau et convient \u00e0 tous les types de peau, en particulier les peaux sensibles. Le tampon utilise \u00e0 la fois une exfoliation chimique (PHA) et une exfoliation physique pour \u00e9liminer les pores obstru\u00e9s, les points noirs et les \u00e9ruptions cutan\u00e9es. Le c\u00f4t\u00e9 gaufr\u00e9 du tampon aide \u00e0 exfolier doucement la peau avec du PHA, \u00e0 d\u00e9boucher les pores et \u00e0 \u00e9liminer les points noirs et blancs.<\/p>","protected":false},"excerpt":{"rendered":"<p>Anua Heartleaf 77% Clear Pad est un tampon nettoyant hydratant de 70 feuilles imbib\u00e9 d&#8217;extrait de heartleaf \u00e0 77 %. Il est con\u00e7u pour \u00e9liminer les impuret\u00e9s tout en apaisant la peau et convient \u00e0 tous les types de peau, en particulier les peaux sensibles. Le tampon utilise \u00e0 la fois une exfoliation chimique (PHA)<span class=\"read-more-faq\"><a href=\"https:\/\/sakaba.mghosteur.com\/en\/product\/anua-heartleaf-77-clear-pad-160ml\/\">Read More<\/a><\/span><\/p>","protected":false},"featured_media":0,"comment_status":"open","ping_status":"closed","template":"","meta":[],"product_brand":[1030],"product_cat":[324,292,1018,451],"product_tag":[],"class_list":{"0":"post-31813","1":"product","2":"type-product","3":"status-publish","5":"product_brand-anua","6":"product_cat-demaquillant-nettoyant","7":"product_cat-peaux-sensibles","8":"product_cat-aai-produis-coreens","9":"product_cat-aab-soin-du-visage","11":"first","12":"instock","13":"shipping-taxable","14":"product-type-simple"},"jetpack-related-posts":[{"id":31600,"url":"https:\/\/sakaba.mghosteur.com\/en\/product\/cosrx-original-clear-pad-salix-alba-bark-water-bha\/","url_meta":{"origin":31813,"position":0},"title":"ONE STEP ORIGINAL CLEAR PAD","author":"admin","date":"May 10, 2024","format":false,"excerpt":"Les Tampons Exfoliants Clear Pad One Step Original sont votre alli\u00e9 pour une peau claire et sans imperfections. Chaque bo\u00eete contient 70 tampons, impr\u00e9gn\u00e9s d'une essence douce qui \u00e9limine les impuret\u00e9s et l'exc\u00e8s de s\u00e9bum en un seul geste. Gr\u00e2ce \u00e0 leur texture gaufr\u00e9e, ces tampons p\u00e9n\u00e8trent en profondeur dans\u2026","rel":"","context":"Similar post","block_context":{"text":"Similar post","link":""},"img":{"alt_text":"","src":"","width":0,"height":0},"classes":[]},{"id":56138,"url":"https:\/\/sakaba.mghosteur.com\/en\/product\/anua-heartleaf-pore-clay-pack\/","url_meta":{"origin":31813,"position":1},"title":"Anua Heartleaf Pore Clay Pack","author":"Sope DIA","date":"January 2, 2026","format":false,"excerpt":"Cr\u00e9e une mousse l\u00e9g\u00e8re et d\u00e9licate infus\u00e9e d'extrait de feuille de c\u0153ur, ce qui la rend douce mais efficace, particuli\u00e8rement adapt\u00e9e au nettoyage en profondeur des peaux grasses et mixtes. EXFOLIATION DOUCE : Contient 3 000 ppm de poudre de feuille de c\u0153ur qui aide \u00e0 nettoyer en douceur et\u2026","rel":"","context":"Similar post","block_context":{"text":"Similar post","link":""},"img":{"alt_text":"","src":"","width":0,"height":0},"classes":[]},{"id":31852,"url":"https:\/\/sakaba.mghosteur.com\/en\/product\/anua-heartleaf-77-soothing-toner-250ml\/","url_meta":{"origin":31813,"position":2},"title":"ANUA HEARTLEAF 77% SOOTHING TONER 250ML","author":"admin","date":"May 10, 2024","format":false,"excerpt":"Excellent soin pour les probl\u00e8mes de peau. Il s'agit du toner qui contient de l'extrait de houttuynia cordata au plus haut niveau, ce qui est bon pour les soins des probl\u00e8mes de peau. La feuille de c\u0153ur est tr\u00e8s efficace pour calmer les probl\u00e8mes de peau. \u00c9quilibre optimis\u00e9 de l'huile\u2026","rel":"","context":"Similar post","block_context":{"text":"Similar post","link":""},"img":{"alt_text":"","src":"","width":0,"height":0},"classes":[]},{"id":31473,"url":"https:\/\/sakaba.mghosteur.com\/en\/product\/madagascar-centella-toning-toner-210ml\/","url_meta":{"origin":31813,"position":3},"title":"MADAGASCAR CENTELLA TONING TONER 210ML","author":"admin","date":"May 10, 2024","format":false,"excerpt":"TONIQUE APAISANT \u00c0 LA CENTELLE QU'EST-CE QUE C'EST : Un tonique exfoliant doux qui peut \u00eatre utilis\u00e9 quotidiennement pour aider \u00e0 \u00e9liminer les cellules mortes de la peau et convient aux peaux sensibles. INGR\u00c9DIENTS CL\u00c9S : PHA (Gluconolactone) : Exfolie et \u00e9limine les cellules mortes de la peau sans irriter\u2026","rel":"","context":"Similar post","block_context":{"text":"Similar post","link":""},"img":{"alt_text":"","src":"","width":0,"height":0},"classes":[]},{"id":31843,"url":"https:\/\/sakaba.mghosteur.com\/en\/product\/anua-heartleaf-quercetinol-pore-deep-cleansing-foam-150ml\/","url_meta":{"origin":31813,"position":4},"title":"ANUA HEARTLEAF QUERCETINOL PORE DEEP CLEANSING FOAM 150ML","author":"admin","date":"May 10, 2024","format":false,"excerpt":"Une mousse nettoyante formul\u00e9e avec de l'extrait de Heartleaf, con\u00e7ue pour nettoyer en profondeur les pores et exfolier en douceur les cellules mortes de la peau.","rel":"","context":"Similar post","block_context":{"text":"Similar post","link":""},"img":{"alt_text":"","src":"","width":0,"height":0},"classes":[]},{"id":31859,"url":"https:\/\/sakaba.mghosteur.com\/en\/product\/anua-heartleaf-pore-control-cleansing-oil-200ml\/","url_meta":{"origin":31813,"position":5},"title":"ANUA HEARTLEAF PORE CONTROL CLEANSING OIL 200ML","author":"admin","date":"May 10, 2024","format":false,"excerpt":"Un d\u00e9maquillant doux qui aide \u00e0 \u00e9liminer les impuret\u00e9s des pores. Formule non com\u00e9dog\u00e8ne qui convient aux peaux \u00e0 tendance acn\u00e9ique. Formule l\u00e9g\u00e8re qui ne bloque pas les pores. Maintient la peau hydrat\u00e9e apr\u00e8s le nettoyage. Mode d'emploi : 1. Versez l'huile nettoyante dans vos paumes et massez-la sur la\u2026","rel":"","context":"Similar post","block_context":{"text":"Similar post","link":""},"img":{"alt_text":"","src":"","width":0,"height":0},"classes":[]}],"_links":{"self":[{"href":"https:\/\/sakaba.mghosteur.com\/en\/wp-json\/wp\/v2\/product\/31813","targetHints":{"allow":["GET"]}}],"collection":[{"href":"https:\/\/sakaba.mghosteur.com\/en\/wp-json\/wp\/v2\/product"}],"about":[{"href":"https:\/\/sakaba.mghosteur.com\/en\/wp-json\/wp\/v2\/types\/product"}],"replies":[{"embeddable":true,"href":"https:\/\/sakaba.mghosteur.com\/en\/wp-json\/wp\/v2\/comments?post=31813"}],"version-history":[{"count":0,"href":"https:\/\/sakaba.mghosteur.com\/en\/wp-json\/wp\/v2\/product\/31813\/revisions"}],"wp:attachment":[{"href":"https:\/\/sakaba.mghosteur.com\/en\/wp-json\/wp\/v2\/media?parent=31813"}],"wp:term":[{"taxonomy":"product_brand","embeddable":true,"href":"https:\/\/sakaba.mghosteur.com\/en\/wp-json\/wp\/v2\/product_brand?post=31813"},{"taxonomy":"product_cat","embeddable":true,"href":"https:\/\/sakaba.mghosteur.com\/en\/wp-json\/wp\/v2\/product_cat?post=31813"},{"taxonomy":"product_tag","embeddable":true,"href":"https:\/\/sakaba.mghosteur.com\/en\/wp-json\/wp\/v2\/product_tag?post=31813"}],"curies":[{"name":"wp","href":"https:\/\/api.w.org\/{rel}","templated":true}]}}