{"id":31816,"date":"2024-05-10T14:32:19","date_gmt":"2024-05-10T14:32:19","guid":{"rendered":"https:\/\/sakaba.mghosteur.com\/?post_type=product&#038;p=31816"},"modified":"2024-08-07T20:02:31","modified_gmt":"2024-08-07T20:02:31","slug":"anua-niacinamide-10-txa-4-dark-spot-30ml","status":"publish","type":"product","link":"https:\/\/sakaba.mghosteur.com\/en\/product\/anua-niacinamide-10-txa-4-dark-spot-30ml\/","title":{"rendered":"ANUA NIACINAMIDE 10% +TXA 4% DARK SPOT 30ML"},"content":{"rendered":"<p>Anua Niacinamide 10% + TXA 4% Dark Spot 30ML est un s\u00e9rum qui contient 10% de niacinamide et 4% d&#8217;acide tranexamique pour aider \u00e0 r\u00e9duire la d\u00e9coloration et cibler les taches brunes tenaces et l&#8217;hyperpigmentation. Il contient \u00e9galement 2% d&#8217;arbutine pour aider \u00e0 corriger le teint irr\u00e9gulier en limitant la production de m\u00e9lanine. Le s\u00e9rum est con\u00e7u pour lutter contre l&#8217;hyperpigmentation et att\u00e9nuer les taches brunes et les cicatrices d&#8217;acn\u00e9. Il contient \u00e9galement de l&#8217;acide hyaluronique, des huiles v\u00e9g\u00e9tales et de l&#8217;alpha-arbutine pour \u00e9claircir et uniformiser le teint, et hydrater et apaiser la peau.<\/p>","protected":false},"excerpt":{"rendered":"<p>Anua Niacinamide 10% + TXA 4% Dark Spot 30ML est un s\u00e9rum qui contient 10% de niacinamide et 4% d&#8217;acide tranexamique pour aider \u00e0 r\u00e9duire la d\u00e9coloration et cibler les taches brunes tenaces et l&#8217;hyperpigmentation. Il contient \u00e9galement 2% d&#8217;arbutine pour aider \u00e0 corriger le teint irr\u00e9gulier en limitant la production de m\u00e9lanine. Le s\u00e9rum<span class=\"read-more-faq\"><a href=\"https:\/\/sakaba.mghosteur.com\/en\/product\/anua-niacinamide-10-txa-4-dark-spot-30ml\/\">Read More<\/a><\/span><\/p>","protected":false},"featured_media":0,"comment_status":"open","ping_status":"closed","template":"","meta":[],"product_brand":[1030],"product_cat":[293,291,1018,451,334],"product_tag":[],"class_list":{"0":"post-31816","1":"product","2":"type-product","3":"status-publish","5":"product_brand-anua","6":"product_cat-anti-taches","7":"product_cat-eclaircissant","8":"product_cat-aai-produis-coreens","9":"product_cat-aab-soin-du-visage","10":"product_cat-traitement-serum","12":"first","13":"instock","14":"shipping-taxable","15":"product-type-simple"},"jetpack-related-posts":[{"id":27908,"url":"https:\/\/sakaba.mghosteur.com\/en\/product\/green-tangerine-vita-c-dark-spot-serum\/","url_meta":{"origin":31816,"position":0},"title":"GREEN TANGERINE VITA C DARK SPOT SERUM+","author":"admin","date":"November 29, 2022","format":false,"excerpt":"Le s\u00e9rum anti-taches brunes \u00e0 la vitamine C contient un puissant m\u00e9lange de 70 % d'extrait de mandarine verte fra\u00eeche, de 4 % de niacinamide et d'arbutine. Les mandarines vertes sont riches en antioxydants et contiennent 10 fois plus de vitamine C que les citrons. Gr\u00e2ce \u00e0 ce fruit, notre\u2026","rel":"","context":"Similar post","block_context":{"text":"Similar post","link":""},"img":{"alt_text":"","src":"","width":0,"height":0},"classes":[]},{"id":28038,"url":"https:\/\/sakaba.mghosteur.com\/en\/product\/versed-out-of-sight-dark-spot-gel\/","url_meta":{"origin":31816,"position":1},"title":"VERSED OUT OF SIGHT DARK SPOT GEL","author":"admin","date":"November 29, 2022","format":false,"excerpt":"Ce s\u00e9rum anti-taches brunes et antioxydant contient un m\u00e9lange d'ingr\u00e9dients concentr\u00e9s (mais s\u00fbrs) pour aider \u00e0 att\u00e9nuer les taches brunes persistantes et les marques post-acn\u00e9iques. Le traitement de l'hyperpigmentation \u00e0 l'acide tranexamique (un favori des dermatologues pour le m\u00e9lasma, la forme la plus tenace d'hyperpigmentation), l'acide kojique, l'extrait de racine\u2026","rel":"","context":"Similar post","block_context":{"text":"Similar post","link":""},"img":{"alt_text":"","src":"","width":0,"height":0},"classes":[]},{"id":24733,"url":"https:\/\/sakaba.mghosteur.com\/en\/product\/differin-dark-spot-correcting-serum\/","url_meta":{"origin":31816,"position":2},"title":"DIFFERIN DARK SPOT CORRECTING SERUM","author":"admin","date":"November 10, 2022","format":false,"excerpt":"Le s\u00e9rum correcteur de taches brunes Differin est un s\u00e9rum pour le visage qui aide \u00e0 r\u00e9duire l'apparence des marques post-acn\u00e9, de l'hyperpigmentation, des taches, des taches de vieillesse et m\u00eame des taches de rousseur. Il contient 4 % de niacinamide, un ingr\u00e9dient \u00e9claircissant cliniquement prouv\u00e9. Il contient \u00e9galement de\u2026","rel":"","context":"Similar post","block_context":{"text":"Similar post","link":""},"img":{"alt_text":"","src":"","width":0,"height":0},"classes":[]},{"id":27032,"url":"https:\/\/sakaba.mghosteur.com\/en\/product\/urban-retinol-rapid-repair-dark-spot-treatment\/","url_meta":{"origin":31816,"position":3},"title":"URBAN RETINOL RAPID REPAIR &amp; DARK SPOT TREATMENT","author":"admin","date":"November 28, 2022","format":false,"excerpt":"L'arme secr\u00e8te de cette formule est bien s\u00fbr le r\u00e9tinol, qui agit pour exfolier et am\u00e9liorer l'apparence du teint, de la texture, des \u00e9ruptions cutan\u00e9es et des marques post-\u00e9ruptions cutan\u00e9es et vous mettre sur la voie d'une peau lisse et \u00e9clatante. Il contient \u00e9galement de l'acide kojique pour cibler l'hyperpigmentation\u2026","rel":"","context":"Similar post","block_context":{"text":"Similar post","link":""},"img":{"alt_text":"","src":"","width":0,"height":0},"classes":[]},{"id":27817,"url":"https:\/\/sakaba.mghosteur.com\/en\/product\/facial-radiance-niacinamide-dark-spot-serum\/","url_meta":{"origin":31816,"position":4},"title":"FACIAL RADIANCE NIACINAMIDE DARK SPOT SERUM","author":"admin","date":"November 29, 2022","format":false,"excerpt":"Ce s\u00e9rum non irritant \u00e0 base de niacinamide aide \u00e0 r\u00e9duire l'apparence des taches brunes, des taches solaires, de l'hyperpigmentation, de la d\u00e9coloration et des marques post-acn\u00e9. Cette formule efficace aide \u00e0 uniformiser le teint gr\u00e2ce \u00e0 la niacinamide puissante, renforc\u00e9e par la racine de r\u00e9glisse et le kiwi dor\u00e9,\u2026","rel":"","context":"Similar post","block_context":{"text":"Similar post","link":""},"img":{"alt_text":"","src":"","width":0,"height":0},"classes":[]},{"id":26926,"url":"https:\/\/sakaba.mghosteur.com\/en\/product\/kiehls-clearly-corrective-dark-spot-solution\/","url_meta":{"origin":31816,"position":5},"title":"KIEHL&#8217;S CLEARLY CORRECTIVE DARK SPOT SOLUTION","author":"admin","date":"November 28, 2022","format":false,"excerpt":"Kiehl's Clearly Corrective Dark Spot Solution est un s\u00e9rum pour le visage qui aide \u00e0 r\u00e9duire l'apparence des taches brunes, de l'hyperpigmentation et des marques post-acn\u00e9. Il s'agit d'un s\u00e9rum quotidien l\u00e9ger et \u00e0 absorption rapide. Il contient une forme stabilis\u00e9e de vitamine C appel\u00e9e C activ\u00e9e, ainsi que de\u2026","rel":"","context":"Similar post","block_context":{"text":"Similar post","link":""},"img":{"alt_text":"","src":"","width":0,"height":0},"classes":[]}],"_links":{"self":[{"href":"https:\/\/sakaba.mghosteur.com\/en\/wp-json\/wp\/v2\/product\/31816","targetHints":{"allow":["GET"]}}],"collection":[{"href":"https:\/\/sakaba.mghosteur.com\/en\/wp-json\/wp\/v2\/product"}],"about":[{"href":"https:\/\/sakaba.mghosteur.com\/en\/wp-json\/wp\/v2\/types\/product"}],"replies":[{"embeddable":true,"href":"https:\/\/sakaba.mghosteur.com\/en\/wp-json\/wp\/v2\/comments?post=31816"}],"version-history":[{"count":0,"href":"https:\/\/sakaba.mghosteur.com\/en\/wp-json\/wp\/v2\/product\/31816\/revisions"}],"wp:attachment":[{"href":"https:\/\/sakaba.mghosteur.com\/en\/wp-json\/wp\/v2\/media?parent=31816"}],"wp:term":[{"taxonomy":"product_brand","embeddable":true,"href":"https:\/\/sakaba.mghosteur.com\/en\/wp-json\/wp\/v2\/product_brand?post=31816"},{"taxonomy":"product_cat","embeddable":true,"href":"https:\/\/sakaba.mghosteur.com\/en\/wp-json\/wp\/v2\/product_cat?post=31816"},{"taxonomy":"product_tag","embeddable":true,"href":"https:\/\/sakaba.mghosteur.com\/en\/wp-json\/wp\/v2\/product_tag?post=31816"}],"curies":[{"name":"wp","href":"https:\/\/api.w.org\/{rel}","templated":true}]}}