{"id":31824,"date":"2024-05-10T14:34:33","date_gmt":"2024-05-10T14:34:33","guid":{"rendered":"https:\/\/sakaba.mghosteur.com\/?post_type=product&#038;p=31824"},"modified":"2024-08-08T11:07:17","modified_gmt":"2024-08-08T11:07:17","slug":"olay-regenerist-niacinamide-gel-de-douche-591ml","status":"publish","type":"product","link":"https:\/\/sakaba.mghosteur.com\/en\/product\/olay-regenerist-niacinamide-gel-de-douche-591ml\/","title":{"rendered":"OLAY REGENERIST NIACINAMIDE  GEL DE DOUCHE 591ML"},"content":{"rendered":"<p>Nettoyant hydratant pour le corps Olay Age Defying avec niacinamide. La formule avanc\u00e9e du nettoyant pour le corps d&#8217;Olay nettoie et hydrate pour une peau visiblement souple et lisse en r\u00e9duisant l&#8217;apparence des ridules. Infus\u00e9e de leur complexe de vitamine B3, cette formule \u00e9limine les impuret\u00e9s de la journ\u00e9e et retient l&#8217;hydratation. Elle hydrate votre peau pour la nourrir et la restaurer. Pour profiter des bienfaits et obtenir cette sensation de peau nourrie, faites simplement mousser avec une houppette et rincez.<\/p>","protected":false},"excerpt":{"rendered":"<p>Nettoyant hydratant pour le corps Olay Age Defying avec niacinamide. La formule avanc\u00e9e du nettoyant pour le corps d&#8217;Olay nettoie et hydrate pour une peau visiblement souple et lisse en r\u00e9duisant l&#8217;apparence des ridules. Infus\u00e9e de leur complexe de vitamine B3, cette formule \u00e9limine les impuret\u00e9s de la journ\u00e9e et retient l&#8217;hydratation. Elle hydrate votre<span class=\"read-more-faq\"><a href=\"https:\/\/sakaba.mghosteur.com\/en\/product\/olay-regenerist-niacinamide-gel-de-douche-591ml\/\">Read More<\/a><\/span><\/p>","protected":false},"featured_media":0,"comment_status":"open","ping_status":"closed","template":"","meta":[],"product_brand":[940],"product_cat":[358,447],"product_tag":[],"class_list":{"0":"post-31824","1":"product","2":"type-product","3":"status-publish","5":"product_brand-olay","6":"product_cat-bain-douche","7":"product_cat-aac-bain-et-corps","9":"first","10":"instock","11":"shipping-taxable","12":"product-type-simple"},"jetpack-related-posts":[{"id":31871,"url":"https:\/\/sakaba.mghosteur.com\/en\/product\/olay-ultra-moisture-shea-butter-b3-body-wash-2\/","url_meta":{"origin":31824,"position":0},"title":"Olay ultra Moisture Shea butter B3 BODY WASH","author":"admin","date":"May 10, 2024","format":false,"excerpt":"Le nettoyant pour le corps Olay Complete nourrit compl\u00e8tement la peau en la nettoyant, en l'hydratant et en la rin\u00e7ant. La formule sans savon assure un nettoyage en douceur. Le nettoyant pour le corps est enrichi d'hydratants tels que le beurre de karit\u00e9 et les vitamines E, A et B3\u2026","rel":"","context":"Similar post","block_context":{"text":"Similar post","link":""},"img":{"alt_text":"","src":"","width":0,"height":0},"classes":[]},{"id":25286,"url":"https:\/\/sakaba.mghosteur.com\/en\/product\/olay-ultra-moisture-shea-butter-b3-body-wash\/","url_meta":{"origin":31824,"position":1},"title":"Olay ultra Moisture Shea butter B3 BODY WASH","author":"admin","date":"November 14, 2022","format":false,"excerpt":"Le nettoyant pour le corps Olay Complete nourrit compl\u00e8tement la peau en la nettoyant, en l'hydratant et en la rin\u00e7ant. La formule sans savon assure un nettoyage en douceur. Le nettoyant pour le corps est enrichi d'hydratants tels que le beurre de karit\u00e9 et les vitamines E, A et B3\u2026","rel":"","context":"Similar post","block_context":{"text":"Similar post","link":""},"img":{"alt_text":"","src":"","width":0,"height":0},"classes":[]},{"id":31780,"url":"https:\/\/sakaba.mghosteur.com\/en\/product\/olay-ceramide-gel-de-douche-591ml\/","url_meta":{"origin":31824,"position":2},"title":"OLAY CERAMIDE GEL DE DOUCHE 591ML","author":"admin","date":"May 10, 2024","format":false,"excerpt":"R\u00e9v\u00e9lez une peau belle et saine avec le nettoyant pour le corps nettoyant et fortifiant Olay avec complexe de c\u00e9ramides et de vitamine B3. Cette formule avanc\u00e9e hydrate en profondeur pour aider \u00e0 renforcer la barri\u00e8re d'hydratation de votre peau et la laisser douce et r\u00e9g\u00e9n\u00e9r\u00e9e. Gr\u00e2ce \u00e0 la technologie\u2026","rel":"","context":"Similar post","block_context":{"text":"Similar post","link":""},"img":{"alt_text":"","src":"","width":0,"height":0},"classes":[]},{"id":31827,"url":"https:\/\/sakaba.mghosteur.com\/en\/product\/olay-regenerist-niacinamide-lait-de-corps\/","url_meta":{"origin":31824,"position":3},"title":"OLAY REGENERIST NIACINAMIDE LAIT DE CORPS","author":"admin","date":"May 10, 2024","format":false,"excerpt":"La lotion corporelle Olay Regenerist Niacinamide est une lotion hydratante con\u00e7ue pour traiter les signes du vieillissement et hydrater intens\u00e9ment la peau. Elle est fabriqu\u00e9e avec une formule riche en nutriments qui comprend de la niacinamide et un complexe de vitamine B3. La lotion est con\u00e7ue pour lisser l'apparence des\u2026","rel":"","context":"Similar post","block_context":{"text":"Similar post","link":""},"img":{"alt_text":"","src":"","width":0,"height":0},"classes":[]},{"id":31865,"url":"https:\/\/sakaba.mghosteur.com\/en\/product\/olay-vitamin-c-lait-de-corps\/","url_meta":{"origin":31824,"position":4},"title":"OLAY VITAMIN C LAIT DE CORPS","author":"admin","date":"May 10, 2024","format":false,"excerpt":"Qui ne voudrait pas d\u2019un teint plus \u00e9clatant ? Illuminez votre peau terne avec la lotion revitalisante et hydratante pour les mains et le corps d\u2019Olay. Cette lotion hydratante a une formule riche en nutriments \u00e9labor\u00e9e avec de la vitamine C et notre complexe de vitamine B3 et a \u00e9t\u00e9\u2026","rel":"","context":"Similar post","block_context":{"text":"Similar post","link":""},"img":{"alt_text":"","src":"","width":0,"height":0},"classes":[]},{"id":31833,"url":"https:\/\/sakaba.mghosteur.com\/en\/product\/olay-sugar-cocoa-butter-gel-de-douche-591ml\/","url_meta":{"origin":31824,"position":5},"title":"OLAY SUGAR + COCOA BUTTER GEL DE DOUCHE 591ML","author":"admin","date":"May 10, 2024","format":false,"excerpt":"Le nettoyant exfoliant et hydratant pour le corps Olay, \u00e0 base de sucre et de beurre de cacao, impr\u00e8gne votre peau d'ingr\u00e9dients de soins de la peau de premi\u00e8re qualit\u00e9. Utilisez cette formule quotidiennement pour masser doucement les cellules mortes de la peau afin de r\u00e9v\u00e9ler une peau radieuse et\u2026","rel":"","context":"Similar post","block_context":{"text":"Similar post","link":""},"img":{"alt_text":"","src":"","width":0,"height":0},"classes":[]}],"_links":{"self":[{"href":"https:\/\/sakaba.mghosteur.com\/en\/wp-json\/wp\/v2\/product\/31824","targetHints":{"allow":["GET"]}}],"collection":[{"href":"https:\/\/sakaba.mghosteur.com\/en\/wp-json\/wp\/v2\/product"}],"about":[{"href":"https:\/\/sakaba.mghosteur.com\/en\/wp-json\/wp\/v2\/types\/product"}],"replies":[{"embeddable":true,"href":"https:\/\/sakaba.mghosteur.com\/en\/wp-json\/wp\/v2\/comments?post=31824"}],"version-history":[{"count":0,"href":"https:\/\/sakaba.mghosteur.com\/en\/wp-json\/wp\/v2\/product\/31824\/revisions"}],"wp:attachment":[{"href":"https:\/\/sakaba.mghosteur.com\/en\/wp-json\/wp\/v2\/media?parent=31824"}],"wp:term":[{"taxonomy":"product_brand","embeddable":true,"href":"https:\/\/sakaba.mghosteur.com\/en\/wp-json\/wp\/v2\/product_brand?post=31824"},{"taxonomy":"product_cat","embeddable":true,"href":"https:\/\/sakaba.mghosteur.com\/en\/wp-json\/wp\/v2\/product_cat?post=31824"},{"taxonomy":"product_tag","embeddable":true,"href":"https:\/\/sakaba.mghosteur.com\/en\/wp-json\/wp\/v2\/product_tag?post=31824"}],"curies":[{"name":"wp","href":"https:\/\/api.w.org\/{rel}","templated":true}]}}