{"id":31827,"date":"2024-05-10T14:36:09","date_gmt":"2024-05-10T14:36:09","guid":{"rendered":"https:\/\/sakaba.mghosteur.com\/?post_type=product&#038;p=31827"},"modified":"2024-08-08T11:08:37","modified_gmt":"2024-08-08T11:08:37","slug":"olay-regenerist-niacinamide-lait-de-corps","status":"publish","type":"product","link":"https:\/\/sakaba.mghosteur.com\/en\/product\/olay-regenerist-niacinamide-lait-de-corps\/","title":{"rendered":"OLAY REGENERIST NIACINAMIDE LAIT DE CORPS"},"content":{"rendered":"<p>La lotion corporelle Olay Regenerist Niacinamide est une lotion hydratante con\u00e7ue pour traiter les signes du vieillissement et hydrater intens\u00e9ment la peau. Elle est fabriqu\u00e9e avec une formule riche en nutriments qui comprend de la niacinamide et un complexe de vitamine B3. La lotion est con\u00e7ue pour lisser l&#8217;apparence des ridules et lisser visiblement la peau. Elle convient \u00e0 tous les types de peau et est con\u00e7ue pour \u00eatre rapidement absorb\u00e9e<\/p>","protected":false},"excerpt":{"rendered":"<p>La lotion corporelle Olay Regenerist Niacinamide est une lotion hydratante con\u00e7ue pour traiter les signes du vieillissement et hydrater intens\u00e9ment la peau. Elle est fabriqu\u00e9e avec une formule riche en nutriments qui comprend de la niacinamide et un complexe de vitamine B3. La lotion est con\u00e7ue pour lisser l&#8217;apparence des ridules et lisser visiblement la<span class=\"read-more-faq\"><a href=\"https:\/\/sakaba.mghosteur.com\/en\/product\/olay-regenerist-niacinamide-lait-de-corps\/\">Read More<\/a><\/span><\/p>","protected":false},"featured_media":0,"comment_status":"open","ping_status":"closed","template":"","meta":[],"product_brand":[940],"product_cat":[447,1061],"product_tag":[],"class_list":{"0":"post-31827","1":"product","2":"type-product","3":"status-publish","5":"product_brand-olay","6":"product_cat-aac-bain-et-corps","7":"product_cat-lait-huile_corporelle","9":"first","10":"instock","11":"shipping-taxable","12":"product-type-simple"},"jetpack-related-posts":[{"id":31824,"url":"https:\/\/sakaba.mghosteur.com\/en\/product\/olay-regenerist-niacinamide-gel-de-douche-591ml\/","url_meta":{"origin":31827,"position":0},"title":"OLAY REGENERIST NIACINAMIDE  GEL DE DOUCHE 591ML","author":"admin","date":"May 10, 2024","format":false,"excerpt":"Nettoyant hydratant pour le corps Olay Age Defying avec niacinamide. La formule avanc\u00e9e du nettoyant pour le corps d'Olay nettoie et hydrate pour une peau visiblement souple et lisse en r\u00e9duisant l'apparence des ridules. Infus\u00e9e de leur complexe de vitamine B3, cette formule \u00e9limine les impuret\u00e9s de la journ\u00e9e et\u2026","rel":"","context":"Similar post","block_context":{"text":"Similar post","link":""},"img":{"alt_text":"","src":"","width":0,"height":0},"classes":[]},{"id":27212,"url":"https:\/\/sakaba.mghosteur.com\/en\/product\/olay-regenerist-regenerating-cream-cleanser\/","url_meta":{"origin":31827,"position":1},"title":"Olay Regenerist Regenerating Cream Cleanser","author":"admin","date":"November 29, 2022","format":false,"excerpt":"Offrez \u00e0 votre peau un suppl\u00e9ment de pouvoir nettoyant et de fra\u00eecheur au toucher, matin et soir. D\u00e9couvrez la cr\u00e8me nettoyante r\u00e9g\u00e9n\u00e9rante pour le visage Olay Regenerist, une formule riche qui exfolie, r\u00e9g\u00e9n\u00e8re et lisse la texture de la peau. Ce nettoyant pour le visage nettoie en profondeur tout en\u2026","rel":"","context":"Similar post","block_context":{"text":"Similar post","link":""},"img":{"alt_text":"","src":"","width":0,"height":0},"classes":[]},{"id":31820,"url":"https:\/\/sakaba.mghosteur.com\/en\/product\/olay-regenerist-collagen-peptide-24-hydrating-moisturizer\/","url_meta":{"origin":31827,"position":2},"title":"OLAY Regenerist Collagen Peptide 24 Hydrating Moisturizer","author":"admin","date":"May 10, 2024","format":false,"excerpt":"Cette formule l\u00e9g\u00e8re p\u00e9n\u00e8tre rapidement et vous offre 24 heures d'hydratation sans laisser de sensation collante, grasse ou lourde. Elle est sp\u00e9cialement formul\u00e9e avec des ingr\u00e9dients \u00e9prouv\u00e9s, comme le peptide de collag\u00e8ne et la vitamine B3+, pour transformer l'apparence de votre peau.","rel":"","context":"Similar post","block_context":{"text":"Similar post","link":""},"img":{"alt_text":"","src":"","width":0,"height":0},"classes":[]},{"id":31811,"url":"https:\/\/sakaba.mghosteur.com\/en\/product\/olay-regenerist-collagen-peptide-24-cream-cleanser\/","url_meta":{"origin":31827,"position":3},"title":"Olay Regenerist Collagen Peptide 24 Cream Cleanser","author":"admin","date":"May 10, 2024","format":false,"excerpt":"Ce nettoyant cr\u00e9meux exfolie votre peau en douceur sans la dess\u00e9cher ni la tirailler. En un seul nettoyage, il \u00e9limine la salet\u00e9, le s\u00e9bum, le maquillage et les impuret\u00e9s pour la pr\u00e9parer \u00e0 absorber les ingr\u00e9dients de vos soins du visage et de vos hydratants. Le matin, le soir, apr\u00e8s\u2026","rel":"","context":"Similar post","block_context":{"text":"Similar post","link":""},"img":{"alt_text":"","src":"","width":0,"height":0},"classes":[]},{"id":24187,"url":"https:\/\/sakaba.mghosteur.com\/en\/product\/cerave-facial-moisturizing-lotion-am-60ml\/","url_meta":{"origin":31827,"position":4},"title":"CERAVE FACIAL MOISTURIZING LOTION PM 60ML","author":"admin","date":"November 9, 2022","format":false,"excerpt":"La lotion hydratante pour le visage CeraVe PM est le choix parfait pour ceux qui cherchent une cr\u00e8me de nuit l\u00e9g\u00e8re et non grasse. Cette lotion a \u00e9t\u00e9 sp\u00e9cialement con\u00e7ue pour aider \u00e0 hydrater, calmer et apaiser votre peau tout en restaurant sa barri\u00e8re d'hydratation naturelle, gr\u00e2ce \u00e0 sa formule\u2026","rel":"","context":"Similar post","block_context":{"text":"Similar post","link":""},"img":{"alt_text":"","src":"","width":0,"height":0},"classes":[]},{"id":25566,"url":"https:\/\/sakaba.mghosteur.com\/en\/product\/gold-bond-ultimate-healing-skin-therapy-lotion-14-oz-2\/","url_meta":{"origin":31827,"position":5},"title":"Gold Bond Ultimate Healing Skin Therapy Lotion, 14 oz","author":"admin","date":"November 14, 2022","format":false,"excerpt":"La cr\u00e8me\/lotion hydratante r\u00e9paratrice Gold Bond de la marque Gold Bond est le produit parfait pour hydrater, gu\u00e9rir et lisser la peau s\u00e8che. Cette cr\u00e8me\/lotion offre une hydratation imm\u00e9diate qui dure toute la journ\u00e9e et r\u00e9v\u00e8le une peau visiblement plus saine. Contenant 7 hydratants essentiels et 3 vitamines nourrissantes, cette\u2026","rel":"","context":"Similar post","block_context":{"text":"Similar post","link":""},"img":{"alt_text":"","src":"","width":0,"height":0},"classes":[]}],"_links":{"self":[{"href":"https:\/\/sakaba.mghosteur.com\/en\/wp-json\/wp\/v2\/product\/31827","targetHints":{"allow":["GET"]}}],"collection":[{"href":"https:\/\/sakaba.mghosteur.com\/en\/wp-json\/wp\/v2\/product"}],"about":[{"href":"https:\/\/sakaba.mghosteur.com\/en\/wp-json\/wp\/v2\/types\/product"}],"replies":[{"embeddable":true,"href":"https:\/\/sakaba.mghosteur.com\/en\/wp-json\/wp\/v2\/comments?post=31827"}],"version-history":[{"count":0,"href":"https:\/\/sakaba.mghosteur.com\/en\/wp-json\/wp\/v2\/product\/31827\/revisions"}],"wp:attachment":[{"href":"https:\/\/sakaba.mghosteur.com\/en\/wp-json\/wp\/v2\/media?parent=31827"}],"wp:term":[{"taxonomy":"product_brand","embeddable":true,"href":"https:\/\/sakaba.mghosteur.com\/en\/wp-json\/wp\/v2\/product_brand?post=31827"},{"taxonomy":"product_cat","embeddable":true,"href":"https:\/\/sakaba.mghosteur.com\/en\/wp-json\/wp\/v2\/product_cat?post=31827"},{"taxonomy":"product_tag","embeddable":true,"href":"https:\/\/sakaba.mghosteur.com\/en\/wp-json\/wp\/v2\/product_tag?post=31827"}],"curies":[{"name":"wp","href":"https:\/\/api.w.org\/{rel}","templated":true}]}}