{"id":31836,"date":"2024-05-10T14:39:43","date_gmt":"2024-05-10T14:39:43","guid":{"rendered":"https:\/\/sakaba.mghosteur.com\/?post_type=product&#038;p=31836"},"modified":"2024-08-08T11:15:28","modified_gmt":"2024-08-08T11:15:28","slug":"olay-tone-serum-max-b3-2x-viamin-c","status":"publish","type":"product","link":"https:\/\/sakaba.mghosteur.com\/en\/product\/olay-tone-serum-max-b3-2x-viamin-c\/","title":{"rendered":"OLAY TONE SERUM MAX B3+ 2X VIAMIN C"},"content":{"rendered":"<p>Lib\u00e9rez votre \u00e9clat int\u00e9rieur avec le s\u00e9rum tonifiant Regenerist MAX d&#8217;OLAY, formul\u00e9 avec 2 fois plus de vitamine C. Ce s\u00e9rum l\u00e9ger p\u00e9n\u00e8tre la surface de votre peau pour att\u00e9nuer visiblement les taches et uniformiser l&#8217;apparence du teint. \u00c9labor\u00e9e avec une concentration maximale de complexe \u00e9nergisant pour la peau avec vitamine B3+, cette formule non grasse s&#8217;absorbe rapidement. Appliquez une quantit\u00e9 g\u00e9n\u00e9reuse en couche uniforme sur votre visage jour et nuit avant votre cr\u00e8me hydratante et d\u00e9couvrez une peau parfaitement radieuse.<\/p>","protected":false},"excerpt":{"rendered":"<p>Lib\u00e9rez votre \u00e9clat int\u00e9rieur avec le s\u00e9rum tonifiant Regenerist MAX d&#8217;OLAY, formul\u00e9 avec 2 fois plus de vitamine C. Ce s\u00e9rum l\u00e9ger p\u00e9n\u00e8tre la surface de votre peau pour att\u00e9nuer visiblement les taches et uniformiser l&#8217;apparence du teint. \u00c9labor\u00e9e avec une concentration maximale de complexe \u00e9nergisant pour la peau avec vitamine B3+, cette formule non<span class=\"read-more-faq\"><a href=\"https:\/\/sakaba.mghosteur.com\/en\/product\/olay-tone-serum-max-b3-2x-viamin-c\/\">Read More<\/a><\/span><\/p>","protected":false},"featured_media":0,"comment_status":"open","ping_status":"closed","template":"","meta":[],"product_brand":[940],"product_cat":[293,451,334],"product_tag":[],"class_list":{"0":"post-31836","1":"product","2":"type-product","3":"status-publish","5":"product_brand-olay","6":"product_cat-anti-taches","7":"product_cat-aab-soin-du-visage","8":"product_cat-traitement-serum","10":"first","11":"instock","12":"shipping-taxable","13":"product-type-simple"},"jetpack-related-posts":[{"id":26766,"url":"https:\/\/sakaba.mghosteur.com\/en\/product\/olay-regenerist-tone-serum-max-b3-vitamin-c\/","url_meta":{"origin":31836,"position":0},"title":"OLAY Regenerist Tone Serum Max B3+ Vitamin C","author":"admin","date":"November 28, 2022","format":false,"excerpt":"","rel":"","context":"Similar post","block_context":{"text":"Similar post","link":""},"img":{"alt_text":"","src":"","width":0,"height":0},"classes":[]},{"id":26728,"url":"https:\/\/sakaba.mghosteur.com\/en\/product\/olay-regenerist-retinol-24-night-serum-max-vitamin-b3\/","url_meta":{"origin":31836,"position":1},"title":"OLAY Regenerist Retinol 24 Night Serum Max Vitamin B3+","author":"admin","date":"November 28, 2022","format":false,"excerpt":"","rel":"","context":"Similar post","block_context":{"text":"Similar post","link":""},"img":{"alt_text":"","src":"","width":0,"height":0},"classes":[]},{"id":31807,"url":"https:\/\/sakaba.mghosteur.com\/en\/product\/olay-hyaluronic-lait-de-corps\/","url_meta":{"origin":31836,"position":2},"title":"OLAY HYALURONIC LAIT DE CORPS","author":"admin","date":"May 10, 2024","format":false,"excerpt":"Cette lotion hydratante a une formule riche en nutriments \u00e9labor\u00e9e avec de l'acide hyaluronique et notre complexe de vitamine B3 et a \u00e9t\u00e9 cr\u00e9\u00e9e sp\u00e9cifiquement pour nourrir votre peau en profondeur de la t\u00eate aux pieds pour une peau lisse et durable. Pourquoi ajouter le complexe de vitamine B3 \u00e0\u2026","rel":"","context":"Similar post","block_context":{"text":"Similar post","link":""},"img":{"alt_text":"","src":"","width":0,"height":0},"classes":[]},{"id":31871,"url":"https:\/\/sakaba.mghosteur.com\/en\/product\/olay-ultra-moisture-shea-butter-b3-body-wash-2\/","url_meta":{"origin":31836,"position":3},"title":"Olay ultra Moisture Shea butter B3 BODY WASH","author":"admin","date":"May 10, 2024","format":false,"excerpt":"Le nettoyant pour le corps Olay Complete nourrit compl\u00e8tement la peau en la nettoyant, en l'hydratant et en la rin\u00e7ant. La formule sans savon assure un nettoyage en douceur. Le nettoyant pour le corps est enrichi d'hydratants tels que le beurre de karit\u00e9 et les vitamines E, A et B3\u2026","rel":"","context":"Similar post","block_context":{"text":"Similar post","link":""},"img":{"alt_text":"","src":"","width":0,"height":0},"classes":[]},{"id":31780,"url":"https:\/\/sakaba.mghosteur.com\/en\/product\/olay-ceramide-gel-de-douche-591ml\/","url_meta":{"origin":31836,"position":4},"title":"OLAY CERAMIDE GEL DE DOUCHE 591ML","author":"admin","date":"May 10, 2024","format":false,"excerpt":"R\u00e9v\u00e9lez une peau belle et saine avec le nettoyant pour le corps nettoyant et fortifiant Olay avec complexe de c\u00e9ramides et de vitamine B3. Cette formule avanc\u00e9e hydrate en profondeur pour aider \u00e0 renforcer la barri\u00e8re d'hydratation de votre peau et la laisser douce et r\u00e9g\u00e9n\u00e9r\u00e9e. Gr\u00e2ce \u00e0 la technologie\u2026","rel":"","context":"Similar post","block_context":{"text":"Similar post","link":""},"img":{"alt_text":"","src":"","width":0,"height":0},"classes":[]},{"id":25286,"url":"https:\/\/sakaba.mghosteur.com\/en\/product\/olay-ultra-moisture-shea-butter-b3-body-wash\/","url_meta":{"origin":31836,"position":5},"title":"Olay ultra Moisture Shea butter B3 BODY WASH","author":"admin","date":"November 14, 2022","format":false,"excerpt":"Le nettoyant pour le corps Olay Complete nourrit compl\u00e8tement la peau en la nettoyant, en l'hydratant et en la rin\u00e7ant. La formule sans savon assure un nettoyage en douceur. Le nettoyant pour le corps est enrichi d'hydratants tels que le beurre de karit\u00e9 et les vitamines E, A et B3\u2026","rel":"","context":"Similar post","block_context":{"text":"Similar post","link":""},"img":{"alt_text":"","src":"","width":0,"height":0},"classes":[]}],"_links":{"self":[{"href":"https:\/\/sakaba.mghosteur.com\/en\/wp-json\/wp\/v2\/product\/31836","targetHints":{"allow":["GET"]}}],"collection":[{"href":"https:\/\/sakaba.mghosteur.com\/en\/wp-json\/wp\/v2\/product"}],"about":[{"href":"https:\/\/sakaba.mghosteur.com\/en\/wp-json\/wp\/v2\/types\/product"}],"replies":[{"embeddable":true,"href":"https:\/\/sakaba.mghosteur.com\/en\/wp-json\/wp\/v2\/comments?post=31836"}],"version-history":[{"count":0,"href":"https:\/\/sakaba.mghosteur.com\/en\/wp-json\/wp\/v2\/product\/31836\/revisions"}],"wp:attachment":[{"href":"https:\/\/sakaba.mghosteur.com\/en\/wp-json\/wp\/v2\/media?parent=31836"}],"wp:term":[{"taxonomy":"product_brand","embeddable":true,"href":"https:\/\/sakaba.mghosteur.com\/en\/wp-json\/wp\/v2\/product_brand?post=31836"},{"taxonomy":"product_cat","embeddable":true,"href":"https:\/\/sakaba.mghosteur.com\/en\/wp-json\/wp\/v2\/product_cat?post=31836"},{"taxonomy":"product_tag","embeddable":true,"href":"https:\/\/sakaba.mghosteur.com\/en\/wp-json\/wp\/v2\/product_tag?post=31836"}],"curies":[{"name":"wp","href":"https:\/\/api.w.org\/{rel}","templated":true}]}}