{"id":31843,"date":"2024-05-10T14:40:51","date_gmt":"2024-05-10T14:40:51","guid":{"rendered":"https:\/\/sakaba.mghosteur.com\/?post_type=product&#038;p=31843"},"modified":"2025-04-04T03:43:42","modified_gmt":"2025-04-04T03:43:42","slug":"anua-heartleaf-quercetinol-pore-deep-cleansing-foam-150ml","status":"publish","type":"product","link":"https:\/\/sakaba.mghosteur.com\/en\/product\/anua-heartleaf-quercetinol-pore-deep-cleansing-foam-150ml\/","title":{"rendered":"ANUA HEARTLEAF QUERCETINOL PORE DEEP CLEANSING FOAM 150ML"},"content":{"rendered":"<p>Une mousse nettoyante formul\u00e9e avec de l&#8217;extrait de Heartleaf, con\u00e7ue pour nettoyer en profondeur les pores et exfolier en douceur les cellules mortes de la peau.<\/p>","protected":false},"excerpt":{"rendered":"<p>Une mousse nettoyante formul\u00e9e avec de l&#8217;extrait de Heartleaf, con\u00e7ue pour nettoyer en profondeur les pores et exfolier en douceur les cellules mortes de la peau.<\/p>","protected":false},"featured_media":0,"comment_status":"open","ping_status":"closed","template":"","meta":[],"product_brand":[1030],"product_cat":[294,293,324,384,1018,451],"product_tag":[],"class_list":{"0":"post-31843","1":"product","2":"type-product","3":"status-publish","5":"product_brand-anua","6":"product_cat-acne","7":"product_cat-anti-taches","8":"product_cat-demaquillant-nettoyant","9":"product_cat-peaux-grasses","10":"product_cat-aai-produis-coreens","11":"product_cat-aab-soin-du-visage","13":"first","14":"instock","15":"shipping-taxable","16":"product-type-simple"},"jetpack-related-posts":[{"id":31813,"url":"https:\/\/sakaba.mghosteur.com\/en\/product\/anua-heartleaf-77-clear-pad-160ml\/","url_meta":{"origin":31843,"position":0},"title":"ANUA HEARTLEAF 77% CLEAR PAD 160ml","author":"admin","date":"May 10, 2024","format":false,"excerpt":"Anua Heartleaf 77% Clear Pad est un tampon nettoyant hydratant de 70 feuilles imbib\u00e9 d'extrait de heartleaf \u00e0 77 %. Il est con\u00e7u pour \u00e9liminer les impuret\u00e9s tout en apaisant la peau et convient \u00e0 tous les types de peau, en particulier les peaux sensibles. Le tampon utilise \u00e0 la\u2026","rel":"","context":"Similar post","block_context":{"text":"Similar post","link":""},"img":{"alt_text":"","src":"","width":0,"height":0},"classes":[]},{"id":31859,"url":"https:\/\/sakaba.mghosteur.com\/en\/product\/anua-heartleaf-pore-control-cleansing-oil-200ml\/","url_meta":{"origin":31843,"position":1},"title":"ANUA HEARTLEAF PORE CONTROL CLEANSING OIL 200ML","author":"admin","date":"May 10, 2024","format":false,"excerpt":"Un d\u00e9maquillant doux qui aide \u00e0 \u00e9liminer les impuret\u00e9s des pores. Formule non com\u00e9dog\u00e8ne qui convient aux peaux \u00e0 tendance acn\u00e9ique. Formule l\u00e9g\u00e8re qui ne bloque pas les pores. Maintient la peau hydrat\u00e9e apr\u00e8s le nettoyage. Mode d'emploi : 1. Versez l'huile nettoyante dans vos paumes et massez-la sur la\u2026","rel":"","context":"Similar post","block_context":{"text":"Similar post","link":""},"img":{"alt_text":"","src":"","width":0,"height":0},"classes":[]},{"id":56138,"url":"https:\/\/sakaba.mghosteur.com\/en\/product\/anua-heartleaf-pore-clay-pack\/","url_meta":{"origin":31843,"position":2},"title":"Anua Heartleaf Pore Clay Pack","author":"Sope DIA","date":"January 2, 2026","format":false,"excerpt":"Cr\u00e9e une mousse l\u00e9g\u00e8re et d\u00e9licate infus\u00e9e d'extrait de feuille de c\u0153ur, ce qui la rend douce mais efficace, particuli\u00e8rement adapt\u00e9e au nettoyage en profondeur des peaux grasses et mixtes. EXFOLIATION DOUCE : Contient 3 000 ppm de poudre de feuille de c\u0153ur qui aide \u00e0 nettoyer en douceur et\u2026","rel":"","context":"Similar post","block_context":{"text":"Similar post","link":""},"img":{"alt_text":"","src":"","width":0,"height":0},"classes":[]},{"id":31852,"url":"https:\/\/sakaba.mghosteur.com\/en\/product\/anua-heartleaf-77-soothing-toner-250ml\/","url_meta":{"origin":31843,"position":3},"title":"ANUA HEARTLEAF 77% SOOTHING TONER 250ML","author":"admin","date":"May 10, 2024","format":false,"excerpt":"Excellent soin pour les probl\u00e8mes de peau. Il s'agit du toner qui contient de l'extrait de houttuynia cordata au plus haut niveau, ce qui est bon pour les soins des probl\u00e8mes de peau. La feuille de c\u0153ur est tr\u00e8s efficace pour calmer les probl\u00e8mes de peau. \u00c9quilibre optimis\u00e9 de l'huile\u2026","rel":"","context":"Similar post","block_context":{"text":"Similar post","link":""},"img":{"alt_text":"","src":"","width":0,"height":0},"classes":[]},{"id":31849,"url":"https:\/\/sakaba.mghosteur.com\/en\/product\/anua-heartleaf-70-intense-calming-cream-50ml\/","url_meta":{"origin":31843,"position":4},"title":"ANUA HEARTLEAF 70% INTENSE CALMING CREAM 50ML","author":"admin","date":"May 10, 2024","format":false,"excerpt":"Une cr\u00e8me apaisante formul\u00e9e avec de la c\u00e9ramide et du panth\u00e9nol, con\u00e7ue pour renforcer et r\u00e9parer la barri\u00e8re cutan\u00e9e endommag\u00e9e tout en procurant une hydratation en profondeur.","rel":"","context":"Similar post","block_context":{"text":"Similar post","link":""},"img":{"alt_text":"","src":"","width":0,"height":0},"classes":[]},{"id":56135,"url":"https:\/\/sakaba.mghosteur.com\/en\/product\/anua-heartleaf-70-intense-calming-cream\/","url_meta":{"origin":31843,"position":5},"title":"Anua Heartleaf 70 Intense Calming Cream","author":"Sope DIA","date":"January 2, 2026","format":false,"excerpt":"LOTION TONIQUE APAISANTE POUR LE VISAGE \u2013 Enrichie en extrait de feuille de c\u0153ur \u00e0 la plus haute concentration, reconnu pour ses effets calmants, cette lotion tonique est con\u00e7ue pour apaiser, tonifier, hydrater et \u00e9quilibrer le pH de la peau. R\u00c9PARE LA BARRI\u00c8RE CUTAN\u00c9E ENDOMMAG\u00c9E \u2013 Contient des c\u00e9ramides et\u2026","rel":"","context":"Similar post","block_context":{"text":"Similar post","link":""},"img":{"alt_text":"","src":"","width":0,"height":0},"classes":[]}],"_links":{"self":[{"href":"https:\/\/sakaba.mghosteur.com\/en\/wp-json\/wp\/v2\/product\/31843","targetHints":{"allow":["GET"]}}],"collection":[{"href":"https:\/\/sakaba.mghosteur.com\/en\/wp-json\/wp\/v2\/product"}],"about":[{"href":"https:\/\/sakaba.mghosteur.com\/en\/wp-json\/wp\/v2\/types\/product"}],"replies":[{"embeddable":true,"href":"https:\/\/sakaba.mghosteur.com\/en\/wp-json\/wp\/v2\/comments?post=31843"}],"version-history":[{"count":0,"href":"https:\/\/sakaba.mghosteur.com\/en\/wp-json\/wp\/v2\/product\/31843\/revisions"}],"wp:attachment":[{"href":"https:\/\/sakaba.mghosteur.com\/en\/wp-json\/wp\/v2\/media?parent=31843"}],"wp:term":[{"taxonomy":"product_brand","embeddable":true,"href":"https:\/\/sakaba.mghosteur.com\/en\/wp-json\/wp\/v2\/product_brand?post=31843"},{"taxonomy":"product_cat","embeddable":true,"href":"https:\/\/sakaba.mghosteur.com\/en\/wp-json\/wp\/v2\/product_cat?post=31843"},{"taxonomy":"product_tag","embeddable":true,"href":"https:\/\/sakaba.mghosteur.com\/en\/wp-json\/wp\/v2\/product_tag?post=31843"}],"curies":[{"name":"wp","href":"https:\/\/api.w.org\/{rel}","templated":true}]}}