{"id":31848,"date":"2024-05-10T14:42:07","date_gmt":"2024-05-10T14:42:07","guid":{"rendered":"https:\/\/sakaba.mghosteur.com\/?post_type=product&#038;p=31848"},"modified":"2024-09-01T02:49:51","modified_gmt":"2024-09-01T02:49:51","slug":"olay-ultimate-hydration-essence-mist","status":"publish","type":"product","link":"https:\/\/sakaba.mghosteur.com\/en\/product\/olay-ultimate-hydration-essence-mist\/","title":{"rendered":"OLAY Ultimate Hydration Essence Mist"},"content":{"rendered":"","protected":false},"excerpt":{"rendered":"","protected":false},"featured_media":0,"comment_status":"open","ping_status":"closed","template":"","meta":[],"product_brand":[940],"product_cat":[451,334],"product_tag":[],"class_list":{"0":"post-31848","1":"product","2":"type-product","3":"status-publish","5":"product_brand-olay","6":"product_cat-aab-soin-du-visage","7":"product_cat-traitement-serum","9":"first","10":"instock","11":"shipping-taxable","12":"product-type-simple"},"jetpack-related-posts":[{"id":27202,"url":"https:\/\/sakaba.mghosteur.com\/en\/product\/olay-sensitive-facial-cleanser-with-hungarian-water-essence\/","url_meta":{"origin":31848,"position":0},"title":"Olay Sensitive Facial Cleanser with Hungarian Water Essence","author":"admin","date":"November 29, 2022","format":false,"excerpt":"Ce nettoyant apaisant pour le visage \u00e9limine les toxines et hydrate la peau. Inspir\u00e9 de l'essence d'eau hongroise, ce nettoyant pour le visage pour peau sensible est infus\u00e9 d'essences d'alo\u00e8s et de concombre qui agissent avec la formule douce pour la peau d'Olay pour aider \u00e0 combattre la peau s\u00e8che\u2026","rel":"","context":"Similar post","block_context":{"text":"Similar post","link":""},"img":{"alt_text":"","src":"","width":0,"height":0},"classes":[]},{"id":31840,"url":"https:\/\/sakaba.mghosteur.com\/en\/product\/olay-ultimate-eye-cream\/","url_meta":{"origin":31848,"position":1},"title":"Olay Ultimate Eye Cream","author":"admin","date":"May 10, 2024","format":false,"excerpt":"La cr\u00e8me pour les yeux Olay Eyes Ultimate est une cr\u00e8me pour les yeux 3 en 1 qui combat les rides, les yeux gonfl\u00e9s et les cernes. Elle contient des peptides et des vitamines pour renouveler la surface de la peau et r\u00e9duire les poches. Elle dispose \u00e9galement d'une technologie\u2026","rel":"","context":"Similar post","block_context":{"text":"Similar post","link":""},"img":{"alt_text":"","src":"","width":0,"height":0},"classes":[]},{"id":26763,"url":"https:\/\/sakaba.mghosteur.com\/en\/product\/olay-hydrating-face-scrub-vitamin-c-caviar-lime-essence\/","url_meta":{"origin":31848,"position":2},"title":"Olay Hydrating Face Scrub &#8211; Vitamin C + Caviar Lime Essence","author":"admin","date":"November 28, 2022","format":false,"excerpt":"","rel":"","context":"Similar post","block_context":{"text":"Similar post","link":""},"img":{"alt_text":"","src":"","width":0,"height":0},"classes":[]},{"id":31824,"url":"https:\/\/sakaba.mghosteur.com\/en\/product\/olay-regenerist-niacinamide-gel-de-douche-591ml\/","url_meta":{"origin":31848,"position":3},"title":"OLAY REGENERIST NIACINAMIDE  GEL DE DOUCHE 591ML","author":"admin","date":"May 10, 2024","format":false,"excerpt":"Nettoyant hydratant pour le corps Olay Age Defying avec niacinamide. La formule avanc\u00e9e du nettoyant pour le corps d'Olay nettoie et hydrate pour une peau visiblement souple et lisse en r\u00e9duisant l'apparence des ridules. Infus\u00e9e de leur complexe de vitamine B3, cette formule \u00e9limine les impuret\u00e9s de la journ\u00e9e et\u2026","rel":"","context":"Similar post","block_context":{"text":"Similar post","link":""},"img":{"alt_text":"","src":"","width":0,"height":0},"classes":[]},{"id":31780,"url":"https:\/\/sakaba.mghosteur.com\/en\/product\/olay-ceramide-gel-de-douche-591ml\/","url_meta":{"origin":31848,"position":4},"title":"OLAY CERAMIDE GEL DE DOUCHE 591ML","author":"admin","date":"May 10, 2024","format":false,"excerpt":"R\u00e9v\u00e9lez une peau belle et saine avec le nettoyant pour le corps nettoyant et fortifiant Olay avec complexe de c\u00e9ramides et de vitamine B3. Cette formule avanc\u00e9e hydrate en profondeur pour aider \u00e0 renforcer la barri\u00e8re d'hydratation de votre peau et la laisser douce et r\u00e9g\u00e9n\u00e9r\u00e9e. Gr\u00e2ce \u00e0 la technologie\u2026","rel":"","context":"Similar post","block_context":{"text":"Similar post","link":""},"img":{"alt_text":"","src":"","width":0,"height":0},"classes":[]},{"id":31830,"url":"https:\/\/sakaba.mghosteur.com\/en\/product\/olay-retinol-gel-de-douche-591ml\/","url_meta":{"origin":31848,"position":5},"title":"OLAY RETINOL GEL DE DOUCHE 591ML","author":"admin","date":"May 10, 2024","format":false,"excerpt":"Le nettoyant pour le corps de nuit Olay Cleansing & Renewing Retinol est un nettoyant pour le corps qui contient du r\u00e9tinol et un complexe de vitamines con\u00e7u pour hydrater la peau pendant la nuit. Il est suffisamment doux pour une utilisation quotidienne et contient des ingr\u00e9dients hydratants.","rel":"","context":"Similar post","block_context":{"text":"Similar post","link":""},"img":{"alt_text":"","src":"","width":0,"height":0},"classes":[]}],"_links":{"self":[{"href":"https:\/\/sakaba.mghosteur.com\/en\/wp-json\/wp\/v2\/product\/31848","targetHints":{"allow":["GET"]}}],"collection":[{"href":"https:\/\/sakaba.mghosteur.com\/en\/wp-json\/wp\/v2\/product"}],"about":[{"href":"https:\/\/sakaba.mghosteur.com\/en\/wp-json\/wp\/v2\/types\/product"}],"replies":[{"embeddable":true,"href":"https:\/\/sakaba.mghosteur.com\/en\/wp-json\/wp\/v2\/comments?post=31848"}],"version-history":[{"count":0,"href":"https:\/\/sakaba.mghosteur.com\/en\/wp-json\/wp\/v2\/product\/31848\/revisions"}],"wp:attachment":[{"href":"https:\/\/sakaba.mghosteur.com\/en\/wp-json\/wp\/v2\/media?parent=31848"}],"wp:term":[{"taxonomy":"product_brand","embeddable":true,"href":"https:\/\/sakaba.mghosteur.com\/en\/wp-json\/wp\/v2\/product_brand?post=31848"},{"taxonomy":"product_cat","embeddable":true,"href":"https:\/\/sakaba.mghosteur.com\/en\/wp-json\/wp\/v2\/product_cat?post=31848"},{"taxonomy":"product_tag","embeddable":true,"href":"https:\/\/sakaba.mghosteur.com\/en\/wp-json\/wp\/v2\/product_tag?post=31848"}],"curies":[{"name":"wp","href":"https:\/\/api.w.org\/{rel}","templated":true}]}}