{"id":31849,"date":"2024-05-10T14:41:29","date_gmt":"2024-05-10T14:41:29","guid":{"rendered":"https:\/\/sakaba.mghosteur.com\/?post_type=product&#038;p=31849"},"modified":"2024-08-07T19:55:25","modified_gmt":"2024-08-07T19:55:25","slug":"anua-heartleaf-70-intense-calming-cream-50ml","status":"publish","type":"product","link":"https:\/\/sakaba.mghosteur.com\/en\/product\/anua-heartleaf-70-intense-calming-cream-50ml\/","title":{"rendered":"ANUA HEARTLEAF 70% INTENSE CALMING CREAM 50ML"},"content":{"rendered":"<p>Une cr\u00e8me apaisante formul\u00e9e avec de la c\u00e9ramide et du panth\u00e9nol, con\u00e7ue pour renforcer et r\u00e9parer la barri\u00e8re cutan\u00e9e endommag\u00e9e tout en procurant une hydratation en profondeur.<\/p>","protected":false},"excerpt":{"rendered":"<p>Une cr\u00e8me apaisante formul\u00e9e avec de la c\u00e9ramide et du panth\u00e9nol, con\u00e7ue pour renforcer et r\u00e9parer la barri\u00e8re cutan\u00e9e endommag\u00e9e tout en procurant une hydratation en profondeur.<\/p>","protected":false},"featured_media":0,"comment_status":"open","ping_status":"closed","template":"","meta":[],"product_brand":[1030],"product_cat":[331,1018,451],"product_tag":[],"class_list":{"0":"post-31849","1":"product","2":"type-product","3":"status-publish","5":"product_brand-anua","6":"product_cat-hydratant-visage","7":"product_cat-aai-produis-coreens","8":"product_cat-aab-soin-du-visage","10":"first","11":"instock","12":"shipping-taxable","13":"product-type-simple"},"jetpack-related-posts":[],"_links":{"self":[{"href":"https:\/\/sakaba.mghosteur.com\/en\/wp-json\/wp\/v2\/product\/31849","targetHints":{"allow":["GET"]}}],"collection":[{"href":"https:\/\/sakaba.mghosteur.com\/en\/wp-json\/wp\/v2\/product"}],"about":[{"href":"https:\/\/sakaba.mghosteur.com\/en\/wp-json\/wp\/v2\/types\/product"}],"replies":[{"embeddable":true,"href":"https:\/\/sakaba.mghosteur.com\/en\/wp-json\/wp\/v2\/comments?post=31849"}],"version-history":[{"count":0,"href":"https:\/\/sakaba.mghosteur.com\/en\/wp-json\/wp\/v2\/product\/31849\/revisions"}],"wp:attachment":[{"href":"https:\/\/sakaba.mghosteur.com\/en\/wp-json\/wp\/v2\/media?parent=31849"}],"wp:term":[{"taxonomy":"product_brand","embeddable":true,"href":"https:\/\/sakaba.mghosteur.com\/en\/wp-json\/wp\/v2\/product_brand?post=31849"},{"taxonomy":"product_cat","embeddable":true,"href":"https:\/\/sakaba.mghosteur.com\/en\/wp-json\/wp\/v2\/product_cat?post=31849"},{"taxonomy":"product_tag","embeddable":true,"href":"https:\/\/sakaba.mghosteur.com\/en\/wp-json\/wp\/v2\/product_tag?post=31849"}],"curies":[{"name":"wp","href":"https:\/\/api.w.org\/{rel}","templated":true}]}}