{"id":31852,"date":"2024-05-10T14:42:29","date_gmt":"2024-05-10T14:42:29","guid":{"rendered":"https:\/\/sakaba.mghosteur.com\/?post_type=product&#038;p=31852"},"modified":"2024-08-07T19:58:34","modified_gmt":"2024-08-07T19:58:34","slug":"anua-heartleaf-77-soothing-toner-250ml","status":"publish","type":"product","link":"https:\/\/sakaba.mghosteur.com\/en\/product\/anua-heartleaf-77-soothing-toner-250ml\/","title":{"rendered":"ANUA HEARTLEAF 77% SOOTHING TONER 250ML"},"content":{"rendered":"<p>Excellent soin pour les probl\u00e8mes de peau. Il s&#8217;agit du toner qui contient de l&#8217;extrait de houttuynia cordata au plus haut niveau, ce qui est bon pour les soins des probl\u00e8mes de peau. La feuille de c\u0153ur est tr\u00e8s efficace pour calmer les probl\u00e8mes de peau. \u00c9quilibre optimis\u00e9 de l&#8217;huile et de l&#8217;hydratation de la peau. Ce toner l\u00e9g\u00e8rement acide avec un pH de 5,5 \u00e0 6 vous offre un \u00e9quilibre entre l&#8217;huile et l&#8217;hydratation gr\u00e2ce \u00e0 une conception d&#8217;ingr\u00e9dients optimis\u00e9e<\/p>","protected":false},"excerpt":{"rendered":"<p>Excellent soin pour les probl\u00e8mes de peau. Il s&#8217;agit du toner qui contient de l&#8217;extrait de houttuynia cordata au plus haut niveau, ce qui est bon pour les soins des probl\u00e8mes de peau. La feuille de c\u0153ur est tr\u00e8s efficace pour calmer les probl\u00e8mes de peau. \u00c9quilibre optimis\u00e9 de l&#8217;huile et de l&#8217;hydratation de la<span class=\"read-more-faq\"><a href=\"https:\/\/sakaba.mghosteur.com\/en\/product\/anua-heartleaf-77-soothing-toner-250ml\/\">Read More<\/a><\/span><\/p>","protected":false},"featured_media":0,"comment_status":"open","ping_status":"closed","template":"","meta":[],"product_brand":[1030],"product_cat":[324,1018,451],"product_tag":[],"class_list":{"0":"post-31852","1":"product","2":"type-product","3":"status-publish","5":"product_brand-anua","6":"product_cat-demaquillant-nettoyant","7":"product_cat-aai-produis-coreens","8":"product_cat-aab-soin-du-visage","10":"first","11":"instock","12":"shipping-taxable","13":"product-type-simple"},"jetpack-related-posts":[{"id":24526,"url":"https:\/\/sakaba.mghosteur.com\/en\/product\/cerave-hydrating-toner\/","url_meta":{"origin":31852,"position":0},"title":"CERAVE HYDRATING TONER","author":"admin","date":"November 10, 2022","format":false,"excerpt":"Le tonique hydratant de CeraVe est un produit incontournable pour une peau saine et bien hydrat\u00e9e. Avec sa formule douce et non dess\u00e9chante, ce toner \u00e9quilibre le pH de la peau et aide \u00e0 \u00e9liminer les r\u00e9sidus laiss\u00e9s apr\u00e8s le nettoyage du visage. Gr\u00e2ce \u00e0 sa composition riche en c\u00e9ramides,\u2026","rel":"","context":"Similar post","block_context":{"text":"Similar post","link":""},"img":{"alt_text":"","src":"","width":0,"height":0},"classes":[]},{"id":29453,"url":"https:\/\/sakaba.mghosteur.com\/en\/product\/cosrx-galactomyces-95-tone-balancing-essence\/","url_meta":{"origin":31852,"position":1},"title":"COSRX GALACTOMYCES 95 TONE BALANCING ESSENCE","author":"admin","date":"April 4, 2023","format":false,"excerpt":"D\u00e9couvrez l'essence \u00e9quilibrante de ton Galactomyces 95 de la marque COSRX ! Cette essence multi-action est con\u00e7ue pour les peaux ternes et rugueuses. Elle contient 95% de filtrat de ferment de Galactomyces pour nourrir et hydrater la peau, tout en la rendant plus \u00e9clatante et plus claire. Gr\u00e2ce \u00e0 l'acide\u2026","rel":"","context":"Similar post","block_context":{"text":"Similar post","link":""},"img":{"alt_text":"","src":"","width":0,"height":0},"classes":[]},{"id":26954,"url":"https:\/\/sakaba.mghosteur.com\/en\/product\/facetheory-cera-c-pore-reducing-toner\/","url_meta":{"origin":31852,"position":2},"title":"FACETHEORY Cera-C Pore Reducing Toner T1","author":"admin","date":"November 28, 2022","format":false,"excerpt":"Le toner Cera-C R\u00e9ducteur de Pores T1 de Facetheory est un toner l\u00e9ger et \u00e9quilibrant formul\u00e9 avec des c\u00e9ramides et de la niacinamide (vitamine B3) pour aider \u00e0 r\u00e9duire l'apparence des pores dilat\u00e9s et restaurer l'\u00e9lasticit\u00e9 naturelle de la peau. La vitamine C stabilis\u00e9e aide \u00e0 combattre les bact\u00e9ries responsables\u2026","rel":"","context":"Similar post","block_context":{"text":"Similar post","link":""},"img":{"alt_text":"","src":"","width":0,"height":0},"classes":[]},{"id":32507,"url":"https:\/\/sakaba.mghosteur.com\/en\/product\/tiam-vita-b5-toner\/","url_meta":{"origin":31852,"position":3},"title":"TIAM VITA B5 TONER","author":"admin","date":"May 14, 2024","format":false,"excerpt":"D\u00e9couvrez le Tonique Vita B5, une solution hautement hydratante enrichie en provitamine B5 (panth\u00e9nol) \u00e0 une concentration de 10 000 PPM. Con\u00e7u pour revitaliser la peau, ce tonique est formul\u00e9 sans alcool ni parfum, et poss\u00e8de un faible pH qui r\u00e9tablit l'hydratation naturelle de la peau tout en maintenant son\u2026","rel":"","context":"Similar post","block_context":{"text":"Similar post","link":""},"img":{"alt_text":"","src":"","width":0,"height":0},"classes":[]},{"id":27226,"url":"https:\/\/sakaba.mghosteur.com\/en\/product\/the-ordinary-coffret-the-balance-set\/","url_meta":{"origin":31852,"position":4},"title":"THE ORDINARY COFFRET THE BALANCE SET","author":"admin","date":"November 29, 2022","format":false,"excerpt":"L'ensemble d'\u00e9quilibre de The Ordinary est un coffret de produits de soin de la peau con\u00e7u pour clarifier et \u00e9quilibrer votre peau. Il comprend quatre produits cl\u00e9s qui travaillent en tandem pour am\u00e9liorer l'apparence et la texture de votre peau. Le nettoyant d\u00e9maquillant hydratant au squalane est un nettoyant doux\u2026","rel":"","context":"Similar post","block_context":{"text":"Similar post","link":""},"img":{"alt_text":"","src":"","width":0,"height":0},"classes":[]},{"id":27205,"url":"https:\/\/sakaba.mghosteur.com\/en\/product\/olay-toner-with-witch-hazel\/","url_meta":{"origin":31852,"position":5},"title":"Olay Toner with Witch Hazel","author":"admin","date":"November 29, 2022","format":false,"excerpt":"\u00c9liminez les impuret\u00e9s pour rafra\u00eechir la peau avec le tonique nettoyant minimisant l'huile d'Olay. Id\u00e9al pour les peaux grasses \u00e0 mixtes, ce tonique aide \u00e0 \u00e9liminer l'exc\u00e8s de s\u00e9bum en l'\u00e9liminant, ainsi que la salet\u00e9 et le maquillage, sans priver votre peau de son hydratation essentielle. Le tonique pour le\u2026","rel":"","context":"Similar post","block_context":{"text":"Similar post","link":""},"img":{"alt_text":"","src":"","width":0,"height":0},"classes":[]}],"_links":{"self":[{"href":"https:\/\/sakaba.mghosteur.com\/en\/wp-json\/wp\/v2\/product\/31852","targetHints":{"allow":["GET"]}}],"collection":[{"href":"https:\/\/sakaba.mghosteur.com\/en\/wp-json\/wp\/v2\/product"}],"about":[{"href":"https:\/\/sakaba.mghosteur.com\/en\/wp-json\/wp\/v2\/types\/product"}],"replies":[{"embeddable":true,"href":"https:\/\/sakaba.mghosteur.com\/en\/wp-json\/wp\/v2\/comments?post=31852"}],"version-history":[{"count":0,"href":"https:\/\/sakaba.mghosteur.com\/en\/wp-json\/wp\/v2\/product\/31852\/revisions"}],"wp:attachment":[{"href":"https:\/\/sakaba.mghosteur.com\/en\/wp-json\/wp\/v2\/media?parent=31852"}],"wp:term":[{"taxonomy":"product_brand","embeddable":true,"href":"https:\/\/sakaba.mghosteur.com\/en\/wp-json\/wp\/v2\/product_brand?post=31852"},{"taxonomy":"product_cat","embeddable":true,"href":"https:\/\/sakaba.mghosteur.com\/en\/wp-json\/wp\/v2\/product_cat?post=31852"},{"taxonomy":"product_tag","embeddable":true,"href":"https:\/\/sakaba.mghosteur.com\/en\/wp-json\/wp\/v2\/product_tag?post=31852"}],"curies":[{"name":"wp","href":"https:\/\/api.w.org\/{rel}","templated":true}]}}