{"id":31860,"date":"2024-05-10T14:43:47","date_gmt":"2024-05-10T14:43:47","guid":{"rendered":"https:\/\/sakaba.mghosteur.com\/?post_type=product&#038;p=31860"},"modified":"2025-04-04T03:45:53","modified_gmt":"2025-04-04T03:45:53","slug":"olay-vitamin-c-gel-de-douche-591ml","status":"publish","type":"product","link":"https:\/\/sakaba.mghosteur.com\/en\/product\/olay-vitamin-c-gel-de-douche-591ml\/","title":{"rendered":"OLAY VITAMIN C GEL DE DOUCHE 591ML"},"content":{"rendered":"<p>Faites mousser votre peau avec luxe \u00e0 chaque douche. Le nettoyant pour le corps nettoyant et \u00e9claircissant Olay, avec sa mousse riche et cr\u00e9meuse, impr\u00e8gne votre peau d\u2019ingr\u00e9dients de soin, la laissant douce et soyeuse au toucher. Il est enrichi de vitamine C et de vitamine B3 pour donner \u00e0 votre peau un \u00e9clat radieux tout en procurant une hydratation longue dur\u00e9e. Et il se rince proprement sans laisser de sensation grasse et enduite. Douchez-vous avec les 60 ans de science de la beaut\u00e9 d\u2019Olay pour une peau hydrat\u00e9e et d\u2019apparence saine de la t\u00eate aux pieds.<\/p>","protected":false},"excerpt":{"rendered":"<p>Faites mousser votre peau avec luxe \u00e0 chaque douche. Le nettoyant pour le corps nettoyant et \u00e9claircissant Olay, avec sa mousse riche et cr\u00e9meuse, impr\u00e8gne votre peau d\u2019ingr\u00e9dients de soin, la laissant douce et soyeuse au toucher. Il est enrichi de vitamine C et de vitamine B3 pour donner \u00e0 votre peau un \u00e9clat radieux<span class=\"read-more-faq\"><a href=\"https:\/\/sakaba.mghosteur.com\/en\/product\/olay-vitamin-c-gel-de-douche-591ml\/\">Read More<\/a><\/span><\/p>","protected":false},"featured_media":0,"comment_status":"open","ping_status":"closed","template":"","meta":[],"product_brand":[940],"product_cat":[358,447],"product_tag":[],"class_list":{"0":"post-31860","1":"product","2":"type-product","3":"status-publish","5":"product_brand-olay","6":"product_cat-bain-douche","7":"product_cat-aac-bain-et-corps","9":"first","10":"instock","11":"shipping-taxable","12":"product-type-simple"},"jetpack-related-posts":[{"id":31780,"url":"https:\/\/sakaba.mghosteur.com\/en\/product\/olay-ceramide-gel-de-douche-591ml\/","url_meta":{"origin":31860,"position":0},"title":"OLAY CERAMIDE GEL DE DOUCHE 591ML","author":"admin","date":"May 10, 2024","format":false,"excerpt":"R\u00e9v\u00e9lez une peau belle et saine avec le nettoyant pour le corps nettoyant et fortifiant Olay avec complexe de c\u00e9ramides et de vitamine B3. Cette formule avanc\u00e9e hydrate en profondeur pour aider \u00e0 renforcer la barri\u00e8re d'hydratation de votre peau et la laisser douce et r\u00e9g\u00e9n\u00e9r\u00e9e. Gr\u00e2ce \u00e0 la technologie\u2026","rel":"","context":"Similar post","block_context":{"text":"Similar post","link":""},"img":{"alt_text":"","src":"","width":0,"height":0},"classes":[]},{"id":31824,"url":"https:\/\/sakaba.mghosteur.com\/en\/product\/olay-regenerist-niacinamide-gel-de-douche-591ml\/","url_meta":{"origin":31860,"position":1},"title":"OLAY REGENERIST NIACINAMIDE  GEL DE DOUCHE 591ML","author":"admin","date":"May 10, 2024","format":false,"excerpt":"Nettoyant hydratant pour le corps Olay Age Defying avec niacinamide. La formule avanc\u00e9e du nettoyant pour le corps d'Olay nettoie et hydrate pour une peau visiblement souple et lisse en r\u00e9duisant l'apparence des ridules. Infus\u00e9e de leur complexe de vitamine B3, cette formule \u00e9limine les impuret\u00e9s de la journ\u00e9e et\u2026","rel":"","context":"Similar post","block_context":{"text":"Similar post","link":""},"img":{"alt_text":"","src":"","width":0,"height":0},"classes":[]},{"id":31796,"url":"https:\/\/sakaba.mghosteur.com\/en\/product\/olay-collagen-peptide-gel-de-douche-591ml\/","url_meta":{"origin":31860,"position":2},"title":"OLAY COLLAGEN PEPTIDE GEL DE DOUCHE 591ML","author":"admin","date":"May 10, 2024","format":false,"excerpt":"Le nettoyant pour le corps Olay Collagen Peptide est un nettoyant pour le corps suraliment\u00e9 en collag\u00e8ne et en complexe de vitamine B3 pour laisser la peau plus ferme et plus jeune avec une utilisation continue. Il se rince proprement sans laisser de sensation grasse et enduite.","rel":"","context":"Similar post","block_context":{"text":"Similar post","link":""},"img":{"alt_text":"","src":"","width":0,"height":0},"classes":[]},{"id":31871,"url":"https:\/\/sakaba.mghosteur.com\/en\/product\/olay-ultra-moisture-shea-butter-b3-body-wash-2\/","url_meta":{"origin":31860,"position":3},"title":"Olay ultra Moisture Shea butter B3 BODY WASH","author":"admin","date":"May 10, 2024","format":false,"excerpt":"Le nettoyant pour le corps Olay Complete nourrit compl\u00e8tement la peau en la nettoyant, en l'hydratant et en la rin\u00e7ant. La formule sans savon assure un nettoyage en douceur. Le nettoyant pour le corps est enrichi d'hydratants tels que le beurre de karit\u00e9 et les vitamines E, A et B3\u2026","rel":"","context":"Similar post","block_context":{"text":"Similar post","link":""},"img":{"alt_text":"","src":"","width":0,"height":0},"classes":[]},{"id":31833,"url":"https:\/\/sakaba.mghosteur.com\/en\/product\/olay-sugar-cocoa-butter-gel-de-douche-591ml\/","url_meta":{"origin":31860,"position":4},"title":"OLAY SUGAR + COCOA BUTTER GEL DE DOUCHE 591ML","author":"admin","date":"May 10, 2024","format":false,"excerpt":"Le nettoyant exfoliant et hydratant pour le corps Olay, \u00e0 base de sucre et de beurre de cacao, impr\u00e8gne votre peau d'ingr\u00e9dients de soins de la peau de premi\u00e8re qualit\u00e9. Utilisez cette formule quotidiennement pour masser doucement les cellules mortes de la peau afin de r\u00e9v\u00e9ler une peau radieuse et\u2026","rel":"","context":"Similar post","block_context":{"text":"Similar post","link":""},"img":{"alt_text":"","src":"","width":0,"height":0},"classes":[]},{"id":25286,"url":"https:\/\/sakaba.mghosteur.com\/en\/product\/olay-ultra-moisture-shea-butter-b3-body-wash\/","url_meta":{"origin":31860,"position":5},"title":"Olay ultra Moisture Shea butter B3 BODY WASH","author":"admin","date":"November 14, 2022","format":false,"excerpt":"Le nettoyant pour le corps Olay Complete nourrit compl\u00e8tement la peau en la nettoyant, en l'hydratant et en la rin\u00e7ant. La formule sans savon assure un nettoyage en douceur. Le nettoyant pour le corps est enrichi d'hydratants tels que le beurre de karit\u00e9 et les vitamines E, A et B3\u2026","rel":"","context":"Similar post","block_context":{"text":"Similar post","link":""},"img":{"alt_text":"","src":"","width":0,"height":0},"classes":[]}],"_links":{"self":[{"href":"https:\/\/sakaba.mghosteur.com\/en\/wp-json\/wp\/v2\/product\/31860","targetHints":{"allow":["GET"]}}],"collection":[{"href":"https:\/\/sakaba.mghosteur.com\/en\/wp-json\/wp\/v2\/product"}],"about":[{"href":"https:\/\/sakaba.mghosteur.com\/en\/wp-json\/wp\/v2\/types\/product"}],"replies":[{"embeddable":true,"href":"https:\/\/sakaba.mghosteur.com\/en\/wp-json\/wp\/v2\/comments?post=31860"}],"version-history":[{"count":0,"href":"https:\/\/sakaba.mghosteur.com\/en\/wp-json\/wp\/v2\/product\/31860\/revisions"}],"wp:attachment":[{"href":"https:\/\/sakaba.mghosteur.com\/en\/wp-json\/wp\/v2\/media?parent=31860"}],"wp:term":[{"taxonomy":"product_brand","embeddable":true,"href":"https:\/\/sakaba.mghosteur.com\/en\/wp-json\/wp\/v2\/product_brand?post=31860"},{"taxonomy":"product_cat","embeddable":true,"href":"https:\/\/sakaba.mghosteur.com\/en\/wp-json\/wp\/v2\/product_cat?post=31860"},{"taxonomy":"product_tag","embeddable":true,"href":"https:\/\/sakaba.mghosteur.com\/en\/wp-json\/wp\/v2\/product_tag?post=31860"}],"curies":[{"name":"wp","href":"https:\/\/api.w.org\/{rel}","templated":true}]}}