{"id":31865,"date":"2024-05-10T14:45:01","date_gmt":"2024-05-10T14:45:01","guid":{"rendered":"https:\/\/sakaba.mghosteur.com\/?post_type=product&#038;p=31865"},"modified":"2025-03-30T22:36:26","modified_gmt":"2025-03-30T22:36:26","slug":"olay-vitamin-c-lait-de-corps","status":"publish","type":"product","link":"https:\/\/sakaba.mghosteur.com\/en\/product\/olay-vitamin-c-lait-de-corps\/","title":{"rendered":"OLAY VITAMIN C LAIT DE CORPS"},"content":{"rendered":"<p>Qui ne voudrait pas d\u2019un teint plus \u00e9clatant ? Illuminez votre peau terne avec la lotion revitalisante et hydratante pour les mains et le corps d\u2019Olay. Cette lotion hydratante a une formule riche en nutriments \u00e9labor\u00e9e avec de la vitamine C et notre complexe de vitamine B3 et a \u00e9t\u00e9 cr\u00e9\u00e9e sp\u00e9cifiquement pour donner \u00e0 votre peau un regain d\u2019hydratation rajeunissante. Pourquoi ajouter le complexe de vitamine B3 \u00e0 votre routine ? C\u2019est l\u2019ingr\u00e9dient par excellence pour am\u00e9liorer la peau. La vitamine B3 permet \u00e0 votre peau de retenir l\u2019eau afin qu\u2019elle puisse devenir son propre hydratant. Elle vous laisse \u00e9galement une peau qui semble plus jeune, plus douce et plus lisse. Observez la transformation visible de votre peau sans vous soucier des r\u00e9sidus gras que d\u2019autres types de cr\u00e8mes pour le corps ou pour les mains peuvent laisser derri\u00e8re elles. Cette cr\u00e8me pour les mains et le corps s\u2019absorbe \u00e9galement rapidement, p\u00e9n\u00e9trant la peau jusqu\u2019\u00e0 10 couches de profondeur, laissant votre peau avec une douceur durable et un renouvellement cellulaire accru. Gardez-en une dans votre sac lorsque vous \u00eates en d\u00e9placement, une \u00e0 votre bureau pour l\u2019hydrater lorsque vous en avez besoin et une pr\u00e8s de l\u2019\u00e9vier pour l\u2019hydrater apr\u00e8s le lavage des mains. Utilisez quotidiennement sur l&#8217;ensemble de vos mains et de votre corps pendant votre routine du matin ou du soir. Utilisez avec le nettoyant pour le corps inspir\u00e9 des soins de la peau Olay pour renforcer les effets du complexe de vitamine B3 et des ingr\u00e9dients hydratants.<\/p>","protected":false},"excerpt":{"rendered":"<p>Qui ne voudrait pas d\u2019un teint plus \u00e9clatant ? Illuminez votre peau terne avec la lotion revitalisante et hydratante pour les mains et le corps d\u2019Olay. Cette lotion hydratante a une formule riche en nutriments \u00e9labor\u00e9e avec de la vitamine C et notre complexe de vitamine B3 et a \u00e9t\u00e9 cr\u00e9\u00e9e sp\u00e9cifiquement pour donner \u00e0<span class=\"read-more-faq\"><a href=\"https:\/\/sakaba.mghosteur.com\/en\/product\/olay-vitamin-c-lait-de-corps\/\">Read More<\/a><\/span><\/p>","protected":false},"featured_media":0,"comment_status":"open","ping_status":"closed","template":"","meta":[],"product_brand":[940],"product_cat":[447,1061],"product_tag":[],"class_list":{"0":"post-31865","1":"product","2":"type-product","3":"status-publish","5":"product_brand-olay","6":"product_cat-aac-bain-et-corps","7":"product_cat-lait-huile_corporelle","9":"first","10":"instock","11":"shipping-taxable","12":"product-type-simple"},"jetpack-related-posts":[{"id":31780,"url":"https:\/\/sakaba.mghosteur.com\/en\/product\/olay-ceramide-gel-de-douche-591ml\/","url_meta":{"origin":31865,"position":0},"title":"OLAY CERAMIDE GEL DE DOUCHE 591ML","author":"admin","date":"May 10, 2024","format":false,"excerpt":"R\u00e9v\u00e9lez une peau belle et saine avec le nettoyant pour le corps nettoyant et fortifiant Olay avec complexe de c\u00e9ramides et de vitamine B3. Cette formule avanc\u00e9e hydrate en profondeur pour aider \u00e0 renforcer la barri\u00e8re d'hydratation de votre peau et la laisser douce et r\u00e9g\u00e9n\u00e9r\u00e9e. Gr\u00e2ce \u00e0 la technologie\u2026","rel":"","context":"Similar post","block_context":{"text":"Similar post","link":""},"img":{"alt_text":"","src":"","width":0,"height":0},"classes":[]},{"id":31807,"url":"https:\/\/sakaba.mghosteur.com\/en\/product\/olay-hyaluronic-lait-de-corps\/","url_meta":{"origin":31865,"position":1},"title":"OLAY HYALURONIC LAIT DE CORPS","author":"admin","date":"May 10, 2024","format":false,"excerpt":"Cette lotion hydratante a une formule riche en nutriments \u00e9labor\u00e9e avec de l'acide hyaluronique et notre complexe de vitamine B3 et a \u00e9t\u00e9 cr\u00e9\u00e9e sp\u00e9cifiquement pour nourrir votre peau en profondeur de la t\u00eate aux pieds pour une peau lisse et durable. Pourquoi ajouter le complexe de vitamine B3 \u00e0\u2026","rel":"","context":"Similar post","block_context":{"text":"Similar post","link":""},"img":{"alt_text":"","src":"","width":0,"height":0},"classes":[]},{"id":31827,"url":"https:\/\/sakaba.mghosteur.com\/en\/product\/olay-regenerist-niacinamide-lait-de-corps\/","url_meta":{"origin":31865,"position":2},"title":"OLAY REGENERIST NIACINAMIDE LAIT DE CORPS","author":"admin","date":"May 10, 2024","format":false,"excerpt":"La lotion corporelle Olay Regenerist Niacinamide est une lotion hydratante con\u00e7ue pour traiter les signes du vieillissement et hydrater intens\u00e9ment la peau. Elle est fabriqu\u00e9e avec une formule riche en nutriments qui comprend de la niacinamide et un complexe de vitamine B3. La lotion est con\u00e7ue pour lisser l'apparence des\u2026","rel":"","context":"Similar post","block_context":{"text":"Similar post","link":""},"img":{"alt_text":"","src":"","width":0,"height":0},"classes":[]},{"id":31792,"url":"https:\/\/sakaba.mghosteur.com\/en\/product\/olay-collagen-peptide-firming-hydrating\/","url_meta":{"origin":31865,"position":3},"title":"OLAY COLLAGEN PEPTIDE FIRMING &amp; HYDRATING","author":"admin","date":"May 10, 2024","format":false,"excerpt":"La lotion corporelle raffermissante et hydratante Olay avec collag\u00e8ne est une lotion hydratante qui contient du collag\u00e8ne et un complexe de vitamine B3 pour raffermir et repulper la peau tout en r\u00e9duisant les ridules. Elle est vendue en tube ou en flacon pompe et convient \u00e0 tous les types de\u2026","rel":"","context":"Similar post","block_context":{"text":"Similar post","link":""},"img":{"alt_text":"","src":"","width":0,"height":0},"classes":[]},{"id":31871,"url":"https:\/\/sakaba.mghosteur.com\/en\/product\/olay-ultra-moisture-shea-butter-b3-body-wash-2\/","url_meta":{"origin":31865,"position":4},"title":"Olay ultra Moisture Shea butter B3 BODY WASH","author":"admin","date":"May 10, 2024","format":false,"excerpt":"Le nettoyant pour le corps Olay Complete nourrit compl\u00e8tement la peau en la nettoyant, en l'hydratant et en la rin\u00e7ant. La formule sans savon assure un nettoyage en douceur. Le nettoyant pour le corps est enrichi d'hydratants tels que le beurre de karit\u00e9 et les vitamines E, A et B3\u2026","rel":"","context":"Similar post","block_context":{"text":"Similar post","link":""},"img":{"alt_text":"","src":"","width":0,"height":0},"classes":[]},{"id":25286,"url":"https:\/\/sakaba.mghosteur.com\/en\/product\/olay-ultra-moisture-shea-butter-b3-body-wash\/","url_meta":{"origin":31865,"position":5},"title":"Olay ultra Moisture Shea butter B3 BODY WASH","author":"admin","date":"November 14, 2022","format":false,"excerpt":"Le nettoyant pour le corps Olay Complete nourrit compl\u00e8tement la peau en la nettoyant, en l'hydratant et en la rin\u00e7ant. La formule sans savon assure un nettoyage en douceur. Le nettoyant pour le corps est enrichi d'hydratants tels que le beurre de karit\u00e9 et les vitamines E, A et B3\u2026","rel":"","context":"Similar post","block_context":{"text":"Similar post","link":""},"img":{"alt_text":"","src":"","width":0,"height":0},"classes":[]}],"_links":{"self":[{"href":"https:\/\/sakaba.mghosteur.com\/en\/wp-json\/wp\/v2\/product\/31865","targetHints":{"allow":["GET"]}}],"collection":[{"href":"https:\/\/sakaba.mghosteur.com\/en\/wp-json\/wp\/v2\/product"}],"about":[{"href":"https:\/\/sakaba.mghosteur.com\/en\/wp-json\/wp\/v2\/types\/product"}],"replies":[{"embeddable":true,"href":"https:\/\/sakaba.mghosteur.com\/en\/wp-json\/wp\/v2\/comments?post=31865"}],"version-history":[{"count":0,"href":"https:\/\/sakaba.mghosteur.com\/en\/wp-json\/wp\/v2\/product\/31865\/revisions"}],"wp:attachment":[{"href":"https:\/\/sakaba.mghosteur.com\/en\/wp-json\/wp\/v2\/media?parent=31865"}],"wp:term":[{"taxonomy":"product_brand","embeddable":true,"href":"https:\/\/sakaba.mghosteur.com\/en\/wp-json\/wp\/v2\/product_brand?post=31865"},{"taxonomy":"product_cat","embeddable":true,"href":"https:\/\/sakaba.mghosteur.com\/en\/wp-json\/wp\/v2\/product_cat?post=31865"},{"taxonomy":"product_tag","embeddable":true,"href":"https:\/\/sakaba.mghosteur.com\/en\/wp-json\/wp\/v2\/product_tag?post=31865"}],"curies":[{"name":"wp","href":"https:\/\/api.w.org\/{rel}","templated":true}]}}