{"id":31897,"date":"2024-05-10T16:45:03","date_gmt":"2024-05-10T16:45:03","guid":{"rendered":"https:\/\/sakaba.mghosteur.com\/?post_type=product&#038;p=31897"},"modified":"2024-08-08T18:35:17","modified_gmt":"2024-08-08T18:35:17","slug":"vital-proteins-collagene-peptided-poudre-265g-25000","status":"publish","type":"product","link":"https:\/\/sakaba.mghosteur.com\/en\/product\/vital-proteins-collagene-peptided-poudre-265g-25000\/","title":{"rendered":"Vital Proteins, COLLAGENE PEPTIDED POUDRE 265G 25000"},"content":{"rendered":"<p>Envie de booster votre scoop ? Atteignez cette formule trois fois plus agr\u00e9able. En plus du collag\u00e8ne, qui favorise la sant\u00e9 des cheveux, des ongles, de la peau et des articulations**, notre poudre Original Collagen Peptides contient de l&#8217;acide hyaluronique et de la vitamine C, des ingr\u00e9dients puissants qui procurent des bienfaits \u00e9clatants pour le bien-\u00eatre.<\/p>\n<p>&nbsp;<\/p>\n<p>Faites le plein d&#8217;ingr\u00e9dients que vous aimez, le tout dans un seul pot. D\u00e9couvrez notre poudre de peptides de collag\u00e8ne, d\u00e9sormais emball\u00e9e avec de la vitamine C et de l&#8217;acide hyaluronique.<\/p>\n<p>Collag\u00e8ne 20g : Aide \u00e0 maintenir la sant\u00e9 des cheveux, de la peau, des ongles et des articulations**<\/p>\n<p>Vitamine C 100 % de la valeur quotidienne : une vitamine antioxydante qui peut aider \u00e0 promouvoir la production de collag\u00e8ne et une apparence jeune**<br \/>\n80 mg d&#8217;acide hyaluronique : Aide \u00e0 soutenir l&#8217;hydratation et l&#8217;\u00e9lasticit\u00e9 de la peau**<br \/>\nFacile \u00e0 utiliser : se dissout dans les liquides chauds ou froids, y compris le caf\u00e9 et les smoothies<\/p>","protected":false},"excerpt":{"rendered":"<p>Envie de booster votre scoop ? Atteignez cette formule trois fois plus agr\u00e9able. En plus du collag\u00e8ne, qui favorise la sant\u00e9 des cheveux, des ongles, de la peau et des articulations**, notre poudre Original Collagen Peptides contient de l&#8217;acide hyaluronique et de la vitamine C, des ingr\u00e9dients puissants qui procurent des bienfaits \u00e9clatants pour le<span class=\"read-more-faq\"><a href=\"https:\/\/sakaba.mghosteur.com\/en\/product\/vital-proteins-collagene-peptided-poudre-265g-25000\/\">Read More<\/a><\/span><\/p>","protected":false},"featured_media":0,"comment_status":"open","ping_status":"closed","template":"","meta":[],"product_brand":[1010],"product_cat":[391,381],"product_tag":[],"class_list":{"0":"post-31897","1":"product","2":"type-product","3":"status-publish","5":"product_brand-vital-proteins","6":"product_cat-aae-bien-etre","7":"product_cat-vitamine-et-complements","9":"first","10":"instock","11":"shipping-taxable","12":"product-type-simple"},"jetpack-related-posts":[{"id":29984,"url":"https:\/\/sakaba.mghosteur.com\/en\/product\/neocell-hyaluronic-acid-with-vitamin-c-liquid-473m\/","url_meta":{"origin":31897,"position":0},"title":"NEOCELL HYALURONIC ACID WITH VITAMIN C LIQUID 473M","author":"admin","date":"May 1, 2023","format":false,"excerpt":"D\u00e9couvrez la poudre Super Collagen Plus NeoCell, un suppl\u00e9ment de collag\u00e8ne contenant 12 g de collag\u00e8ne par portion, avec des types de collag\u00e8ne 1 et 3. Ce produit comprend 15 portions par contenant et est certifi\u00e9 Keto + Sans Gluten pour s'adapter \u00e0 votre style de vie sain. La poudre\u2026","rel":"","context":"Similar post","block_context":{"text":"Similar post","link":""},"img":{"alt_text":"","src":"","width":0,"height":0},"classes":[]},{"id":31915,"url":"https:\/\/sakaba.mghosteur.com\/en\/product\/youtheory-collagen-6000-mg-290-tablets\/","url_meta":{"origin":31897,"position":1},"title":"YOUTHEORY COLLAGEN 6000 MG 290 TABLETS","author":"admin","date":"May 10, 2024","format":false,"excerpt":"Formule pour la peau, les cheveux & les ongles 6000\u00a0mg Enrichi en vitamine\u00a0C Compl\u00e9ment alimentaire Sans produits laitiers Sans soja Ingr\u00e9dients sans gluten Sans agents de remplissage ni agents liants 6000\u00a0mg de collag\u00e8ne par portion Restaure les prot\u00e9ines synonymes de beaut\u00e9 Lutte contre le vieillissement de la peau Revitalise la\u2026","rel":"","context":"Similar post","block_context":{"text":"Similar post","link":""},"img":{"alt_text":"","src":"","width":0,"height":0},"classes":[]},{"id":29997,"url":"https:\/\/sakaba.mghosteur.com\/en\/product\/neocell-super-collagen-type-1-3-powder\/","url_meta":{"origin":31897,"position":2},"title":"NeoCell Super Collagen Type 1 &amp; 3 Powder","author":"admin","date":"May 1, 2023","format":false,"excerpt":"D\u00e9couvrez notre Poudre de Peptides de Super Collag\u00e8ne NeoCell, pr\u00e9f\u00e9r\u00e9e de nos clients pour son efficacit\u00e9 \u00e0 faire ressortir votre \u00e9clat int\u00e9rieur. Avec 10 grammes de collag\u00e8ne de types 1 et 3 facilement absorb\u00e9 et hydrolys\u00e9, notre poudre favorise une peau, des cheveux et des ongles sains et radieux. Notre\u2026","rel":"","context":"Similar post","block_context":{"text":"Similar post","link":""},"img":{"alt_text":"","src":"","width":0,"height":0},"classes":[]},{"id":29994,"url":"https:\/\/sakaba.mghosteur.com\/en\/product\/neocell-super-collagen-peptides-400g\/","url_meta":{"origin":31897,"position":3},"title":"NEOCELL SUPER COLLAGEN PEPTIDES 400G","author":"admin","date":"May 1, 2023","format":false,"excerpt":"D\u00e9couvrez la poudre de peptides de Super Collag\u00e8ne NeoCell, un suppl\u00e9ment de collag\u00e8ne hydrolys\u00e9 nourri \u00e0 l'herbe pour une beaut\u00e9 int\u00e9rieure \u00e9clatante. Contenant 10 000 mg de collag\u00e8ne de types 1 et 3 par portion, ce compl\u00e9ment alimentaire soutient la sant\u00e9 de votre peau, de vos cheveux, de vos ongles\u2026","rel":"","context":"Similar post","block_context":{"text":"Similar post","link":""},"img":{"alt_text":"","src":"","width":0,"height":0},"classes":[]},{"id":31886,"url":"https:\/\/sakaba.mghosteur.com\/en\/product\/super-collagen-vitamin-c-biotin-90t\/","url_meta":{"origin":31897,"position":4},"title":"SUPER COLLAGEN + VITAMIN C &amp; BIOTIN 90T","author":"admin","date":"May 10, 2024","format":false,"excerpt":"Les comprim\u00e9s NeoCell Super Collagen sont formul\u00e9s pour soutenir votre beaut\u00e9 radieuse de l'int\u00e9rieur, favoriser la sant\u00e9 des articulations et soutenir les cheveux, la peau et les ongles (1). Avec du collag\u00e8ne nourri \u00e0 l'herbe de types 1 et 3, ces capsules de collag\u00e8ne donnent \u00e0 votre corps les \u00e9l\u00e9ments\u2026","rel":"","context":"Similar post","block_context":{"text":"Similar post","link":""},"img":{"alt_text":"","src":"","width":0,"height":0},"classes":[]},{"id":25088,"url":"https:\/\/sakaba.mghosteur.com\/en\/product\/solgar-collagen-hyaluronic-acid-complex\/","url_meta":{"origin":31897,"position":5},"title":"SOLGAR COLLAGEN HYALURONIC ACID COMPLEX","author":"admin","date":"November 11, 2022","format":false,"excerpt":"D\u00e9couvrez le complexe d'acide hyaluronique au collag\u00e8ne de la marque Solgar pour nourrir votre peau de l'int\u00e9rieur. L'acide hyaluronique, pr\u00e9sent en grande quantit\u00e9 dans la peau, les yeux et les articulations, est essentiel \u00e0 l'hydratation de votre corps. Cependant, les rayons UV, le tabagisme, la pollution et le vieillissement peuvent\u2026","rel":"","context":"Similar post","block_context":{"text":"Similar post","link":""},"img":{"alt_text":"","src":"","width":0,"height":0},"classes":[]}],"_links":{"self":[{"href":"https:\/\/sakaba.mghosteur.com\/en\/wp-json\/wp\/v2\/product\/31897","targetHints":{"allow":["GET"]}}],"collection":[{"href":"https:\/\/sakaba.mghosteur.com\/en\/wp-json\/wp\/v2\/product"}],"about":[{"href":"https:\/\/sakaba.mghosteur.com\/en\/wp-json\/wp\/v2\/types\/product"}],"replies":[{"embeddable":true,"href":"https:\/\/sakaba.mghosteur.com\/en\/wp-json\/wp\/v2\/comments?post=31897"}],"version-history":[{"count":0,"href":"https:\/\/sakaba.mghosteur.com\/en\/wp-json\/wp\/v2\/product\/31897\/revisions"}],"wp:attachment":[{"href":"https:\/\/sakaba.mghosteur.com\/en\/wp-json\/wp\/v2\/media?parent=31897"}],"wp:term":[{"taxonomy":"product_brand","embeddable":true,"href":"https:\/\/sakaba.mghosteur.com\/en\/wp-json\/wp\/v2\/product_brand?post=31897"},{"taxonomy":"product_cat","embeddable":true,"href":"https:\/\/sakaba.mghosteur.com\/en\/wp-json\/wp\/v2\/product_cat?post=31897"},{"taxonomy":"product_tag","embeddable":true,"href":"https:\/\/sakaba.mghosteur.com\/en\/wp-json\/wp\/v2\/product_tag?post=31897"}],"curies":[{"name":"wp","href":"https:\/\/api.w.org\/{rel}","templated":true}]}}