{"id":31906,"date":"2024-05-10T16:55:59","date_gmt":"2024-05-10T16:55:59","guid":{"rendered":"https:\/\/sakaba.mghosteur.com\/?post_type=product&#038;p=31906"},"modified":"2024-08-14T00:40:07","modified_gmt":"2024-08-14T00:40:07","slug":"aveeno-baby-wash-shampoo-532-ml","status":"publish","type":"product","link":"https:\/\/sakaba.mghosteur.com\/en\/product\/aveeno-baby-wash-shampoo-532-ml\/","title":{"rendered":"AVEENO BABY WASH &amp; SHAMPOO 532 ML"},"content":{"rendered":"<ul class=\"a-unordered-list a-vertical a-spacing-mini\">\n<li class=\"a-spacing-mini\"><span class=\"a-list-item\"><span>Flacon de 18 onces liquides de nettoyant doux Aveeno Baby Daily Moisture 2-en-1 pour le bain et le shampooing capillaire avec extrait d&#8217;avoine naturel pour nettoyer les cheveux et la peau d\u00e9licats de b\u00e9b\u00e9<\/span><\/span><\/li>\n<li class=\"a-spacing-mini\"><span class=\"a-list-item\"><span>La formule riche et moussante du nettoyant pour le corps et du shampoing pour b\u00e9b\u00e9 contient de l&#8217;extrait d&#8217;avoine naturel, connu pour apaiser et nourrir la peau d\u00e9licate.<\/span><\/span><\/li>\n<li class=\"a-spacing-mini\"><span class=\"a-list-item\"><span>La formule est sans larmes, sans savon, hypoallerg\u00e9nique, sans parab\u00e8ne, sans sulfate, sans ph\u00e9noxy\u00e9thanol et sans phtalate. Il se rince \u00e9galement sans s\u00e9cher et laisse un parfum l\u00e9ger et frais.<\/span><\/span><\/li>\n<li class=\"a-spacing-mini\"><span class=\"a-list-item\"><span>Le shampoing et le gel douche pour b\u00e9b\u00e9 proviennent d&#8217;Aveeno, une marque recommand\u00e9e par les p\u00e9diatres. Il est sp\u00e9cialement formul\u00e9 pour \u00eatre suffisamment doux pour la peau sensible des b\u00e9b\u00e9s<\/span><\/span><\/li>\n<li class=\"a-spacing-mini\"><span class=\"a-list-item\"><span>Le nettoyant et le shampoing nettoyant pour b\u00e9b\u00e9 Aveeno peuvent \u00eatre utilis\u00e9s quotidiennement pour aider \u00e0 garder la peau et les cheveux de votre b\u00e9b\u00e9 doux, lisses tout en \u00e9tant plus sains. Pour l&#8217;utiliser, distribuer sur un gant de toilette humide ou sur la main et appliquer sur les cheveux et le corps. Faire mousser et rincer<\/span><\/span><\/li>\n<\/ul>","protected":false},"excerpt":{"rendered":"<p>Flacon de 18 onces liquides de nettoyant doux Aveeno Baby Daily Moisture 2-en-1 pour le bain et le shampooing capillaire avec extrait d&#8217;avoine naturel pour nettoyer les cheveux et la peau d\u00e9licats de b\u00e9b\u00e9 La formule riche et moussante du nettoyant pour le corps et du shampoing pour b\u00e9b\u00e9 contient de l&#8217;extrait d&#8217;avoine naturel, connu<span class=\"read-more-faq\"><a href=\"https:\/\/sakaba.mghosteur.com\/en\/product\/aveeno-baby-wash-shampoo-532-ml\/\">Read More<\/a><\/span><\/p>","protected":false},"featured_media":0,"comment_status":"open","ping_status":"closed","template":"","meta":[],"product_brand":[790],"product_cat":[374,287],"product_tag":[],"class_list":{"0":"post-31906","1":"product","2":"type-product","3":"status-publish","5":"product_brand-aveeno","6":"product_cat-corps-enfant","7":"product_cat-aag-bebe-enfant","9":"first","10":"instock","11":"shipping-taxable","12":"product-type-simple"},"jetpack-related-posts":[{"id":33513,"url":"https:\/\/sakaba.mghosteur.com\/en\/product\/aveeno-baby-wash-shampoo-gm-976ml\/","url_meta":{"origin":31906,"position":0},"title":"AVEENO baby wash &amp; shampoo 976ml","author":"admin","date":"May 22, 2024","format":false,"excerpt":"Aveeno Baby Wash & Shampoo est un bain et shampooing 2 en 1 qui nettoie en douceur la peau et les cheveux des b\u00e9b\u00e9s sans les dess\u00e9cher. Il est fabriqu\u00e9 \u00e0 partir d'extrait d'avoine naturel pour apaiser et nourrir la peau d\u00e9licate. Ce shampooing est recommand\u00e9 par les p\u00e9diatres et\u2026","rel":"","context":"Similar post","block_context":{"text":"Similar post","link":""},"img":{"alt_text":"","src":"","width":0,"height":0},"classes":[]},{"id":28281,"url":"https:\/\/sakaba.mghosteur.com\/en\/product\/aveeno-baby-washshampoo-pm-352ml\/","url_meta":{"origin":31906,"position":1},"title":"AVEENO baby wash &amp; shampoo 352ml","author":"admin","date":"November 30, 2022","format":false,"excerpt":"Aveeno Baby Wash & Shampoo est un bain et shampooing 2 en 1 qui nettoie en douceur la peau et les cheveux des b\u00e9b\u00e9s sans les dess\u00e9cher. Il est fabriqu\u00e9 \u00e0 partir d'extrait d'avoine naturel pour apaiser et nourrir la peau d\u00e9licate. Ce shampooing est recommand\u00e9 par les p\u00e9diatres et\u2026","rel":"","context":"Similar post","block_context":{"text":"Similar post","link":""},"img":{"alt_text":"","src":"","width":0,"height":0},"classes":[]},{"id":28287,"url":"https:\/\/sakaba.mghosteur.com\/en\/product\/aveeno-baby-washshampoo-pm-354ml\/","url_meta":{"origin":31906,"position":2},"title":"AVEENO baby wash &amp; shampoo 354ml","author":"admin","date":"November 30, 2022","format":false,"excerpt":"Aveeno Baby Wash & Shampoo est un bain et shampooing 2 en 1 qui nettoie en douceur la peau et les cheveux des b\u00e9b\u00e9s sans les dess\u00e9cher. Il est fabriqu\u00e9 \u00e0 partir d'extrait d'avoine naturel pour apaiser et nourrir la peau d\u00e9licate. Ce shampooing est recommand\u00e9 par les p\u00e9diatres et\u2026","rel":"","context":"Similar post","block_context":{"text":"Similar post","link":""},"img":{"alt_text":"","src":"","width":0,"height":0},"classes":[]},{"id":28274,"url":"https:\/\/sakaba.mghosteur.com\/en\/product\/aveeno-baby-lotion-532ml-gm\/","url_meta":{"origin":31906,"position":3},"title":"AVEENO baby lotion 532ML","author":"admin","date":"November 30, 2022","format":false,"excerpt":"Un flacon de 532 ml de lotion hydratante quotidienne apaisante et nourrissante Aveeno Baby La lotion nourrissante pour b\u00e9b\u00e9 est cliniquement prouv\u00e9e pour hydrater et prot\u00e9ger la peau de b\u00e9b\u00e9 pendant 24 heures L'hydratant \u00e0 l'avoine collo\u00efdale aide \u00e0 gu\u00e9rir et \u00e0 prot\u00e9ger la peau s\u00e8che, rugueuse, irrit\u00e9e et craquel\u00e9e\u2026","rel":"","context":"Similar post","block_context":{"text":"Similar post","link":""},"img":{"alt_text":"","src":"","width":0,"height":0},"classes":[]},{"id":33510,"url":"https:\/\/sakaba.mghosteur.com\/en\/product\/aveeno-baby-lotion-532ml-gm-2\/","url_meta":{"origin":31906,"position":4},"title":"AVEENO baby lotion 532ML","author":"admin","date":"May 22, 2024","format":false,"excerpt":"La lotion nourrissante pour b\u00e9b\u00e9 est cliniquement prouv\u00e9e pour hydrater et prot\u00e9ger la peau de b\u00e9b\u00e9 pendant 24 heures L'hydratant \u00e0 l'avoine collo\u00efdale aide \u00e0 gu\u00e9rir et \u00e0 prot\u00e9ger la peau s\u00e8che, rugueuse, irrit\u00e9e et craquel\u00e9e Formule non grasse qui p\u00e9n\u00e8tre rapidement pour aider \u00e0 maintenir la barri\u00e8re d'hydratation naturelle\u2026","rel":"","context":"Similar post","block_context":{"text":"Similar post","link":""},"img":{"alt_text":"","src":"","width":0,"height":0},"classes":[]},{"id":33507,"url":"https:\/\/sakaba.mghosteur.com\/en\/product\/aveeno-baby-eczema-therapy-nighttime-balm\/","url_meta":{"origin":31906,"position":5},"title":"Aveeno Baby Eczema Therapy NIGHTTIME BALM","author":"admin","date":"May 22, 2024","format":false,"excerpt":"Le baume de nuit Aveeno Baby Eczema Therapy aide \u00e0 apaiser la peau s\u00e8che et qui d\u00e9mange de votre tout-petit pour un soulagement efficace de l'ecz\u00e9ma du b\u00e9b\u00e9 et une hydratation longue dur\u00e9e pendant la nuit. Suffisamment doux pour une utilisation quotidienne sur la peau sensible des b\u00e9b\u00e9s, ce baume\u2026","rel":"","context":"Similar post","block_context":{"text":"Similar post","link":""},"img":{"alt_text":"","src":"","width":0,"height":0},"classes":[]}],"_links":{"self":[{"href":"https:\/\/sakaba.mghosteur.com\/en\/wp-json\/wp\/v2\/product\/31906","targetHints":{"allow":["GET"]}}],"collection":[{"href":"https:\/\/sakaba.mghosteur.com\/en\/wp-json\/wp\/v2\/product"}],"about":[{"href":"https:\/\/sakaba.mghosteur.com\/en\/wp-json\/wp\/v2\/types\/product"}],"replies":[{"embeddable":true,"href":"https:\/\/sakaba.mghosteur.com\/en\/wp-json\/wp\/v2\/comments?post=31906"}],"version-history":[{"count":0,"href":"https:\/\/sakaba.mghosteur.com\/en\/wp-json\/wp\/v2\/product\/31906\/revisions"}],"wp:attachment":[{"href":"https:\/\/sakaba.mghosteur.com\/en\/wp-json\/wp\/v2\/media?parent=31906"}],"wp:term":[{"taxonomy":"product_brand","embeddable":true,"href":"https:\/\/sakaba.mghosteur.com\/en\/wp-json\/wp\/v2\/product_brand?post=31906"},{"taxonomy":"product_cat","embeddable":true,"href":"https:\/\/sakaba.mghosteur.com\/en\/wp-json\/wp\/v2\/product_cat?post=31906"},{"taxonomy":"product_tag","embeddable":true,"href":"https:\/\/sakaba.mghosteur.com\/en\/wp-json\/wp\/v2\/product_tag?post=31906"}],"curies":[{"name":"wp","href":"https:\/\/api.w.org\/{rel}","templated":true}]}}