{"id":31907,"date":"2024-05-10T16:56:49","date_gmt":"2024-05-10T16:56:49","guid":{"rendered":"https:\/\/sakaba.mghosteur.com\/?post_type=product&#038;p=31907"},"modified":"2024-08-08T03:29:38","modified_gmt":"2024-08-08T03:29:38","slug":"neocell-super-collagen-type-1-3-powder-200g","status":"publish","type":"product","link":"https:\/\/sakaba.mghosteur.com\/en\/product\/neocell-super-collagen-type-1-3-powder-200g\/","title":{"rendered":"NeoCell Super Collagen Type 1 &amp; 3 Powder 200g"},"content":{"rendered":"<ul class=\"a-unordered-list a-vertical a-spacing-mini\">\n<li class=\"a-spacing-mini\"><span class=\"a-list-item\">HAUT DOSAGE : Une dose, 2 mesures, de Super Collagen Peptides de Neocell contient 10000mg de collag\u00e8ne que vous pouvez apporter \u00e0 votre corps quotidiennement<\/span><\/li>\n<li class=\"a-spacing-mini\"><span class=\"a-list-item\">BONNE BIODISPONIBILIT\u00c9 : Neocell Super Collagen Peptides se caract\u00e9rise par une bonne biodisponibilit\u00e9 et convient \u00e0 un mode de vie soucieux de l&#8217;alimentation<\/span><\/li>\n<li class=\"a-spacing-mini\"><span class=\"a-list-item\">HAUTE QUALIT\u00c9 : La qualit\u00e9 et la puret\u00e9 de la poudre de collag\u00e8ne de Neocell sont test\u00e9es par des laboratoires ind\u00e9pendants<\/span><\/li>\n<li class=\"a-spacing-mini\"><span class=\"a-list-item\">SANS ADDITIFS IND\u00c9SIRABLES : Super Collagen Peptides est sans gluten, sans soja et fabriqu\u00e9 sans g\u00e9nie g\u00e9n\u00e9tique<\/span><\/li>\n<li class=\"a-spacing-mini\"><span class=\"a-list-item\">PRODUIT ORIGINAL : En raison des directives allemandes et europ\u00e9ennes, les recommandations de consommation diff\u00e8rent des recommandations de consommation am\u00e9ricaines. Veuillez consulter un m\u00e9decin ou un naturopathe pour une recommandation de prise individuelle<\/span><\/li>\n<\/ul>","protected":false},"excerpt":{"rendered":"<p>HAUT DOSAGE : Une dose, 2 mesures, de Super Collagen Peptides de Neocell contient 10000mg de collag\u00e8ne que vous pouvez apporter \u00e0 votre corps quotidiennement BONNE BIODISPONIBILIT\u00c9 : Neocell Super Collagen Peptides se caract\u00e9rise par une bonne biodisponibilit\u00e9 et convient \u00e0 un mode de vie soucieux de l&#8217;alimentation HAUTE QUALIT\u00c9 : La qualit\u00e9 et la<span class=\"read-more-faq\"><a href=\"https:\/\/sakaba.mghosteur.com\/en\/product\/neocell-super-collagen-type-1-3-powder-200g\/\">Read More<\/a><\/span><\/p>","protected":false},"featured_media":0,"comment_status":"open","ping_status":"closed","template":"","meta":[],"product_brand":[929],"product_cat":[391,381],"product_tag":[],"class_list":{"0":"post-31907","1":"product","2":"type-product","3":"status-publish","5":"product_brand-neocell","6":"product_cat-aae-bien-etre","7":"product_cat-vitamine-et-complements","9":"first","10":"instock","11":"shipping-taxable","12":"product-type-simple"},"jetpack-related-posts":[{"id":31894,"url":"https:\/\/sakaba.mghosteur.com\/en\/product\/neocell-super-collagene-peptides-powder-dietary\/","url_meta":{"origin":31907,"position":0},"title":"NEOCELL SUPER COLLAGENE PEPTIDES POWDER DIETARY","author":"admin","date":"May 10, 2024","format":false,"excerpt":"Nourrissez votre beaut\u00e9 int\u00e9rieure avec la poudre de peptides de super collag\u00e8ne NeoCell. \u00c0 mesure que nous vieillissons, la r\u00e9ticulation et l\u2019\u00e9puisement du collag\u00e8ne peuvent entra\u00eener des signes courants de vieillissement au niveau de la peau, des muscles, des tendons, des ligaments et des os. Mais notre poudre de super\u2026","rel":"","context":"Similar post","block_context":{"text":"Similar post","link":""},"img":{"alt_text":"","src":"","width":0,"height":0},"classes":[]},{"id":29994,"url":"https:\/\/sakaba.mghosteur.com\/en\/product\/neocell-super-collagen-peptides-400g\/","url_meta":{"origin":31907,"position":1},"title":"NEOCELL SUPER COLLAGEN PEPTIDES 400G","author":"admin","date":"May 1, 2023","format":false,"excerpt":"D\u00e9couvrez la poudre de peptides de Super Collag\u00e8ne NeoCell, un suppl\u00e9ment de collag\u00e8ne hydrolys\u00e9 nourri \u00e0 l'herbe pour une beaut\u00e9 int\u00e9rieure \u00e9clatante. Contenant 10 000 mg de collag\u00e8ne de types 1 et 3 par portion, ce compl\u00e9ment alimentaire soutient la sant\u00e9 de votre peau, de vos cheveux, de vos ongles\u2026","rel":"","context":"Similar post","block_context":{"text":"Similar post","link":""},"img":{"alt_text":"","src":"","width":0,"height":0},"classes":[]},{"id":29997,"url":"https:\/\/sakaba.mghosteur.com\/en\/product\/neocell-super-collagen-type-1-3-powder\/","url_meta":{"origin":31907,"position":2},"title":"NeoCell Super Collagen Type 1 &amp; 3 Powder","author":"admin","date":"May 1, 2023","format":false,"excerpt":"D\u00e9couvrez notre Poudre de Peptides de Super Collag\u00e8ne NeoCell, pr\u00e9f\u00e9r\u00e9e de nos clients pour son efficacit\u00e9 \u00e0 faire ressortir votre \u00e9clat int\u00e9rieur. Avec 10 grammes de collag\u00e8ne de types 1 et 3 facilement absorb\u00e9 et hydrolys\u00e9, notre poudre favorise une peau, des cheveux et des ongles sains et radieux. Notre\u2026","rel":"","context":"Similar post","block_context":{"text":"Similar post","link":""},"img":{"alt_text":"","src":"","width":0,"height":0},"classes":[]},{"id":29984,"url":"https:\/\/sakaba.mghosteur.com\/en\/product\/neocell-hyaluronic-acid-with-vitamin-c-liquid-473m\/","url_meta":{"origin":31907,"position":3},"title":"NEOCELL HYALURONIC ACID WITH VITAMIN C LIQUID 473M","author":"admin","date":"May 1, 2023","format":false,"excerpt":"D\u00e9couvrez la poudre Super Collagen Plus NeoCell, un suppl\u00e9ment de collag\u00e8ne contenant 12 g de collag\u00e8ne par portion, avec des types de collag\u00e8ne 1 et 3. Ce produit comprend 15 portions par contenant et est certifi\u00e9 Keto + Sans Gluten pour s'adapter \u00e0 votre style de vie sain. La poudre\u2026","rel":"","context":"Similar post","block_context":{"text":"Similar post","link":""},"img":{"alt_text":"","src":"","width":0,"height":0},"classes":[]},{"id":31886,"url":"https:\/\/sakaba.mghosteur.com\/en\/product\/super-collagen-vitamin-c-biotin-90t\/","url_meta":{"origin":31907,"position":4},"title":"SUPER COLLAGEN + VITAMIN C &amp; BIOTIN 90T","author":"admin","date":"May 10, 2024","format":false,"excerpt":"Les comprim\u00e9s NeoCell Super Collagen sont formul\u00e9s pour soutenir votre beaut\u00e9 radieuse de l'int\u00e9rieur, favoriser la sant\u00e9 des articulations et soutenir les cheveux, la peau et les ongles (1). Avec du collag\u00e8ne nourri \u00e0 l'herbe de types 1 et 3, ces capsules de collag\u00e8ne donnent \u00e0 votre corps les \u00e9l\u00e9ments\u2026","rel":"","context":"Similar post","block_context":{"text":"Similar post","link":""},"img":{"alt_text":"","src":"","width":0,"height":0},"classes":[]},{"id":29991,"url":"https:\/\/sakaba.mghosteur.com\/en\/product\/neocell-super-collagen-vitamin-biotin-c-type-1-3-180-tablets\/","url_meta":{"origin":31907,"position":5},"title":"NeoCell Super Collagen + Vitamin Biotin C Type 1 &amp; 3 &#8211; 180 tablets","author":"admin","date":"May 1, 2023","format":false,"excerpt":"Le Super Collag\u00e8ne + Vitamine C & Biotine de NeoCell est une formule pratique pour nourrir votre peau en profondeur. Ce compl\u00e9ment alimentaire contient du collag\u00e8ne de types 1 et 3 pour stimuler la production de collag\u00e8ne et favoriser une peau jeune et belle. La vitamine C fournit \u00e9galement un\u2026","rel":"","context":"Similar post","block_context":{"text":"Similar post","link":""},"img":{"alt_text":"","src":"","width":0,"height":0},"classes":[]}],"_links":{"self":[{"href":"https:\/\/sakaba.mghosteur.com\/en\/wp-json\/wp\/v2\/product\/31907","targetHints":{"allow":["GET"]}}],"collection":[{"href":"https:\/\/sakaba.mghosteur.com\/en\/wp-json\/wp\/v2\/product"}],"about":[{"href":"https:\/\/sakaba.mghosteur.com\/en\/wp-json\/wp\/v2\/types\/product"}],"replies":[{"embeddable":true,"href":"https:\/\/sakaba.mghosteur.com\/en\/wp-json\/wp\/v2\/comments?post=31907"}],"version-history":[{"count":0,"href":"https:\/\/sakaba.mghosteur.com\/en\/wp-json\/wp\/v2\/product\/31907\/revisions"}],"wp:attachment":[{"href":"https:\/\/sakaba.mghosteur.com\/en\/wp-json\/wp\/v2\/media?parent=31907"}],"wp:term":[{"taxonomy":"product_brand","embeddable":true,"href":"https:\/\/sakaba.mghosteur.com\/en\/wp-json\/wp\/v2\/product_brand?post=31907"},{"taxonomy":"product_cat","embeddable":true,"href":"https:\/\/sakaba.mghosteur.com\/en\/wp-json\/wp\/v2\/product_cat?post=31907"},{"taxonomy":"product_tag","embeddable":true,"href":"https:\/\/sakaba.mghosteur.com\/en\/wp-json\/wp\/v2\/product_tag?post=31907"}],"curies":[{"name":"wp","href":"https:\/\/api.w.org\/{rel}","templated":true}]}}