{"id":31918,"date":"2024-05-10T17:15:49","date_gmt":"2024-05-10T17:15:49","guid":{"rendered":"https:\/\/sakaba.mghosteur.com\/?post_type=product&#038;p=31918"},"modified":"2024-08-08T18:37:11","modified_gmt":"2024-08-08T18:37:11","slug":"youtheory-collagen-6000-mg-120-tablets","status":"publish","type":"product","link":"https:\/\/sakaba.mghosteur.com\/en\/product\/youtheory-collagen-6000-mg-120-tablets\/","title":{"rendered":"YOUTHEORY  COLLAGEN 6000 MG 120 TABLETS"},"content":{"rendered":"<p>Profitez des cheveux dynamiques, d\u2019une peau jeune, et des ongles sains avec les comprim\u00e9s au collag\u00e8ne et vitamine C de Youtheory. Ce produit aide \u00e0 lutter contre les effets du vieillissement en revitalisant la peau, les cheveux, les ongles, les tendons et les ligaments. Fournissant 6000 mg de peptides de collag\u00e8ne facilement dig\u00e9r\u00e9s et hautement absorbables par portion, cette formule contient des \u00e9l\u00e9ments essentiels pour favoriser un vieillissement sain et une apparence plus jeune. Sa formule est \u00e9galement compos\u00e9e d\u2019une dose quotidienne de vitamine C pour aider \u00e0 la formation normale de collag\u00e8ne et renforcer la protection antioxydante. Ils revitalisent et nourrissent votre peau. Sans produits laitiers, sans soja et sans gluten.<\/p>","protected":false},"excerpt":{"rendered":"<p>Profitez des cheveux dynamiques, d\u2019une peau jeune, et des ongles sains avec les comprim\u00e9s au collag\u00e8ne et vitamine C de Youtheory. Ce produit aide \u00e0 lutter contre les effets du vieillissement en revitalisant la peau, les cheveux, les ongles, les tendons et les ligaments. Fournissant 6000 mg de peptides de collag\u00e8ne facilement dig\u00e9r\u00e9s et hautement<span class=\"read-more-faq\"><a href=\"https:\/\/sakaba.mghosteur.com\/en\/product\/youtheory-collagen-6000-mg-120-tablets\/\">Read More<\/a><\/span><\/p>","protected":false},"featured_media":0,"comment_status":"open","ping_status":"closed","template":"","meta":[],"product_brand":[1016],"product_cat":[391,381],"product_tag":[],"class_list":{"0":"post-31918","1":"product","2":"type-product","3":"status-publish","5":"product_brand-youtheory","6":"product_cat-aae-bien-etre","7":"product_cat-vitamine-et-complements","9":"first","10":"instock","11":"shipping-taxable","12":"product-type-simple"},"jetpack-related-posts":[{"id":31915,"url":"https:\/\/sakaba.mghosteur.com\/en\/product\/youtheory-collagen-6000-mg-290-tablets\/","url_meta":{"origin":31918,"position":0},"title":"YOUTHEORY COLLAGEN 6000 MG 290 TABLETS","author":"admin","date":"May 10, 2024","format":false,"excerpt":"Formule pour la peau, les cheveux & les ongles 6000\u00a0mg Enrichi en vitamine\u00a0C Compl\u00e9ment alimentaire Sans produits laitiers Sans soja Ingr\u00e9dients sans gluten Sans agents de remplissage ni agents liants 6000\u00a0mg de collag\u00e8ne par portion Restaure les prot\u00e9ines synonymes de beaut\u00e9 Lutte contre le vieillissement de la peau Revitalise la\u2026","rel":"","context":"Similar post","block_context":{"text":"Similar post","link":""},"img":{"alt_text":"","src":"","width":0,"height":0},"classes":[]},{"id":29997,"url":"https:\/\/sakaba.mghosteur.com\/en\/product\/neocell-super-collagen-type-1-3-powder\/","url_meta":{"origin":31918,"position":1},"title":"NeoCell Super Collagen Type 1 &amp; 3 Powder","author":"admin","date":"May 1, 2023","format":false,"excerpt":"D\u00e9couvrez notre Poudre de Peptides de Super Collag\u00e8ne NeoCell, pr\u00e9f\u00e9r\u00e9e de nos clients pour son efficacit\u00e9 \u00e0 faire ressortir votre \u00e9clat int\u00e9rieur. Avec 10 grammes de collag\u00e8ne de types 1 et 3 facilement absorb\u00e9 et hydrolys\u00e9, notre poudre favorise une peau, des cheveux et des ongles sains et radieux. Notre\u2026","rel":"","context":"Similar post","block_context":{"text":"Similar post","link":""},"img":{"alt_text":"","src":"","width":0,"height":0},"classes":[]},{"id":29984,"url":"https:\/\/sakaba.mghosteur.com\/en\/product\/neocell-hyaluronic-acid-with-vitamin-c-liquid-473m\/","url_meta":{"origin":31918,"position":2},"title":"NEOCELL HYALURONIC ACID WITH VITAMIN C LIQUID 473M","author":"admin","date":"May 1, 2023","format":false,"excerpt":"D\u00e9couvrez la poudre Super Collagen Plus NeoCell, un suppl\u00e9ment de collag\u00e8ne contenant 12 g de collag\u00e8ne par portion, avec des types de collag\u00e8ne 1 et 3. Ce produit comprend 15 portions par contenant et est certifi\u00e9 Keto + Sans Gluten pour s'adapter \u00e0 votre style de vie sain. La poudre\u2026","rel":"","context":"Similar post","block_context":{"text":"Similar post","link":""},"img":{"alt_text":"","src":"","width":0,"height":0},"classes":[]},{"id":31897,"url":"https:\/\/sakaba.mghosteur.com\/en\/product\/vital-proteins-collagene-peptided-poudre-265g-25000\/","url_meta":{"origin":31918,"position":3},"title":"Vital Proteins, COLLAGENE PEPTIDED POUDRE 265G 25000","author":"admin","date":"May 10, 2024","format":false,"excerpt":"Envie de booster votre scoop ? Atteignez cette formule trois fois plus agr\u00e9able. En plus du collag\u00e8ne, qui favorise la sant\u00e9 des cheveux, des ongles, de la peau et des articulations**, notre poudre Original Collagen Peptides contient de l'acide hyaluronique et de la vitamine C, des ingr\u00e9dients puissants qui procurent\u2026","rel":"","context":"Similar post","block_context":{"text":"Similar post","link":""},"img":{"alt_text":"","src":"","width":0,"height":0},"classes":[]},{"id":29792,"url":"https:\/\/sakaba.mghosteur.com\/en\/product\/solgar-skin-nails-hair\/","url_meta":{"origin":31918,"position":4},"title":"SOLGAR SKIN NAILS &#038; HAIR","author":"admin","date":"April 25, 2023","format":false,"excerpt":"D\u00e9couvrez les comprim\u00e9s Peau, Ongles & Cheveux de la marque Solgar, con\u00e7us pour aider \u00e0 maintenir une peau jeune et \u00e9clatante, des cheveux brillants et des ongles sains. Cette formule unique est sp\u00e9cialement con\u00e7ue pour pr\u00e9server votre beaut\u00e9 naturelle de l'int\u00e9rieur en augmentant la production de collag\u00e8ne et de k\u00e9ratine.\u2026","rel":"","context":"Similar post","block_context":{"text":"Similar post","link":""},"img":{"alt_text":"","src":"","width":0,"height":0},"classes":[]},{"id":25019,"url":"https:\/\/sakaba.mghosteur.com\/en\/product\/neocell-collagen-beauty-builder\/","url_meta":{"origin":31918,"position":5},"title":"NEOCELL COLLAGEN BEAUTY BUILDER","author":"admin","date":"November 11, 2022","format":false,"excerpt":"D\u00e9couvrez le NeoCell Collagen Beauty Builder, un suppl\u00e9ment alimentaire con\u00e7u pour renforcer votre beaut\u00e9 int\u00e9rieure. Ce produit est compos\u00e9 de types de collag\u00e8ne 1 et 3, d'acide hyaluronique et de biotine qui favorisent une peau \u00e9clatante et des cheveux et des ongles sains. Chaque portion de ce suppl\u00e9ment contient 3g\u2026","rel":"","context":"Similar post","block_context":{"text":"Similar post","link":""},"img":{"alt_text":"","src":"","width":0,"height":0},"classes":[]}],"_links":{"self":[{"href":"https:\/\/sakaba.mghosteur.com\/en\/wp-json\/wp\/v2\/product\/31918","targetHints":{"allow":["GET"]}}],"collection":[{"href":"https:\/\/sakaba.mghosteur.com\/en\/wp-json\/wp\/v2\/product"}],"about":[{"href":"https:\/\/sakaba.mghosteur.com\/en\/wp-json\/wp\/v2\/types\/product"}],"replies":[{"embeddable":true,"href":"https:\/\/sakaba.mghosteur.com\/en\/wp-json\/wp\/v2\/comments?post=31918"}],"version-history":[{"count":0,"href":"https:\/\/sakaba.mghosteur.com\/en\/wp-json\/wp\/v2\/product\/31918\/revisions"}],"wp:attachment":[{"href":"https:\/\/sakaba.mghosteur.com\/en\/wp-json\/wp\/v2\/media?parent=31918"}],"wp:term":[{"taxonomy":"product_brand","embeddable":true,"href":"https:\/\/sakaba.mghosteur.com\/en\/wp-json\/wp\/v2\/product_brand?post=31918"},{"taxonomy":"product_cat","embeddable":true,"href":"https:\/\/sakaba.mghosteur.com\/en\/wp-json\/wp\/v2\/product_cat?post=31918"},{"taxonomy":"product_tag","embeddable":true,"href":"https:\/\/sakaba.mghosteur.com\/en\/wp-json\/wp\/v2\/product_tag?post=31918"}],"curies":[{"name":"wp","href":"https:\/\/api.w.org\/{rel}","templated":true}]}}