{"id":31933,"date":"2024-05-13T16:13:36","date_gmt":"2024-05-13T16:13:36","guid":{"rendered":"https:\/\/sakaba.mghosteur.com\/?post_type=product&#038;p=31933"},"modified":"2024-08-11T17:06:05","modified_gmt":"2024-08-11T17:06:05","slug":"camille-rose-chebe-repair-pure-strengthening-oil","status":"publish","type":"product","link":"https:\/\/sakaba.mghosteur.com\/en\/product\/camille-rose-chebe-repair-pure-strengthening-oil\/","title":{"rendered":"CAMILLE ROSE +CHEBE REPAIR PURE STRENGTHENING OIL"},"content":{"rendered":"<p>Huile de ricin noire pure infus\u00e9e de Chebe con\u00e7ue pour favoriser la croissance, am\u00e9liorer consid\u00e9rablement la brillance et renforcer les m\u00e8ches de l&#8217;int\u00e9rieur.<\/p>\n<p>Comment utiliser?<\/p>\n<p>Appliquer sur cheveux secs ou mouill\u00e9s. Utiliser 2 \u00e0 3 gouttes et masser doucement le cuir chevelu et les bords. Appliquer deux fois (2X) par jour pour une diff\u00e9rence notable de croissance et d&#8217;\u00e9paisseur.<\/p>","protected":false},"excerpt":{"rendered":"<p>Huile de ricin noire pure infus\u00e9e de Chebe con\u00e7ue pour favoriser la croissance, am\u00e9liorer consid\u00e9rablement la brillance et renforcer les m\u00e8ches de l&#8217;int\u00e9rieur. Comment utiliser? Appliquer sur cheveux secs ou mouill\u00e9s. Utiliser 2 \u00e0 3 gouttes et masser doucement le cuir chevelu et les bords. Appliquer deux fois (2X) par jour pour une diff\u00e9rence notable<span class=\"read-more-faq\"><a href=\"https:\/\/sakaba.mghosteur.com\/en\/product\/camille-rose-chebe-repair-pure-strengthening-oil\/\">Read More<\/a><\/span><\/p>","protected":false},"featured_media":0,"comment_status":"open","ping_status":"closed","template":"","meta":[],"product_brand":[812],"product_cat":[284,1063],"product_tag":[],"class_list":{"0":"post-31933","1":"product","2":"type-product","3":"status-publish","5":"product_brand-camille-rose","6":"product_cat-aad-cheveux","7":"product_cat-traitement-capilaire","9":"first","10":"instock","11":"shipping-taxable","12":"product-type-simple"},"jetpack-related-posts":[{"id":31958,"url":"https:\/\/sakaba.mghosteur.com\/en\/product\/camille-rose-black-castor-oil-chebe-cleanse\/","url_meta":{"origin":31933,"position":0},"title":"CAMILLE ROSE BLACK CASTOR OIL + CHEBE CLEANSE","author":"admin","date":"May 13, 2024","format":false,"excerpt":"Un nettoyant capillaire infus\u00e9 d'huile con\u00e7u pour renforcer les m\u00e8ches, restaurer la brillance et am\u00e9liorer la maniabilit\u00e9. Mode d'emploi : Trempez les cheveux sous la douche et appliquez le shampooing nettoyant sur toute la longueur des cheveux. Pour des textures plus \u00e9paisses, s\u00e9parez d'abord les m\u00e8ches avant d'appliquer pour vous\u2026","rel":"","context":"Similar post","block_context":{"text":"Similar post","link":""},"img":{"alt_text":"","src":"","width":0,"height":0},"classes":[]},{"id":31966,"url":"https:\/\/sakaba.mghosteur.com\/en\/product\/camille-rose-black-castor-oil-chebe-deep-conditi\/","url_meta":{"origin":31933,"position":1},"title":"CAMILLE ROSE BLACK CASTOR OIL + CHEBE DEEP CONDITIONER","author":"admin","date":"May 13, 2024","format":false,"excerpt":"Un soin revitalisant et hydratant intensif con\u00e7u pour renforcer la tige capillaire et redonner de la vitalit\u00e9 aux m\u00e8ches ab\u00eem\u00e9es et stress\u00e9es. Mode d'emploi: Sur des m\u00e8ches fra\u00eechement lav\u00e9es, appliquez une quantit\u00e9 g\u00e9n\u00e9reuse sur les cheveux. Utilisez les doigts ou un peigne \u00e0 dents larges pour r\u00e9partir uniform\u00e9ment de la\u2026","rel":"","context":"Similar post","block_context":{"text":"Similar post","link":""},"img":{"alt_text":"","src":"","width":0,"height":0},"classes":[]},{"id":27266,"url":"https:\/\/sakaba.mghosteur.com\/en\/product\/the-inkey-list-caffeine-stimulating\/","url_meta":{"origin":31933,"position":2},"title":"THE INKEY LIST CAFFEINE STIMULATING","author":"admin","date":"November 29, 2022","format":false,"excerpt":"Le traitement du cuir chevelu stimulant \u00e0 la caf\u00e9ine de la marque The Inkey List est un produit de soin de nuit innovant qui aide \u00e0 revitaliser et \u00e0 renforcer votre cuir chevelu pour favoriser une croissance saine des cheveux. Ce traitement contient de la poudre de caf\u00e9ine et un\u2026","rel":"","context":"Similar post","block_context":{"text":"Similar post","link":""},"img":{"alt_text":"","src":"","width":0,"height":0},"classes":[]},{"id":33475,"url":"https:\/\/sakaba.mghosteur.com\/en\/product\/clairol-professional-pure-white-20-volume-petit-model\/","url_meta":{"origin":31933,"position":3},"title":"Clairol Professional Pure White 20 Volume Petit Model","author":"admin","date":"May 21, 2024","format":false,"excerpt":"Le r\u00e9v\u00e9lateur cr\u00e8me blanc pur Clairol Professional contient des conditionneurs et des \u00e9mollients protecteurs et est stabilis\u00e9 pendant 3 ans. Il est con\u00e7u pour \u00eatre utilis\u00e9 avec des couleurs permanentes et est \u00e9galement parfait pour une utilisation avec tous les \u00e9claircissants en poudre et liquides. Sa consistance cr\u00e9meuse le rend\u2026","rel":"","context":"Similar post","block_context":{"text":"Similar post","link":""},"img":{"alt_text":"","src":"","width":0,"height":0},"classes":[]},{"id":31972,"url":"https:\/\/sakaba.mghosteur.com\/en\/product\/camille-rose-brown-butter-melt\/","url_meta":{"origin":31933,"position":4},"title":"CAMILLE ROSE BROWN BUTTER MELT","author":"admin","date":"May 13, 2024","format":false,"excerpt":"Baume capillaire \u00e0 l'huile de mandarine est un m\u00e9lange concentr\u00e9 de beurres et d'huiles naturelles con\u00e7u pour apaiser le cuir chevelu et stimuler la pousse des cheveux. Le karit\u00e9, le cacao et la mangue constituent la base parfaite pour m\u00e9langer les huiles d'olive, d'orange et de tournesol. Comment utiliser? S\u00e9parez\u2026","rel":"","context":"Similar post","block_context":{"text":"Similar post","link":""},"img":{"alt_text":"","src":"","width":0,"height":0},"classes":[]},{"id":25680,"url":"https:\/\/sakaba.mghosteur.com\/en\/product\/dr-teals-pure-epsom-salt-therapeutic-soak-eases-aches-pai\/","url_meta":{"origin":31933,"position":5},"title":"Dr Teal&#8217;s Ultra-Fine Pure Epsom Salt Therapeutic Soak Ease Aches &amp; Pains","author":"admin","date":"November 14, 2022","format":false,"excerpt":"Puret\u00e9 garantie : 100 % sulfate de magn\u00e9sium USP.\u00a0Apaise les muscles endoloris et les pieds fatigu\u00e9s.\u00a0Cristaux ultra-fins \u00e0 dissolution rapide.\u00a0Le sel d'Epsom du Dr Teal est compos\u00e9 de sulfate de magn\u00e9sium naturel de qualit\u00e9 pharmaceutique USP pour le soulagement et le bien-\u00eatre de tout le corps.\u00a0Utilisez Dr Teal's pour revitaliser\u2026","rel":"","context":"Similar post","block_context":{"text":"Similar post","link":""},"img":{"alt_text":"","src":"","width":0,"height":0},"classes":[]}],"_links":{"self":[{"href":"https:\/\/sakaba.mghosteur.com\/en\/wp-json\/wp\/v2\/product\/31933","targetHints":{"allow":["GET"]}}],"collection":[{"href":"https:\/\/sakaba.mghosteur.com\/en\/wp-json\/wp\/v2\/product"}],"about":[{"href":"https:\/\/sakaba.mghosteur.com\/en\/wp-json\/wp\/v2\/types\/product"}],"replies":[{"embeddable":true,"href":"https:\/\/sakaba.mghosteur.com\/en\/wp-json\/wp\/v2\/comments?post=31933"}],"version-history":[{"count":0,"href":"https:\/\/sakaba.mghosteur.com\/en\/wp-json\/wp\/v2\/product\/31933\/revisions"}],"wp:attachment":[{"href":"https:\/\/sakaba.mghosteur.com\/en\/wp-json\/wp\/v2\/media?parent=31933"}],"wp:term":[{"taxonomy":"product_brand","embeddable":true,"href":"https:\/\/sakaba.mghosteur.com\/en\/wp-json\/wp\/v2\/product_brand?post=31933"},{"taxonomy":"product_cat","embeddable":true,"href":"https:\/\/sakaba.mghosteur.com\/en\/wp-json\/wp\/v2\/product_cat?post=31933"},{"taxonomy":"product_tag","embeddable":true,"href":"https:\/\/sakaba.mghosteur.com\/en\/wp-json\/wp\/v2\/product_tag?post=31933"}],"curies":[{"name":"wp","href":"https:\/\/api.w.org\/{rel}","templated":true}]}}