{"id":31934,"date":"2024-05-13T16:12:39","date_gmt":"2024-05-13T16:12:39","guid":{"rendered":"https:\/\/sakaba.mghosteur.com\/?post_type=product&#038;p=31934"},"modified":"2024-08-07T20:39:00","modified_gmt":"2024-08-07T20:39:00","slug":"cerave-acne-control-cleanser-473ml","status":"publish","type":"product","link":"https:\/\/sakaba.mghosteur.com\/en\/product\/cerave-acne-control-cleanser-473ml\/","title":{"rendered":"CERAVE ACNE CONTROL CLEANSER 473ML"},"content":{"rendered":"<p>Le nettoyant visage anti-acn\u00e9 de CeraVe est formul\u00e9 avec 2 % d&#8217;acide salicylique pour \u00e9liminer l&#8217;acn\u00e9 et r\u00e9duire les points noirs.<\/p>\n<p>L&#8217;argile purifiante aide \u00e0 am\u00e9liorer l&#8217;apparence des pores gr\u00e2ce \u00e0 une technologie d&#8217;absorption d&#8217;huile. Dans une texture gel-mousse rafra\u00eechissante, ce traitement contre l&#8217;acn\u00e9 nettoie la peau et cible les pores, aidant \u00e0 pr\u00e9venir de nouvelles pouss\u00e9es d&#8217;acn\u00e9 tout en maintenant la barri\u00e8re cutan\u00e9e protectrice avec 3 c\u00e9ramides essentiels.<\/p>","protected":false},"excerpt":{"rendered":"<p>Le nettoyant visage anti-acn\u00e9 de CeraVe est formul\u00e9 avec 2 % d&#8217;acide salicylique pour \u00e9liminer l&#8217;acn\u00e9 et r\u00e9duire les points noirs. L&#8217;argile purifiante aide \u00e0 am\u00e9liorer l&#8217;apparence des pores gr\u00e2ce \u00e0 une technologie d&#8217;absorption d&#8217;huile. Dans une texture gel-mousse rafra\u00eechissante, ce traitement contre l&#8217;acn\u00e9 nettoie la peau et cible les pores, aidant \u00e0 pr\u00e9venir de<span class=\"read-more-faq\"><a href=\"https:\/\/sakaba.mghosteur.com\/en\/product\/cerave-acne-control-cleanser-473ml\/\">Read More<\/a><\/span><\/p>","protected":false},"featured_media":0,"comment_status":"open","ping_status":"closed","template":"","meta":[],"product_brand":[816],"product_cat":[294,324,384,451],"product_tag":[],"class_list":{"0":"post-31934","1":"product","2":"type-product","3":"status-publish","5":"product_brand-cerave","6":"product_cat-acne","7":"product_cat-demaquillant-nettoyant","8":"product_cat-peaux-grasses","9":"product_cat-aab-soin-du-visage","11":"first","12":"instock","13":"shipping-taxable","14":"product-type-simple"},"jetpack-related-posts":[{"id":23918,"url":"https:\/\/sakaba.mghosteur.com\/en\/product\/cerave-acne-control-cleanser\/","url_meta":{"origin":31934,"position":0},"title":"CERAVE ACNE CONTROL CLEANSER","author":"admin","date":"November 9, 2022","format":false,"excerpt":"Le nettoyant anti-acn\u00e9 de CeraVe est un gel nettoyant pour le visage sp\u00e9cialement con\u00e7u pour les peaux sujettes \u00e0 l'acn\u00e9. Il contient 2% d'acide salicylique, qui aide \u00e0 traiter l'acn\u00e9 existante et \u00e0 pr\u00e9venir de nouvelles \u00e9ruptions en p\u00e9n\u00e9trant les pores de la peau. En outre, l'argile hectorite aide \u00e0\u2026","rel":"","context":"Similar post","block_context":{"text":"Similar post","link":""},"img":{"alt_text":"","src":"","width":0,"height":0},"classes":[]},{"id":31937,"url":"https:\/\/sakaba.mghosteur.com\/en\/product\/cerave-acne-faoming-cream-wash-10-benzolyl\/","url_meta":{"origin":31934,"position":1},"title":"CERAVE ACNE FAOMING CREAM WASH 10% BENZOLYL","author":"admin","date":"May 13, 2024","format":false,"excerpt":"D\u00e9velopp\u00e9e avec des dermatologues, la cr\u00e8me nettoyante moussante contre l'acn\u00e9 de CeraVe contient 10 % de peroxyde de benzoyle pour aider \u00e0 lutter contre l'acn\u00e9 et pr\u00e9venir la formation de nouvelles pouss\u00e9es. Ce nettoyant visage quotidien contre l'acn\u00e9 agit pour nettoyer la peau, traiter les pouss\u00e9es actives et maintenir la\u2026","rel":"","context":"Similar post","block_context":{"text":"Similar post","link":""},"img":{"alt_text":"","src":"","width":0,"height":0},"classes":[]},{"id":23969,"url":"https:\/\/sakaba.mghosteur.com\/en\/product\/cerave-acne-foaming-cream-cleanser\/","url_meta":{"origin":31934,"position":2},"title":"CERAVE ACNE FOAMING CREAM CLEANSER","author":"admin","date":"November 9, 2022","format":false,"excerpt":"La cr\u00e8me nettoyante moussante contre l'acn\u00e9 de CeraVe est un produit essentiel pour tout r\u00e9gime de soin de la peau contre l'acn\u00e9. Cette formule efficace contient 4 % de peroxyde de benzoyle pour aider \u00e0 \u00e9liminer l'acn\u00e9 et les points noirs, tout en pr\u00e9venant la formation de nouvelles imperfections. Les\u2026","rel":"","context":"Similar post","block_context":{"text":"Similar post","link":""},"img":{"alt_text":"","src":"","width":0,"height":0},"classes":[]},{"id":23934,"url":"https:\/\/sakaba.mghosteur.com\/en\/product\/cerave-acne-control-gel-2-salicylic-acid\/","url_meta":{"origin":31934,"position":3},"title":"CERAVE : ACNE CONTROL GEL 2% SALICYLIC ACID","author":"admin","date":"November 9, 2022","format":false,"excerpt":"Le gel anti-acn\u00e9 hydratant CeraVe Acne Control Gel est la solution compl\u00e8te pour traiter l'acn\u00e9 et pr\u00e9venir les \u00e9ruptions cutan\u00e9es futures. Avec sa formule l\u00e9g\u00e8re et non ass\u00e9chante, il est parfait pour une utilisation quotidienne et convient \u00e0 tous les types de peau, m\u00eame les plus sensibles. Enrichi en acides\u2026","rel":"","context":"Similar post","block_context":{"text":"Similar post","link":""},"img":{"alt_text":"","src":"","width":0,"height":0},"classes":[]},{"id":24181,"url":"https:\/\/sakaba.mghosteur.com\/en\/product\/cerave-hydrating-cleanser-bar\/","url_meta":{"origin":31934,"position":4},"title":"CERAVE HYDRATING CLEANSER BAR","author":"admin","date":"November 9, 2022","format":false,"excerpt":"La barre nettoyante hydratante CeraVe est un produit de soin de la peau de haute qualit\u00e9 qui a \u00e9t\u00e9 sp\u00e9cialement con\u00e7u pour les personnes ayant une peau normale \u00e0 s\u00e8che. Elle nettoie en douceur la peau tout en fournissant une hydratation en profondeur pour aider \u00e0 restaurer la barri\u00e8re cutan\u00e9e\u2026","rel":"","context":"Similar post","block_context":{"text":"Similar post","link":""},"img":{"alt_text":"","src":"","width":0,"height":0},"classes":[]},{"id":23903,"url":"https:\/\/sakaba.mghosteur.com\/en\/product\/cerave-resurfacing-retinol-serum\/","url_meta":{"origin":31934,"position":5},"title":"CERAVE RESURFACING RETINOL SERUM","author":"admin","date":"November 9, 2022","format":false,"excerpt":"Le s\u00e9rum resurfa\u00e7ant au r\u00e9tinol de la marque CeraVe est le choix id\u00e9al pour une peau douce et uniforme. Les marques d'acn\u00e9 et le teint irr\u00e9gulier peuvent \u00eatre g\u00eanants, m\u00eame apr\u00e8s que votre acn\u00e9 est sous contr\u00f4le. C'est l\u00e0 que notre s\u00e9rum resurfa\u00e7ant entre en jeu. Formul\u00e9 avec du r\u00e9tinol\u2026","rel":"","context":"Similar post","block_context":{"text":"Similar post","link":""},"img":{"alt_text":"","src":"","width":0,"height":0},"classes":[]}],"_links":{"self":[{"href":"https:\/\/sakaba.mghosteur.com\/en\/wp-json\/wp\/v2\/product\/31934","targetHints":{"allow":["GET"]}}],"collection":[{"href":"https:\/\/sakaba.mghosteur.com\/en\/wp-json\/wp\/v2\/product"}],"about":[{"href":"https:\/\/sakaba.mghosteur.com\/en\/wp-json\/wp\/v2\/types\/product"}],"replies":[{"embeddable":true,"href":"https:\/\/sakaba.mghosteur.com\/en\/wp-json\/wp\/v2\/comments?post=31934"}],"version-history":[{"count":0,"href":"https:\/\/sakaba.mghosteur.com\/en\/wp-json\/wp\/v2\/product\/31934\/revisions"}],"wp:attachment":[{"href":"https:\/\/sakaba.mghosteur.com\/en\/wp-json\/wp\/v2\/media?parent=31934"}],"wp:term":[{"taxonomy":"product_brand","embeddable":true,"href":"https:\/\/sakaba.mghosteur.com\/en\/wp-json\/wp\/v2\/product_brand?post=31934"},{"taxonomy":"product_cat","embeddable":true,"href":"https:\/\/sakaba.mghosteur.com\/en\/wp-json\/wp\/v2\/product_cat?post=31934"},{"taxonomy":"product_tag","embeddable":true,"href":"https:\/\/sakaba.mghosteur.com\/en\/wp-json\/wp\/v2\/product_tag?post=31934"}],"curies":[{"name":"wp","href":"https:\/\/api.w.org\/{rel}","templated":true}]}}