{"id":31943,"date":"2024-05-13T16:14:42","date_gmt":"2024-05-13T16:14:42","guid":{"rendered":"https:\/\/sakaba.mghosteur.com\/?post_type=product&#038;p=31943"},"modified":"2024-08-11T17:25:12","modified_gmt":"2024-08-11T17:25:12","slug":"camille-rose-algae-renew-deep-conditioing-mask","status":"publish","type":"product","link":"https:\/\/sakaba.mghosteur.com\/en\/product\/camille-rose-algae-renew-deep-conditioing-mask\/","title":{"rendered":"CAMILLE ROSE ALGAE RENEW DEEP CONDITIONING MASK"},"content":{"rendered":"<p>Un soin hydratant et fortifiant riche en vitamines, infus\u00e9 d&#8217;algues bleu-vert. Ce soin riche est infus\u00e9 d&#8217;un m\u00e9lange d&#8217;algues bleu-vert pures, contenant 65 vitamines, min\u00e9raux et antioxydants. Le cacao non raffin\u00e9 et le beurre de mangue sont astucieusement m\u00e9lang\u00e9s dans cette formule revitalisante intense en profondeur pour un maximum de bienfaits hydratants.<\/p>\n<p>Comment utiliser?Appliquer une quantit\u00e9 g\u00e9n\u00e9reuse sur cheveux mouill\u00e9s, apr\u00e8s le shampooing. Laisser agir 10 minutes puis rincer \u00e0 l&#8217;eau froide tout en d\u00e9m\u00ealant avec un peigne \u00e0 dents larges. Pour un soin suppl\u00e9mentaire, porter un bonnet en plastique et appliquer de la chaleur pendant au moins 20 minutes. Laisser agir le revitalisant sous un rin\u00e7age \u00e0 l&#8217;eau froide.<\/p>","protected":false},"excerpt":{"rendered":"<p>Un soin hydratant et fortifiant riche en vitamines, infus\u00e9 d&#8217;algues bleu-vert. Ce soin riche est infus\u00e9 d&#8217;un m\u00e9lange d&#8217;algues bleu-vert pures, contenant 65 vitamines, min\u00e9raux et antioxydants. Le cacao non raffin\u00e9 et le beurre de mangue sont astucieusement m\u00e9lang\u00e9s dans cette formule revitalisante intense en profondeur pour un maximum de bienfaits hydratants. Comment utiliser?Appliquer une<span class=\"read-more-faq\"><a href=\"https:\/\/sakaba.mghosteur.com\/en\/product\/camille-rose-algae-renew-deep-conditioing-mask\/\">Read More<\/a><\/span><\/p>","protected":false},"featured_media":0,"comment_status":"open","ping_status":"closed","template":"","meta":[],"product_brand":[812],"product_cat":[284,1063],"product_tag":[],"class_list":{"0":"post-31943","1":"product","2":"type-product","3":"status-publish","5":"product_brand-camille-rose","6":"product_cat-aad-cheveux","7":"product_cat-traitement-capilaire","9":"first","10":"instock","11":"shipping-taxable","12":"product-type-simple"},"jetpack-related-posts":[{"id":31951,"url":"https:\/\/sakaba.mghosteur.com\/en\/product\/camille-rose-algae-renew-deep-conditioning-mask-cocoa-mango-butter-50ml\/","url_meta":{"origin":31943,"position":0},"title":"CAMILLE ROSE ALGAE RENEW DEEP CONDITIONING MASK &#8211; SACHET DE 50 ML","author":"admin","date":"May 13, 2024","format":false,"excerpt":"Un soin hydratant et fortifiant riche en vitamines, infus\u00e9 d'algues bleu-vert. Ce soin riche est infus\u00e9 d'un m\u00e9lange d'algues bleu-vert pures, contenant 65 vitamines, min\u00e9raux et antioxydants. Le cacao non raffin\u00e9 et le beurre de mangue sont astucieusement m\u00e9lang\u00e9s dans cette formule revitalisante intense en profondeur pour un maximum de\u2026","rel":"","context":"Similar post","block_context":{"text":"Similar post","link":""},"img":{"alt_text":"","src":"","width":0,"height":0},"classes":[]},{"id":27345,"url":"https:\/\/sakaba.mghosteur.com\/en\/product\/algenist-blue-algae-vitamin-c-dark-spot\/","url_meta":{"origin":31943,"position":1},"title":"ALGENIST BLUE ALGAE VITAMIN C DARK SPOT","author":"admin","date":"November 29, 2022","format":false,"excerpt":"Un puissant peeling resurfa\u00e7ant et exfoliant infus\u00e9 de vitamine C exclusive d'algues bleues, d'un complexe triple acide, d'un m\u00e9lange d'AHA, de BHA et de PHA pour aider \u00e0 r\u00e9duire l'apparence des taches brunes, des d\u00e9colorations, des imperfections et des imperfections - r\u00e9v\u00e9lant un teint lisse, radieux et uniforme.","rel":"","context":"Similar post","block_context":{"text":"Similar post","link":""},"img":{"alt_text":"","src":"","width":0,"height":0},"classes":[]},{"id":31966,"url":"https:\/\/sakaba.mghosteur.com\/en\/product\/camille-rose-black-castor-oil-chebe-deep-conditi\/","url_meta":{"origin":31943,"position":2},"title":"CAMILLE ROSE BLACK CASTOR OIL + CHEBE DEEP CONDITIONER","author":"admin","date":"May 13, 2024","format":false,"excerpt":"Un soin revitalisant et hydratant intensif con\u00e7u pour renforcer la tige capillaire et redonner de la vitalit\u00e9 aux m\u00e8ches ab\u00eem\u00e9es et stress\u00e9es. Mode d'emploi: Sur des m\u00e8ches fra\u00eechement lav\u00e9es, appliquez une quantit\u00e9 g\u00e9n\u00e9reuse sur les cheveux. Utilisez les doigts ou un peigne \u00e0 dents larges pour r\u00e9partir uniform\u00e9ment de la\u2026","rel":"","context":"Similar post","block_context":{"text":"Similar post","link":""},"img":{"alt_text":"","src":"","width":0,"height":0},"classes":[]},{"id":56164,"url":"https:\/\/sakaba.mghosteur.com\/en\/product\/dr-teals-pink-himalayan-salt-scrub-glow-radiance\/","url_meta":{"origin":31943,"position":3},"title":"Dr Teal&#8217;s Pink Himalayan Salt Scrub  Glow &#038; Radiance","author":"Sope DIA","date":"January 2, 2026","format":false,"excerpt":"Illuminez et revitalisez votre peau avec le Dr Teal\u2019s Glow & Radiance Pink Himalayan Salt Scrub. Sa formule associe le sel rose de l\u2019Himalaya, riche en min\u00e9raux, \u00e0 la vitamine C pour lisser, purifier et stimuler la r\u00e9g\u00e9n\u00e9ration cellulaire. Infus\u00e9 d\u2019huiles essentielles d\u2019agrumes vivifiants, ce gommage d\u00e9gage un parfum frais\u2026","rel":"","context":"Similar post","block_context":{"text":"Similar post","link":""},"img":{"alt_text":"","src":"","width":0,"height":0},"classes":[]},{"id":31780,"url":"https:\/\/sakaba.mghosteur.com\/en\/product\/olay-ceramide-gel-de-douche-591ml\/","url_meta":{"origin":31943,"position":4},"title":"OLAY CERAMIDE GEL DE DOUCHE 591ML","author":"admin","date":"May 10, 2024","format":false,"excerpt":"R\u00e9v\u00e9lez une peau belle et saine avec le nettoyant pour le corps nettoyant et fortifiant Olay avec complexe de c\u00e9ramides et de vitamine B3. Cette formule avanc\u00e9e hydrate en profondeur pour aider \u00e0 renforcer la barri\u00e8re d'hydratation de votre peau et la laisser douce et r\u00e9g\u00e9n\u00e9r\u00e9e. Gr\u00e2ce \u00e0 la technologie\u2026","rel":"","context":"Similar post","block_context":{"text":"Similar post","link":""},"img":{"alt_text":"","src":"","width":0,"height":0},"classes":[]},{"id":56105,"url":"https:\/\/sakaba.mghosteur.com\/en\/product\/advanced-clinicals-hyaluronic-acid-instant-skin-hydrator\/","url_meta":{"origin":31943,"position":5},"title":"Advanced Clinicals Hyaluronic Acid Instant Skin Hydrator","author":"Sope DIA","date":"January 2, 2026","format":false,"excerpt":"CR\u00c8ME \u00c0 L'ACIDE HYALURONIQUE HYDRATE ET REPULPE VISIBLEMENT LES PEAUX S\u00c8CHES \u2013 Cette cr\u00e8me pour le corps hydrate intens\u00e9ment pour une peau visiblement repulp\u00e9e et lisse. Elle retient l'hydratation essentielle, laissant la peau fra\u00eeche, souple et revitalis\u00e9e. Formul\u00e9e par des chimistes cosm\u00e9tiques pour les femmes et les hommes souhaitant int\u00e9grer\u2026","rel":"","context":"Similar post","block_context":{"text":"Similar post","link":""},"img":{"alt_text":"","src":"","width":0,"height":0},"classes":[]}],"_links":{"self":[{"href":"https:\/\/sakaba.mghosteur.com\/en\/wp-json\/wp\/v2\/product\/31943","targetHints":{"allow":["GET"]}}],"collection":[{"href":"https:\/\/sakaba.mghosteur.com\/en\/wp-json\/wp\/v2\/product"}],"about":[{"href":"https:\/\/sakaba.mghosteur.com\/en\/wp-json\/wp\/v2\/types\/product"}],"replies":[{"embeddable":true,"href":"https:\/\/sakaba.mghosteur.com\/en\/wp-json\/wp\/v2\/comments?post=31943"}],"version-history":[{"count":0,"href":"https:\/\/sakaba.mghosteur.com\/en\/wp-json\/wp\/v2\/product\/31943\/revisions"}],"wp:attachment":[{"href":"https:\/\/sakaba.mghosteur.com\/en\/wp-json\/wp\/v2\/media?parent=31943"}],"wp:term":[{"taxonomy":"product_brand","embeddable":true,"href":"https:\/\/sakaba.mghosteur.com\/en\/wp-json\/wp\/v2\/product_brand?post=31943"},{"taxonomy":"product_cat","embeddable":true,"href":"https:\/\/sakaba.mghosteur.com\/en\/wp-json\/wp\/v2\/product_cat?post=31943"},{"taxonomy":"product_tag","embeddable":true,"href":"https:\/\/sakaba.mghosteur.com\/en\/wp-json\/wp\/v2\/product_tag?post=31943"}],"curies":[{"name":"wp","href":"https:\/\/api.w.org\/{rel}","templated":true}]}}