{"id":31946,"date":"2024-05-13T16:15:47","date_gmt":"2024-05-13T16:15:47","guid":{"rendered":"https:\/\/sakaba.mghosteur.com\/?post_type=product&#038;p=31946"},"modified":"2024-08-07T11:11:55","modified_gmt":"2024-08-07T11:11:55","slug":"cerave-sa-cream-rough-bumpy-skin","status":"publish","type":"product","link":"https:\/\/sakaba.mghosteur.com\/en\/product\/cerave-sa-cream-rough-bumpy-skin\/","title":{"rendered":"CERAVE SA CREAM ROUGH &amp; BUMPY SKIN"},"content":{"rendered":"<p>La cr\u00e8me CeraVe SA pour peau rugueuse et bossel\u00e9e est une cr\u00e8me \u00e0 l&#8217;acide salicylique qui exfolie, adoucit et lisse la peau rugueuse et bossel\u00e9e. Elle est con\u00e7ue pour am\u00e9liorer la texture de la peau et adoucir la peau tr\u00e8s s\u00e8che et rugueuse. C&#8217;est un hydratant l\u00e9ger qui aide \u00e0 am\u00e9liorer la texture de la peau tout en la gardant hydrat\u00e9e. Elle convient \u00e9galement \u00e0 la k\u00e9ratose pilaire (peau de poulet), une affection qui entra\u00eene des bosses rouges sur le visage et le corps, g\u00e9n\u00e9ralement sur le haut des bras et des cuisses<\/p>","protected":false},"excerpt":{"rendered":"<p>La cr\u00e8me CeraVe SA pour peau rugueuse et bossel\u00e9e est une cr\u00e8me \u00e0 l&#8217;acide salicylique qui exfolie, adoucit et lisse la peau rugueuse et bossel\u00e9e. Elle est con\u00e7ue pour am\u00e9liorer la texture de la peau et adoucir la peau tr\u00e8s s\u00e8che et rugueuse. C&#8217;est un hydratant l\u00e9ger qui aide \u00e0 am\u00e9liorer la texture de la<span class=\"read-more-faq\"><a href=\"https:\/\/sakaba.mghosteur.com\/en\/product\/cerave-sa-cream-rough-bumpy-skin\/\">Read More<\/a><\/span><\/p>","protected":false},"featured_media":0,"comment_status":"open","ping_status":"closed","template":"","meta":[],"product_brand":[816],"product_cat":[447,1061],"product_tag":[],"class_list":{"0":"post-31946","1":"product","2":"type-product","3":"status-publish","5":"product_brand-cerave","6":"product_cat-aac-bain-et-corps","7":"product_cat-lait-huile_corporelle","9":"first","10":"instock","11":"shipping-taxable","12":"product-type-simple"},"jetpack-related-posts":[{"id":29123,"url":"https:\/\/sakaba.mghosteur.com\/en\/product\/sa-cream-for-rough-bumpy-skin-340g\/","url_meta":{"origin":31946,"position":0},"title":"SA CREAM FOR ROUGH &#038; BUMPY SKIN 340G","author":"admin","date":"March 14, 2023","format":false,"excerpt":"La cr\u00e8me CeraVe SA pour peaux rugueuses et bossel\u00e9es est \u00e9galement non com\u00e9dog\u00e8ne, ce qui signifie qu'elle ne bouche pas les pores et peut \u00eatre utilis\u00e9e en toute s\u00e9curit\u00e9 sur le visage et le corps. Convient aux peaux sensibles, cette cr\u00e8me est recommand\u00e9e par les dermatologues pour aider \u00e0 adoucir\u2026","rel":"","context":"Similar post","block_context":{"text":"Similar post","link":""},"img":{"alt_text":"","src":"","width":0,"height":0},"classes":[]},{"id":24177,"url":"https:\/\/sakaba.mghosteur.com\/en\/product\/cerave-sa-body-wash-for-rough-and-bumpy-skin\/","url_meta":{"origin":31946,"position":1},"title":"CERAVE SA BODY WASH FOR ROUGH AND BUMPY SKIN","author":"admin","date":"November 9, 2022","format":false,"excerpt":"Le nettoyant pour le corps CeraVe SA est sp\u00e9cialement con\u00e7u pour les peaux rugueuses et bossel\u00e9es. Il utilise une combinaison d'acide salicylique, de c\u00e9ramides, d'acide hyaluronique et de niacinamide pour nettoyer et exfolier en douceur tout en offrant une hydratation optimale. L'acide salicylique est un exfoliant doux qui aide \u00e0\u2026","rel":"","context":"Similar post","block_context":{"text":"Similar post","link":""},"img":{"alt_text":"","src":"","width":0,"height":0},"classes":[]},{"id":24153,"url":"https:\/\/sakaba.mghosteur.com\/en\/product\/cerave-renewing-sa-cleanser-473ml\/","url_meta":{"origin":31946,"position":2},"title":"CERAVE RENEWING SA CLEANSER 473ML","author":"admin","date":"November 9, 2022","format":false,"excerpt":"Le nettoyant SA r\u00e9g\u00e9n\u00e9rant de la marque CeraVe est la solution parfaite pour une peau lisse et saine. Sa formule douce et moussante contenant de l'acide salicylique aide \u00e0 exfolier votre peau en douceur tout en \u00e9liminant les impuret\u00e9s et en adoucissant les zones rugueuses. Ce nettoyant est enrichi en\u2026","rel":"","context":"Similar post","block_context":{"text":"Similar post","link":""},"img":{"alt_text":"","src":"","width":0,"height":0},"classes":[]},{"id":24140,"url":"https:\/\/sakaba.mghosteur.com\/en\/product\/jergens-ultra-healing\/","url_meta":{"origin":31946,"position":3},"title":"JERGENS ULTRA HEALING","author":"admin","date":"November 9, 2022","format":false,"excerpt":"La lotion hydratante pour les mains et le corps de Jergens est la solution ultime pour la peau s\u00e8che. Sa formule nourrissante p\u00e9n\u00e8tre profond\u00e9ment dans la peau, jusqu'\u00e0 cinq couches, pour soigner les zones tr\u00e8s s\u00e8ches et rugueuses, am\u00e9liorer le tonus et la texture, laissant la peau lisse et visiblement\u2026","rel":"","context":"Similar post","block_context":{"text":"Similar post","link":""},"img":{"alt_text":"","src":"","width":0,"height":0},"classes":[]},{"id":33036,"url":"https:\/\/sakaba.mghosteur.com\/en\/product\/dove-exfoliant-body-polish-brown-sugar-coconut\/","url_meta":{"origin":31946,"position":4},"title":"DOVE EXFOLIANT BODY POLISH BROWN SUGAR &amp; COCONUT","author":"admin","date":"May 17, 2024","format":false,"excerpt":"Un gommage corporel au doux parfum de noix de coco qui r\u00e9v\u00e8le votre \u00e9clat naturel en exfoliant la peau en profondeur. Le gommage corporel exfoliant \u00e9limine la peau terne et s\u00e8che \u2022 Fabriqu\u00e9 \u00e0 partir de nettoyants naturels sans sulfate \u2022 Enrichi avec \u00bc de cr\u00e8me hydratante pour prendre soin\u2026","rel":"","context":"Similar post","block_context":{"text":"Similar post","link":""},"img":{"alt_text":"","src":"","width":0,"height":0},"classes":[]},{"id":31394,"url":"https:\/\/sakaba.mghosteur.com\/en\/product\/paula-s-choice-weigntless-body-treatment-2-bha\/","url_meta":{"origin":31946,"position":5},"title":"PAULA&#8217; S CHOICE WEIGNTLESS BODY TREATMENT 2% BHA","author":"admin","date":"May 10, 2024","format":false,"excerpt":"Cet exfoliant corporel sans rin\u00e7age, renfermant 2 % d'acide salicylique, un BHA r\u00e9put\u00e9, offre une exfoliation douce, lib\u00e9rant la peau des cellules mortes accumul\u00e9es pour r\u00e9v\u00e9ler une peau radieuse et lisse en dessous. La concentration de 2 % d'acide salicylique adoucit et affine la texture rugueuse de la peau, tandis\u2026","rel":"","context":"Similar post","block_context":{"text":"Similar post","link":""},"img":{"alt_text":"","src":"","width":0,"height":0},"classes":[]}],"_links":{"self":[{"href":"https:\/\/sakaba.mghosteur.com\/en\/wp-json\/wp\/v2\/product\/31946","targetHints":{"allow":["GET"]}}],"collection":[{"href":"https:\/\/sakaba.mghosteur.com\/en\/wp-json\/wp\/v2\/product"}],"about":[{"href":"https:\/\/sakaba.mghosteur.com\/en\/wp-json\/wp\/v2\/types\/product"}],"replies":[{"embeddable":true,"href":"https:\/\/sakaba.mghosteur.com\/en\/wp-json\/wp\/v2\/comments?post=31946"}],"version-history":[{"count":0,"href":"https:\/\/sakaba.mghosteur.com\/en\/wp-json\/wp\/v2\/product\/31946\/revisions"}],"wp:attachment":[{"href":"https:\/\/sakaba.mghosteur.com\/en\/wp-json\/wp\/v2\/media?parent=31946"}],"wp:term":[{"taxonomy":"product_brand","embeddable":true,"href":"https:\/\/sakaba.mghosteur.com\/en\/wp-json\/wp\/v2\/product_brand?post=31946"},{"taxonomy":"product_cat","embeddable":true,"href":"https:\/\/sakaba.mghosteur.com\/en\/wp-json\/wp\/v2\/product_cat?post=31946"},{"taxonomy":"product_tag","embeddable":true,"href":"https:\/\/sakaba.mghosteur.com\/en\/wp-json\/wp\/v2\/product_tag?post=31946"}],"curies":[{"name":"wp","href":"https:\/\/api.w.org\/{rel}","templated":true}]}}