{"id":31958,"date":"2024-05-13T16:17:13","date_gmt":"2024-05-13T16:17:13","guid":{"rendered":"https:\/\/sakaba.mghosteur.com\/?post_type=product&#038;p=31958"},"modified":"2024-08-11T17:29:50","modified_gmt":"2024-08-11T17:29:50","slug":"camille-rose-black-castor-oil-chebe-cleanse","status":"publish","type":"product","link":"https:\/\/sakaba.mghosteur.com\/en\/product\/camille-rose-black-castor-oil-chebe-cleanse\/","title":{"rendered":"CAMILLE ROSE BLACK CASTOR OIL + CHEBE CLEANSE"},"content":{"rendered":"<p>Un nettoyant capillaire infus\u00e9 d&#8217;huile con\u00e7u pour renforcer les m\u00e8ches, restaurer la brillance et am\u00e9liorer la maniabilit\u00e9.<\/p>\n<p>Mode d&#8217;emploi : Trempez les cheveux sous la douche et appliquez le shampooing nettoyant sur toute la longueur des cheveux. Pour des textures plus \u00e9paisses, s\u00e9parez d&#8217;abord les m\u00e8ches avant d&#8217;appliquer pour vous assurer que chaque m\u00e8che est bien p\u00e9n\u00e9tr\u00e9e. \u00c0 l&#8217;aide des doigts ou des paumes, massez pour \u00e9mulsionner avec de l&#8217;eau jusqu&#8217;\u00e0 ce que les cheveux soient propres. Poursuivez avec le traitement revitalisant Black Castor et Chebe.<\/p>\n<p>Comment utiliser?Sous la douche, mouillez les cheveux et appliquez le shampooing nettoyant sur toute la longueur. Pour les cheveux plus \u00e9pais, s\u00e9parez les cheveux en sections avant l&#8217;application pour vous assurer que chaque m\u00e8che est bien p\u00e9n\u00e9tr\u00e9e. \u00c0 l&#8217;aide des doigts ou des paumes, massez pour \u00e9mulsionner avec de l&#8217;eau jusqu&#8217;\u00e0 ce que vos cheveux soient propres<\/p>","protected":false},"excerpt":{"rendered":"<p>Un nettoyant capillaire infus\u00e9 d&#8217;huile con\u00e7u pour renforcer les m\u00e8ches, restaurer la brillance et am\u00e9liorer la maniabilit\u00e9. Mode d&#8217;emploi : Trempez les cheveux sous la douche et appliquez le shampooing nettoyant sur toute la longueur des cheveux. Pour des textures plus \u00e9paisses, s\u00e9parez d&#8217;abord les m\u00e8ches avant d&#8217;appliquer pour vous assurer que chaque m\u00e8che est<span class=\"read-more-faq\"><a href=\"https:\/\/sakaba.mghosteur.com\/en\/product\/camille-rose-black-castor-oil-chebe-cleanse\/\">Read More<\/a><\/span><\/p>","protected":false},"featured_media":0,"comment_status":"open","ping_status":"closed","template":"","meta":[],"product_brand":[812],"product_cat":[284,368],"product_tag":[],"class_list":{"0":"post-31958","1":"product","2":"type-product","3":"status-publish","5":"product_brand-camille-rose","6":"product_cat-aad-cheveux","7":"product_cat-shampoing-et-apres-shampoing","9":"first","10":"instock","11":"shipping-taxable","12":"product-type-simple"},"jetpack-related-posts":[{"id":31966,"url":"https:\/\/sakaba.mghosteur.com\/en\/product\/camille-rose-black-castor-oil-chebe-deep-conditi\/","url_meta":{"origin":31958,"position":0},"title":"CAMILLE ROSE BLACK CASTOR OIL + CHEBE DEEP CONDITIONER","author":"admin","date":"May 13, 2024","format":false,"excerpt":"Un soin revitalisant et hydratant intensif con\u00e7u pour renforcer la tige capillaire et redonner de la vitalit\u00e9 aux m\u00e8ches ab\u00eem\u00e9es et stress\u00e9es. Mode d'emploi: Sur des m\u00e8ches fra\u00eechement lav\u00e9es, appliquez une quantit\u00e9 g\u00e9n\u00e9reuse sur les cheveux. Utilisez les doigts ou un peigne \u00e0 dents larges pour r\u00e9partir uniform\u00e9ment de la\u2026","rel":"","context":"Similar post","block_context":{"text":"Similar post","link":""},"img":{"alt_text":"","src":"","width":0,"height":0},"classes":[]},{"id":26094,"url":"https:\/\/sakaba.mghosteur.com\/en\/product\/mielle-pomegranate-honey-coil-sculpting-custard\/","url_meta":{"origin":31958,"position":1},"title":"MIELLE POMEGRANATE &amp; HONEY COIL SCULPTING CUSTARD","author":"admin","date":"November 24, 2022","format":false,"excerpt":"Vous avez des probl\u00e8mes de boucles s\u00e8ches et assoiff\u00e9es? Le gel coiffant sculptant pour boucles \u00e0 la grenade et au miel de Mielle est une bouff\u00e9e d\u2019air frais! Hydratation, d\u00e9finition des boucles, brillance longue dur\u00e9e : tout y est. Cette formule \u00e9paisse et d\u00e9licieusement parfum\u00e9e est con\u00e7ue pour les cheveux\u2026","rel":"","context":"Similar post","block_context":{"text":"Similar post","link":""},"img":{"alt_text":"","src":"","width":0,"height":0},"classes":[]},{"id":31933,"url":"https:\/\/sakaba.mghosteur.com\/en\/product\/camille-rose-chebe-repair-pure-strengthening-oil\/","url_meta":{"origin":31958,"position":2},"title":"CAMILLE ROSE +CHEBE REPAIR PURE STRENGTHENING OIL","author":"admin","date":"May 13, 2024","format":false,"excerpt":"Huile de ricin noire pure infus\u00e9e de Chebe con\u00e7ue pour favoriser la croissance, am\u00e9liorer consid\u00e9rablement la brillance et renforcer les m\u00e8ches de l'int\u00e9rieur. Comment utiliser? Appliquer sur cheveux secs ou mouill\u00e9s. Utiliser 2 \u00e0 3 gouttes et masser doucement le cuir chevelu et les bords. Appliquer deux fois (2X) par\u2026","rel":"","context":"Similar post","block_context":{"text":"Similar post","link":""},"img":{"alt_text":"","src":"","width":0,"height":0},"classes":[]},{"id":26102,"url":"https:\/\/sakaba.mghosteur.com\/en\/product\/mielle-pomegranate-honey-shampoo\/","url_meta":{"origin":31958,"position":3},"title":"MIELLE POMEGRANATE &amp; HONEY SHAMPOO","author":"admin","date":"November 24, 2022","format":false,"excerpt":"Le shampooing hydratant et d\u00e9m\u00ealant \u00e0 la grenade et au miel de Mielle utilise des ingr\u00e9dients frais comme le miel et l\u2019huile de babassu pour \u00e9liminer la salet\u00e9 et l\u2019huile de vos cheveux tout en pr\u00e9servant l\u2019hydratation dont ils ont tant besoin. Ce shampooing forme une mousse luxueuse et a\u2026","rel":"","context":"Similar post","block_context":{"text":"Similar post","link":""},"img":{"alt_text":"","src":"","width":0,"height":0},"classes":[]},{"id":32033,"url":"https:\/\/sakaba.mghosteur.com\/en\/product\/olaplex-intensive-bond-building-hair-treatment-2\/","url_meta":{"origin":31958,"position":4},"title":"OLAPLEX INTENSIVE BOND BUILDING HAIR TREATMENT","author":"admin","date":"May 13, 2024","format":false,"excerpt":"Le traitement capillaire intensif N\u00ba.0, infus\u00e9 de la technologie brevet\u00e9e OLAPLEX Bond Building, est un traitement intense qui renforce l'efficacit\u00e9 du OLAPLEX N\u00ba.3 Hair Perfector pour une r\u00e9paration en profondeur tout en renfor\u00e7ant et en prot\u00e9geant l'int\u00e9grit\u00e9 des cheveux. AVANTAGES Augmente l'efficacit\u00e9 du Perfecteur Capillaire OLAPLEX N\u00ba.3. P\u00e9n\u00e8tre rapidement pour\u2026","rel":"","context":"Similar post","block_context":{"text":"Similar post","link":""},"img":{"alt_text":"","src":"","width":0,"height":0},"classes":[]},{"id":26100,"url":"https:\/\/sakaba.mghosteur.com\/en\/product\/mielle-progranate-honey-leave-in-conditioner\/","url_meta":{"origin":31958,"position":5},"title":"MIELLE POMEGRANATE &amp; HONEY LEAVE IN CONDITIONER","author":"admin","date":"November 24, 2022","format":false,"excerpt":"Cet apr\u00e8s-shampoing est l\u00e9ger, facile \u00e0 utiliser et sent bon! Il est indispensable de bien d\u00e9m\u00ealer vos cheveux, et cet apr\u00e8s-shampoing sans rin\u00e7age d\u00e9m\u00ealera chaque m\u00e8che. Il emprisonnera \u00e9galement l'humidit\u00e9 suppl\u00e9mentaire, offrant une hydratation longue dur\u00e9e et prot\u00e9geant les cheveux avec un merveilleux m\u00e9lange d'huile de babassu et d'extraits d'agrumes.\u2026","rel":"","context":"Similar post","block_context":{"text":"Similar post","link":""},"img":{"alt_text":"","src":"","width":0,"height":0},"classes":[]}],"_links":{"self":[{"href":"https:\/\/sakaba.mghosteur.com\/en\/wp-json\/wp\/v2\/product\/31958","targetHints":{"allow":["GET"]}}],"collection":[{"href":"https:\/\/sakaba.mghosteur.com\/en\/wp-json\/wp\/v2\/product"}],"about":[{"href":"https:\/\/sakaba.mghosteur.com\/en\/wp-json\/wp\/v2\/types\/product"}],"replies":[{"embeddable":true,"href":"https:\/\/sakaba.mghosteur.com\/en\/wp-json\/wp\/v2\/comments?post=31958"}],"version-history":[{"count":0,"href":"https:\/\/sakaba.mghosteur.com\/en\/wp-json\/wp\/v2\/product\/31958\/revisions"}],"wp:attachment":[{"href":"https:\/\/sakaba.mghosteur.com\/en\/wp-json\/wp\/v2\/media?parent=31958"}],"wp:term":[{"taxonomy":"product_brand","embeddable":true,"href":"https:\/\/sakaba.mghosteur.com\/en\/wp-json\/wp\/v2\/product_brand?post=31958"},{"taxonomy":"product_cat","embeddable":true,"href":"https:\/\/sakaba.mghosteur.com\/en\/wp-json\/wp\/v2\/product_cat?post=31958"},{"taxonomy":"product_tag","embeddable":true,"href":"https:\/\/sakaba.mghosteur.com\/en\/wp-json\/wp\/v2\/product_tag?post=31958"}],"curies":[{"name":"wp","href":"https:\/\/api.w.org\/{rel}","templated":true}]}}