{"id":31965,"date":"2024-05-13T16:18:04","date_gmt":"2024-05-13T16:18:04","guid":{"rendered":"https:\/\/sakaba.mghosteur.com\/?post_type=product&#038;p=31965"},"modified":"2024-08-07T20:43:27","modified_gmt":"2024-08-07T20:43:27","slug":"cerave-facial-moisturizing-lotion-am-89ml-spf-30","status":"publish","type":"product","link":"https:\/\/sakaba.mghosteur.com\/en\/product\/cerave-facial-moisturizing-lotion-am-89ml-spf-30\/","title":{"rendered":"CERAVE FACIAL MOISTURIZING LOTION AM 89ML SPF 30"},"content":{"rendered":"<p>L&#8217;hydratant pour le visage CeraVe AM avec \u00e9cran solaire SPF 30 \u00e0 large spectre est un soin matinal multit\u00e2che qui fournit une hydratation continue tout au long de la journ\u00e9e tout en aidant \u00e0 absorber et \u00e0 refl\u00e9ter les rayons UVA et UVB nocifs du soleil et \u00e0 restaurer la barri\u00e8re protectrice de la peau.<\/p>\n<p class=\"product-details__description\"><span><a href=\"https:\/\/www.cerave.com\/skincare\/moisturizers\/facial-moisturizers\">La cr\u00e8me hydratante<\/a><\/span><span>&nbsp;et&nbsp;<\/span><span><a href=\"https:\/\/www.cerave.com\/sunscreen\">la cr\u00e8me solaire<\/a><\/span><span>&nbsp;sont deux \u00e9tapes essentielles de toute&nbsp;<\/span><span><a href=\"https:\/\/www.cerave.com\/skin-smarts\/skincare-routines\">routine de soins<\/a><\/span><span>&nbsp;pour une peau d\u2019apparence saine. Pour simplifier les choses, vous pouvez utiliser une cr\u00e8me hydratante pour le visage qui comprend un \u00e9cran solaire \u00e0 large spectre&nbsp;&nbsp;<\/span><span><a href=\"https:\/\/www.cerave.com\/skin-smarts\/skin-concerns\/sun-protection\/what-spf-to-use-and-protect-against-uva-and-uvb-rays\">SPF 30<\/a><\/span><span>&nbsp;, comme notre lotion hydratante pour le visage AM. Les hydratants pour le visage avec \u00e9cran solaire vous permettent d&#8217;hydrater votre peau et de la prot\u00e9ger des rayons du soleil en une seule \u00e9tape pratique. Cependant, les cr\u00e8mes solaires doivent \u00eatre r\u00e9appliqu\u00e9es au moins toutes les deux heures pour se prot\u00e9ger du soleil.<\/span><\/p>\n<p><span>CeraVe AM Facial Moisturizer est un soin matinal multit\u00e2che qui hydrate et nourrit votre peau tout en aidant \u00e0 absorber et \u00e0 refl\u00e9ter les rayons UVA et UVB nocifs du soleil. Il est formul\u00e9 avec trois&nbsp;<\/span><span><a href=\"https:\/\/www.cerave.com\/about-cerave\/the-ceramides-difference\">c\u00e9ramides<\/a><\/span><span>&nbsp;essentiels , ainsi que&nbsp;<\/span><span><a href=\"https:\/\/www.cerave.com\/ingredients-in-cerave\/hyaluronic-acid\">de l&#8217;acide hyaluronique<\/a><\/span><span>&nbsp;hydratant ,&nbsp;<\/span><span><a href=\"https:\/\/www.cerave.com\/ingredients-in-cerave\/niacinamide\">de la niacinamide apaisante, de la technologie InVisibleZinc\u2122 (&nbsp;<\/a><\/span><span><a href=\"https:\/\/www.cerave.com\/ingredients-in-cerave\/zinc-oxide\">oxyde de zinc<\/a><\/span><span>&nbsp;microfin&nbsp;) et de notre technologie MVE, qui lib\u00e8re un flux constant d&#8217;&nbsp;<\/span><span><a href=\"https:\/\/www.cerave.com\/ingredients-in-cerave\">ingr\u00e9dients<\/a><\/span><span>&nbsp;hydratants pour une hydratation continue toute la journ\u00e9e.&nbsp;<\/span><\/p>\n<p>&nbsp;<\/p>\n<p class=\"product-details__description\"><span>Ce cr\u00e8me hydratante avec \u00e9cran solaire SPF 30 offre une protection solaire <\/span><span><a href=\"https:\/\/www.cerave.com\/skin-smarts\/skin-concerns\/sun-protection\/mineral-vs-chemical-sunscreen\">chimique et min\u00e9rale<\/a><\/span><span>&nbsp;, s&#8217;\u00e9tale facilement et uniform\u00e9ment et est formul\u00e9e pour aider \u00e0 maintenir la barri\u00e8re protectrice de la peau. Cette formule est l\u00e9g\u00e8re et&nbsp;<\/span><span><a href=\"https:\/\/www.cerave.com\/skin-smarts\/skincare-tips-advice\/non-comedogenic-fragrance-free-and-allergy-tested-explained\">non com\u00e9dog\u00e8ne<\/a><\/span><span>&nbsp;(ce qui signifie qu&#8217;elle n&#8217;obstruera pas vos pores).&nbsp;&nbsp;<\/span><span>Test\u00e9 contre les allergies, sans huile.<\/span><\/p>","protected":false},"excerpt":{"rendered":"<p>L&#8217;hydratant pour le visage CeraVe AM avec \u00e9cran solaire SPF 30 \u00e0 large spectre est un soin matinal multit\u00e2che qui fournit une hydratation continue tout au long de la journ\u00e9e tout en aidant \u00e0 absorber et \u00e0 refl\u00e9ter les rayons UVA et UVB nocifs du soleil et \u00e0 restaurer la barri\u00e8re protectrice de la peau.<span class=\"read-more-faq\"><a href=\"https:\/\/sakaba.mghosteur.com\/en\/product\/cerave-facial-moisturizing-lotion-am-89ml-spf-30\/\">Read More<\/a><\/span><\/p>","protected":false},"featured_media":0,"comment_status":"open","ping_status":"closed","template":"","meta":[],"product_brand":[816],"product_cat":[331,451],"product_tag":[],"class_list":{"0":"post-31965","1":"product","2":"type-product","3":"status-publish","5":"product_brand-cerave","6":"product_cat-hydratant-visage","7":"product_cat-aab-soin-du-visage","9":"first","10":"instock","11":"shipping-taxable","12":"product-type-simple"},"jetpack-related-posts":[{"id":32007,"url":"https:\/\/sakaba.mghosteur.com\/en\/product\/cerave-facial-moisturizing-lotion-am-60ml-3\/","url_meta":{"origin":31965,"position":0},"title":"CERAVE FACIAL MOISTURIZING LOTION AM 60ML","author":"admin","date":"May 13, 2024","format":false,"excerpt":"L'hydratant pour le visage CeraVe AM avec \u00e9cran solaire SPF 30 \u00e0 large spectre est un soin matinal multit\u00e2che qui fournit une hydratation continue tout au long de la journ\u00e9e tout en aidant \u00e0 absorber et \u00e0 refl\u00e9ter les rayons UVA et UVB nocifs du soleil et \u00e0 restaurer la\u2026","rel":"","context":"Similar post","block_context":{"text":"Similar post","link":""},"img":{"alt_text":"","src":"","width":0,"height":0},"classes":[]},{"id":29074,"url":"https:\/\/sakaba.mghosteur.com\/en\/product\/cerave-hydrating-sunscreen-50face-spf-50\/","url_meta":{"origin":31965,"position":1},"title":"CERAVE HYDRATING SUNSCREEN 50face spf 50","author":"admin","date":"March 13, 2023","format":false,"excerpt":"La Cr\u00e8me Solaire Hydratante Min\u00e9rale SPF 50 Lotion Visage de la marque CeraVe est la solution parfaite pour prot\u00e9ger votre peau du soleil tout en la nourrissant et l'hydratant en profondeur. Cette cr\u00e8me solaire min\u00e9rale douce mais efficace est sp\u00e9cialement con\u00e7ue pour le visage et offre une protection \u00e0 large\u2026","rel":"","context":"Similar post","block_context":{"text":"Similar post","link":""},"img":{"alt_text":"","src":"","width":0,"height":0},"classes":[]},{"id":29036,"url":"https:\/\/sakaba.mghosteur.com\/en\/product\/cerave-hydrating-sunscreen-broad-spectrum-spf30-fac\/","url_meta":{"origin":31965,"position":2},"title":"CERAVE HYDRATING SUNSCREEN broad spectrum spf30 FAC","author":"admin","date":"March 10, 2023","format":false,"excerpt":"La Cr\u00e8me solaire hydratante \u00e0 large spectre FPS 30 pour le visage et le corps de la marque CeraVe est un produit de qualit\u00e9 sup\u00e9rieure con\u00e7u pour prot\u00e9ger votre peau contre les rayons nocifs du soleil. Cette formule hybride est adapt\u00e9e \u00e0 tous les types de peau, offrant une protection\u2026","rel":"","context":"Similar post","block_context":{"text":"Similar post","link":""},"img":{"alt_text":"","src":"","width":0,"height":0},"classes":[]},{"id":29100,"url":"https:\/\/sakaba.mghosteur.com\/en\/product\/cerave-skin-renewing-day-with-sunscreen-broad-spectrum-spf-30\/","url_meta":{"origin":31965,"position":3},"title":"CERAVE SKIN RENEWING DAY WITH SUNSCREEN BROAD SPECTRUM SPF 30","author":"admin","date":"March 14, 2023","format":false,"excerpt":"La Cr\u00e8me de Jour R\u00e9g\u00e9n\u00e9rante pour la Peau CeraVe est une cr\u00e8me hydratante anti-\u00e2ge contenant du r\u00e9tinol encapsul\u00e9 qui r\u00e9duit l'apparence des rides et des ridules sans causer d'irritation. Cette cr\u00e8me de jour SPF 30 \u00e0 large spectre offre une protection contre les rayons UVA et UVB, pr\u00e9venant ainsi les\u2026","rel":"","context":"Similar post","block_context":{"text":"Similar post","link":""},"img":{"alt_text":"","src":"","width":0,"height":0},"classes":[]},{"id":23926,"url":"https:\/\/sakaba.mghosteur.com\/en\/product\/ultra-light-moisturizing-lotion-30\/","url_meta":{"origin":31965,"position":4},"title":"Ultra-Light Moisturizing Lotion SPF 30","author":"admin","date":"November 9, 2022","format":false,"excerpt":"Le lait hydratant ultra-l\u00e9ger SPF 30 de CeraVe est un produit de soin essentiel pour les personnes ayant une peau normale \u00e0 grasse. Cette lotion hydratante l\u00e9g\u00e8re et non com\u00e9dog\u00e8ne est formul\u00e9e avec un \u00e9cran solaire \u00e0 large spectre SPF 30 pour prot\u00e9ger votre peau des dommages caus\u00e9s par les\u2026","rel":"","context":"Similar post","block_context":{"text":"Similar post","link":""},"img":{"alt_text":"","src":"","width":0,"height":0},"classes":[]},{"id":24192,"url":"https:\/\/sakaba.mghosteur.com\/en\/product\/cerave-facial-moisturizing-lotion-am-60ml-2\/","url_meta":{"origin":31965,"position":5},"title":"CERAVE FACIAL MOISTURIZING LOTION AM 60ML","author":"admin","date":"November 9, 2022","format":false,"excerpt":"La lotion hydratante pour le visage CeraVe AM avec FPS 30 est une cr\u00e8me hydratante quotidienne essentielle qui aide \u00e0 prot\u00e9ger votre peau des rayons UVA et UVB nocifs, tout en restaurant votre barri\u00e8re cutan\u00e9e. Enrichi en acide hyaluronique, niacinamide et c\u00e9ramides, cette formule non com\u00e9dog\u00e8ne hydrate la peau en\u2026","rel":"","context":"Similar post","block_context":{"text":"Similar post","link":""},"img":{"alt_text":"","src":"","width":0,"height":0},"classes":[]}],"_links":{"self":[{"href":"https:\/\/sakaba.mghosteur.com\/en\/wp-json\/wp\/v2\/product\/31965","targetHints":{"allow":["GET"]}}],"collection":[{"href":"https:\/\/sakaba.mghosteur.com\/en\/wp-json\/wp\/v2\/product"}],"about":[{"href":"https:\/\/sakaba.mghosteur.com\/en\/wp-json\/wp\/v2\/types\/product"}],"replies":[{"embeddable":true,"href":"https:\/\/sakaba.mghosteur.com\/en\/wp-json\/wp\/v2\/comments?post=31965"}],"version-history":[{"count":0,"href":"https:\/\/sakaba.mghosteur.com\/en\/wp-json\/wp\/v2\/product\/31965\/revisions"}],"wp:attachment":[{"href":"https:\/\/sakaba.mghosteur.com\/en\/wp-json\/wp\/v2\/media?parent=31965"}],"wp:term":[{"taxonomy":"product_brand","embeddable":true,"href":"https:\/\/sakaba.mghosteur.com\/en\/wp-json\/wp\/v2\/product_brand?post=31965"},{"taxonomy":"product_cat","embeddable":true,"href":"https:\/\/sakaba.mghosteur.com\/en\/wp-json\/wp\/v2\/product_cat?post=31965"},{"taxonomy":"product_tag","embeddable":true,"href":"https:\/\/sakaba.mghosteur.com\/en\/wp-json\/wp\/v2\/product_tag?post=31965"}],"curies":[{"name":"wp","href":"https:\/\/api.w.org\/{rel}","templated":true}]}}